{"id":21674,"date":"2019-06-07T10:13:13","date_gmt":"2019-06-07T08:13:13","guid":{"rendered":"http:\/\/www.polyequipements.com\/produit\/systeme-damovibilite-serrubloc-pour-barrieres-de-ville\/"},"modified":"2019-06-19T15:30:58","modified_gmt":"2019-06-19T13:30:58","slug":"systeme-damovibilite-serrubloc-pour-barrieres-de-ville","status":"publish","type":"product","link":"https:\/\/www.sp-equipements.com\/site\/produit\/systeme-damovibilite-serrubloc-pour-barrieres-de-ville\/","title":{"rendered":"Syst\u00e8me d&rsquo;amovibilit\u00e9 SERRUBLOC pour barri\u00e8res de ville"},"content":{"rendered":"","protected":false},"excerpt":{"rendered":"<div id=\"box-article-description\">\n<div id=\"display-article-description\">\n<p><i>Toutes les barri\u00e8res de ville PROCITY deviennent amovibles, gr\u00e2ce aux fourreaux Serrubloc\u00ae pour barri\u00e8res de ville. Les contraintes d\u2019accessibilit\u00e9 (acc\u00e8s pompier\u2026) sont ainsi parfaitement respect\u00e9es.<\/p>\n<p>La conception originale de ces fourreaux sp\u00e9cifiques aux barri\u00e8res de ville procure, en outre, \u00ab l\u2019effet scellement \u00bb : la barri\u00e8re est parfaitement stable en position acc\u00e8s ma\u00eetris\u00e9 , pose recommand\u00e9e sur deux fourreaux d\u2019amovibilit\u00e9.<\/i><\/p>\n<p>Verrouillage et d\u00e9verrouillage par cl\u00e9 de 11 et p\u00eane \u00e0 vis, sortie de la barri\u00e8re en position debout.<br \/>\n100 % galvanis\u00e9 pour une parfaite anticorrosion.<br \/>\nObturation fixe s\u00e9curisant la fonction acc\u00e8s libre.<br \/>\nAuto-drainant : se pose \u00e0 fond de fouilles.<br \/>\nR\u00e9serve autorisant l\u2019accumulation des sables et des poussi\u00e8res.<br \/>\nProtection de la serrure par cache basculant laqu\u00e9 noir.<\/p>\n<\/div>\n<\/div>\n","protected":false},"featured_media":37610,"comment_status":"open","ping_status":"closed","template":"","meta":[],"product_cat":[168,100],"product_tag":[],"yoast_head":"<!-- This site is optimized with the Yoast SEO plugin v22.2 - https:\/\/yoast.com\/wordpress\/plugins\/seo\/ -->\n<title>Syst\u00e8me d&#039;amovibilit\u00e9 SERRUBLOC pour barri\u00e8res de ville - SP \u00c9quipements<\/title>\n<meta name=\"robots\" content=\"index, follow, max-snippet:-1, max-image-preview:large, max-video-preview:-1\" \/>\n<link rel=\"canonical\" href=\"https:\/\/www.sp-equipements.com\/site\/produit\/systeme-damovibilite-serrubloc-pour-barrieres-de-ville\/\" \/>\n<meta property=\"og:locale\" content=\"fr_FR\" \/>\n<meta property=\"og:type\" content=\"article\" \/>\n<meta property=\"og:title\" content=\"Syst\u00e8me d&#039;amovibilit\u00e9 SERRUBLOC pour barri\u00e8res de ville - SP \u00c9quipements\" \/>\n<meta property=\"og:description\" content=\"Toutes les barri\u00e8res de ville PROCITY deviennent amovibles, gr\u00e2ce aux fourreaux Serrubloc\u00ae pour barri\u00e8res de ville. Les contraintes d\u2019accessibilit\u00e9 (acc\u00e8s pompier\u2026) sont ainsi parfaitement respect\u00e9es.  La conception originale de ces fourreaux sp\u00e9cifiques aux barri\u00e8res de ville procure, en outre, \u00ab l\u2019effet scellement \u00bb : la barri\u00e8re est parfaitement stable en position acc\u00e8s ma\u00eetris\u00e9 , pose recommand\u00e9e sur deux fourreaux d\u2019amovibilit\u00e9.  Verrouillage et d\u00e9verrouillage par cl\u00e9 de 11 et p\u00eane \u00e0 vis, sortie de la barri\u00e8re en position debout. 100 % galvanis\u00e9 pour une parfaite anticorrosion. Obturation fixe s\u00e9curisant la fonction acc\u00e8s libre. Auto-drainant : se pose \u00e0 fond de fouilles. R\u00e9serve autorisant l\u2019accumulation des sables et des poussi\u00e8res. Protection de la serrure par cache basculant laqu\u00e9 noir.\" \/>\n<meta property=\"og:url\" content=\"https:\/\/www.sp-equipements.com\/site\/produit\/systeme-damovibilite-serrubloc-pour-barrieres-de-ville\/\" \/>\n<meta property=\"og:site_name\" content=\"SP \u00c9quipements\" \/>\n<meta property=\"article:modified_time\" content=\"2019-06-19T13:30:58+00:00\" \/>\n<meta property=\"og:image\" content=\"https:\/\/www.sp-equipements.com\/site\/wp-content\/uploads\/2019\/06\/serubloc_pour_barriere_de_ville-1.jpg\" \/>\n\t<meta property=\"og:image:width\" content=\"190\" \/>\n\t<meta property=\"og:image:height\" content=\"190\" \/>\n\t<meta property=\"og:image:type\" content=\"image\/jpeg\" \/>\n<meta name=\"twitter:card\" content=\"summary_large_image\" \/>\n<script type=\"application\/ld+json\" class=\"yoast-schema-graph\">{\"@context\":\"https:\/\/schema.org\",\"@graph\":[{\"@type\":\"WebPage\",\"@id\":\"https:\/\/www.sp-equipements.com\/site\/produit\/systeme-damovibilite-serrubloc-pour-barrieres-de-ville\/\",\"url\":\"https:\/\/www.sp-equipements.com\/site\/produit\/systeme-damovibilite-serrubloc-pour-barrieres-de-ville\/\",\"name\":\"Syst\u00e8me d'amovibilit\u00e9 SERRUBLOC pour barri\u00e8res de ville - SP \u00c9quipements\",\"isPartOf\":{\"@id\":\"https:\/\/www.sp-equipements.com\/site\/#website\"},\"primaryImageOfPage\":{\"@id\":\"https:\/\/www.sp-equipements.com\/site\/produit\/systeme-damovibilite-serrubloc-pour-barrieres-de-ville\/#primaryimage\"},\"image\":{\"@id\":\"https:\/\/www.sp-equipements.com\/site\/produit\/systeme-damovibilite-serrubloc-pour-barrieres-de-ville\/#primaryimage\"},\"thumbnailUrl\":\"https:\/\/www.sp-equipements.com\/site\/wp-content\/uploads\/2019\/06\/serubloc_pour_barriere_de_ville-1.jpg\",\"datePublished\":\"2019-06-07T08:13:13+00:00\",\"dateModified\":\"2019-06-19T13:30:58+00:00\",\"breadcrumb\":{\"@id\":\"https:\/\/www.sp-equipements.com\/site\/produit\/systeme-damovibilite-serrubloc-pour-barrieres-de-ville\/#breadcrumb\"},\"inLanguage\":\"fr-FR\",\"potentialAction\":[{\"@type\":\"ReadAction\",\"target\":[\"https:\/\/www.sp-equipements.com\/site\/produit\/systeme-damovibilite-serrubloc-pour-barrieres-de-ville\/\"]}]},{\"@type\":\"ImageObject\",\"inLanguage\":\"fr-FR\",\"@id\":\"https:\/\/www.sp-equipements.com\/site\/produit\/systeme-damovibilite-serrubloc-pour-barrieres-de-ville\/#primaryimage\",\"url\":\"https:\/\/www.sp-equipements.com\/site\/wp-content\/uploads\/2019\/06\/serubloc_pour_barriere_de_ville-1.jpg\",\"contentUrl\":\"https:\/\/www.sp-equipements.com\/site\/wp-content\/uploads\/2019\/06\/serubloc_pour_barriere_de_ville-1.jpg\",\"width\":190,\"height\":190,\"caption\":\"serubloc pour barriere de ville 1\"},{\"@type\":\"BreadcrumbList\",\"@id\":\"https:\/\/www.sp-equipements.com\/site\/produit\/systeme-damovibilite-serrubloc-pour-barrieres-de-ville\/#breadcrumb\",\"itemListElement\":[{\"@type\":\"ListItem\",\"position\":1,\"name\":\"Accueil\",\"item\":\"https:\/\/www.sp-equipements.com\/site\/\"},{\"@type\":\"ListItem\",\"position\":2,\"name\":\"Catalogue\",\"item\":\"https:\/\/www.sp-equipements.com\/site\/catalogue\/\"},{\"@type\":\"ListItem\",\"position\":3,\"name\":\"Syst\u00e8me d&rsquo;amovibilit\u00e9 SERRUBLOC pour barri\u00e8res de ville\"}]},{\"@type\":\"WebSite\",\"@id\":\"https:\/\/www.sp-equipements.com\/site\/#website\",\"url\":\"https:\/\/www.sp-equipements.com\/site\/\",\"name\":\"SP \u00c9quipements\",\"description\":\"\u00c9quipements de collectivit\u00e9s\",\"potentialAction\":[{\"@type\":\"SearchAction\",\"target\":{\"@type\":\"EntryPoint\",\"urlTemplate\":\"https:\/\/www.sp-equipements.com\/site\/?s={search_term_string}\"},\"query-input\":\"required name=search_term_string\"}],\"inLanguage\":\"fr-FR\"}]}<\/script>\n<!-- \/ Yoast SEO plugin. -->","yoast_head_json":{"title":"Syst\u00e8me d'amovibilit\u00e9 SERRUBLOC pour barri\u00e8res de ville - SP \u00c9quipements","robots":{"index":"index","follow":"follow","max-snippet":"max-snippet:-1","max-image-preview":"max-image-preview:large","max-video-preview":"max-video-preview:-1"},"canonical":"https:\/\/www.sp-equipements.com\/site\/produit\/systeme-damovibilite-serrubloc-pour-barrieres-de-ville\/","og_locale":"fr_FR","og_type":"article","og_title":"Syst\u00e8me d'amovibilit\u00e9 SERRUBLOC pour barri\u00e8res de ville - SP \u00c9quipements","og_description":"Toutes les barri\u00e8res de ville PROCITY deviennent amovibles, gr\u00e2ce aux fourreaux Serrubloc\u00ae pour barri\u00e8res de ville. Les contraintes d\u2019accessibilit\u00e9 (acc\u00e8s pompier\u2026) sont ainsi parfaitement respect\u00e9es.  La conception originale de ces fourreaux sp\u00e9cifiques aux barri\u00e8res de ville procure, en outre, \u00ab l\u2019effet scellement \u00bb : la barri\u00e8re est parfaitement stable en position acc\u00e8s ma\u00eetris\u00e9 , pose recommand\u00e9e sur deux fourreaux d\u2019amovibilit\u00e9.  Verrouillage et d\u00e9verrouillage par cl\u00e9 de 11 et p\u00eane \u00e0 vis, sortie de la barri\u00e8re en position debout. 100 % galvanis\u00e9 pour une parfaite anticorrosion. Obturation fixe s\u00e9curisant la fonction acc\u00e8s libre. Auto-drainant : se pose \u00e0 fond de fouilles. R\u00e9serve autorisant l\u2019accumulation des sables et des poussi\u00e8res. Protection de la serrure par cache basculant laqu\u00e9 noir.","og_url":"https:\/\/www.sp-equipements.com\/site\/produit\/systeme-damovibilite-serrubloc-pour-barrieres-de-ville\/","og_site_name":"SP \u00c9quipements","article_modified_time":"2019-06-19T13:30:58+00:00","og_image":[{"width":190,"height":190,"url":"https:\/\/www.sp-equipements.com\/site\/wp-content\/uploads\/2019\/06\/serubloc_pour_barriere_de_ville-1.jpg","type":"image\/jpeg"}],"twitter_card":"summary_large_image","schema":{"@context":"https:\/\/schema.org","@graph":[{"@type":"WebPage","@id":"https:\/\/www.sp-equipements.com\/site\/produit\/systeme-damovibilite-serrubloc-pour-barrieres-de-ville\/","url":"https:\/\/www.sp-equipements.com\/site\/produit\/systeme-damovibilite-serrubloc-pour-barrieres-de-ville\/","name":"Syst\u00e8me d'amovibilit\u00e9 SERRUBLOC pour barri\u00e8res de ville - SP \u00c9quipements","isPartOf":{"@id":"https:\/\/www.sp-equipements.com\/site\/#website"},"primaryImageOfPage":{"@id":"https:\/\/www.sp-equipements.com\/site\/produit\/systeme-damovibilite-serrubloc-pour-barrieres-de-ville\/#primaryimage"},"image":{"@id":"https:\/\/www.sp-equipements.com\/site\/produit\/systeme-damovibilite-serrubloc-pour-barrieres-de-ville\/#primaryimage"},"thumbnailUrl":"https:\/\/www.sp-equipements.com\/site\/wp-content\/uploads\/2019\/06\/serubloc_pour_barriere_de_ville-1.jpg","datePublished":"2019-06-07T08:13:13+00:00","dateModified":"2019-06-19T13:30:58+00:00","breadcrumb":{"@id":"https:\/\/www.sp-equipements.com\/site\/produit\/systeme-damovibilite-serrubloc-pour-barrieres-de-ville\/#breadcrumb"},"inLanguage":"fr-FR","potentialAction":[{"@type":"ReadAction","target":["https:\/\/www.sp-equipements.com\/site\/produit\/systeme-damovibilite-serrubloc-pour-barrieres-de-ville\/"]}]},{"@type":"ImageObject","inLanguage":"fr-FR","@id":"https:\/\/www.sp-equipements.com\/site\/produit\/systeme-damovibilite-serrubloc-pour-barrieres-de-ville\/#primaryimage","url":"https:\/\/www.sp-equipements.com\/site\/wp-content\/uploads\/2019\/06\/serubloc_pour_barriere_de_ville-1.jpg","contentUrl":"https:\/\/www.sp-equipements.com\/site\/wp-content\/uploads\/2019\/06\/serubloc_pour_barriere_de_ville-1.jpg","width":190,"height":190,"caption":"serubloc pour barriere de ville 1"},{"@type":"BreadcrumbList","@id":"https:\/\/www.sp-equipements.com\/site\/produit\/systeme-damovibilite-serrubloc-pour-barrieres-de-ville\/#breadcrumb","itemListElement":[{"@type":"ListItem","position":1,"name":"Accueil","item":"https:\/\/www.sp-equipements.com\/site\/"},{"@type":"ListItem","position":2,"name":"Catalogue","item":"https:\/\/www.sp-equipements.com\/site\/catalogue\/"},{"@type":"ListItem","position":3,"name":"Syst\u00e8me d&rsquo;amovibilit\u00e9 SERRUBLOC pour barri\u00e8res de ville"}]},{"@type":"WebSite","@id":"https:\/\/www.sp-equipements.com\/site\/#website","url":"https:\/\/www.sp-equipements.com\/site\/","name":"SP \u00c9quipements","description":"\u00c9quipements de collectivit\u00e9s","potentialAction":[{"@type":"SearchAction","target":{"@type":"EntryPoint","urlTemplate":"https:\/\/www.sp-equipements.com\/site\/?s={search_term_string}"},"query-input":"required name=search_term_string"}],"inLanguage":"fr-FR"}]}},"_links":{"self":[{"href":"https:\/\/www.sp-equipements.com\/site\/wp-json\/wp\/v2\/product\/21674"}],"collection":[{"href":"https:\/\/www.sp-equipements.com\/site\/wp-json\/wp\/v2\/product"}],"about":[{"href":"https:\/\/www.sp-equipements.com\/site\/wp-json\/wp\/v2\/types\/product"}],"replies":[{"embeddable":true,"href":"https:\/\/www.sp-equipements.com\/site\/wp-json\/wp\/v2\/comments?post=21674"}],"wp:featuredmedia":[{"embeddable":true,"href":"https:\/\/www.sp-equipements.com\/site\/wp-json\/wp\/v2\/media\/37610"}],"wp:attachment":[{"href":"https:\/\/www.sp-equipements.com\/site\/wp-json\/wp\/v2\/media?parent=21674"}],"wp:term":[{"taxonomy":"product_cat","embeddable":true,"href":"https:\/\/www.sp-equipements.com\/site\/wp-json\/wp\/v2\/product_cat?post=21674"},{"taxonomy":"product_tag","embeddable":true,"href":"https:\/\/www.sp-equipements.com\/site\/wp-json\/wp\/v2\/product_tag?post=21674"}],"curies":[{"name":"wp","href":"https:\/\/api.w.org\/{rel}","templated":true}]}}