{"id":21675,"date":"2019-06-07T10:13:14","date_gmt":"2019-06-07T08:13:14","guid":{"rendered":"http:\/\/www.polyequipements.com\/produit\/poteau-fixe-deco\/"},"modified":"2022-01-19T09:14:13","modified_gmt":"2022-01-19T08:14:13","slug":"poteau-fixe-deco","status":"publish","type":"product","link":"https:\/\/www.sp-equipements.com\/site\/produit\/poteau-fixe-deco\/","title":{"rendered":"Poteau Fixe DECO"},"content":{"rendered":"","protected":false},"excerpt":{"rendered":"<p><u>Version tube acier \u00d8 76mm.<\/u><\/p>\n<p>Pommeau City : fonte d\u2019Acier soud\u00e9e.<br \/>\nPommeau Boule : fonte d\u2019Acier usin\u00e9e et soud\u00e9e.<br \/>\nPommeaux Agora et Europe : fonte d\u2019aluminium, rivets acier.<\/p>\n<p>Hauteur HT 1200mm hors pommeau.<br \/>\nSimples ou \u00e9quip\u00e9s de 1 ou 2 anneaux soud\u00e9s.<br \/>\nFinition peint sur zinc selon nos RAL. Fixation par scellement.<\/p>\n<p>Poteau Mercure : pommeau rivet\u00e9, fonte d\u2019aluminium.<br \/>\nFinition peint enti\u00e8rement noir ou poteau galva et pommeau noir.<\/p>\n<p><u>Tube acier \u00d8 114mm.<\/u><\/p>\n<p>Equip\u00e9s de pommeaux d\u00e9coratifs soud\u00e9s en fonte d\u2019acier.<br \/>\nUtilis\u00e9s seuls ou int\u00e9gr\u00e9s dans nos lignes de mobilier urbain.<\/p>\n<p>Hauteur HT 1200mm hors pommeau.<br \/>\nSimples ou \u00e9quip\u00e9s de 1 ou 2 anneaux soud\u00e9s.<br \/>\nFinition peint sur zinc selon nos RAL.<br \/>\nFixation par scellement.<\/p>\n","protected":false},"featured_media":37611,"comment_status":"open","ping_status":"closed","template":"","meta":[],"product_cat":[100,169],"product_tag":[],"yoast_head":"<!-- This site is optimized with the Yoast SEO plugin v22.2 - https:\/\/yoast.com\/wordpress\/plugins\/seo\/ -->\n<title>Poteau Fixe DECO - SP \u00c9quipements<\/title>\n<meta name=\"robots\" content=\"index, follow, max-snippet:-1, max-image-preview:large, max-video-preview:-1\" \/>\n<link rel=\"canonical\" href=\"https:\/\/www.sp-equipements.com\/site\/produit\/poteau-fixe-deco\/\" \/>\n<meta property=\"og:locale\" content=\"fr_FR\" \/>\n<meta property=\"og:type\" content=\"article\" \/>\n<meta property=\"og:title\" content=\"Poteau Fixe DECO - SP \u00c9quipements\" \/>\n<meta property=\"og:description\" content=\"Version tube acier \u00d8 76mm.  Pommeau City : fonte d\u2019Acier soud\u00e9e. Pommeau Boule : fonte d\u2019Acier usin\u00e9e et soud\u00e9e. Pommeaux Agora et Europe : fonte d\u2019aluminium, rivets acier.  Hauteur HT 1200mm hors pommeau. Simples ou \u00e9quip\u00e9s de 1 ou 2 anneaux soud\u00e9s. Finition peint sur zinc selon nos RAL. Fixation par scellement.  Poteau Mercure : pommeau rivet\u00e9, fonte d\u2019aluminium. Finition peint enti\u00e8rement noir ou poteau galva et pommeau noir.   Tube acier \u00d8 114mm.  Equip\u00e9s de pommeaux d\u00e9coratifs soud\u00e9s en fonte d\u2019acier. Utilis\u00e9s seuls ou int\u00e9gr\u00e9s dans nos lignes de mobilier urbain.  Hauteur HT 1200mm hors pommeau. Simples ou \u00e9quip\u00e9s de 1 ou 2 anneaux soud\u00e9s. Finition peint sur zinc selon nos RAL. Fixation par scellement.\" \/>\n<meta property=\"og:url\" content=\"https:\/\/www.sp-equipements.com\/site\/produit\/poteau-fixe-deco\/\" \/>\n<meta property=\"og:site_name\" content=\"SP \u00c9quipements\" \/>\n<meta property=\"article:modified_time\" content=\"2022-01-19T08:14:13+00:00\" \/>\n<meta property=\"og:image\" content=\"https:\/\/www.sp-equipements.com\/site\/wp-content\/uploads\/2019\/06\/poteau_fixe-1.jpg\" \/>\n\t<meta property=\"og:image:width\" content=\"190\" \/>\n\t<meta property=\"og:image:height\" content=\"190\" \/>\n\t<meta property=\"og:image:type\" content=\"image\/jpeg\" \/>\n<meta name=\"twitter:card\" content=\"summary_large_image\" \/>\n<script type=\"application\/ld+json\" class=\"yoast-schema-graph\">{\"@context\":\"https:\/\/schema.org\",\"@graph\":[{\"@type\":\"WebPage\",\"@id\":\"https:\/\/www.sp-equipements.com\/site\/produit\/poteau-fixe-deco\/\",\"url\":\"https:\/\/www.sp-equipements.com\/site\/produit\/poteau-fixe-deco\/\",\"name\":\"Poteau Fixe DECO - SP \u00c9quipements\",\"isPartOf\":{\"@id\":\"https:\/\/www.sp-equipements.com\/site\/#website\"},\"primaryImageOfPage\":{\"@id\":\"https:\/\/www.sp-equipements.com\/site\/produit\/poteau-fixe-deco\/#primaryimage\"},\"image\":{\"@id\":\"https:\/\/www.sp-equipements.com\/site\/produit\/poteau-fixe-deco\/#primaryimage\"},\"thumbnailUrl\":\"https:\/\/www.sp-equipements.com\/site\/wp-content\/uploads\/2019\/06\/poteau_fixe-1.jpg\",\"datePublished\":\"2019-06-07T08:13:14+00:00\",\"dateModified\":\"2022-01-19T08:14:13+00:00\",\"breadcrumb\":{\"@id\":\"https:\/\/www.sp-equipements.com\/site\/produit\/poteau-fixe-deco\/#breadcrumb\"},\"inLanguage\":\"fr-FR\",\"potentialAction\":[{\"@type\":\"ReadAction\",\"target\":[\"https:\/\/www.sp-equipements.com\/site\/produit\/poteau-fixe-deco\/\"]}]},{\"@type\":\"ImageObject\",\"inLanguage\":\"fr-FR\",\"@id\":\"https:\/\/www.sp-equipements.com\/site\/produit\/poteau-fixe-deco\/#primaryimage\",\"url\":\"https:\/\/www.sp-equipements.com\/site\/wp-content\/uploads\/2019\/06\/poteau_fixe-1.jpg\",\"contentUrl\":\"https:\/\/www.sp-equipements.com\/site\/wp-content\/uploads\/2019\/06\/poteau_fixe-1.jpg\",\"width\":190,\"height\":190,\"caption\":\"poteau fixe 1\"},{\"@type\":\"BreadcrumbList\",\"@id\":\"https:\/\/www.sp-equipements.com\/site\/produit\/poteau-fixe-deco\/#breadcrumb\",\"itemListElement\":[{\"@type\":\"ListItem\",\"position\":1,\"name\":\"Accueil\",\"item\":\"https:\/\/www.sp-equipements.com\/site\/\"},{\"@type\":\"ListItem\",\"position\":2,\"name\":\"Catalogue\",\"item\":\"https:\/\/www.sp-equipements.com\/site\/catalogue\/\"},{\"@type\":\"ListItem\",\"position\":3,\"name\":\"Poteau Fixe DECO\"}]},{\"@type\":\"WebSite\",\"@id\":\"https:\/\/www.sp-equipements.com\/site\/#website\",\"url\":\"https:\/\/www.sp-equipements.com\/site\/\",\"name\":\"SP \u00c9quipements\",\"description\":\"\u00c9quipements de collectivit\u00e9s\",\"potentialAction\":[{\"@type\":\"SearchAction\",\"target\":{\"@type\":\"EntryPoint\",\"urlTemplate\":\"https:\/\/www.sp-equipements.com\/site\/?s={search_term_string}\"},\"query-input\":\"required name=search_term_string\"}],\"inLanguage\":\"fr-FR\"}]}<\/script>\n<!-- \/ Yoast SEO plugin. -->","yoast_head_json":{"title":"Poteau Fixe DECO - SP \u00c9quipements","robots":{"index":"index","follow":"follow","max-snippet":"max-snippet:-1","max-image-preview":"max-image-preview:large","max-video-preview":"max-video-preview:-1"},"canonical":"https:\/\/www.sp-equipements.com\/site\/produit\/poteau-fixe-deco\/","og_locale":"fr_FR","og_type":"article","og_title":"Poteau Fixe DECO - SP \u00c9quipements","og_description":"Version tube acier \u00d8 76mm.  Pommeau City : fonte d\u2019Acier soud\u00e9e. Pommeau Boule : fonte d\u2019Acier usin\u00e9e et soud\u00e9e. Pommeaux Agora et Europe : fonte d\u2019aluminium, rivets acier.  Hauteur HT 1200mm hors pommeau. Simples ou \u00e9quip\u00e9s de 1 ou 2 anneaux soud\u00e9s. Finition peint sur zinc selon nos RAL. Fixation par scellement.  Poteau Mercure : pommeau rivet\u00e9, fonte d\u2019aluminium. Finition peint enti\u00e8rement noir ou poteau galva et pommeau noir.   Tube acier \u00d8 114mm.  Equip\u00e9s de pommeaux d\u00e9coratifs soud\u00e9s en fonte d\u2019acier. Utilis\u00e9s seuls ou int\u00e9gr\u00e9s dans nos lignes de mobilier urbain.  Hauteur HT 1200mm hors pommeau. Simples ou \u00e9quip\u00e9s de 1 ou 2 anneaux soud\u00e9s. Finition peint sur zinc selon nos RAL. Fixation par scellement.","og_url":"https:\/\/www.sp-equipements.com\/site\/produit\/poteau-fixe-deco\/","og_site_name":"SP \u00c9quipements","article_modified_time":"2022-01-19T08:14:13+00:00","og_image":[{"width":190,"height":190,"url":"https:\/\/www.sp-equipements.com\/site\/wp-content\/uploads\/2019\/06\/poteau_fixe-1.jpg","type":"image\/jpeg"}],"twitter_card":"summary_large_image","schema":{"@context":"https:\/\/schema.org","@graph":[{"@type":"WebPage","@id":"https:\/\/www.sp-equipements.com\/site\/produit\/poteau-fixe-deco\/","url":"https:\/\/www.sp-equipements.com\/site\/produit\/poteau-fixe-deco\/","name":"Poteau Fixe DECO - SP \u00c9quipements","isPartOf":{"@id":"https:\/\/www.sp-equipements.com\/site\/#website"},"primaryImageOfPage":{"@id":"https:\/\/www.sp-equipements.com\/site\/produit\/poteau-fixe-deco\/#primaryimage"},"image":{"@id":"https:\/\/www.sp-equipements.com\/site\/produit\/poteau-fixe-deco\/#primaryimage"},"thumbnailUrl":"https:\/\/www.sp-equipements.com\/site\/wp-content\/uploads\/2019\/06\/poteau_fixe-1.jpg","datePublished":"2019-06-07T08:13:14+00:00","dateModified":"2022-01-19T08:14:13+00:00","breadcrumb":{"@id":"https:\/\/www.sp-equipements.com\/site\/produit\/poteau-fixe-deco\/#breadcrumb"},"inLanguage":"fr-FR","potentialAction":[{"@type":"ReadAction","target":["https:\/\/www.sp-equipements.com\/site\/produit\/poteau-fixe-deco\/"]}]},{"@type":"ImageObject","inLanguage":"fr-FR","@id":"https:\/\/www.sp-equipements.com\/site\/produit\/poteau-fixe-deco\/#primaryimage","url":"https:\/\/www.sp-equipements.com\/site\/wp-content\/uploads\/2019\/06\/poteau_fixe-1.jpg","contentUrl":"https:\/\/www.sp-equipements.com\/site\/wp-content\/uploads\/2019\/06\/poteau_fixe-1.jpg","width":190,"height":190,"caption":"poteau fixe 1"},{"@type":"BreadcrumbList","@id":"https:\/\/www.sp-equipements.com\/site\/produit\/poteau-fixe-deco\/#breadcrumb","itemListElement":[{"@type":"ListItem","position":1,"name":"Accueil","item":"https:\/\/www.sp-equipements.com\/site\/"},{"@type":"ListItem","position":2,"name":"Catalogue","item":"https:\/\/www.sp-equipements.com\/site\/catalogue\/"},{"@type":"ListItem","position":3,"name":"Poteau Fixe DECO"}]},{"@type":"WebSite","@id":"https:\/\/www.sp-equipements.com\/site\/#website","url":"https:\/\/www.sp-equipements.com\/site\/","name":"SP \u00c9quipements","description":"\u00c9quipements de collectivit\u00e9s","potentialAction":[{"@type":"SearchAction","target":{"@type":"EntryPoint","urlTemplate":"https:\/\/www.sp-equipements.com\/site\/?s={search_term_string}"},"query-input":"required name=search_term_string"}],"inLanguage":"fr-FR"}]}},"_links":{"self":[{"href":"https:\/\/www.sp-equipements.com\/site\/wp-json\/wp\/v2\/product\/21675"}],"collection":[{"href":"https:\/\/www.sp-equipements.com\/site\/wp-json\/wp\/v2\/product"}],"about":[{"href":"https:\/\/www.sp-equipements.com\/site\/wp-json\/wp\/v2\/types\/product"}],"replies":[{"embeddable":true,"href":"https:\/\/www.sp-equipements.com\/site\/wp-json\/wp\/v2\/comments?post=21675"}],"wp:featuredmedia":[{"embeddable":true,"href":"https:\/\/www.sp-equipements.com\/site\/wp-json\/wp\/v2\/media\/37611"}],"wp:attachment":[{"href":"https:\/\/www.sp-equipements.com\/site\/wp-json\/wp\/v2\/media?parent=21675"}],"wp:term":[{"taxonomy":"product_cat","embeddable":true,"href":"https:\/\/www.sp-equipements.com\/site\/wp-json\/wp\/v2\/product_cat?post=21675"},{"taxonomy":"product_tag","embeddable":true,"href":"https:\/\/www.sp-equipements.com\/site\/wp-json\/wp\/v2\/product_tag?post=21675"}],"curies":[{"name":"wp","href":"https:\/\/api.w.org\/{rel}","templated":true}]}}