{"id":21678,"date":"2019-06-07T10:13:15","date_gmt":"2019-06-07T08:13:15","guid":{"rendered":"http:\/\/www.polyequipements.com\/produit\/poteau-fixe-a-chaine\/"},"modified":"2019-06-19T15:30:59","modified_gmt":"2019-06-19T13:30:59","slug":"poteau-fixe-a-chaine","status":"publish","type":"product","link":"https:\/\/www.sp-equipements.com\/site\/produit\/poteau-fixe-a-chaine\/","title":{"rendered":"Poteau Fixe \u00e0 cha\u00eene"},"content":{"rendered":"","protected":false},"excerpt":{"rendered":"<div id=\"box-article-description\">\n<div id=\"display-article-description\">\n<p><i>Tubes acier \u00d8 114 ou 76mm, hauteur hors tout 1200mm, \u00e9quip\u00e9s d\u2019un bouchon bomb\u00e9 soud\u00e9.<\/i><\/p>\n<p>Simple ou \u00e9quip\u00e9 de 1, 2 ou 4 anneaux soud\u00e9s.<br \/>\nFil \u00d8 6mm pour \u00d8 60 et fil \u00d8 12mm pour \u00d8 76 et 114.<br \/>\nFinition galvanis\u00e9 ou peint sur galva selon nos RAL.<br \/>\nFixation par scellement.<br \/>\nCha\u00eenes \u00e0 fixer sur tous nos poteaux par un maillon rapide.<\/p>\n<\/div>\n<\/div>\n","protected":false},"featured_media":37614,"comment_status":"open","ping_status":"closed","template":"","meta":[],"product_cat":[100,169],"product_tag":[],"yoast_head":"<!-- This site is optimized with the Yoast SEO plugin v22.2 - https:\/\/yoast.com\/wordpress\/plugins\/seo\/ -->\n<title>Poteau Fixe \u00e0 cha\u00eene - SP \u00c9quipements<\/title>\n<meta name=\"robots\" content=\"index, follow, max-snippet:-1, max-image-preview:large, max-video-preview:-1\" \/>\n<link rel=\"canonical\" href=\"https:\/\/www.sp-equipements.com\/site\/produit\/poteau-fixe-a-chaine\/\" \/>\n<meta property=\"og:locale\" content=\"fr_FR\" \/>\n<meta property=\"og:type\" content=\"article\" \/>\n<meta property=\"og:title\" content=\"Poteau Fixe \u00e0 cha\u00eene - SP \u00c9quipements\" \/>\n<meta property=\"og:description\" content=\"Tubes acier \u00d8 114 ou 76mm, hauteur hors tout 1200mm, \u00e9quip\u00e9s d\u2019un bouchon bomb\u00e9 soud\u00e9.  Simple ou \u00e9quip\u00e9 de 1, 2 ou 4 anneaux soud\u00e9s. Fil \u00d8 6mm pour \u00d8 60 et fil \u00d8 12mm pour \u00d8 76 et 114. Finition galvanis\u00e9 ou peint sur galva selon nos RAL. Fixation par scellement. Cha\u00eenes \u00e0 fixer sur tous nos poteaux par un maillon rapide.\" \/>\n<meta property=\"og:url\" content=\"https:\/\/www.sp-equipements.com\/site\/produit\/poteau-fixe-a-chaine\/\" \/>\n<meta property=\"og:site_name\" content=\"SP \u00c9quipements\" \/>\n<meta property=\"article:modified_time\" content=\"2019-06-19T13:30:59+00:00\" \/>\n<meta property=\"og:image\" content=\"https:\/\/www.sp-equipements.com\/site\/wp-content\/uploads\/2019\/06\/poteau_fixe_a_chaine-1.jpg\" \/>\n\t<meta property=\"og:image:width\" content=\"190\" \/>\n\t<meta property=\"og:image:height\" content=\"190\" \/>\n\t<meta property=\"og:image:type\" content=\"image\/jpeg\" \/>\n<meta name=\"twitter:card\" content=\"summary_large_image\" \/>\n<script type=\"application\/ld+json\" class=\"yoast-schema-graph\">{\"@context\":\"https:\/\/schema.org\",\"@graph\":[{\"@type\":\"WebPage\",\"@id\":\"https:\/\/www.sp-equipements.com\/site\/produit\/poteau-fixe-a-chaine\/\",\"url\":\"https:\/\/www.sp-equipements.com\/site\/produit\/poteau-fixe-a-chaine\/\",\"name\":\"Poteau Fixe \u00e0 cha\u00eene - SP \u00c9quipements\",\"isPartOf\":{\"@id\":\"https:\/\/www.sp-equipements.com\/site\/#website\"},\"primaryImageOfPage\":{\"@id\":\"https:\/\/www.sp-equipements.com\/site\/produit\/poteau-fixe-a-chaine\/#primaryimage\"},\"image\":{\"@id\":\"https:\/\/www.sp-equipements.com\/site\/produit\/poteau-fixe-a-chaine\/#primaryimage\"},\"thumbnailUrl\":\"https:\/\/www.sp-equipements.com\/site\/wp-content\/uploads\/2019\/06\/poteau_fixe_a_chaine-1.jpg\",\"datePublished\":\"2019-06-07T08:13:15+00:00\",\"dateModified\":\"2019-06-19T13:30:59+00:00\",\"breadcrumb\":{\"@id\":\"https:\/\/www.sp-equipements.com\/site\/produit\/poteau-fixe-a-chaine\/#breadcrumb\"},\"inLanguage\":\"fr-FR\",\"potentialAction\":[{\"@type\":\"ReadAction\",\"target\":[\"https:\/\/www.sp-equipements.com\/site\/produit\/poteau-fixe-a-chaine\/\"]}]},{\"@type\":\"ImageObject\",\"inLanguage\":\"fr-FR\",\"@id\":\"https:\/\/www.sp-equipements.com\/site\/produit\/poteau-fixe-a-chaine\/#primaryimage\",\"url\":\"https:\/\/www.sp-equipements.com\/site\/wp-content\/uploads\/2019\/06\/poteau_fixe_a_chaine-1.jpg\",\"contentUrl\":\"https:\/\/www.sp-equipements.com\/site\/wp-content\/uploads\/2019\/06\/poteau_fixe_a_chaine-1.jpg\",\"width\":190,\"height\":190,\"caption\":\"poteau fixe a chaine 1\"},{\"@type\":\"BreadcrumbList\",\"@id\":\"https:\/\/www.sp-equipements.com\/site\/produit\/poteau-fixe-a-chaine\/#breadcrumb\",\"itemListElement\":[{\"@type\":\"ListItem\",\"position\":1,\"name\":\"Accueil\",\"item\":\"https:\/\/www.sp-equipements.com\/site\/\"},{\"@type\":\"ListItem\",\"position\":2,\"name\":\"Catalogue\",\"item\":\"https:\/\/www.sp-equipements.com\/site\/catalogue\/\"},{\"@type\":\"ListItem\",\"position\":3,\"name\":\"Poteau Fixe \u00e0 cha\u00eene\"}]},{\"@type\":\"WebSite\",\"@id\":\"https:\/\/www.sp-equipements.com\/site\/#website\",\"url\":\"https:\/\/www.sp-equipements.com\/site\/\",\"name\":\"SP \u00c9quipements\",\"description\":\"\u00c9quipements de collectivit\u00e9s\",\"potentialAction\":[{\"@type\":\"SearchAction\",\"target\":{\"@type\":\"EntryPoint\",\"urlTemplate\":\"https:\/\/www.sp-equipements.com\/site\/?s={search_term_string}\"},\"query-input\":\"required name=search_term_string\"}],\"inLanguage\":\"fr-FR\"}]}<\/script>\n<!-- \/ Yoast SEO plugin. -->","yoast_head_json":{"title":"Poteau Fixe \u00e0 cha\u00eene - SP \u00c9quipements","robots":{"index":"index","follow":"follow","max-snippet":"max-snippet:-1","max-image-preview":"max-image-preview:large","max-video-preview":"max-video-preview:-1"},"canonical":"https:\/\/www.sp-equipements.com\/site\/produit\/poteau-fixe-a-chaine\/","og_locale":"fr_FR","og_type":"article","og_title":"Poteau Fixe \u00e0 cha\u00eene - SP \u00c9quipements","og_description":"Tubes acier \u00d8 114 ou 76mm, hauteur hors tout 1200mm, \u00e9quip\u00e9s d\u2019un bouchon bomb\u00e9 soud\u00e9.  Simple ou \u00e9quip\u00e9 de 1, 2 ou 4 anneaux soud\u00e9s. Fil \u00d8 6mm pour \u00d8 60 et fil \u00d8 12mm pour \u00d8 76 et 114. Finition galvanis\u00e9 ou peint sur galva selon nos RAL. Fixation par scellement. Cha\u00eenes \u00e0 fixer sur tous nos poteaux par un maillon rapide.","og_url":"https:\/\/www.sp-equipements.com\/site\/produit\/poteau-fixe-a-chaine\/","og_site_name":"SP \u00c9quipements","article_modified_time":"2019-06-19T13:30:59+00:00","og_image":[{"width":190,"height":190,"url":"https:\/\/www.sp-equipements.com\/site\/wp-content\/uploads\/2019\/06\/poteau_fixe_a_chaine-1.jpg","type":"image\/jpeg"}],"twitter_card":"summary_large_image","schema":{"@context":"https:\/\/schema.org","@graph":[{"@type":"WebPage","@id":"https:\/\/www.sp-equipements.com\/site\/produit\/poteau-fixe-a-chaine\/","url":"https:\/\/www.sp-equipements.com\/site\/produit\/poteau-fixe-a-chaine\/","name":"Poteau Fixe \u00e0 cha\u00eene - SP \u00c9quipements","isPartOf":{"@id":"https:\/\/www.sp-equipements.com\/site\/#website"},"primaryImageOfPage":{"@id":"https:\/\/www.sp-equipements.com\/site\/produit\/poteau-fixe-a-chaine\/#primaryimage"},"image":{"@id":"https:\/\/www.sp-equipements.com\/site\/produit\/poteau-fixe-a-chaine\/#primaryimage"},"thumbnailUrl":"https:\/\/www.sp-equipements.com\/site\/wp-content\/uploads\/2019\/06\/poteau_fixe_a_chaine-1.jpg","datePublished":"2019-06-07T08:13:15+00:00","dateModified":"2019-06-19T13:30:59+00:00","breadcrumb":{"@id":"https:\/\/www.sp-equipements.com\/site\/produit\/poteau-fixe-a-chaine\/#breadcrumb"},"inLanguage":"fr-FR","potentialAction":[{"@type":"ReadAction","target":["https:\/\/www.sp-equipements.com\/site\/produit\/poteau-fixe-a-chaine\/"]}]},{"@type":"ImageObject","inLanguage":"fr-FR","@id":"https:\/\/www.sp-equipements.com\/site\/produit\/poteau-fixe-a-chaine\/#primaryimage","url":"https:\/\/www.sp-equipements.com\/site\/wp-content\/uploads\/2019\/06\/poteau_fixe_a_chaine-1.jpg","contentUrl":"https:\/\/www.sp-equipements.com\/site\/wp-content\/uploads\/2019\/06\/poteau_fixe_a_chaine-1.jpg","width":190,"height":190,"caption":"poteau fixe a chaine 1"},{"@type":"BreadcrumbList","@id":"https:\/\/www.sp-equipements.com\/site\/produit\/poteau-fixe-a-chaine\/#breadcrumb","itemListElement":[{"@type":"ListItem","position":1,"name":"Accueil","item":"https:\/\/www.sp-equipements.com\/site\/"},{"@type":"ListItem","position":2,"name":"Catalogue","item":"https:\/\/www.sp-equipements.com\/site\/catalogue\/"},{"@type":"ListItem","position":3,"name":"Poteau Fixe \u00e0 cha\u00eene"}]},{"@type":"WebSite","@id":"https:\/\/www.sp-equipements.com\/site\/#website","url":"https:\/\/www.sp-equipements.com\/site\/","name":"SP \u00c9quipements","description":"\u00c9quipements de collectivit\u00e9s","potentialAction":[{"@type":"SearchAction","target":{"@type":"EntryPoint","urlTemplate":"https:\/\/www.sp-equipements.com\/site\/?s={search_term_string}"},"query-input":"required name=search_term_string"}],"inLanguage":"fr-FR"}]}},"_links":{"self":[{"href":"https:\/\/www.sp-equipements.com\/site\/wp-json\/wp\/v2\/product\/21678"}],"collection":[{"href":"https:\/\/www.sp-equipements.com\/site\/wp-json\/wp\/v2\/product"}],"about":[{"href":"https:\/\/www.sp-equipements.com\/site\/wp-json\/wp\/v2\/types\/product"}],"replies":[{"embeddable":true,"href":"https:\/\/www.sp-equipements.com\/site\/wp-json\/wp\/v2\/comments?post=21678"}],"wp:featuredmedia":[{"embeddable":true,"href":"https:\/\/www.sp-equipements.com\/site\/wp-json\/wp\/v2\/media\/37614"}],"wp:attachment":[{"href":"https:\/\/www.sp-equipements.com\/site\/wp-json\/wp\/v2\/media?parent=21678"}],"wp:term":[{"taxonomy":"product_cat","embeddable":true,"href":"https:\/\/www.sp-equipements.com\/site\/wp-json\/wp\/v2\/product_cat?post=21678"},{"taxonomy":"product_tag","embeddable":true,"href":"https:\/\/www.sp-equipements.com\/site\/wp-json\/wp\/v2\/product_tag?post=21678"}],"curies":[{"name":"wp","href":"https:\/\/api.w.org\/{rel}","templated":true}]}}