{"id":21681,"date":"2019-06-07T10:13:17","date_gmt":"2019-06-07T08:13:17","guid":{"rendered":"http:\/\/www.polyequipements.com\/produit\/systeme-serrubloc-21-galva-pour-poteau\/"},"modified":"2019-06-19T15:31:00","modified_gmt":"2019-06-19T13:31:00","slug":"systeme-serrubloc-21-galva-pour-poteau","status":"publish","type":"product","link":"https:\/\/www.sp-equipements.com\/site\/produit\/systeme-serrubloc-21-galva-pour-poteau\/","title":{"rendered":"Syst\u00e8me SERRUBLOC 21 Galva pour poteau"},"content":{"rendered":"","protected":false},"excerpt":{"rendered":"<p><i>Pour rendre amovibles tous les poteaux de \u00d8 76mm et de \u00d8 114mm.<br \/>\nNouveau : les fourreaux Serrubloc\u00ae 21 pour poteaux fonctionnent avec les poteaux<b>\u00a0standard.<\/b>\u00a0<\/i><\/p>\n<p>Verrouillage automatique par simple rotation, sans avoir \u00e0 se baisser.<br \/>\nD\u00e9verrouillage par cl\u00e9 triangle de 11 et rotation du poteau, sortie du poteau en position debout.<br \/>\n100 % galvanis\u00e9 et m\u00e9canisme en inox pour une parfaite anticorrosion.<br \/>\nObturation fixe s\u00e9curisant la fonction acc\u00e8s libre.<br \/>\nAuto-drainant : se pose \u00e0 fond de fouilles.<\/p>\n<p>Maintenance simplifi\u00e9e : r\u00e9serve autorisant l\u2019accumulation des sables et des poussi\u00e8res, d\u00e9montable pour un entretien complet.<br \/>\nPartie visible apr\u00e8s pose laqu\u00e9e noir.<br \/>\nIndicateur de pose pour poteaux \u00e0 chaine.<\/p>\n<p><b>Fonctionnement<\/b><br \/>\n\u2022 D\u00e9verrouiller le Serrubloc\u00ae 21 avec la cl\u00e9 triangle et simultan\u00e9ment effectuer une l\u00e9g\u00e8re rotation du poteau.<br \/>\n\u2022 Retirer le poteau.<\/p>\n","protected":false},"featured_media":37617,"comment_status":"open","ping_status":"closed","template":"","meta":[],"product_cat":[100,169],"product_tag":[],"yoast_head":"<!-- This site is optimized with the Yoast SEO plugin v22.2 - https:\/\/yoast.com\/wordpress\/plugins\/seo\/ -->\n<title>Syst\u00e8me SERRUBLOC 21 Galva pour poteau - SP \u00c9quipements<\/title>\n<meta name=\"robots\" content=\"index, follow, max-snippet:-1, max-image-preview:large, max-video-preview:-1\" \/>\n<link rel=\"canonical\" href=\"https:\/\/www.sp-equipements.com\/site\/produit\/systeme-serrubloc-21-galva-pour-poteau\/\" \/>\n<meta property=\"og:locale\" content=\"fr_FR\" \/>\n<meta property=\"og:type\" content=\"article\" \/>\n<meta property=\"og:title\" content=\"Syst\u00e8me SERRUBLOC 21 Galva pour poteau - SP \u00c9quipements\" \/>\n<meta property=\"og:description\" content=\"Pour rendre amovibles tous les poteaux de \u00d8 76mm et de \u00d8 114mm. Nouveau : les fourreaux Serrubloc\u00ae 21 pour poteaux fonctionnent avec les poteaux\u00a0standard.\u00a0  Verrouillage automatique par simple rotation, sans avoir \u00e0 se baisser. D\u00e9verrouillage par cl\u00e9 triangle de 11 et rotation du poteau, sortie du poteau en position debout. 100 % galvanis\u00e9 et m\u00e9canisme en inox pour une parfaite anticorrosion. Obturation fixe s\u00e9curisant la fonction acc\u00e8s libre. Auto-drainant : se pose \u00e0 fond de fouilles.  Maintenance simplifi\u00e9e : r\u00e9serve autorisant l\u2019accumulation des sables et des poussi\u00e8res, d\u00e9montable pour un entretien complet. Partie visible apr\u00e8s pose laqu\u00e9e noir. Indicateur de pose pour poteaux \u00e0 chaine.  Fonctionnement \u2022 D\u00e9verrouiller le Serrubloc\u00ae 21 avec la cl\u00e9 triangle et simultan\u00e9ment effectuer une l\u00e9g\u00e8re rotation du poteau. \u2022 Retirer le poteau.\" \/>\n<meta property=\"og:url\" content=\"https:\/\/www.sp-equipements.com\/site\/produit\/systeme-serrubloc-21-galva-pour-poteau\/\" \/>\n<meta property=\"og:site_name\" content=\"SP \u00c9quipements\" \/>\n<meta property=\"article:modified_time\" content=\"2019-06-19T13:31:00+00:00\" \/>\n<meta property=\"og:image\" content=\"https:\/\/www.sp-equipements.com\/site\/wp-content\/uploads\/2019\/06\/serrubloc_21-1.jpg\" \/>\n\t<meta property=\"og:image:width\" content=\"190\" \/>\n\t<meta property=\"og:image:height\" content=\"190\" \/>\n\t<meta property=\"og:image:type\" content=\"image\/jpeg\" \/>\n<meta name=\"twitter:card\" content=\"summary_large_image\" \/>\n<script type=\"application\/ld+json\" class=\"yoast-schema-graph\">{\"@context\":\"https:\/\/schema.org\",\"@graph\":[{\"@type\":\"WebPage\",\"@id\":\"https:\/\/www.sp-equipements.com\/site\/produit\/systeme-serrubloc-21-galva-pour-poteau\/\",\"url\":\"https:\/\/www.sp-equipements.com\/site\/produit\/systeme-serrubloc-21-galva-pour-poteau\/\",\"name\":\"Syst\u00e8me SERRUBLOC 21 Galva pour poteau - SP \u00c9quipements\",\"isPartOf\":{\"@id\":\"https:\/\/www.sp-equipements.com\/site\/#website\"},\"primaryImageOfPage\":{\"@id\":\"https:\/\/www.sp-equipements.com\/site\/produit\/systeme-serrubloc-21-galva-pour-poteau\/#primaryimage\"},\"image\":{\"@id\":\"https:\/\/www.sp-equipements.com\/site\/produit\/systeme-serrubloc-21-galva-pour-poteau\/#primaryimage\"},\"thumbnailUrl\":\"https:\/\/www.sp-equipements.com\/site\/wp-content\/uploads\/2019\/06\/serrubloc_21-1.jpg\",\"datePublished\":\"2019-06-07T08:13:17+00:00\",\"dateModified\":\"2019-06-19T13:31:00+00:00\",\"breadcrumb\":{\"@id\":\"https:\/\/www.sp-equipements.com\/site\/produit\/systeme-serrubloc-21-galva-pour-poteau\/#breadcrumb\"},\"inLanguage\":\"fr-FR\",\"potentialAction\":[{\"@type\":\"ReadAction\",\"target\":[\"https:\/\/www.sp-equipements.com\/site\/produit\/systeme-serrubloc-21-galva-pour-poteau\/\"]}]},{\"@type\":\"ImageObject\",\"inLanguage\":\"fr-FR\",\"@id\":\"https:\/\/www.sp-equipements.com\/site\/produit\/systeme-serrubloc-21-galva-pour-poteau\/#primaryimage\",\"url\":\"https:\/\/www.sp-equipements.com\/site\/wp-content\/uploads\/2019\/06\/serrubloc_21-1.jpg\",\"contentUrl\":\"https:\/\/www.sp-equipements.com\/site\/wp-content\/uploads\/2019\/06\/serrubloc_21-1.jpg\",\"width\":190,\"height\":190,\"caption\":\"serrubloc 21 1\"},{\"@type\":\"BreadcrumbList\",\"@id\":\"https:\/\/www.sp-equipements.com\/site\/produit\/systeme-serrubloc-21-galva-pour-poteau\/#breadcrumb\",\"itemListElement\":[{\"@type\":\"ListItem\",\"position\":1,\"name\":\"Accueil\",\"item\":\"https:\/\/www.sp-equipements.com\/site\/\"},{\"@type\":\"ListItem\",\"position\":2,\"name\":\"Catalogue\",\"item\":\"https:\/\/www.sp-equipements.com\/site\/catalogue\/\"},{\"@type\":\"ListItem\",\"position\":3,\"name\":\"Syst\u00e8me SERRUBLOC 21 Galva pour poteau\"}]},{\"@type\":\"WebSite\",\"@id\":\"https:\/\/www.sp-equipements.com\/site\/#website\",\"url\":\"https:\/\/www.sp-equipements.com\/site\/\",\"name\":\"SP \u00c9quipements\",\"description\":\"\u00c9quipements de collectivit\u00e9s\",\"potentialAction\":[{\"@type\":\"SearchAction\",\"target\":{\"@type\":\"EntryPoint\",\"urlTemplate\":\"https:\/\/www.sp-equipements.com\/site\/?s={search_term_string}\"},\"query-input\":\"required name=search_term_string\"}],\"inLanguage\":\"fr-FR\"}]}<\/script>\n<!-- \/ Yoast SEO plugin. -->","yoast_head_json":{"title":"Syst\u00e8me SERRUBLOC 21 Galva pour poteau - SP \u00c9quipements","robots":{"index":"index","follow":"follow","max-snippet":"max-snippet:-1","max-image-preview":"max-image-preview:large","max-video-preview":"max-video-preview:-1"},"canonical":"https:\/\/www.sp-equipements.com\/site\/produit\/systeme-serrubloc-21-galva-pour-poteau\/","og_locale":"fr_FR","og_type":"article","og_title":"Syst\u00e8me SERRUBLOC 21 Galva pour poteau - SP \u00c9quipements","og_description":"Pour rendre amovibles tous les poteaux de \u00d8 76mm et de \u00d8 114mm. Nouveau : les fourreaux Serrubloc\u00ae 21 pour poteaux fonctionnent avec les poteaux\u00a0standard.\u00a0  Verrouillage automatique par simple rotation, sans avoir \u00e0 se baisser. D\u00e9verrouillage par cl\u00e9 triangle de 11 et rotation du poteau, sortie du poteau en position debout. 100 % galvanis\u00e9 et m\u00e9canisme en inox pour une parfaite anticorrosion. Obturation fixe s\u00e9curisant la fonction acc\u00e8s libre. Auto-drainant : se pose \u00e0 fond de fouilles.  Maintenance simplifi\u00e9e : r\u00e9serve autorisant l\u2019accumulation des sables et des poussi\u00e8res, d\u00e9montable pour un entretien complet. Partie visible apr\u00e8s pose laqu\u00e9e noir. Indicateur de pose pour poteaux \u00e0 chaine.  Fonctionnement \u2022 D\u00e9verrouiller le Serrubloc\u00ae 21 avec la cl\u00e9 triangle et simultan\u00e9ment effectuer une l\u00e9g\u00e8re rotation du poteau. \u2022 Retirer le poteau.","og_url":"https:\/\/www.sp-equipements.com\/site\/produit\/systeme-serrubloc-21-galva-pour-poteau\/","og_site_name":"SP \u00c9quipements","article_modified_time":"2019-06-19T13:31:00+00:00","og_image":[{"width":190,"height":190,"url":"https:\/\/www.sp-equipements.com\/site\/wp-content\/uploads\/2019\/06\/serrubloc_21-1.jpg","type":"image\/jpeg"}],"twitter_card":"summary_large_image","schema":{"@context":"https:\/\/schema.org","@graph":[{"@type":"WebPage","@id":"https:\/\/www.sp-equipements.com\/site\/produit\/systeme-serrubloc-21-galva-pour-poteau\/","url":"https:\/\/www.sp-equipements.com\/site\/produit\/systeme-serrubloc-21-galva-pour-poteau\/","name":"Syst\u00e8me SERRUBLOC 21 Galva pour poteau - SP \u00c9quipements","isPartOf":{"@id":"https:\/\/www.sp-equipements.com\/site\/#website"},"primaryImageOfPage":{"@id":"https:\/\/www.sp-equipements.com\/site\/produit\/systeme-serrubloc-21-galva-pour-poteau\/#primaryimage"},"image":{"@id":"https:\/\/www.sp-equipements.com\/site\/produit\/systeme-serrubloc-21-galva-pour-poteau\/#primaryimage"},"thumbnailUrl":"https:\/\/www.sp-equipements.com\/site\/wp-content\/uploads\/2019\/06\/serrubloc_21-1.jpg","datePublished":"2019-06-07T08:13:17+00:00","dateModified":"2019-06-19T13:31:00+00:00","breadcrumb":{"@id":"https:\/\/www.sp-equipements.com\/site\/produit\/systeme-serrubloc-21-galva-pour-poteau\/#breadcrumb"},"inLanguage":"fr-FR","potentialAction":[{"@type":"ReadAction","target":["https:\/\/www.sp-equipements.com\/site\/produit\/systeme-serrubloc-21-galva-pour-poteau\/"]}]},{"@type":"ImageObject","inLanguage":"fr-FR","@id":"https:\/\/www.sp-equipements.com\/site\/produit\/systeme-serrubloc-21-galva-pour-poteau\/#primaryimage","url":"https:\/\/www.sp-equipements.com\/site\/wp-content\/uploads\/2019\/06\/serrubloc_21-1.jpg","contentUrl":"https:\/\/www.sp-equipements.com\/site\/wp-content\/uploads\/2019\/06\/serrubloc_21-1.jpg","width":190,"height":190,"caption":"serrubloc 21 1"},{"@type":"BreadcrumbList","@id":"https:\/\/www.sp-equipements.com\/site\/produit\/systeme-serrubloc-21-galva-pour-poteau\/#breadcrumb","itemListElement":[{"@type":"ListItem","position":1,"name":"Accueil","item":"https:\/\/www.sp-equipements.com\/site\/"},{"@type":"ListItem","position":2,"name":"Catalogue","item":"https:\/\/www.sp-equipements.com\/site\/catalogue\/"},{"@type":"ListItem","position":3,"name":"Syst\u00e8me SERRUBLOC 21 Galva pour poteau"}]},{"@type":"WebSite","@id":"https:\/\/www.sp-equipements.com\/site\/#website","url":"https:\/\/www.sp-equipements.com\/site\/","name":"SP \u00c9quipements","description":"\u00c9quipements de collectivit\u00e9s","potentialAction":[{"@type":"SearchAction","target":{"@type":"EntryPoint","urlTemplate":"https:\/\/www.sp-equipements.com\/site\/?s={search_term_string}"},"query-input":"required name=search_term_string"}],"inLanguage":"fr-FR"}]}},"_links":{"self":[{"href":"https:\/\/www.sp-equipements.com\/site\/wp-json\/wp\/v2\/product\/21681"}],"collection":[{"href":"https:\/\/www.sp-equipements.com\/site\/wp-json\/wp\/v2\/product"}],"about":[{"href":"https:\/\/www.sp-equipements.com\/site\/wp-json\/wp\/v2\/types\/product"}],"replies":[{"embeddable":true,"href":"https:\/\/www.sp-equipements.com\/site\/wp-json\/wp\/v2\/comments?post=21681"}],"wp:featuredmedia":[{"embeddable":true,"href":"https:\/\/www.sp-equipements.com\/site\/wp-json\/wp\/v2\/media\/37617"}],"wp:attachment":[{"href":"https:\/\/www.sp-equipements.com\/site\/wp-json\/wp\/v2\/media?parent=21681"}],"wp:term":[{"taxonomy":"product_cat","embeddable":true,"href":"https:\/\/www.sp-equipements.com\/site\/wp-json\/wp\/v2\/product_cat?post=21681"},{"taxonomy":"product_tag","embeddable":true,"href":"https:\/\/www.sp-equipements.com\/site\/wp-json\/wp\/v2\/product_tag?post=21681"}],"curies":[{"name":"wp","href":"https:\/\/api.w.org\/{rel}","templated":true}]}}