{"id":21684,"date":"2019-06-07T10:13:18","date_gmt":"2019-06-07T08:13:18","guid":{"rendered":"http:\/\/www.polyequipements.com\/produit\/poteau-rabattable-solibloc\/"},"modified":"2019-06-19T15:31:01","modified_gmt":"2019-06-19T13:31:01","slug":"poteau-rabattable-solibloc","status":"publish","type":"product","link":"https:\/\/www.sp-equipements.com\/site\/produit\/poteau-rabattable-solibloc\/","title":{"rendered":"Poteau Rabattable + SOLIBLOC"},"content":{"rendered":"","protected":false},"excerpt":{"rendered":"<p><i>La robustesse de ce poteau rabattable, totalement solidaire de son bloc d\u2019ancrage, en fait la r\u00e9f\u00e9rence en mati\u00e8re de ma\u00eetrise d\u2019acc\u00e8s.<\/i><\/p>\n<p>Son syst\u00e8me de verrouillage assure une parfaite rigidit\u00e9 du poteau en position haute.<br \/>\nSa cl\u00e9 triangle de 14 prisonni\u00e8re oblige l\u2019utilisateur \u00e0 refermer le passage.<br \/>\nL\u2019obturation automatique du bloc serrure en position basse \u00e9vite l\u2019accumulation de graviers ou de feuilles.<\/p>\n<p>Tube acier.<br \/>\nPommeaux fonte d\u2019acier ou d\u2019aluminium.<br \/>\nPoteaux peints selon nos RAL.<br \/>\nBloc serrure peint noir RAL 9005 sur galva.<br \/>\nTiges de scellement fournies.<\/p>\n<p><i>Attention : garde au sol 100 mm<\/i><\/p>\n","protected":false},"featured_media":37620,"comment_status":"open","ping_status":"closed","template":"","meta":[],"product_cat":[100,169],"product_tag":[],"yoast_head":"<!-- This site is optimized with the Yoast SEO plugin v22.2 - https:\/\/yoast.com\/wordpress\/plugins\/seo\/ -->\n<title>Poteau Rabattable + SOLIBLOC - SP \u00c9quipements<\/title>\n<meta name=\"robots\" content=\"index, follow, max-snippet:-1, max-image-preview:large, max-video-preview:-1\" \/>\n<link rel=\"canonical\" href=\"https:\/\/www.sp-equipements.com\/site\/produit\/poteau-rabattable-solibloc\/\" \/>\n<meta property=\"og:locale\" content=\"fr_FR\" \/>\n<meta property=\"og:type\" content=\"article\" \/>\n<meta property=\"og:title\" content=\"Poteau Rabattable + SOLIBLOC - SP \u00c9quipements\" \/>\n<meta property=\"og:description\" content=\"La robustesse de ce poteau rabattable, totalement solidaire de son bloc d\u2019ancrage, en fait la r\u00e9f\u00e9rence en mati\u00e8re de ma\u00eetrise d\u2019acc\u00e8s.  Son syst\u00e8me de verrouillage assure une parfaite rigidit\u00e9 du poteau en position haute. Sa cl\u00e9 triangle de 14 prisonni\u00e8re oblige l\u2019utilisateur \u00e0 refermer le passage. L\u2019obturation automatique du bloc serrure en position basse \u00e9vite l\u2019accumulation de graviers ou de feuilles.  Tube acier. Pommeaux fonte d\u2019acier ou d\u2019aluminium. Poteaux peints selon nos RAL. Bloc serrure peint noir RAL 9005 sur galva. Tiges de scellement fournies.  Attention : garde au sol 100 mm\" \/>\n<meta property=\"og:url\" content=\"https:\/\/www.sp-equipements.com\/site\/produit\/poteau-rabattable-solibloc\/\" \/>\n<meta property=\"og:site_name\" content=\"SP \u00c9quipements\" \/>\n<meta property=\"article:modified_time\" content=\"2019-06-19T13:31:01+00:00\" \/>\n<meta property=\"og:image\" content=\"https:\/\/www.sp-equipements.com\/site\/wp-content\/uploads\/2019\/06\/poteau_rabattable__solibloc-1.jpg\" \/>\n\t<meta property=\"og:image:width\" content=\"190\" \/>\n\t<meta property=\"og:image:height\" content=\"190\" \/>\n\t<meta property=\"og:image:type\" content=\"image\/jpeg\" \/>\n<meta name=\"twitter:card\" content=\"summary_large_image\" \/>\n<script type=\"application\/ld+json\" class=\"yoast-schema-graph\">{\"@context\":\"https:\/\/schema.org\",\"@graph\":[{\"@type\":\"WebPage\",\"@id\":\"https:\/\/www.sp-equipements.com\/site\/produit\/poteau-rabattable-solibloc\/\",\"url\":\"https:\/\/www.sp-equipements.com\/site\/produit\/poteau-rabattable-solibloc\/\",\"name\":\"Poteau Rabattable + SOLIBLOC - SP \u00c9quipements\",\"isPartOf\":{\"@id\":\"https:\/\/www.sp-equipements.com\/site\/#website\"},\"primaryImageOfPage\":{\"@id\":\"https:\/\/www.sp-equipements.com\/site\/produit\/poteau-rabattable-solibloc\/#primaryimage\"},\"image\":{\"@id\":\"https:\/\/www.sp-equipements.com\/site\/produit\/poteau-rabattable-solibloc\/#primaryimage\"},\"thumbnailUrl\":\"https:\/\/www.sp-equipements.com\/site\/wp-content\/uploads\/2019\/06\/poteau_rabattable__solibloc-1.jpg\",\"datePublished\":\"2019-06-07T08:13:18+00:00\",\"dateModified\":\"2019-06-19T13:31:01+00:00\",\"breadcrumb\":{\"@id\":\"https:\/\/www.sp-equipements.com\/site\/produit\/poteau-rabattable-solibloc\/#breadcrumb\"},\"inLanguage\":\"fr-FR\",\"potentialAction\":[{\"@type\":\"ReadAction\",\"target\":[\"https:\/\/www.sp-equipements.com\/site\/produit\/poteau-rabattable-solibloc\/\"]}]},{\"@type\":\"ImageObject\",\"inLanguage\":\"fr-FR\",\"@id\":\"https:\/\/www.sp-equipements.com\/site\/produit\/poteau-rabattable-solibloc\/#primaryimage\",\"url\":\"https:\/\/www.sp-equipements.com\/site\/wp-content\/uploads\/2019\/06\/poteau_rabattable__solibloc-1.jpg\",\"contentUrl\":\"https:\/\/www.sp-equipements.com\/site\/wp-content\/uploads\/2019\/06\/poteau_rabattable__solibloc-1.jpg\",\"width\":190,\"height\":190,\"caption\":\"poteau rabattable solibloc 1\"},{\"@type\":\"BreadcrumbList\",\"@id\":\"https:\/\/www.sp-equipements.com\/site\/produit\/poteau-rabattable-solibloc\/#breadcrumb\",\"itemListElement\":[{\"@type\":\"ListItem\",\"position\":1,\"name\":\"Accueil\",\"item\":\"https:\/\/www.sp-equipements.com\/site\/\"},{\"@type\":\"ListItem\",\"position\":2,\"name\":\"Catalogue\",\"item\":\"https:\/\/www.sp-equipements.com\/site\/catalogue\/\"},{\"@type\":\"ListItem\",\"position\":3,\"name\":\"Poteau Rabattable + SOLIBLOC\"}]},{\"@type\":\"WebSite\",\"@id\":\"https:\/\/www.sp-equipements.com\/site\/#website\",\"url\":\"https:\/\/www.sp-equipements.com\/site\/\",\"name\":\"SP \u00c9quipements\",\"description\":\"\u00c9quipements de collectivit\u00e9s\",\"potentialAction\":[{\"@type\":\"SearchAction\",\"target\":{\"@type\":\"EntryPoint\",\"urlTemplate\":\"https:\/\/www.sp-equipements.com\/site\/?s={search_term_string}\"},\"query-input\":\"required name=search_term_string\"}],\"inLanguage\":\"fr-FR\"}]}<\/script>\n<!-- \/ Yoast SEO plugin. -->","yoast_head_json":{"title":"Poteau Rabattable + SOLIBLOC - SP \u00c9quipements","robots":{"index":"index","follow":"follow","max-snippet":"max-snippet:-1","max-image-preview":"max-image-preview:large","max-video-preview":"max-video-preview:-1"},"canonical":"https:\/\/www.sp-equipements.com\/site\/produit\/poteau-rabattable-solibloc\/","og_locale":"fr_FR","og_type":"article","og_title":"Poteau Rabattable + SOLIBLOC - SP \u00c9quipements","og_description":"La robustesse de ce poteau rabattable, totalement solidaire de son bloc d\u2019ancrage, en fait la r\u00e9f\u00e9rence en mati\u00e8re de ma\u00eetrise d\u2019acc\u00e8s.  Son syst\u00e8me de verrouillage assure une parfaite rigidit\u00e9 du poteau en position haute. Sa cl\u00e9 triangle de 14 prisonni\u00e8re oblige l\u2019utilisateur \u00e0 refermer le passage. L\u2019obturation automatique du bloc serrure en position basse \u00e9vite l\u2019accumulation de graviers ou de feuilles.  Tube acier. Pommeaux fonte d\u2019acier ou d\u2019aluminium. Poteaux peints selon nos RAL. Bloc serrure peint noir RAL 9005 sur galva. Tiges de scellement fournies.  Attention : garde au sol 100 mm","og_url":"https:\/\/www.sp-equipements.com\/site\/produit\/poteau-rabattable-solibloc\/","og_site_name":"SP \u00c9quipements","article_modified_time":"2019-06-19T13:31:01+00:00","og_image":[{"width":190,"height":190,"url":"https:\/\/www.sp-equipements.com\/site\/wp-content\/uploads\/2019\/06\/poteau_rabattable__solibloc-1.jpg","type":"image\/jpeg"}],"twitter_card":"summary_large_image","schema":{"@context":"https:\/\/schema.org","@graph":[{"@type":"WebPage","@id":"https:\/\/www.sp-equipements.com\/site\/produit\/poteau-rabattable-solibloc\/","url":"https:\/\/www.sp-equipements.com\/site\/produit\/poteau-rabattable-solibloc\/","name":"Poteau Rabattable + SOLIBLOC - SP \u00c9quipements","isPartOf":{"@id":"https:\/\/www.sp-equipements.com\/site\/#website"},"primaryImageOfPage":{"@id":"https:\/\/www.sp-equipements.com\/site\/produit\/poteau-rabattable-solibloc\/#primaryimage"},"image":{"@id":"https:\/\/www.sp-equipements.com\/site\/produit\/poteau-rabattable-solibloc\/#primaryimage"},"thumbnailUrl":"https:\/\/www.sp-equipements.com\/site\/wp-content\/uploads\/2019\/06\/poteau_rabattable__solibloc-1.jpg","datePublished":"2019-06-07T08:13:18+00:00","dateModified":"2019-06-19T13:31:01+00:00","breadcrumb":{"@id":"https:\/\/www.sp-equipements.com\/site\/produit\/poteau-rabattable-solibloc\/#breadcrumb"},"inLanguage":"fr-FR","potentialAction":[{"@type":"ReadAction","target":["https:\/\/www.sp-equipements.com\/site\/produit\/poteau-rabattable-solibloc\/"]}]},{"@type":"ImageObject","inLanguage":"fr-FR","@id":"https:\/\/www.sp-equipements.com\/site\/produit\/poteau-rabattable-solibloc\/#primaryimage","url":"https:\/\/www.sp-equipements.com\/site\/wp-content\/uploads\/2019\/06\/poteau_rabattable__solibloc-1.jpg","contentUrl":"https:\/\/www.sp-equipements.com\/site\/wp-content\/uploads\/2019\/06\/poteau_rabattable__solibloc-1.jpg","width":190,"height":190,"caption":"poteau rabattable solibloc 1"},{"@type":"BreadcrumbList","@id":"https:\/\/www.sp-equipements.com\/site\/produit\/poteau-rabattable-solibloc\/#breadcrumb","itemListElement":[{"@type":"ListItem","position":1,"name":"Accueil","item":"https:\/\/www.sp-equipements.com\/site\/"},{"@type":"ListItem","position":2,"name":"Catalogue","item":"https:\/\/www.sp-equipements.com\/site\/catalogue\/"},{"@type":"ListItem","position":3,"name":"Poteau Rabattable + SOLIBLOC"}]},{"@type":"WebSite","@id":"https:\/\/www.sp-equipements.com\/site\/#website","url":"https:\/\/www.sp-equipements.com\/site\/","name":"SP \u00c9quipements","description":"\u00c9quipements de collectivit\u00e9s","potentialAction":[{"@type":"SearchAction","target":{"@type":"EntryPoint","urlTemplate":"https:\/\/www.sp-equipements.com\/site\/?s={search_term_string}"},"query-input":"required name=search_term_string"}],"inLanguage":"fr-FR"}]}},"_links":{"self":[{"href":"https:\/\/www.sp-equipements.com\/site\/wp-json\/wp\/v2\/product\/21684"}],"collection":[{"href":"https:\/\/www.sp-equipements.com\/site\/wp-json\/wp\/v2\/product"}],"about":[{"href":"https:\/\/www.sp-equipements.com\/site\/wp-json\/wp\/v2\/types\/product"}],"replies":[{"embeddable":true,"href":"https:\/\/www.sp-equipements.com\/site\/wp-json\/wp\/v2\/comments?post=21684"}],"wp:featuredmedia":[{"embeddable":true,"href":"https:\/\/www.sp-equipements.com\/site\/wp-json\/wp\/v2\/media\/37620"}],"wp:attachment":[{"href":"https:\/\/www.sp-equipements.com\/site\/wp-json\/wp\/v2\/media?parent=21684"}],"wp:term":[{"taxonomy":"product_cat","embeddable":true,"href":"https:\/\/www.sp-equipements.com\/site\/wp-json\/wp\/v2\/product_cat?post=21684"},{"taxonomy":"product_tag","embeddable":true,"href":"https:\/\/www.sp-equipements.com\/site\/wp-json\/wp\/v2\/product_tag?post=21684"}],"curies":[{"name":"wp","href":"https:\/\/api.w.org\/{rel}","templated":true}]}}