{"id":21686,"date":"2019-06-07T10:13:19","date_gmt":"2019-06-07T08:13:19","guid":{"rendered":"http:\/\/www.polyequipements.com\/produit\/borne-amovible\/"},"modified":"2019-06-19T15:31:01","modified_gmt":"2019-06-19T13:31:01","slug":"borne-amovible","status":"publish","type":"product","link":"https:\/\/www.sp-equipements.com\/site\/produit\/borne-amovible\/","title":{"rendered":"Borne Amovible"},"content":{"rendered":"","protected":false},"excerpt":{"rendered":"<div id=\"box-article-description\">\n<div id=\"display-article-description\">\n<p><i>Trois lignes de bornes en deux hauteurs pour un acc\u00e8s occasionnel \u00e0 l\u2019espace prot\u00e9g\u00e9.<\/i><\/p>\n<p>Ensembles monoblocs jusqu\u2019\u00e0 37 kg de fonte de 12 \u00e0 15 mm d\u2019\u00e9paisseur.<br \/>\nR\u00e9sistance aux chocs jusqu\u2019\u00e0 6 000 joules, selon l\u2019\u00e9paisseur de la fonte.<br \/>\nFinition peint sur appr\u00eat selon nos RAL.<br \/>\nFixation par le syst\u00e8me Serrubloc ci-dessous.<\/p>\n<\/div>\n<\/div>\n","protected":false},"featured_media":37622,"comment_status":"open","ping_status":"closed","template":"","meta":[],"product_cat":[170,100],"product_tag":[],"yoast_head":"<!-- This site is optimized with the Yoast SEO plugin v22.2 - https:\/\/yoast.com\/wordpress\/plugins\/seo\/ -->\n<title>Borne Amovible - SP \u00c9quipements<\/title>\n<meta name=\"robots\" content=\"index, follow, max-snippet:-1, max-image-preview:large, max-video-preview:-1\" \/>\n<link rel=\"canonical\" href=\"https:\/\/www.sp-equipements.com\/site\/produit\/borne-amovible\/\" \/>\n<meta property=\"og:locale\" content=\"fr_FR\" \/>\n<meta property=\"og:type\" content=\"article\" \/>\n<meta property=\"og:title\" content=\"Borne Amovible - SP \u00c9quipements\" \/>\n<meta property=\"og:description\" content=\"Trois lignes de bornes en deux hauteurs pour un acc\u00e8s occasionnel \u00e0 l\u2019espace prot\u00e9g\u00e9.  Ensembles monoblocs jusqu\u2019\u00e0 37 kg de fonte de 12 \u00e0 15 mm d\u2019\u00e9paisseur. R\u00e9sistance aux chocs jusqu\u2019\u00e0 6 000 joules, selon l\u2019\u00e9paisseur de la fonte. Finition peint sur appr\u00eat selon nos RAL. Fixation par le syst\u00e8me Serrubloc ci-dessous.\" \/>\n<meta property=\"og:url\" content=\"https:\/\/www.sp-equipements.com\/site\/produit\/borne-amovible\/\" \/>\n<meta property=\"og:site_name\" content=\"SP \u00c9quipements\" \/>\n<meta property=\"article:modified_time\" content=\"2019-06-19T13:31:01+00:00\" \/>\n<meta property=\"og:image\" content=\"https:\/\/www.sp-equipements.com\/site\/wp-content\/uploads\/2019\/06\/borne_amovible-1.jpg\" \/>\n\t<meta property=\"og:image:width\" content=\"190\" \/>\n\t<meta property=\"og:image:height\" content=\"190\" \/>\n\t<meta property=\"og:image:type\" content=\"image\/jpeg\" \/>\n<meta name=\"twitter:card\" content=\"summary_large_image\" \/>\n<script type=\"application\/ld+json\" class=\"yoast-schema-graph\">{\"@context\":\"https:\/\/schema.org\",\"@graph\":[{\"@type\":\"WebPage\",\"@id\":\"https:\/\/www.sp-equipements.com\/site\/produit\/borne-amovible\/\",\"url\":\"https:\/\/www.sp-equipements.com\/site\/produit\/borne-amovible\/\",\"name\":\"Borne Amovible - SP \u00c9quipements\",\"isPartOf\":{\"@id\":\"https:\/\/www.sp-equipements.com\/site\/#website\"},\"primaryImageOfPage\":{\"@id\":\"https:\/\/www.sp-equipements.com\/site\/produit\/borne-amovible\/#primaryimage\"},\"image\":{\"@id\":\"https:\/\/www.sp-equipements.com\/site\/produit\/borne-amovible\/#primaryimage\"},\"thumbnailUrl\":\"https:\/\/www.sp-equipements.com\/site\/wp-content\/uploads\/2019\/06\/borne_amovible-1.jpg\",\"datePublished\":\"2019-06-07T08:13:19+00:00\",\"dateModified\":\"2019-06-19T13:31:01+00:00\",\"breadcrumb\":{\"@id\":\"https:\/\/www.sp-equipements.com\/site\/produit\/borne-amovible\/#breadcrumb\"},\"inLanguage\":\"fr-FR\",\"potentialAction\":[{\"@type\":\"ReadAction\",\"target\":[\"https:\/\/www.sp-equipements.com\/site\/produit\/borne-amovible\/\"]}]},{\"@type\":\"ImageObject\",\"inLanguage\":\"fr-FR\",\"@id\":\"https:\/\/www.sp-equipements.com\/site\/produit\/borne-amovible\/#primaryimage\",\"url\":\"https:\/\/www.sp-equipements.com\/site\/wp-content\/uploads\/2019\/06\/borne_amovible-1.jpg\",\"contentUrl\":\"https:\/\/www.sp-equipements.com\/site\/wp-content\/uploads\/2019\/06\/borne_amovible-1.jpg\",\"width\":190,\"height\":190,\"caption\":\"borne amovible 1\"},{\"@type\":\"BreadcrumbList\",\"@id\":\"https:\/\/www.sp-equipements.com\/site\/produit\/borne-amovible\/#breadcrumb\",\"itemListElement\":[{\"@type\":\"ListItem\",\"position\":1,\"name\":\"Accueil\",\"item\":\"https:\/\/www.sp-equipements.com\/site\/\"},{\"@type\":\"ListItem\",\"position\":2,\"name\":\"Catalogue\",\"item\":\"https:\/\/www.sp-equipements.com\/site\/catalogue\/\"},{\"@type\":\"ListItem\",\"position\":3,\"name\":\"Borne Amovible\"}]},{\"@type\":\"WebSite\",\"@id\":\"https:\/\/www.sp-equipements.com\/site\/#website\",\"url\":\"https:\/\/www.sp-equipements.com\/site\/\",\"name\":\"SP \u00c9quipements\",\"description\":\"\u00c9quipements de collectivit\u00e9s\",\"potentialAction\":[{\"@type\":\"SearchAction\",\"target\":{\"@type\":\"EntryPoint\",\"urlTemplate\":\"https:\/\/www.sp-equipements.com\/site\/?s={search_term_string}\"},\"query-input\":\"required name=search_term_string\"}],\"inLanguage\":\"fr-FR\"}]}<\/script>\n<!-- \/ Yoast SEO plugin. -->","yoast_head_json":{"title":"Borne Amovible - SP \u00c9quipements","robots":{"index":"index","follow":"follow","max-snippet":"max-snippet:-1","max-image-preview":"max-image-preview:large","max-video-preview":"max-video-preview:-1"},"canonical":"https:\/\/www.sp-equipements.com\/site\/produit\/borne-amovible\/","og_locale":"fr_FR","og_type":"article","og_title":"Borne Amovible - SP \u00c9quipements","og_description":"Trois lignes de bornes en deux hauteurs pour un acc\u00e8s occasionnel \u00e0 l\u2019espace prot\u00e9g\u00e9.  Ensembles monoblocs jusqu\u2019\u00e0 37 kg de fonte de 12 \u00e0 15 mm d\u2019\u00e9paisseur. R\u00e9sistance aux chocs jusqu\u2019\u00e0 6 000 joules, selon l\u2019\u00e9paisseur de la fonte. Finition peint sur appr\u00eat selon nos RAL. Fixation par le syst\u00e8me Serrubloc ci-dessous.","og_url":"https:\/\/www.sp-equipements.com\/site\/produit\/borne-amovible\/","og_site_name":"SP \u00c9quipements","article_modified_time":"2019-06-19T13:31:01+00:00","og_image":[{"width":190,"height":190,"url":"https:\/\/www.sp-equipements.com\/site\/wp-content\/uploads\/2019\/06\/borne_amovible-1.jpg","type":"image\/jpeg"}],"twitter_card":"summary_large_image","schema":{"@context":"https:\/\/schema.org","@graph":[{"@type":"WebPage","@id":"https:\/\/www.sp-equipements.com\/site\/produit\/borne-amovible\/","url":"https:\/\/www.sp-equipements.com\/site\/produit\/borne-amovible\/","name":"Borne Amovible - SP \u00c9quipements","isPartOf":{"@id":"https:\/\/www.sp-equipements.com\/site\/#website"},"primaryImageOfPage":{"@id":"https:\/\/www.sp-equipements.com\/site\/produit\/borne-amovible\/#primaryimage"},"image":{"@id":"https:\/\/www.sp-equipements.com\/site\/produit\/borne-amovible\/#primaryimage"},"thumbnailUrl":"https:\/\/www.sp-equipements.com\/site\/wp-content\/uploads\/2019\/06\/borne_amovible-1.jpg","datePublished":"2019-06-07T08:13:19+00:00","dateModified":"2019-06-19T13:31:01+00:00","breadcrumb":{"@id":"https:\/\/www.sp-equipements.com\/site\/produit\/borne-amovible\/#breadcrumb"},"inLanguage":"fr-FR","potentialAction":[{"@type":"ReadAction","target":["https:\/\/www.sp-equipements.com\/site\/produit\/borne-amovible\/"]}]},{"@type":"ImageObject","inLanguage":"fr-FR","@id":"https:\/\/www.sp-equipements.com\/site\/produit\/borne-amovible\/#primaryimage","url":"https:\/\/www.sp-equipements.com\/site\/wp-content\/uploads\/2019\/06\/borne_amovible-1.jpg","contentUrl":"https:\/\/www.sp-equipements.com\/site\/wp-content\/uploads\/2019\/06\/borne_amovible-1.jpg","width":190,"height":190,"caption":"borne amovible 1"},{"@type":"BreadcrumbList","@id":"https:\/\/www.sp-equipements.com\/site\/produit\/borne-amovible\/#breadcrumb","itemListElement":[{"@type":"ListItem","position":1,"name":"Accueil","item":"https:\/\/www.sp-equipements.com\/site\/"},{"@type":"ListItem","position":2,"name":"Catalogue","item":"https:\/\/www.sp-equipements.com\/site\/catalogue\/"},{"@type":"ListItem","position":3,"name":"Borne Amovible"}]},{"@type":"WebSite","@id":"https:\/\/www.sp-equipements.com\/site\/#website","url":"https:\/\/www.sp-equipements.com\/site\/","name":"SP \u00c9quipements","description":"\u00c9quipements de collectivit\u00e9s","potentialAction":[{"@type":"SearchAction","target":{"@type":"EntryPoint","urlTemplate":"https:\/\/www.sp-equipements.com\/site\/?s={search_term_string}"},"query-input":"required name=search_term_string"}],"inLanguage":"fr-FR"}]}},"_links":{"self":[{"href":"https:\/\/www.sp-equipements.com\/site\/wp-json\/wp\/v2\/product\/21686"}],"collection":[{"href":"https:\/\/www.sp-equipements.com\/site\/wp-json\/wp\/v2\/product"}],"about":[{"href":"https:\/\/www.sp-equipements.com\/site\/wp-json\/wp\/v2\/types\/product"}],"replies":[{"embeddable":true,"href":"https:\/\/www.sp-equipements.com\/site\/wp-json\/wp\/v2\/comments?post=21686"}],"wp:featuredmedia":[{"embeddable":true,"href":"https:\/\/www.sp-equipements.com\/site\/wp-json\/wp\/v2\/media\/37622"}],"wp:attachment":[{"href":"https:\/\/www.sp-equipements.com\/site\/wp-json\/wp\/v2\/media?parent=21686"}],"wp:term":[{"taxonomy":"product_cat","embeddable":true,"href":"https:\/\/www.sp-equipements.com\/site\/wp-json\/wp\/v2\/product_cat?post=21686"},{"taxonomy":"product_tag","embeddable":true,"href":"https:\/\/www.sp-equipements.com\/site\/wp-json\/wp\/v2\/product_tag?post=21686"}],"curies":[{"name":"wp","href":"https:\/\/api.w.org\/{rel}","templated":true}]}}