{"id":21687,"date":"2019-06-07T10:13:20","date_gmt":"2019-06-07T08:13:20","guid":{"rendered":"http:\/\/www.polyequipements.com\/produit\/borne-dissuasive-anti-belier\/"},"modified":"2022-04-05T02:53:18","modified_gmt":"2022-04-05T00:53:18","slug":"borne-dissuasive-anti-belier","status":"publish","type":"product","link":"https:\/\/www.sp-equipements.com\/site\/produit\/borne-dissuasive-anti-belier\/","title":{"rendered":"Borne Dissuasive Anti-b\u00e9lier"},"content":{"rendered":"","protected":false},"excerpt":{"rendered":"<div id=\"box-article-description\">\n<div id=\"display-article-description\">\n<p><i>Bornes de protection des commerces \u00ab\u00a0sensibles\u00a0\u00bb (centres commerciaux, banques, bijouteries&#8230;). Con\u00e7ues pour \u00e9viter les \u00ab\u00a0casses \u00e0 la voiture b\u00e9lier\u00a0\u00bb.<\/i><\/p>\n<p>Hauteur totale 1265 ou 1286 mm.<br \/>\nHauteur hors sol 800 mm.<br \/>\nT\u00eate galb\u00e9e. Corps creux pour recevoir ferraillage et b\u00e9ton.<br \/>\nFinition galva ou peint sur zinc selon nos RAL<br \/>\nScellement direct de la borne et du ferraillage dans le massif b\u00e9ton.<\/p>\n<p><b>Avantage Pose !<\/b><br \/>\nFer plat soud\u00e9 \u00e0 l&rsquo;int\u00e9rieur de la borne permettant de la positionner avec un engin de levage.<\/p>\n<\/div>\n<\/div>\n","protected":false},"featured_media":37623,"comment_status":"open","ping_status":"closed","template":"","meta":[],"product_cat":[170,100],"product_tag":[],"yoast_head":"<!-- This site is optimized with the Yoast SEO plugin v22.2 - https:\/\/yoast.com\/wordpress\/plugins\/seo\/ -->\n<title>Borne Dissuasive Anti-b\u00e9lier - SP \u00c9quipements<\/title>\n<meta name=\"robots\" content=\"index, follow, max-snippet:-1, max-image-preview:large, max-video-preview:-1\" \/>\n<link rel=\"canonical\" href=\"https:\/\/www.sp-equipements.com\/site\/produit\/borne-dissuasive-anti-belier\/\" \/>\n<meta property=\"og:locale\" content=\"fr_FR\" \/>\n<meta property=\"og:type\" content=\"article\" \/>\n<meta property=\"og:title\" content=\"Borne Dissuasive Anti-b\u00e9lier - SP \u00c9quipements\" \/>\n<meta property=\"og:description\" content=\"Bornes de protection des commerces &quot;sensibles&quot; (centres commerciaux, banques, bijouteries...). Con\u00e7ues pour \u00e9viter les &quot;casses \u00e0 la voiture b\u00e9lier&quot;.  Hauteur totale 1265 ou 1286 mm. Hauteur hors sol 800 mm. T\u00eate galb\u00e9e. Corps creux pour recevoir ferraillage et b\u00e9ton. Finition galva ou peint sur zinc selon nos RAL Scellement direct de la borne et du ferraillage dans le massif b\u00e9ton.  Avantage Pose ! Fer plat soud\u00e9 \u00e0 l&#039;int\u00e9rieur de la borne permettant de la positionner avec un engin de levage.\" \/>\n<meta property=\"og:url\" content=\"https:\/\/www.sp-equipements.com\/site\/produit\/borne-dissuasive-anti-belier\/\" \/>\n<meta property=\"og:site_name\" content=\"SP \u00c9quipements\" \/>\n<meta property=\"article:modified_time\" content=\"2022-04-05T00:53:18+00:00\" \/>\n<meta property=\"og:image\" content=\"https:\/\/www.sp-equipements.com\/site\/wp-content\/uploads\/2019\/06\/borne_dissuasive_anti_belier-1.jpg\" \/>\n\t<meta property=\"og:image:width\" content=\"190\" \/>\n\t<meta property=\"og:image:height\" content=\"190\" \/>\n\t<meta property=\"og:image:type\" content=\"image\/jpeg\" \/>\n<meta name=\"twitter:card\" content=\"summary_large_image\" \/>\n<script type=\"application\/ld+json\" class=\"yoast-schema-graph\">{\"@context\":\"https:\/\/schema.org\",\"@graph\":[{\"@type\":\"WebPage\",\"@id\":\"https:\/\/www.sp-equipements.com\/site\/produit\/borne-dissuasive-anti-belier\/\",\"url\":\"https:\/\/www.sp-equipements.com\/site\/produit\/borne-dissuasive-anti-belier\/\",\"name\":\"Borne Dissuasive Anti-b\u00e9lier - SP \u00c9quipements\",\"isPartOf\":{\"@id\":\"https:\/\/www.sp-equipements.com\/site\/#website\"},\"primaryImageOfPage\":{\"@id\":\"https:\/\/www.sp-equipements.com\/site\/produit\/borne-dissuasive-anti-belier\/#primaryimage\"},\"image\":{\"@id\":\"https:\/\/www.sp-equipements.com\/site\/produit\/borne-dissuasive-anti-belier\/#primaryimage\"},\"thumbnailUrl\":\"https:\/\/www.sp-equipements.com\/site\/wp-content\/uploads\/2019\/06\/borne_dissuasive_anti_belier-1.jpg\",\"datePublished\":\"2019-06-07T08:13:20+00:00\",\"dateModified\":\"2022-04-05T00:53:18+00:00\",\"breadcrumb\":{\"@id\":\"https:\/\/www.sp-equipements.com\/site\/produit\/borne-dissuasive-anti-belier\/#breadcrumb\"},\"inLanguage\":\"fr-FR\",\"potentialAction\":[{\"@type\":\"ReadAction\",\"target\":[\"https:\/\/www.sp-equipements.com\/site\/produit\/borne-dissuasive-anti-belier\/\"]}]},{\"@type\":\"ImageObject\",\"inLanguage\":\"fr-FR\",\"@id\":\"https:\/\/www.sp-equipements.com\/site\/produit\/borne-dissuasive-anti-belier\/#primaryimage\",\"url\":\"https:\/\/www.sp-equipements.com\/site\/wp-content\/uploads\/2019\/06\/borne_dissuasive_anti_belier-1.jpg\",\"contentUrl\":\"https:\/\/www.sp-equipements.com\/site\/wp-content\/uploads\/2019\/06\/borne_dissuasive_anti_belier-1.jpg\",\"width\":190,\"height\":190,\"caption\":\"borne dissuasive anti belier 1\"},{\"@type\":\"BreadcrumbList\",\"@id\":\"https:\/\/www.sp-equipements.com\/site\/produit\/borne-dissuasive-anti-belier\/#breadcrumb\",\"itemListElement\":[{\"@type\":\"ListItem\",\"position\":1,\"name\":\"Accueil\",\"item\":\"https:\/\/www.sp-equipements.com\/site\/\"},{\"@type\":\"ListItem\",\"position\":2,\"name\":\"Catalogue\",\"item\":\"https:\/\/www.sp-equipements.com\/site\/catalogue\/\"},{\"@type\":\"ListItem\",\"position\":3,\"name\":\"Borne Dissuasive Anti-b\u00e9lier\"}]},{\"@type\":\"WebSite\",\"@id\":\"https:\/\/www.sp-equipements.com\/site\/#website\",\"url\":\"https:\/\/www.sp-equipements.com\/site\/\",\"name\":\"SP \u00c9quipements\",\"description\":\"\u00c9quipements de collectivit\u00e9s\",\"potentialAction\":[{\"@type\":\"SearchAction\",\"target\":{\"@type\":\"EntryPoint\",\"urlTemplate\":\"https:\/\/www.sp-equipements.com\/site\/?s={search_term_string}\"},\"query-input\":\"required name=search_term_string\"}],\"inLanguage\":\"fr-FR\"}]}<\/script>\n<!-- \/ Yoast SEO plugin. -->","yoast_head_json":{"title":"Borne Dissuasive Anti-b\u00e9lier - SP \u00c9quipements","robots":{"index":"index","follow":"follow","max-snippet":"max-snippet:-1","max-image-preview":"max-image-preview:large","max-video-preview":"max-video-preview:-1"},"canonical":"https:\/\/www.sp-equipements.com\/site\/produit\/borne-dissuasive-anti-belier\/","og_locale":"fr_FR","og_type":"article","og_title":"Borne Dissuasive Anti-b\u00e9lier - SP \u00c9quipements","og_description":"Bornes de protection des commerces \"sensibles\" (centres commerciaux, banques, bijouteries...). Con\u00e7ues pour \u00e9viter les \"casses \u00e0 la voiture b\u00e9lier\".  Hauteur totale 1265 ou 1286 mm. Hauteur hors sol 800 mm. T\u00eate galb\u00e9e. Corps creux pour recevoir ferraillage et b\u00e9ton. Finition galva ou peint sur zinc selon nos RAL Scellement direct de la borne et du ferraillage dans le massif b\u00e9ton.  Avantage Pose ! Fer plat soud\u00e9 \u00e0 l'int\u00e9rieur de la borne permettant de la positionner avec un engin de levage.","og_url":"https:\/\/www.sp-equipements.com\/site\/produit\/borne-dissuasive-anti-belier\/","og_site_name":"SP \u00c9quipements","article_modified_time":"2022-04-05T00:53:18+00:00","og_image":[{"width":190,"height":190,"url":"https:\/\/www.sp-equipements.com\/site\/wp-content\/uploads\/2019\/06\/borne_dissuasive_anti_belier-1.jpg","type":"image\/jpeg"}],"twitter_card":"summary_large_image","schema":{"@context":"https:\/\/schema.org","@graph":[{"@type":"WebPage","@id":"https:\/\/www.sp-equipements.com\/site\/produit\/borne-dissuasive-anti-belier\/","url":"https:\/\/www.sp-equipements.com\/site\/produit\/borne-dissuasive-anti-belier\/","name":"Borne Dissuasive Anti-b\u00e9lier - SP \u00c9quipements","isPartOf":{"@id":"https:\/\/www.sp-equipements.com\/site\/#website"},"primaryImageOfPage":{"@id":"https:\/\/www.sp-equipements.com\/site\/produit\/borne-dissuasive-anti-belier\/#primaryimage"},"image":{"@id":"https:\/\/www.sp-equipements.com\/site\/produit\/borne-dissuasive-anti-belier\/#primaryimage"},"thumbnailUrl":"https:\/\/www.sp-equipements.com\/site\/wp-content\/uploads\/2019\/06\/borne_dissuasive_anti_belier-1.jpg","datePublished":"2019-06-07T08:13:20+00:00","dateModified":"2022-04-05T00:53:18+00:00","breadcrumb":{"@id":"https:\/\/www.sp-equipements.com\/site\/produit\/borne-dissuasive-anti-belier\/#breadcrumb"},"inLanguage":"fr-FR","potentialAction":[{"@type":"ReadAction","target":["https:\/\/www.sp-equipements.com\/site\/produit\/borne-dissuasive-anti-belier\/"]}]},{"@type":"ImageObject","inLanguage":"fr-FR","@id":"https:\/\/www.sp-equipements.com\/site\/produit\/borne-dissuasive-anti-belier\/#primaryimage","url":"https:\/\/www.sp-equipements.com\/site\/wp-content\/uploads\/2019\/06\/borne_dissuasive_anti_belier-1.jpg","contentUrl":"https:\/\/www.sp-equipements.com\/site\/wp-content\/uploads\/2019\/06\/borne_dissuasive_anti_belier-1.jpg","width":190,"height":190,"caption":"borne dissuasive anti belier 1"},{"@type":"BreadcrumbList","@id":"https:\/\/www.sp-equipements.com\/site\/produit\/borne-dissuasive-anti-belier\/#breadcrumb","itemListElement":[{"@type":"ListItem","position":1,"name":"Accueil","item":"https:\/\/www.sp-equipements.com\/site\/"},{"@type":"ListItem","position":2,"name":"Catalogue","item":"https:\/\/www.sp-equipements.com\/site\/catalogue\/"},{"@type":"ListItem","position":3,"name":"Borne Dissuasive Anti-b\u00e9lier"}]},{"@type":"WebSite","@id":"https:\/\/www.sp-equipements.com\/site\/#website","url":"https:\/\/www.sp-equipements.com\/site\/","name":"SP \u00c9quipements","description":"\u00c9quipements de collectivit\u00e9s","potentialAction":[{"@type":"SearchAction","target":{"@type":"EntryPoint","urlTemplate":"https:\/\/www.sp-equipements.com\/site\/?s={search_term_string}"},"query-input":"required name=search_term_string"}],"inLanguage":"fr-FR"}]}},"_links":{"self":[{"href":"https:\/\/www.sp-equipements.com\/site\/wp-json\/wp\/v2\/product\/21687"}],"collection":[{"href":"https:\/\/www.sp-equipements.com\/site\/wp-json\/wp\/v2\/product"}],"about":[{"href":"https:\/\/www.sp-equipements.com\/site\/wp-json\/wp\/v2\/types\/product"}],"replies":[{"embeddable":true,"href":"https:\/\/www.sp-equipements.com\/site\/wp-json\/wp\/v2\/comments?post=21687"}],"wp:featuredmedia":[{"embeddable":true,"href":"https:\/\/www.sp-equipements.com\/site\/wp-json\/wp\/v2\/media\/37623"}],"wp:attachment":[{"href":"https:\/\/www.sp-equipements.com\/site\/wp-json\/wp\/v2\/media?parent=21687"}],"wp:term":[{"taxonomy":"product_cat","embeddable":true,"href":"https:\/\/www.sp-equipements.com\/site\/wp-json\/wp\/v2\/product_cat?post=21687"},{"taxonomy":"product_tag","embeddable":true,"href":"https:\/\/www.sp-equipements.com\/site\/wp-json\/wp\/v2\/product_tag?post=21687"}],"curies":[{"name":"wp","href":"https:\/\/api.w.org\/{rel}","templated":true}]}}