{"id":21688,"date":"2019-06-07T10:13:20","date_gmt":"2019-06-07T08:13:20","guid":{"rendered":"http:\/\/www.polyequipements.com\/produit\/borne-retractable\/"},"modified":"2019-06-19T15:31:02","modified_gmt":"2019-06-19T13:31:02","slug":"borne-retractable","status":"publish","type":"product","link":"https:\/\/www.sp-equipements.com\/site\/produit\/borne-retractable\/","title":{"rendered":"Borne Retractable"},"content":{"rendered":"","protected":false},"excerpt":{"rendered":"<p><i>Trois lignes de bornes en deux hauteurs pour une lib\u00e9ration fr\u00e9quente et rapide de l\u2019espace prot\u00e9g\u00e9.<\/i><\/p>\n<p>Ensembles monoblocs jusqu\u2019\u00e0 37 kg de fonte de 12 \u00e0 15 mm d\u2019\u00e9paisseur, int\u00e9gr\u00e9s dans un caisson de 150 kg.<br \/>\nR\u00e9sistance aux chocs jusqu\u2019\u00e0 6 000 joules, selon l\u2019\u00e9paisseur de la fonte.<br \/>\nLivr\u00e9es avec des prescriptions de pose et d\u2019entretien qui, pour garantir le bon fonctionnement et la dur\u00e9e, doivent \u00eatre scrupuleusement respect\u00e9es.<br \/>\nPouss\u00e9e minimale : 45 kg.<br \/>\nPeint sur zinc selon nos RAL.<\/p>\n","protected":false},"featured_media":37624,"comment_status":"open","ping_status":"closed","template":"","meta":[],"product_cat":[170,100],"product_tag":[],"yoast_head":"<!-- This site is optimized with the Yoast SEO plugin v22.2 - https:\/\/yoast.com\/wordpress\/plugins\/seo\/ -->\n<title>Borne Retractable - SP \u00c9quipements<\/title>\n<meta name=\"robots\" content=\"index, follow, max-snippet:-1, max-image-preview:large, max-video-preview:-1\" \/>\n<link rel=\"canonical\" href=\"https:\/\/www.sp-equipements.com\/site\/produit\/borne-retractable\/\" \/>\n<meta property=\"og:locale\" content=\"fr_FR\" \/>\n<meta property=\"og:type\" content=\"article\" \/>\n<meta property=\"og:title\" content=\"Borne Retractable - SP \u00c9quipements\" \/>\n<meta property=\"og:description\" content=\"Trois lignes de bornes en deux hauteurs pour une lib\u00e9ration fr\u00e9quente et rapide de l\u2019espace prot\u00e9g\u00e9.  Ensembles monoblocs jusqu\u2019\u00e0 37 kg de fonte de 12 \u00e0 15 mm d\u2019\u00e9paisseur, int\u00e9gr\u00e9s dans un caisson de 150 kg. R\u00e9sistance aux chocs jusqu\u2019\u00e0 6 000 joules, selon l\u2019\u00e9paisseur de la fonte. Livr\u00e9es avec des prescriptions de pose et d\u2019entretien qui, pour garantir le bon fonctionnement et la dur\u00e9e, doivent \u00eatre scrupuleusement respect\u00e9es. Pouss\u00e9e minimale : 45 kg. Peint sur zinc selon nos RAL.\" \/>\n<meta property=\"og:url\" content=\"https:\/\/www.sp-equipements.com\/site\/produit\/borne-retractable\/\" \/>\n<meta property=\"og:site_name\" content=\"SP \u00c9quipements\" \/>\n<meta property=\"article:modified_time\" content=\"2019-06-19T13:31:02+00:00\" \/>\n<meta property=\"og:image\" content=\"https:\/\/www.sp-equipements.com\/site\/wp-content\/uploads\/2019\/06\/borne_retractable-1.jpg\" \/>\n\t<meta property=\"og:image:width\" content=\"190\" \/>\n\t<meta property=\"og:image:height\" content=\"190\" \/>\n\t<meta property=\"og:image:type\" content=\"image\/jpeg\" \/>\n<meta name=\"twitter:card\" content=\"summary_large_image\" \/>\n<script type=\"application\/ld+json\" class=\"yoast-schema-graph\">{\"@context\":\"https:\/\/schema.org\",\"@graph\":[{\"@type\":\"WebPage\",\"@id\":\"https:\/\/www.sp-equipements.com\/site\/produit\/borne-retractable\/\",\"url\":\"https:\/\/www.sp-equipements.com\/site\/produit\/borne-retractable\/\",\"name\":\"Borne Retractable - SP \u00c9quipements\",\"isPartOf\":{\"@id\":\"https:\/\/www.sp-equipements.com\/site\/#website\"},\"primaryImageOfPage\":{\"@id\":\"https:\/\/www.sp-equipements.com\/site\/produit\/borne-retractable\/#primaryimage\"},\"image\":{\"@id\":\"https:\/\/www.sp-equipements.com\/site\/produit\/borne-retractable\/#primaryimage\"},\"thumbnailUrl\":\"https:\/\/www.sp-equipements.com\/site\/wp-content\/uploads\/2019\/06\/borne_retractable-1.jpg\",\"datePublished\":\"2019-06-07T08:13:20+00:00\",\"dateModified\":\"2019-06-19T13:31:02+00:00\",\"breadcrumb\":{\"@id\":\"https:\/\/www.sp-equipements.com\/site\/produit\/borne-retractable\/#breadcrumb\"},\"inLanguage\":\"fr-FR\",\"potentialAction\":[{\"@type\":\"ReadAction\",\"target\":[\"https:\/\/www.sp-equipements.com\/site\/produit\/borne-retractable\/\"]}]},{\"@type\":\"ImageObject\",\"inLanguage\":\"fr-FR\",\"@id\":\"https:\/\/www.sp-equipements.com\/site\/produit\/borne-retractable\/#primaryimage\",\"url\":\"https:\/\/www.sp-equipements.com\/site\/wp-content\/uploads\/2019\/06\/borne_retractable-1.jpg\",\"contentUrl\":\"https:\/\/www.sp-equipements.com\/site\/wp-content\/uploads\/2019\/06\/borne_retractable-1.jpg\",\"width\":190,\"height\":190,\"caption\":\"borne retractable 1\"},{\"@type\":\"BreadcrumbList\",\"@id\":\"https:\/\/www.sp-equipements.com\/site\/produit\/borne-retractable\/#breadcrumb\",\"itemListElement\":[{\"@type\":\"ListItem\",\"position\":1,\"name\":\"Accueil\",\"item\":\"https:\/\/www.sp-equipements.com\/site\/\"},{\"@type\":\"ListItem\",\"position\":2,\"name\":\"Catalogue\",\"item\":\"https:\/\/www.sp-equipements.com\/site\/catalogue\/\"},{\"@type\":\"ListItem\",\"position\":3,\"name\":\"Borne Retractable\"}]},{\"@type\":\"WebSite\",\"@id\":\"https:\/\/www.sp-equipements.com\/site\/#website\",\"url\":\"https:\/\/www.sp-equipements.com\/site\/\",\"name\":\"SP \u00c9quipements\",\"description\":\"\u00c9quipements de collectivit\u00e9s\",\"potentialAction\":[{\"@type\":\"SearchAction\",\"target\":{\"@type\":\"EntryPoint\",\"urlTemplate\":\"https:\/\/www.sp-equipements.com\/site\/?s={search_term_string}\"},\"query-input\":\"required name=search_term_string\"}],\"inLanguage\":\"fr-FR\"}]}<\/script>\n<!-- \/ Yoast SEO plugin. -->","yoast_head_json":{"title":"Borne Retractable - SP \u00c9quipements","robots":{"index":"index","follow":"follow","max-snippet":"max-snippet:-1","max-image-preview":"max-image-preview:large","max-video-preview":"max-video-preview:-1"},"canonical":"https:\/\/www.sp-equipements.com\/site\/produit\/borne-retractable\/","og_locale":"fr_FR","og_type":"article","og_title":"Borne Retractable - SP \u00c9quipements","og_description":"Trois lignes de bornes en deux hauteurs pour une lib\u00e9ration fr\u00e9quente et rapide de l\u2019espace prot\u00e9g\u00e9.  Ensembles monoblocs jusqu\u2019\u00e0 37 kg de fonte de 12 \u00e0 15 mm d\u2019\u00e9paisseur, int\u00e9gr\u00e9s dans un caisson de 150 kg. R\u00e9sistance aux chocs jusqu\u2019\u00e0 6 000 joules, selon l\u2019\u00e9paisseur de la fonte. Livr\u00e9es avec des prescriptions de pose et d\u2019entretien qui, pour garantir le bon fonctionnement et la dur\u00e9e, doivent \u00eatre scrupuleusement respect\u00e9es. Pouss\u00e9e minimale : 45 kg. Peint sur zinc selon nos RAL.","og_url":"https:\/\/www.sp-equipements.com\/site\/produit\/borne-retractable\/","og_site_name":"SP \u00c9quipements","article_modified_time":"2019-06-19T13:31:02+00:00","og_image":[{"width":190,"height":190,"url":"https:\/\/www.sp-equipements.com\/site\/wp-content\/uploads\/2019\/06\/borne_retractable-1.jpg","type":"image\/jpeg"}],"twitter_card":"summary_large_image","schema":{"@context":"https:\/\/schema.org","@graph":[{"@type":"WebPage","@id":"https:\/\/www.sp-equipements.com\/site\/produit\/borne-retractable\/","url":"https:\/\/www.sp-equipements.com\/site\/produit\/borne-retractable\/","name":"Borne Retractable - SP \u00c9quipements","isPartOf":{"@id":"https:\/\/www.sp-equipements.com\/site\/#website"},"primaryImageOfPage":{"@id":"https:\/\/www.sp-equipements.com\/site\/produit\/borne-retractable\/#primaryimage"},"image":{"@id":"https:\/\/www.sp-equipements.com\/site\/produit\/borne-retractable\/#primaryimage"},"thumbnailUrl":"https:\/\/www.sp-equipements.com\/site\/wp-content\/uploads\/2019\/06\/borne_retractable-1.jpg","datePublished":"2019-06-07T08:13:20+00:00","dateModified":"2019-06-19T13:31:02+00:00","breadcrumb":{"@id":"https:\/\/www.sp-equipements.com\/site\/produit\/borne-retractable\/#breadcrumb"},"inLanguage":"fr-FR","potentialAction":[{"@type":"ReadAction","target":["https:\/\/www.sp-equipements.com\/site\/produit\/borne-retractable\/"]}]},{"@type":"ImageObject","inLanguage":"fr-FR","@id":"https:\/\/www.sp-equipements.com\/site\/produit\/borne-retractable\/#primaryimage","url":"https:\/\/www.sp-equipements.com\/site\/wp-content\/uploads\/2019\/06\/borne_retractable-1.jpg","contentUrl":"https:\/\/www.sp-equipements.com\/site\/wp-content\/uploads\/2019\/06\/borne_retractable-1.jpg","width":190,"height":190,"caption":"borne retractable 1"},{"@type":"BreadcrumbList","@id":"https:\/\/www.sp-equipements.com\/site\/produit\/borne-retractable\/#breadcrumb","itemListElement":[{"@type":"ListItem","position":1,"name":"Accueil","item":"https:\/\/www.sp-equipements.com\/site\/"},{"@type":"ListItem","position":2,"name":"Catalogue","item":"https:\/\/www.sp-equipements.com\/site\/catalogue\/"},{"@type":"ListItem","position":3,"name":"Borne Retractable"}]},{"@type":"WebSite","@id":"https:\/\/www.sp-equipements.com\/site\/#website","url":"https:\/\/www.sp-equipements.com\/site\/","name":"SP \u00c9quipements","description":"\u00c9quipements de collectivit\u00e9s","potentialAction":[{"@type":"SearchAction","target":{"@type":"EntryPoint","urlTemplate":"https:\/\/www.sp-equipements.com\/site\/?s={search_term_string}"},"query-input":"required name=search_term_string"}],"inLanguage":"fr-FR"}]}},"_links":{"self":[{"href":"https:\/\/www.sp-equipements.com\/site\/wp-json\/wp\/v2\/product\/21688"}],"collection":[{"href":"https:\/\/www.sp-equipements.com\/site\/wp-json\/wp\/v2\/product"}],"about":[{"href":"https:\/\/www.sp-equipements.com\/site\/wp-json\/wp\/v2\/types\/product"}],"replies":[{"embeddable":true,"href":"https:\/\/www.sp-equipements.com\/site\/wp-json\/wp\/v2\/comments?post=21688"}],"wp:featuredmedia":[{"embeddable":true,"href":"https:\/\/www.sp-equipements.com\/site\/wp-json\/wp\/v2\/media\/37624"}],"wp:attachment":[{"href":"https:\/\/www.sp-equipements.com\/site\/wp-json\/wp\/v2\/media?parent=21688"}],"wp:term":[{"taxonomy":"product_cat","embeddable":true,"href":"https:\/\/www.sp-equipements.com\/site\/wp-json\/wp\/v2\/product_cat?post=21688"},{"taxonomy":"product_tag","embeddable":true,"href":"https:\/\/www.sp-equipements.com\/site\/wp-json\/wp\/v2\/product_tag?post=21688"}],"curies":[{"name":"wp","href":"https:\/\/api.w.org\/{rel}","templated":true}]}}