{"id":21702,"date":"2019-06-07T10:13:29","date_gmt":"2019-06-07T08:13:29","guid":{"rendered":"http:\/\/www.polyequipements.com\/produit\/abri-cycle-initial\/"},"modified":"2019-06-19T15:31:06","modified_gmt":"2019-06-19T13:31:06","slug":"abri-cycle-initial","status":"publish","type":"product","link":"https:\/\/www.sp-equipements.com\/site\/produit\/abri-cycle-initial\/","title":{"rendered":"Abri CYCLE Initial"},"content":{"rendered":"","protected":false},"excerpt":{"rendered":"<p><b>Structure<\/b><br \/>\nProfil\u00e9s tubulaires en aluminium anodis\u00e9 \u00d8 50 \u00e0 assembler avec des raccords en fonte d\u2019aluminium bloqu\u00e9s par vis en inox.<\/p>\n<p><b>Toiture et bardages<\/b><br \/>\nPanneaux en polycarbonate alv\u00e9olaire. Les bardages lat\u00e9raux et de fond sont en option.<\/p>\n<p><b>Extension<\/b><br \/>\nPossibilit\u00e9 de raccorder \u00e0 l\u2019abri aluminium initial des multiples de 5 places.<br \/>\nFixation par scellement direct.<br \/>\nRange-v\u00e9los en option<\/p>\n","protected":false},"featured_media":37638,"comment_status":"open","ping_status":"closed","template":"","meta":[],"product_cat":[172,100],"product_tag":[],"yoast_head":"<!-- This site is optimized with the Yoast SEO plugin v22.2 - https:\/\/yoast.com\/wordpress\/plugins\/seo\/ -->\n<title>Abri CYCLE Initial - SP \u00c9quipements<\/title>\n<meta name=\"robots\" content=\"index, follow, max-snippet:-1, max-image-preview:large, max-video-preview:-1\" \/>\n<link rel=\"canonical\" href=\"https:\/\/www.sp-equipements.com\/site\/produit\/abri-cycle-initial\/\" \/>\n<meta property=\"og:locale\" content=\"fr_FR\" \/>\n<meta property=\"og:type\" content=\"article\" \/>\n<meta property=\"og:title\" content=\"Abri CYCLE Initial - SP \u00c9quipements\" \/>\n<meta property=\"og:description\" content=\"Structure Profil\u00e9s tubulaires en aluminium anodis\u00e9 \u00d8 50 \u00e0 assembler avec des raccords en fonte d\u2019aluminium bloqu\u00e9s par vis en inox.  Toiture et bardages Panneaux en polycarbonate alv\u00e9olaire. Les bardages lat\u00e9raux et de fond sont en option.  Extension Possibilit\u00e9 de raccorder \u00e0 l\u2019abri aluminium initial des multiples de 5 places. Fixation par scellement direct. Range-v\u00e9los en option\" \/>\n<meta property=\"og:url\" content=\"https:\/\/www.sp-equipements.com\/site\/produit\/abri-cycle-initial\/\" \/>\n<meta property=\"og:site_name\" content=\"SP \u00c9quipements\" \/>\n<meta property=\"article:modified_time\" content=\"2019-06-19T13:31:06+00:00\" \/>\n<meta property=\"og:image\" content=\"https:\/\/www.sp-equipements.com\/site\/wp-content\/uploads\/2019\/06\/abri_cycle-1.jpg\" \/>\n\t<meta property=\"og:image:width\" content=\"190\" \/>\n\t<meta property=\"og:image:height\" content=\"190\" \/>\n\t<meta property=\"og:image:type\" content=\"image\/jpeg\" \/>\n<meta name=\"twitter:card\" content=\"summary_large_image\" \/>\n<script type=\"application\/ld+json\" class=\"yoast-schema-graph\">{\"@context\":\"https:\/\/schema.org\",\"@graph\":[{\"@type\":\"WebPage\",\"@id\":\"https:\/\/www.sp-equipements.com\/site\/produit\/abri-cycle-initial\/\",\"url\":\"https:\/\/www.sp-equipements.com\/site\/produit\/abri-cycle-initial\/\",\"name\":\"Abri CYCLE Initial - SP \u00c9quipements\",\"isPartOf\":{\"@id\":\"https:\/\/www.sp-equipements.com\/site\/#website\"},\"primaryImageOfPage\":{\"@id\":\"https:\/\/www.sp-equipements.com\/site\/produit\/abri-cycle-initial\/#primaryimage\"},\"image\":{\"@id\":\"https:\/\/www.sp-equipements.com\/site\/produit\/abri-cycle-initial\/#primaryimage\"},\"thumbnailUrl\":\"https:\/\/www.sp-equipements.com\/site\/wp-content\/uploads\/2019\/06\/abri_cycle-1.jpg\",\"datePublished\":\"2019-06-07T08:13:29+00:00\",\"dateModified\":\"2019-06-19T13:31:06+00:00\",\"breadcrumb\":{\"@id\":\"https:\/\/www.sp-equipements.com\/site\/produit\/abri-cycle-initial\/#breadcrumb\"},\"inLanguage\":\"fr-FR\",\"potentialAction\":[{\"@type\":\"ReadAction\",\"target\":[\"https:\/\/www.sp-equipements.com\/site\/produit\/abri-cycle-initial\/\"]}]},{\"@type\":\"ImageObject\",\"inLanguage\":\"fr-FR\",\"@id\":\"https:\/\/www.sp-equipements.com\/site\/produit\/abri-cycle-initial\/#primaryimage\",\"url\":\"https:\/\/www.sp-equipements.com\/site\/wp-content\/uploads\/2019\/06\/abri_cycle-1.jpg\",\"contentUrl\":\"https:\/\/www.sp-equipements.com\/site\/wp-content\/uploads\/2019\/06\/abri_cycle-1.jpg\",\"width\":190,\"height\":190,\"caption\":\"abri cycle 1\"},{\"@type\":\"BreadcrumbList\",\"@id\":\"https:\/\/www.sp-equipements.com\/site\/produit\/abri-cycle-initial\/#breadcrumb\",\"itemListElement\":[{\"@type\":\"ListItem\",\"position\":1,\"name\":\"Accueil\",\"item\":\"https:\/\/www.sp-equipements.com\/site\/\"},{\"@type\":\"ListItem\",\"position\":2,\"name\":\"Catalogue\",\"item\":\"https:\/\/www.sp-equipements.com\/site\/catalogue\/\"},{\"@type\":\"ListItem\",\"position\":3,\"name\":\"Abri CYCLE Initial\"}]},{\"@type\":\"WebSite\",\"@id\":\"https:\/\/www.sp-equipements.com\/site\/#website\",\"url\":\"https:\/\/www.sp-equipements.com\/site\/\",\"name\":\"SP \u00c9quipements\",\"description\":\"\u00c9quipements de collectivit\u00e9s\",\"potentialAction\":[{\"@type\":\"SearchAction\",\"target\":{\"@type\":\"EntryPoint\",\"urlTemplate\":\"https:\/\/www.sp-equipements.com\/site\/?s={search_term_string}\"},\"query-input\":\"required name=search_term_string\"}],\"inLanguage\":\"fr-FR\"}]}<\/script>\n<!-- \/ Yoast SEO plugin. -->","yoast_head_json":{"title":"Abri CYCLE Initial - SP \u00c9quipements","robots":{"index":"index","follow":"follow","max-snippet":"max-snippet:-1","max-image-preview":"max-image-preview:large","max-video-preview":"max-video-preview:-1"},"canonical":"https:\/\/www.sp-equipements.com\/site\/produit\/abri-cycle-initial\/","og_locale":"fr_FR","og_type":"article","og_title":"Abri CYCLE Initial - SP \u00c9quipements","og_description":"Structure Profil\u00e9s tubulaires en aluminium anodis\u00e9 \u00d8 50 \u00e0 assembler avec des raccords en fonte d\u2019aluminium bloqu\u00e9s par vis en inox.  Toiture et bardages Panneaux en polycarbonate alv\u00e9olaire. Les bardages lat\u00e9raux et de fond sont en option.  Extension Possibilit\u00e9 de raccorder \u00e0 l\u2019abri aluminium initial des multiples de 5 places. Fixation par scellement direct. Range-v\u00e9los en option","og_url":"https:\/\/www.sp-equipements.com\/site\/produit\/abri-cycle-initial\/","og_site_name":"SP \u00c9quipements","article_modified_time":"2019-06-19T13:31:06+00:00","og_image":[{"width":190,"height":190,"url":"https:\/\/www.sp-equipements.com\/site\/wp-content\/uploads\/2019\/06\/abri_cycle-1.jpg","type":"image\/jpeg"}],"twitter_card":"summary_large_image","schema":{"@context":"https:\/\/schema.org","@graph":[{"@type":"WebPage","@id":"https:\/\/www.sp-equipements.com\/site\/produit\/abri-cycle-initial\/","url":"https:\/\/www.sp-equipements.com\/site\/produit\/abri-cycle-initial\/","name":"Abri CYCLE Initial - SP \u00c9quipements","isPartOf":{"@id":"https:\/\/www.sp-equipements.com\/site\/#website"},"primaryImageOfPage":{"@id":"https:\/\/www.sp-equipements.com\/site\/produit\/abri-cycle-initial\/#primaryimage"},"image":{"@id":"https:\/\/www.sp-equipements.com\/site\/produit\/abri-cycle-initial\/#primaryimage"},"thumbnailUrl":"https:\/\/www.sp-equipements.com\/site\/wp-content\/uploads\/2019\/06\/abri_cycle-1.jpg","datePublished":"2019-06-07T08:13:29+00:00","dateModified":"2019-06-19T13:31:06+00:00","breadcrumb":{"@id":"https:\/\/www.sp-equipements.com\/site\/produit\/abri-cycle-initial\/#breadcrumb"},"inLanguage":"fr-FR","potentialAction":[{"@type":"ReadAction","target":["https:\/\/www.sp-equipements.com\/site\/produit\/abri-cycle-initial\/"]}]},{"@type":"ImageObject","inLanguage":"fr-FR","@id":"https:\/\/www.sp-equipements.com\/site\/produit\/abri-cycle-initial\/#primaryimage","url":"https:\/\/www.sp-equipements.com\/site\/wp-content\/uploads\/2019\/06\/abri_cycle-1.jpg","contentUrl":"https:\/\/www.sp-equipements.com\/site\/wp-content\/uploads\/2019\/06\/abri_cycle-1.jpg","width":190,"height":190,"caption":"abri cycle 1"},{"@type":"BreadcrumbList","@id":"https:\/\/www.sp-equipements.com\/site\/produit\/abri-cycle-initial\/#breadcrumb","itemListElement":[{"@type":"ListItem","position":1,"name":"Accueil","item":"https:\/\/www.sp-equipements.com\/site\/"},{"@type":"ListItem","position":2,"name":"Catalogue","item":"https:\/\/www.sp-equipements.com\/site\/catalogue\/"},{"@type":"ListItem","position":3,"name":"Abri CYCLE Initial"}]},{"@type":"WebSite","@id":"https:\/\/www.sp-equipements.com\/site\/#website","url":"https:\/\/www.sp-equipements.com\/site\/","name":"SP \u00c9quipements","description":"\u00c9quipements de collectivit\u00e9s","potentialAction":[{"@type":"SearchAction","target":{"@type":"EntryPoint","urlTemplate":"https:\/\/www.sp-equipements.com\/site\/?s={search_term_string}"},"query-input":"required name=search_term_string"}],"inLanguage":"fr-FR"}]}},"_links":{"self":[{"href":"https:\/\/www.sp-equipements.com\/site\/wp-json\/wp\/v2\/product\/21702"}],"collection":[{"href":"https:\/\/www.sp-equipements.com\/site\/wp-json\/wp\/v2\/product"}],"about":[{"href":"https:\/\/www.sp-equipements.com\/site\/wp-json\/wp\/v2\/types\/product"}],"replies":[{"embeddable":true,"href":"https:\/\/www.sp-equipements.com\/site\/wp-json\/wp\/v2\/comments?post=21702"}],"wp:featuredmedia":[{"embeddable":true,"href":"https:\/\/www.sp-equipements.com\/site\/wp-json\/wp\/v2\/media\/37638"}],"wp:attachment":[{"href":"https:\/\/www.sp-equipements.com\/site\/wp-json\/wp\/v2\/media?parent=21702"}],"wp:term":[{"taxonomy":"product_cat","embeddable":true,"href":"https:\/\/www.sp-equipements.com\/site\/wp-json\/wp\/v2\/product_cat?post=21702"},{"taxonomy":"product_tag","embeddable":true,"href":"https:\/\/www.sp-equipements.com\/site\/wp-json\/wp\/v2\/product_tag?post=21702"}],"curies":[{"name":"wp","href":"https:\/\/api.w.org\/{rel}","templated":true}]}}