{"id":21704,"date":"2019-06-07T10:13:30","date_gmt":"2019-06-07T08:13:30","guid":{"rendered":"http:\/\/www.polyequipements.com\/produit\/abri-cycle-alu-deco-range-velos-6-places-inclus\/"},"modified":"2019-06-19T15:31:09","modified_gmt":"2019-06-19T13:31:09","slug":"abri-cycle-alu-deco-range-velos-6-places-inclus","status":"publish","type":"product","link":"https:\/\/www.sp-equipements.com\/site\/produit\/abri-cycle-alu-deco-range-velos-6-places-inclus\/","title":{"rendered":"Abri Cycle alu DECO <i>Range-v\u00e9los 6 places inclus<\/i>"},"content":{"rendered":"","protected":false},"excerpt":{"rendered":"<p><b>Structure<\/b><br \/>\nPoteaux en tube aluminium de \u00d8 76. Hors sol entre 2725 et 2850 selon pommeau, City, Agora, Boule ou Europe.<br \/>\nColliers et embases en fonte d\u2019aluminium.<br \/>\nVisserie inox fournie.<br \/>\nEmbase 1 pour t\u00eate Europe ou Boule, Embase 2 pour t\u00eate Agora ou City<\/p>\n<p><b>Toiture<\/b><br \/>\nCadre compos\u00e9 de deux traverses en tube aluminium 40 x 60 fix\u00e9es par colliers sur poteaux et de deux goutti\u00e8res en profil\u00e9 aluminium.<br \/>\nArceaux en profil\u00e9 aluminium ceintr\u00e9.<br \/>\nVo\u00fbte en polycarbonate alv\u00e9olaire translucide n10 mm, trait\u00e9 anti-UV. Ins\u00e9r\u00e9e dans les deux goutti\u00e8res et entre les arceaux.<\/p>\n<p><b>Bardages lat\u00e9raux, bardage de fond et leurs colliers de serrage en option.<\/b><br \/>\nCadre r\u00e9alis\u00e9 en profil\u00e9 aluminium, vitrage en polycarbonate alv\u00e9olaire translucide 10 mm, trait\u00e9 anti-UV.<br \/>\nBardage lat\u00e9ral livr\u00e9 par paire, \u00e0 fixer sur poteaux par colliers.<br \/>\nBardage de fond en 2 \u00e9l\u00e9ments avec poteau interm\u00e9diaire, \u00e0 fixer sur poteaux par colliers.<\/p>\n<p><b>Support cycles 6 places<\/b><br \/>\nCompris dans la r\u00e9f\u00e9rence de l\u2019abri et ses extensions.<br \/>\nR\u00e9alis\u00e9 en acier galvanis\u00e9 peint selon nos RAL.<\/p>\n<p><b>Finition<\/b><br \/>\nPeint une couleur sur appr\u00eat selon nos RAL.<br \/>\nEn option, pommeaux, colliers et embases, couleur diff\u00e9rente.<\/p>\n<p><b>Montage<\/b><br \/>\nMat\u00e9riel livr\u00e9 avec liste de colisage, notice de montage et plan de scellement.<br \/>\nScellement direct.<\/p>\n<p><b>Extension<\/b><br \/>\nPossibilit\u00e9 de raccorder \u00e0 l\u2019abri aluminium d\u00e9co initial des multiples de 6 places (une extension a posteriori n\u2019est pas possible).<br \/>\nRajouter si n\u00e9cessaire dans votre \u00e9tude le prix des bardages de fond, des bardages lat\u00e9raux et des colliers de fixation de ces bardages.<\/p>\n","protected":false},"featured_media":37640,"comment_status":"open","ping_status":"closed","template":"","meta":[],"product_cat":[172,100],"product_tag":[],"yoast_head":"<!-- This site is optimized with the Yoast SEO plugin v22.2 - https:\/\/yoast.com\/wordpress\/plugins\/seo\/ -->\n<title>Abri Cycle alu DECO Range-v\u00e9los 6 places inclus - SP \u00c9quipements<\/title>\n<meta name=\"robots\" content=\"index, follow, max-snippet:-1, max-image-preview:large, max-video-preview:-1\" \/>\n<link rel=\"canonical\" href=\"https:\/\/www.sp-equipements.com\/site\/produit\/abri-cycle-alu-deco-range-velos-6-places-inclus\/\" \/>\n<meta property=\"og:locale\" content=\"fr_FR\" \/>\n<meta property=\"og:type\" content=\"article\" \/>\n<meta property=\"og:title\" content=\"Abri Cycle alu DECO Range-v\u00e9los 6 places inclus - SP \u00c9quipements\" \/>\n<meta property=\"og:description\" content=\"Structure Poteaux en tube aluminium de \u00d8 76. Hors sol entre 2725 et 2850 selon pommeau, City, Agora, Boule ou Europe. Colliers et embases en fonte d\u2019aluminium. Visserie inox fournie. Embase 1 pour t\u00eate Europe ou Boule, Embase 2 pour t\u00eate Agora ou City  Toiture Cadre compos\u00e9 de deux traverses en tube aluminium 40 x 60 fix\u00e9es par colliers sur poteaux et de deux goutti\u00e8res en profil\u00e9 aluminium. Arceaux en profil\u00e9 aluminium ceintr\u00e9. Vo\u00fbte en polycarbonate alv\u00e9olaire translucide n10 mm, trait\u00e9 anti-UV. Ins\u00e9r\u00e9e dans les deux goutti\u00e8res et entre les arceaux.  Bardages lat\u00e9raux, bardage de fond et leurs colliers de serrage en option. Cadre r\u00e9alis\u00e9 en profil\u00e9 aluminium, vitrage en polycarbonate alv\u00e9olaire translucide 10 mm, trait\u00e9 anti-UV. Bardage lat\u00e9ral livr\u00e9 par paire, \u00e0 fixer sur poteaux par colliers. Bardage de fond en 2 \u00e9l\u00e9ments avec poteau interm\u00e9diaire, \u00e0 fixer sur poteaux par colliers.  Support cycles 6 places Compris dans la r\u00e9f\u00e9rence de l\u2019abri et ses extensions. R\u00e9alis\u00e9 en acier galvanis\u00e9 peint selon nos RAL.  Finition Peint une couleur sur appr\u00eat selon nos RAL. En option, pommeaux, colliers et embases, couleur diff\u00e9rente.  Montage Mat\u00e9riel livr\u00e9 avec liste de colisage, notice de montage et plan de scellement. Scellement direct.  Extension Possibilit\u00e9 de raccorder \u00e0 l\u2019abri aluminium d\u00e9co initial des multiples de 6 places (une extension a posteriori n\u2019est pas possible). Rajouter si n\u00e9cessaire dans votre \u00e9tude le prix des bardages de fond, des bardages lat\u00e9raux et des colliers de fixation de ces bardages.\" \/>\n<meta property=\"og:url\" content=\"https:\/\/www.sp-equipements.com\/site\/produit\/abri-cycle-alu-deco-range-velos-6-places-inclus\/\" \/>\n<meta property=\"og:site_name\" content=\"SP \u00c9quipements\" \/>\n<meta property=\"article:modified_time\" content=\"2019-06-19T13:31:09+00:00\" \/>\n<meta property=\"og:image\" content=\"https:\/\/www.sp-equipements.com\/site\/wp-content\/uploads\/2019\/06\/abri_cycle_alu_deco-1.jpg\" \/>\n\t<meta property=\"og:image:width\" content=\"190\" \/>\n\t<meta property=\"og:image:height\" content=\"190\" \/>\n\t<meta property=\"og:image:type\" content=\"image\/jpeg\" \/>\n<meta name=\"twitter:card\" content=\"summary_large_image\" \/>\n<script type=\"application\/ld+json\" class=\"yoast-schema-graph\">{\"@context\":\"https:\/\/schema.org\",\"@graph\":[{\"@type\":\"WebPage\",\"@id\":\"https:\/\/www.sp-equipements.com\/site\/produit\/abri-cycle-alu-deco-range-velos-6-places-inclus\/\",\"url\":\"https:\/\/www.sp-equipements.com\/site\/produit\/abri-cycle-alu-deco-range-velos-6-places-inclus\/\",\"name\":\"Abri Cycle alu DECO Range-v\u00e9los 6 places inclus - SP \u00c9quipements\",\"isPartOf\":{\"@id\":\"https:\/\/www.sp-equipements.com\/site\/#website\"},\"primaryImageOfPage\":{\"@id\":\"https:\/\/www.sp-equipements.com\/site\/produit\/abri-cycle-alu-deco-range-velos-6-places-inclus\/#primaryimage\"},\"image\":{\"@id\":\"https:\/\/www.sp-equipements.com\/site\/produit\/abri-cycle-alu-deco-range-velos-6-places-inclus\/#primaryimage\"},\"thumbnailUrl\":\"https:\/\/www.sp-equipements.com\/site\/wp-content\/uploads\/2019\/06\/abri_cycle_alu_deco-1.jpg\",\"datePublished\":\"2019-06-07T08:13:30+00:00\",\"dateModified\":\"2019-06-19T13:31:09+00:00\",\"breadcrumb\":{\"@id\":\"https:\/\/www.sp-equipements.com\/site\/produit\/abri-cycle-alu-deco-range-velos-6-places-inclus\/#breadcrumb\"},\"inLanguage\":\"fr-FR\",\"potentialAction\":[{\"@type\":\"ReadAction\",\"target\":[\"https:\/\/www.sp-equipements.com\/site\/produit\/abri-cycle-alu-deco-range-velos-6-places-inclus\/\"]}]},{\"@type\":\"ImageObject\",\"inLanguage\":\"fr-FR\",\"@id\":\"https:\/\/www.sp-equipements.com\/site\/produit\/abri-cycle-alu-deco-range-velos-6-places-inclus\/#primaryimage\",\"url\":\"https:\/\/www.sp-equipements.com\/site\/wp-content\/uploads\/2019\/06\/abri_cycle_alu_deco-1.jpg\",\"contentUrl\":\"https:\/\/www.sp-equipements.com\/site\/wp-content\/uploads\/2019\/06\/abri_cycle_alu_deco-1.jpg\",\"width\":190,\"height\":190,\"caption\":\"abri cycle alu deco 1\"},{\"@type\":\"BreadcrumbList\",\"@id\":\"https:\/\/www.sp-equipements.com\/site\/produit\/abri-cycle-alu-deco-range-velos-6-places-inclus\/#breadcrumb\",\"itemListElement\":[{\"@type\":\"ListItem\",\"position\":1,\"name\":\"Accueil\",\"item\":\"https:\/\/www.sp-equipements.com\/site\/\"},{\"@type\":\"ListItem\",\"position\":2,\"name\":\"Catalogue\",\"item\":\"https:\/\/www.sp-equipements.com\/site\/catalogue\/\"},{\"@type\":\"ListItem\",\"position\":3,\"name\":\"Abri Cycle alu DECO Range-v\u00e9los 6 places inclus\"}]},{\"@type\":\"WebSite\",\"@id\":\"https:\/\/www.sp-equipements.com\/site\/#website\",\"url\":\"https:\/\/www.sp-equipements.com\/site\/\",\"name\":\"SP \u00c9quipements\",\"description\":\"\u00c9quipements de collectivit\u00e9s\",\"potentialAction\":[{\"@type\":\"SearchAction\",\"target\":{\"@type\":\"EntryPoint\",\"urlTemplate\":\"https:\/\/www.sp-equipements.com\/site\/?s={search_term_string}\"},\"query-input\":\"required name=search_term_string\"}],\"inLanguage\":\"fr-FR\"}]}<\/script>\n<!-- \/ Yoast SEO plugin. -->","yoast_head_json":{"title":"Abri Cycle alu DECO Range-v\u00e9los 6 places inclus - SP \u00c9quipements","robots":{"index":"index","follow":"follow","max-snippet":"max-snippet:-1","max-image-preview":"max-image-preview:large","max-video-preview":"max-video-preview:-1"},"canonical":"https:\/\/www.sp-equipements.com\/site\/produit\/abri-cycle-alu-deco-range-velos-6-places-inclus\/","og_locale":"fr_FR","og_type":"article","og_title":"Abri Cycle alu DECO Range-v\u00e9los 6 places inclus - SP \u00c9quipements","og_description":"Structure Poteaux en tube aluminium de \u00d8 76. Hors sol entre 2725 et 2850 selon pommeau, City, Agora, Boule ou Europe. Colliers et embases en fonte d\u2019aluminium. Visserie inox fournie. Embase 1 pour t\u00eate Europe ou Boule, Embase 2 pour t\u00eate Agora ou City  Toiture Cadre compos\u00e9 de deux traverses en tube aluminium 40 x 60 fix\u00e9es par colliers sur poteaux et de deux goutti\u00e8res en profil\u00e9 aluminium. Arceaux en profil\u00e9 aluminium ceintr\u00e9. Vo\u00fbte en polycarbonate alv\u00e9olaire translucide n10 mm, trait\u00e9 anti-UV. Ins\u00e9r\u00e9e dans les deux goutti\u00e8res et entre les arceaux.  Bardages lat\u00e9raux, bardage de fond et leurs colliers de serrage en option. Cadre r\u00e9alis\u00e9 en profil\u00e9 aluminium, vitrage en polycarbonate alv\u00e9olaire translucide 10 mm, trait\u00e9 anti-UV. Bardage lat\u00e9ral livr\u00e9 par paire, \u00e0 fixer sur poteaux par colliers. Bardage de fond en 2 \u00e9l\u00e9ments avec poteau interm\u00e9diaire, \u00e0 fixer sur poteaux par colliers.  Support cycles 6 places Compris dans la r\u00e9f\u00e9rence de l\u2019abri et ses extensions. R\u00e9alis\u00e9 en acier galvanis\u00e9 peint selon nos RAL.  Finition Peint une couleur sur appr\u00eat selon nos RAL. En option, pommeaux, colliers et embases, couleur diff\u00e9rente.  Montage Mat\u00e9riel livr\u00e9 avec liste de colisage, notice de montage et plan de scellement. Scellement direct.  Extension Possibilit\u00e9 de raccorder \u00e0 l\u2019abri aluminium d\u00e9co initial des multiples de 6 places (une extension a posteriori n\u2019est pas possible). Rajouter si n\u00e9cessaire dans votre \u00e9tude le prix des bardages de fond, des bardages lat\u00e9raux et des colliers de fixation de ces bardages.","og_url":"https:\/\/www.sp-equipements.com\/site\/produit\/abri-cycle-alu-deco-range-velos-6-places-inclus\/","og_site_name":"SP \u00c9quipements","article_modified_time":"2019-06-19T13:31:09+00:00","og_image":[{"width":190,"height":190,"url":"https:\/\/www.sp-equipements.com\/site\/wp-content\/uploads\/2019\/06\/abri_cycle_alu_deco-1.jpg","type":"image\/jpeg"}],"twitter_card":"summary_large_image","schema":{"@context":"https:\/\/schema.org","@graph":[{"@type":"WebPage","@id":"https:\/\/www.sp-equipements.com\/site\/produit\/abri-cycle-alu-deco-range-velos-6-places-inclus\/","url":"https:\/\/www.sp-equipements.com\/site\/produit\/abri-cycle-alu-deco-range-velos-6-places-inclus\/","name":"Abri Cycle alu DECO Range-v\u00e9los 6 places inclus - SP \u00c9quipements","isPartOf":{"@id":"https:\/\/www.sp-equipements.com\/site\/#website"},"primaryImageOfPage":{"@id":"https:\/\/www.sp-equipements.com\/site\/produit\/abri-cycle-alu-deco-range-velos-6-places-inclus\/#primaryimage"},"image":{"@id":"https:\/\/www.sp-equipements.com\/site\/produit\/abri-cycle-alu-deco-range-velos-6-places-inclus\/#primaryimage"},"thumbnailUrl":"https:\/\/www.sp-equipements.com\/site\/wp-content\/uploads\/2019\/06\/abri_cycle_alu_deco-1.jpg","datePublished":"2019-06-07T08:13:30+00:00","dateModified":"2019-06-19T13:31:09+00:00","breadcrumb":{"@id":"https:\/\/www.sp-equipements.com\/site\/produit\/abri-cycle-alu-deco-range-velos-6-places-inclus\/#breadcrumb"},"inLanguage":"fr-FR","potentialAction":[{"@type":"ReadAction","target":["https:\/\/www.sp-equipements.com\/site\/produit\/abri-cycle-alu-deco-range-velos-6-places-inclus\/"]}]},{"@type":"ImageObject","inLanguage":"fr-FR","@id":"https:\/\/www.sp-equipements.com\/site\/produit\/abri-cycle-alu-deco-range-velos-6-places-inclus\/#primaryimage","url":"https:\/\/www.sp-equipements.com\/site\/wp-content\/uploads\/2019\/06\/abri_cycle_alu_deco-1.jpg","contentUrl":"https:\/\/www.sp-equipements.com\/site\/wp-content\/uploads\/2019\/06\/abri_cycle_alu_deco-1.jpg","width":190,"height":190,"caption":"abri cycle alu deco 1"},{"@type":"BreadcrumbList","@id":"https:\/\/www.sp-equipements.com\/site\/produit\/abri-cycle-alu-deco-range-velos-6-places-inclus\/#breadcrumb","itemListElement":[{"@type":"ListItem","position":1,"name":"Accueil","item":"https:\/\/www.sp-equipements.com\/site\/"},{"@type":"ListItem","position":2,"name":"Catalogue","item":"https:\/\/www.sp-equipements.com\/site\/catalogue\/"},{"@type":"ListItem","position":3,"name":"Abri Cycle alu DECO Range-v\u00e9los 6 places inclus"}]},{"@type":"WebSite","@id":"https:\/\/www.sp-equipements.com\/site\/#website","url":"https:\/\/www.sp-equipements.com\/site\/","name":"SP \u00c9quipements","description":"\u00c9quipements de collectivit\u00e9s","potentialAction":[{"@type":"SearchAction","target":{"@type":"EntryPoint","urlTemplate":"https:\/\/www.sp-equipements.com\/site\/?s={search_term_string}"},"query-input":"required name=search_term_string"}],"inLanguage":"fr-FR"}]}},"_links":{"self":[{"href":"https:\/\/www.sp-equipements.com\/site\/wp-json\/wp\/v2\/product\/21704"}],"collection":[{"href":"https:\/\/www.sp-equipements.com\/site\/wp-json\/wp\/v2\/product"}],"about":[{"href":"https:\/\/www.sp-equipements.com\/site\/wp-json\/wp\/v2\/types\/product"}],"replies":[{"embeddable":true,"href":"https:\/\/www.sp-equipements.com\/site\/wp-json\/wp\/v2\/comments?post=21704"}],"wp:featuredmedia":[{"embeddable":true,"href":"https:\/\/www.sp-equipements.com\/site\/wp-json\/wp\/v2\/media\/37640"}],"wp:attachment":[{"href":"https:\/\/www.sp-equipements.com\/site\/wp-json\/wp\/v2\/media?parent=21704"}],"wp:term":[{"taxonomy":"product_cat","embeddable":true,"href":"https:\/\/www.sp-equipements.com\/site\/wp-json\/wp\/v2\/product_cat?post=21704"},{"taxonomy":"product_tag","embeddable":true,"href":"https:\/\/www.sp-equipements.com\/site\/wp-json\/wp\/v2\/product_tag?post=21704"}],"curies":[{"name":"wp","href":"https:\/\/api.w.org\/{rel}","templated":true}]}}