{"id":21710,"date":"2019-06-07T10:13:33","date_gmt":"2019-06-07T08:13:33","guid":{"rendered":"http:\/\/www.polyequipements.com\/produit\/abri-demi-lune-range-velos-6-places-inclus-complement\/"},"modified":"2019-06-19T15:31:10","modified_gmt":"2019-06-19T13:31:10","slug":"abri-demi-lune-range-velos-6-places-inclus-complement","status":"publish","type":"product","link":"https:\/\/www.sp-equipements.com\/site\/produit\/abri-demi-lune-range-velos-6-places-inclus-complement\/","title":{"rendered":"Abri DEMI-LUNE <i>Range-v\u00e9los 6 places inclus<\/i> : Compl\u00e9ment"},"content":{"rendered":"","protected":false},"excerpt":{"rendered":"<p><b>Structure<\/b><br \/>\nPoteaux et traverse en tube acier fix\u00e9s par vis et inserts.<\/p>\n<p><b>Toiture et bardages<\/b><br \/>\nTraverse en acier et goutti\u00e8re en profil\u00e9 aluminium.<br \/>\nVo\u00fbte en polycarbonate alv\u00e9olaire translucide trait\u00e9 anti UV de 10 mm d\u2019\u00e9paisseur.<br \/>\nBardages lat\u00e9raux PVC expans\u00e9 blanc de 10 mm d\u2019\u00e9paisseur livr\u00e9s par paire.<\/p>\n<p><b>Range v\u00e9los<\/b><br \/>\nCompris dans la r\u00e9f\u00e9rence 529030 et ses extensions.<br \/>\nSupport cycle 6 places en tube acier \u00d8 22 fix\u00e9 sur les traverses par vis inox fournies.<br \/>\nCouleur identique \u00e0 celle de l\u2019abri.<\/p>\n<p><b>Finition et montage<\/b><br \/>\nPeint selon nos RAL.<br \/>\nNotice de montage fournie.<br \/>\nFixation sur platines et chevilles \u00e0 expansion fournies.<\/p>\n","protected":false},"featured_media":37642,"comment_status":"open","ping_status":"closed","template":"","meta":[],"product_cat":[172,100],"product_tag":[],"yoast_head":"<!-- This site is optimized with the Yoast SEO plugin v22.2 - https:\/\/yoast.com\/wordpress\/plugins\/seo\/ -->\n<title>Abri DEMI-LUNE Range-v\u00e9los 6 places inclus : Compl\u00e9ment - SP \u00c9quipements<\/title>\n<meta name=\"robots\" content=\"index, follow, max-snippet:-1, max-image-preview:large, max-video-preview:-1\" \/>\n<link rel=\"canonical\" href=\"https:\/\/www.sp-equipements.com\/site\/produit\/abri-demi-lune-range-velos-6-places-inclus-complement\/\" \/>\n<meta property=\"og:locale\" content=\"fr_FR\" \/>\n<meta property=\"og:type\" content=\"article\" \/>\n<meta property=\"og:title\" content=\"Abri DEMI-LUNE Range-v\u00e9los 6 places inclus : Compl\u00e9ment - SP \u00c9quipements\" \/>\n<meta property=\"og:description\" content=\"Structure Poteaux et traverse en tube acier fix\u00e9s par vis et inserts.  Toiture et bardages Traverse en acier et goutti\u00e8re en profil\u00e9 aluminium. Vo\u00fbte en polycarbonate alv\u00e9olaire translucide trait\u00e9 anti UV de 10 mm d\u2019\u00e9paisseur. Bardages lat\u00e9raux PVC expans\u00e9 blanc de 10 mm d\u2019\u00e9paisseur livr\u00e9s par paire.  Range v\u00e9los Compris dans la r\u00e9f\u00e9rence 529030 et ses extensions. Support cycle 6 places en tube acier \u00d8 22 fix\u00e9 sur les traverses par vis inox fournies. Couleur identique \u00e0 celle de l\u2019abri.  Finition et montage Peint selon nos RAL. Notice de montage fournie. Fixation sur platines et chevilles \u00e0 expansion fournies.\" \/>\n<meta property=\"og:url\" content=\"https:\/\/www.sp-equipements.com\/site\/produit\/abri-demi-lune-range-velos-6-places-inclus-complement\/\" \/>\n<meta property=\"og:site_name\" content=\"SP \u00c9quipements\" \/>\n<meta property=\"article:modified_time\" content=\"2019-06-19T13:31:10+00:00\" \/>\n<meta property=\"og:image\" content=\"https:\/\/www.sp-equipements.com\/site\/wp-content\/uploads\/2019\/06\/abri_demi_lune-1.jpg\" \/>\n\t<meta property=\"og:image:width\" content=\"190\" \/>\n\t<meta property=\"og:image:height\" content=\"190\" \/>\n\t<meta property=\"og:image:type\" content=\"image\/jpeg\" \/>\n<meta name=\"twitter:card\" content=\"summary_large_image\" \/>\n<script type=\"application\/ld+json\" class=\"yoast-schema-graph\">{\"@context\":\"https:\/\/schema.org\",\"@graph\":[{\"@type\":\"WebPage\",\"@id\":\"https:\/\/www.sp-equipements.com\/site\/produit\/abri-demi-lune-range-velos-6-places-inclus-complement\/\",\"url\":\"https:\/\/www.sp-equipements.com\/site\/produit\/abri-demi-lune-range-velos-6-places-inclus-complement\/\",\"name\":\"Abri DEMI-LUNE Range-v\u00e9los 6 places inclus : Compl\u00e9ment - SP \u00c9quipements\",\"isPartOf\":{\"@id\":\"https:\/\/www.sp-equipements.com\/site\/#website\"},\"primaryImageOfPage\":{\"@id\":\"https:\/\/www.sp-equipements.com\/site\/produit\/abri-demi-lune-range-velos-6-places-inclus-complement\/#primaryimage\"},\"image\":{\"@id\":\"https:\/\/www.sp-equipements.com\/site\/produit\/abri-demi-lune-range-velos-6-places-inclus-complement\/#primaryimage\"},\"thumbnailUrl\":\"https:\/\/www.sp-equipements.com\/site\/wp-content\/uploads\/2019\/06\/abri_demi_lune-1.jpg\",\"datePublished\":\"2019-06-07T08:13:33+00:00\",\"dateModified\":\"2019-06-19T13:31:10+00:00\",\"breadcrumb\":{\"@id\":\"https:\/\/www.sp-equipements.com\/site\/produit\/abri-demi-lune-range-velos-6-places-inclus-complement\/#breadcrumb\"},\"inLanguage\":\"fr-FR\",\"potentialAction\":[{\"@type\":\"ReadAction\",\"target\":[\"https:\/\/www.sp-equipements.com\/site\/produit\/abri-demi-lune-range-velos-6-places-inclus-complement\/\"]}]},{\"@type\":\"ImageObject\",\"inLanguage\":\"fr-FR\",\"@id\":\"https:\/\/www.sp-equipements.com\/site\/produit\/abri-demi-lune-range-velos-6-places-inclus-complement\/#primaryimage\",\"url\":\"https:\/\/www.sp-equipements.com\/site\/wp-content\/uploads\/2019\/06\/abri_demi_lune-1.jpg\",\"contentUrl\":\"https:\/\/www.sp-equipements.com\/site\/wp-content\/uploads\/2019\/06\/abri_demi_lune-1.jpg\",\"width\":190,\"height\":190,\"caption\":\"abri demi lune 1\"},{\"@type\":\"BreadcrumbList\",\"@id\":\"https:\/\/www.sp-equipements.com\/site\/produit\/abri-demi-lune-range-velos-6-places-inclus-complement\/#breadcrumb\",\"itemListElement\":[{\"@type\":\"ListItem\",\"position\":1,\"name\":\"Accueil\",\"item\":\"https:\/\/www.sp-equipements.com\/site\/\"},{\"@type\":\"ListItem\",\"position\":2,\"name\":\"Catalogue\",\"item\":\"https:\/\/www.sp-equipements.com\/site\/catalogue\/\"},{\"@type\":\"ListItem\",\"position\":3,\"name\":\"Abri DEMI-LUNE Range-v\u00e9los 6 places inclus : Compl\u00e9ment\"}]},{\"@type\":\"WebSite\",\"@id\":\"https:\/\/www.sp-equipements.com\/site\/#website\",\"url\":\"https:\/\/www.sp-equipements.com\/site\/\",\"name\":\"SP \u00c9quipements\",\"description\":\"\u00c9quipements de collectivit\u00e9s\",\"potentialAction\":[{\"@type\":\"SearchAction\",\"target\":{\"@type\":\"EntryPoint\",\"urlTemplate\":\"https:\/\/www.sp-equipements.com\/site\/?s={search_term_string}\"},\"query-input\":\"required name=search_term_string\"}],\"inLanguage\":\"fr-FR\"}]}<\/script>\n<!-- \/ Yoast SEO plugin. -->","yoast_head_json":{"title":"Abri DEMI-LUNE Range-v\u00e9los 6 places inclus : Compl\u00e9ment - SP \u00c9quipements","robots":{"index":"index","follow":"follow","max-snippet":"max-snippet:-1","max-image-preview":"max-image-preview:large","max-video-preview":"max-video-preview:-1"},"canonical":"https:\/\/www.sp-equipements.com\/site\/produit\/abri-demi-lune-range-velos-6-places-inclus-complement\/","og_locale":"fr_FR","og_type":"article","og_title":"Abri DEMI-LUNE Range-v\u00e9los 6 places inclus : Compl\u00e9ment - SP \u00c9quipements","og_description":"Structure Poteaux et traverse en tube acier fix\u00e9s par vis et inserts.  Toiture et bardages Traverse en acier et goutti\u00e8re en profil\u00e9 aluminium. Vo\u00fbte en polycarbonate alv\u00e9olaire translucide trait\u00e9 anti UV de 10 mm d\u2019\u00e9paisseur. Bardages lat\u00e9raux PVC expans\u00e9 blanc de 10 mm d\u2019\u00e9paisseur livr\u00e9s par paire.  Range v\u00e9los Compris dans la r\u00e9f\u00e9rence 529030 et ses extensions. Support cycle 6 places en tube acier \u00d8 22 fix\u00e9 sur les traverses par vis inox fournies. Couleur identique \u00e0 celle de l\u2019abri.  Finition et montage Peint selon nos RAL. Notice de montage fournie. Fixation sur platines et chevilles \u00e0 expansion fournies.","og_url":"https:\/\/www.sp-equipements.com\/site\/produit\/abri-demi-lune-range-velos-6-places-inclus-complement\/","og_site_name":"SP \u00c9quipements","article_modified_time":"2019-06-19T13:31:10+00:00","og_image":[{"width":190,"height":190,"url":"https:\/\/www.sp-equipements.com\/site\/wp-content\/uploads\/2019\/06\/abri_demi_lune-1.jpg","type":"image\/jpeg"}],"twitter_card":"summary_large_image","schema":{"@context":"https:\/\/schema.org","@graph":[{"@type":"WebPage","@id":"https:\/\/www.sp-equipements.com\/site\/produit\/abri-demi-lune-range-velos-6-places-inclus-complement\/","url":"https:\/\/www.sp-equipements.com\/site\/produit\/abri-demi-lune-range-velos-6-places-inclus-complement\/","name":"Abri DEMI-LUNE Range-v\u00e9los 6 places inclus : Compl\u00e9ment - SP \u00c9quipements","isPartOf":{"@id":"https:\/\/www.sp-equipements.com\/site\/#website"},"primaryImageOfPage":{"@id":"https:\/\/www.sp-equipements.com\/site\/produit\/abri-demi-lune-range-velos-6-places-inclus-complement\/#primaryimage"},"image":{"@id":"https:\/\/www.sp-equipements.com\/site\/produit\/abri-demi-lune-range-velos-6-places-inclus-complement\/#primaryimage"},"thumbnailUrl":"https:\/\/www.sp-equipements.com\/site\/wp-content\/uploads\/2019\/06\/abri_demi_lune-1.jpg","datePublished":"2019-06-07T08:13:33+00:00","dateModified":"2019-06-19T13:31:10+00:00","breadcrumb":{"@id":"https:\/\/www.sp-equipements.com\/site\/produit\/abri-demi-lune-range-velos-6-places-inclus-complement\/#breadcrumb"},"inLanguage":"fr-FR","potentialAction":[{"@type":"ReadAction","target":["https:\/\/www.sp-equipements.com\/site\/produit\/abri-demi-lune-range-velos-6-places-inclus-complement\/"]}]},{"@type":"ImageObject","inLanguage":"fr-FR","@id":"https:\/\/www.sp-equipements.com\/site\/produit\/abri-demi-lune-range-velos-6-places-inclus-complement\/#primaryimage","url":"https:\/\/www.sp-equipements.com\/site\/wp-content\/uploads\/2019\/06\/abri_demi_lune-1.jpg","contentUrl":"https:\/\/www.sp-equipements.com\/site\/wp-content\/uploads\/2019\/06\/abri_demi_lune-1.jpg","width":190,"height":190,"caption":"abri demi lune 1"},{"@type":"BreadcrumbList","@id":"https:\/\/www.sp-equipements.com\/site\/produit\/abri-demi-lune-range-velos-6-places-inclus-complement\/#breadcrumb","itemListElement":[{"@type":"ListItem","position":1,"name":"Accueil","item":"https:\/\/www.sp-equipements.com\/site\/"},{"@type":"ListItem","position":2,"name":"Catalogue","item":"https:\/\/www.sp-equipements.com\/site\/catalogue\/"},{"@type":"ListItem","position":3,"name":"Abri DEMI-LUNE Range-v\u00e9los 6 places inclus : Compl\u00e9ment"}]},{"@type":"WebSite","@id":"https:\/\/www.sp-equipements.com\/site\/#website","url":"https:\/\/www.sp-equipements.com\/site\/","name":"SP \u00c9quipements","description":"\u00c9quipements de collectivit\u00e9s","potentialAction":[{"@type":"SearchAction","target":{"@type":"EntryPoint","urlTemplate":"https:\/\/www.sp-equipements.com\/site\/?s={search_term_string}"},"query-input":"required name=search_term_string"}],"inLanguage":"fr-FR"}]}},"_links":{"self":[{"href":"https:\/\/www.sp-equipements.com\/site\/wp-json\/wp\/v2\/product\/21710"}],"collection":[{"href":"https:\/\/www.sp-equipements.com\/site\/wp-json\/wp\/v2\/product"}],"about":[{"href":"https:\/\/www.sp-equipements.com\/site\/wp-json\/wp\/v2\/types\/product"}],"replies":[{"embeddable":true,"href":"https:\/\/www.sp-equipements.com\/site\/wp-json\/wp\/v2\/comments?post=21710"}],"wp:featuredmedia":[{"embeddable":true,"href":"https:\/\/www.sp-equipements.com\/site\/wp-json\/wp\/v2\/media\/37642"}],"wp:attachment":[{"href":"https:\/\/www.sp-equipements.com\/site\/wp-json\/wp\/v2\/media?parent=21710"}],"wp:term":[{"taxonomy":"product_cat","embeddable":true,"href":"https:\/\/www.sp-equipements.com\/site\/wp-json\/wp\/v2\/product_cat?post=21710"},{"taxonomy":"product_tag","embeddable":true,"href":"https:\/\/www.sp-equipements.com\/site\/wp-json\/wp\/v2\/product_tag?post=21710"}],"curies":[{"name":"wp","href":"https:\/\/api.w.org\/{rel}","templated":true}]}}