{"id":21712,"date":"2019-06-07T10:13:34","date_gmt":"2019-06-07T08:13:34","guid":{"rendered":"http:\/\/www.polyequipements.com\/produit\/abri-voute-sans-bardage-complement\/"},"modified":"2019-06-19T15:31:10","modified_gmt":"2019-06-19T13:31:10","slug":"abri-voute-sans-bardage-complement","status":"publish","type":"product","link":"https:\/\/www.sp-equipements.com\/site\/produit\/abri-voute-sans-bardage-complement\/","title":{"rendered":"Abri VOUTE sans bardage :  : Compl\u00e9ment"},"content":{"rendered":"","protected":false},"excerpt":{"rendered":"<p><b>Structure<\/b><br \/>\nPoteaux en acier 80 x 80, mont\u00e9s sur platines, \u00e9quip\u00e9s dans leurs parties sup\u00e9rieures d\u2019un support en U pour recevoir la toiture.<br \/>\nVersion initiale lg 2500 ou version avec extension. Range-v\u00e9los en option<\/p>\n<p><b>Toiture<\/b><br \/>\nCadre compos\u00e9 de deux traverses en tube aluminium et de deux goutti\u00e8res en aluminium \u00e0 fixer dans les supports en U des poteaux.<br \/>\nVo\u00fbte en polycarbonate alv\u00e9olaire translucide trait\u00e9 anti UV de 10 mm d\u2019\u00e9paisseur.<\/p>\n<p><b>Bardages<\/b><br \/>\nTous les bardages sont en option. Bardage lat\u00e9ral et bardage de fond sont livr\u00e9s en deux \u00e9l\u00e9ments.<br \/>\nCadre r\u00e9alis\u00e9 en profil\u00e9 aluminium, vitrage en polycarbonate alv\u00e9olaire translucide 10 mm trait\u00e9 anti-UV.<\/p>\n<p><b>Range v\u00e9los<\/b><br \/>\nEn option et peint selon nos RAL.<br \/>\nSupport 6 places avec pommeaux au choix et extensions par multiples de 6 places.<\/p>\n<p><b>Finition et montage<\/b><br \/>\nPeint sur galva selon nos RAL.<br \/>\nNotice de montage fournie. Fixation sur platines et chevilles \u00e0 expansion fournies.<\/p>\n","protected":false},"featured_media":37643,"comment_status":"open","ping_status":"closed","template":"","meta":[],"product_cat":[172,100],"product_tag":[],"yoast_head":"<!-- This site is optimized with the Yoast SEO plugin v22.2 - https:\/\/yoast.com\/wordpress\/plugins\/seo\/ -->\n<title>Abri VOUTE sans bardage : : Compl\u00e9ment - SP \u00c9quipements<\/title>\n<meta name=\"robots\" content=\"index, follow, max-snippet:-1, max-image-preview:large, max-video-preview:-1\" \/>\n<link rel=\"canonical\" href=\"https:\/\/www.sp-equipements.com\/site\/produit\/abri-voute-sans-bardage-complement\/\" \/>\n<meta property=\"og:locale\" content=\"fr_FR\" \/>\n<meta property=\"og:type\" content=\"article\" \/>\n<meta property=\"og:title\" content=\"Abri VOUTE sans bardage : : Compl\u00e9ment - SP \u00c9quipements\" \/>\n<meta property=\"og:description\" content=\"Structure Poteaux en acier 80 x 80, mont\u00e9s sur platines, \u00e9quip\u00e9s dans leurs parties sup\u00e9rieures d\u2019un support en U pour recevoir la toiture. Version initiale lg 2500 ou version avec extension. Range-v\u00e9los en option  Toiture Cadre compos\u00e9 de deux traverses en tube aluminium et de deux goutti\u00e8res en aluminium \u00e0 fixer dans les supports en U des poteaux. Vo\u00fbte en polycarbonate alv\u00e9olaire translucide trait\u00e9 anti UV de 10 mm d\u2019\u00e9paisseur.  Bardages Tous les bardages sont en option. Bardage lat\u00e9ral et bardage de fond sont livr\u00e9s en deux \u00e9l\u00e9ments. Cadre r\u00e9alis\u00e9 en profil\u00e9 aluminium, vitrage en polycarbonate alv\u00e9olaire translucide 10 mm trait\u00e9 anti-UV.  Range v\u00e9los En option et peint selon nos RAL. Support 6 places avec pommeaux au choix et extensions par multiples de 6 places.  Finition et montage Peint sur galva selon nos RAL. Notice de montage fournie. Fixation sur platines et chevilles \u00e0 expansion fournies.\" \/>\n<meta property=\"og:url\" content=\"https:\/\/www.sp-equipements.com\/site\/produit\/abri-voute-sans-bardage-complement\/\" \/>\n<meta property=\"og:site_name\" content=\"SP \u00c9quipements\" \/>\n<meta property=\"article:modified_time\" content=\"2019-06-19T13:31:10+00:00\" \/>\n<meta property=\"og:image\" content=\"https:\/\/www.sp-equipements.com\/site\/wp-content\/uploads\/2019\/06\/abri_voute-1.jpg\" \/>\n\t<meta property=\"og:image:width\" content=\"190\" \/>\n\t<meta property=\"og:image:height\" content=\"190\" \/>\n\t<meta property=\"og:image:type\" content=\"image\/jpeg\" \/>\n<meta name=\"twitter:card\" content=\"summary_large_image\" \/>\n<script type=\"application\/ld+json\" class=\"yoast-schema-graph\">{\"@context\":\"https:\/\/schema.org\",\"@graph\":[{\"@type\":\"WebPage\",\"@id\":\"https:\/\/www.sp-equipements.com\/site\/produit\/abri-voute-sans-bardage-complement\/\",\"url\":\"https:\/\/www.sp-equipements.com\/site\/produit\/abri-voute-sans-bardage-complement\/\",\"name\":\"Abri VOUTE sans bardage : : Compl\u00e9ment - SP \u00c9quipements\",\"isPartOf\":{\"@id\":\"https:\/\/www.sp-equipements.com\/site\/#website\"},\"primaryImageOfPage\":{\"@id\":\"https:\/\/www.sp-equipements.com\/site\/produit\/abri-voute-sans-bardage-complement\/#primaryimage\"},\"image\":{\"@id\":\"https:\/\/www.sp-equipements.com\/site\/produit\/abri-voute-sans-bardage-complement\/#primaryimage\"},\"thumbnailUrl\":\"https:\/\/www.sp-equipements.com\/site\/wp-content\/uploads\/2019\/06\/abri_voute-1.jpg\",\"datePublished\":\"2019-06-07T08:13:34+00:00\",\"dateModified\":\"2019-06-19T13:31:10+00:00\",\"breadcrumb\":{\"@id\":\"https:\/\/www.sp-equipements.com\/site\/produit\/abri-voute-sans-bardage-complement\/#breadcrumb\"},\"inLanguage\":\"fr-FR\",\"potentialAction\":[{\"@type\":\"ReadAction\",\"target\":[\"https:\/\/www.sp-equipements.com\/site\/produit\/abri-voute-sans-bardage-complement\/\"]}]},{\"@type\":\"ImageObject\",\"inLanguage\":\"fr-FR\",\"@id\":\"https:\/\/www.sp-equipements.com\/site\/produit\/abri-voute-sans-bardage-complement\/#primaryimage\",\"url\":\"https:\/\/www.sp-equipements.com\/site\/wp-content\/uploads\/2019\/06\/abri_voute-1.jpg\",\"contentUrl\":\"https:\/\/www.sp-equipements.com\/site\/wp-content\/uploads\/2019\/06\/abri_voute-1.jpg\",\"width\":190,\"height\":190,\"caption\":\"abri voute 1\"},{\"@type\":\"BreadcrumbList\",\"@id\":\"https:\/\/www.sp-equipements.com\/site\/produit\/abri-voute-sans-bardage-complement\/#breadcrumb\",\"itemListElement\":[{\"@type\":\"ListItem\",\"position\":1,\"name\":\"Accueil\",\"item\":\"https:\/\/www.sp-equipements.com\/site\/\"},{\"@type\":\"ListItem\",\"position\":2,\"name\":\"Catalogue\",\"item\":\"https:\/\/www.sp-equipements.com\/site\/catalogue\/\"},{\"@type\":\"ListItem\",\"position\":3,\"name\":\"Abri VOUTE sans bardage : : Compl\u00e9ment\"}]},{\"@type\":\"WebSite\",\"@id\":\"https:\/\/www.sp-equipements.com\/site\/#website\",\"url\":\"https:\/\/www.sp-equipements.com\/site\/\",\"name\":\"SP \u00c9quipements\",\"description\":\"\u00c9quipements de collectivit\u00e9s\",\"potentialAction\":[{\"@type\":\"SearchAction\",\"target\":{\"@type\":\"EntryPoint\",\"urlTemplate\":\"https:\/\/www.sp-equipements.com\/site\/?s={search_term_string}\"},\"query-input\":\"required name=search_term_string\"}],\"inLanguage\":\"fr-FR\"}]}<\/script>\n<!-- \/ Yoast SEO plugin. -->","yoast_head_json":{"title":"Abri VOUTE sans bardage : : Compl\u00e9ment - SP \u00c9quipements","robots":{"index":"index","follow":"follow","max-snippet":"max-snippet:-1","max-image-preview":"max-image-preview:large","max-video-preview":"max-video-preview:-1"},"canonical":"https:\/\/www.sp-equipements.com\/site\/produit\/abri-voute-sans-bardage-complement\/","og_locale":"fr_FR","og_type":"article","og_title":"Abri VOUTE sans bardage : : Compl\u00e9ment - SP \u00c9quipements","og_description":"Structure Poteaux en acier 80 x 80, mont\u00e9s sur platines, \u00e9quip\u00e9s dans leurs parties sup\u00e9rieures d\u2019un support en U pour recevoir la toiture. Version initiale lg 2500 ou version avec extension. Range-v\u00e9los en option  Toiture Cadre compos\u00e9 de deux traverses en tube aluminium et de deux goutti\u00e8res en aluminium \u00e0 fixer dans les supports en U des poteaux. Vo\u00fbte en polycarbonate alv\u00e9olaire translucide trait\u00e9 anti UV de 10 mm d\u2019\u00e9paisseur.  Bardages Tous les bardages sont en option. Bardage lat\u00e9ral et bardage de fond sont livr\u00e9s en deux \u00e9l\u00e9ments. Cadre r\u00e9alis\u00e9 en profil\u00e9 aluminium, vitrage en polycarbonate alv\u00e9olaire translucide 10 mm trait\u00e9 anti-UV.  Range v\u00e9los En option et peint selon nos RAL. Support 6 places avec pommeaux au choix et extensions par multiples de 6 places.  Finition et montage Peint sur galva selon nos RAL. Notice de montage fournie. Fixation sur platines et chevilles \u00e0 expansion fournies.","og_url":"https:\/\/www.sp-equipements.com\/site\/produit\/abri-voute-sans-bardage-complement\/","og_site_name":"SP \u00c9quipements","article_modified_time":"2019-06-19T13:31:10+00:00","og_image":[{"width":190,"height":190,"url":"https:\/\/www.sp-equipements.com\/site\/wp-content\/uploads\/2019\/06\/abri_voute-1.jpg","type":"image\/jpeg"}],"twitter_card":"summary_large_image","schema":{"@context":"https:\/\/schema.org","@graph":[{"@type":"WebPage","@id":"https:\/\/www.sp-equipements.com\/site\/produit\/abri-voute-sans-bardage-complement\/","url":"https:\/\/www.sp-equipements.com\/site\/produit\/abri-voute-sans-bardage-complement\/","name":"Abri VOUTE sans bardage : : Compl\u00e9ment - SP \u00c9quipements","isPartOf":{"@id":"https:\/\/www.sp-equipements.com\/site\/#website"},"primaryImageOfPage":{"@id":"https:\/\/www.sp-equipements.com\/site\/produit\/abri-voute-sans-bardage-complement\/#primaryimage"},"image":{"@id":"https:\/\/www.sp-equipements.com\/site\/produit\/abri-voute-sans-bardage-complement\/#primaryimage"},"thumbnailUrl":"https:\/\/www.sp-equipements.com\/site\/wp-content\/uploads\/2019\/06\/abri_voute-1.jpg","datePublished":"2019-06-07T08:13:34+00:00","dateModified":"2019-06-19T13:31:10+00:00","breadcrumb":{"@id":"https:\/\/www.sp-equipements.com\/site\/produit\/abri-voute-sans-bardage-complement\/#breadcrumb"},"inLanguage":"fr-FR","potentialAction":[{"@type":"ReadAction","target":["https:\/\/www.sp-equipements.com\/site\/produit\/abri-voute-sans-bardage-complement\/"]}]},{"@type":"ImageObject","inLanguage":"fr-FR","@id":"https:\/\/www.sp-equipements.com\/site\/produit\/abri-voute-sans-bardage-complement\/#primaryimage","url":"https:\/\/www.sp-equipements.com\/site\/wp-content\/uploads\/2019\/06\/abri_voute-1.jpg","contentUrl":"https:\/\/www.sp-equipements.com\/site\/wp-content\/uploads\/2019\/06\/abri_voute-1.jpg","width":190,"height":190,"caption":"abri voute 1"},{"@type":"BreadcrumbList","@id":"https:\/\/www.sp-equipements.com\/site\/produit\/abri-voute-sans-bardage-complement\/#breadcrumb","itemListElement":[{"@type":"ListItem","position":1,"name":"Accueil","item":"https:\/\/www.sp-equipements.com\/site\/"},{"@type":"ListItem","position":2,"name":"Catalogue","item":"https:\/\/www.sp-equipements.com\/site\/catalogue\/"},{"@type":"ListItem","position":3,"name":"Abri VOUTE sans bardage : : Compl\u00e9ment"}]},{"@type":"WebSite","@id":"https:\/\/www.sp-equipements.com\/site\/#website","url":"https:\/\/www.sp-equipements.com\/site\/","name":"SP \u00c9quipements","description":"\u00c9quipements de collectivit\u00e9s","potentialAction":[{"@type":"SearchAction","target":{"@type":"EntryPoint","urlTemplate":"https:\/\/www.sp-equipements.com\/site\/?s={search_term_string}"},"query-input":"required name=search_term_string"}],"inLanguage":"fr-FR"}]}},"_links":{"self":[{"href":"https:\/\/www.sp-equipements.com\/site\/wp-json\/wp\/v2\/product\/21712"}],"collection":[{"href":"https:\/\/www.sp-equipements.com\/site\/wp-json\/wp\/v2\/product"}],"about":[{"href":"https:\/\/www.sp-equipements.com\/site\/wp-json\/wp\/v2\/types\/product"}],"replies":[{"embeddable":true,"href":"https:\/\/www.sp-equipements.com\/site\/wp-json\/wp\/v2\/comments?post=21712"}],"wp:featuredmedia":[{"embeddable":true,"href":"https:\/\/www.sp-equipements.com\/site\/wp-json\/wp\/v2\/media\/37643"}],"wp:attachment":[{"href":"https:\/\/www.sp-equipements.com\/site\/wp-json\/wp\/v2\/media?parent=21712"}],"wp:term":[{"taxonomy":"product_cat","embeddable":true,"href":"https:\/\/www.sp-equipements.com\/site\/wp-json\/wp\/v2\/product_cat?post=21712"},{"taxonomy":"product_tag","embeddable":true,"href":"https:\/\/www.sp-equipements.com\/site\/wp-json\/wp\/v2\/product_tag?post=21712"}],"curies":[{"name":"wp","href":"https:\/\/api.w.org\/{rel}","templated":true}]}}