{"id":21726,"date":"2019-06-07T10:13:42","date_gmt":"2019-06-07T08:13:42","guid":{"rendered":"http:\/\/www.polyequipements.com\/produit\/banc-mercure\/"},"modified":"2019-06-19T15:31:13","modified_gmt":"2019-06-19T13:31:13","slug":"banc-mercure","status":"publish","type":"product","link":"https:\/\/www.sp-equipements.com\/site\/produit\/banc-mercure\/","title":{"rendered":"Banc MERCURE"},"content":{"rendered":"","protected":false},"excerpt":{"rendered":"<p>Pi\u00e8tements en tube acier \u00d8 76mm.<br \/>\nAssise et dossier en t\u00f4le acier perfor\u00e9e de 2,5 mm, plis \u00e9cras\u00e9s et angles arrondis de s\u00e9curit\u00e9 aux extr\u00e9mit\u00e9s.<br \/>\nStructure galvanis\u00e9e.<br \/>\nAssise, dossier et pommeaux fonte d\u2019aluminium, peints noir RAL 9005.<br \/>\nFixation par scellement direct. Notice de montage fournie.<\/p>\n","protected":false},"featured_media":37650,"comment_status":"open","ping_status":"closed","template":"","meta":[],"product_cat":[173,100],"product_tag":[],"yoast_head":"<!-- This site is optimized with the Yoast SEO plugin v22.2 - https:\/\/yoast.com\/wordpress\/plugins\/seo\/ -->\n<title>Banc MERCURE - SP \u00c9quipements<\/title>\n<meta name=\"robots\" content=\"index, follow, max-snippet:-1, max-image-preview:large, max-video-preview:-1\" \/>\n<link rel=\"canonical\" href=\"https:\/\/www.sp-equipements.com\/site\/produit\/banc-mercure\/\" \/>\n<meta property=\"og:locale\" content=\"fr_FR\" \/>\n<meta property=\"og:type\" content=\"article\" \/>\n<meta property=\"og:title\" content=\"Banc MERCURE - SP \u00c9quipements\" \/>\n<meta property=\"og:description\" content=\"Pi\u00e8tements en tube acier \u00d8 76mm. Assise et dossier en t\u00f4le acier perfor\u00e9e de 2,5 mm, plis \u00e9cras\u00e9s et angles arrondis de s\u00e9curit\u00e9 aux extr\u00e9mit\u00e9s. Structure galvanis\u00e9e. Assise, dossier et pommeaux fonte d\u2019aluminium, peints noir RAL 9005. Fixation par scellement direct. Notice de montage fournie.\" \/>\n<meta property=\"og:url\" content=\"https:\/\/www.sp-equipements.com\/site\/produit\/banc-mercure\/\" \/>\n<meta property=\"og:site_name\" content=\"SP \u00c9quipements\" \/>\n<meta property=\"article:modified_time\" content=\"2019-06-19T13:31:13+00:00\" \/>\n<meta property=\"og:image\" content=\"https:\/\/www.sp-equipements.com\/site\/wp-content\/uploads\/2019\/06\/banc_mercure-1.jpg\" \/>\n\t<meta property=\"og:image:width\" content=\"190\" \/>\n\t<meta property=\"og:image:height\" content=\"190\" \/>\n\t<meta property=\"og:image:type\" content=\"image\/jpeg\" \/>\n<meta name=\"twitter:card\" content=\"summary_large_image\" \/>\n<script type=\"application\/ld+json\" class=\"yoast-schema-graph\">{\"@context\":\"https:\/\/schema.org\",\"@graph\":[{\"@type\":\"WebPage\",\"@id\":\"https:\/\/www.sp-equipements.com\/site\/produit\/banc-mercure\/\",\"url\":\"https:\/\/www.sp-equipements.com\/site\/produit\/banc-mercure\/\",\"name\":\"Banc MERCURE - SP \u00c9quipements\",\"isPartOf\":{\"@id\":\"https:\/\/www.sp-equipements.com\/site\/#website\"},\"primaryImageOfPage\":{\"@id\":\"https:\/\/www.sp-equipements.com\/site\/produit\/banc-mercure\/#primaryimage\"},\"image\":{\"@id\":\"https:\/\/www.sp-equipements.com\/site\/produit\/banc-mercure\/#primaryimage\"},\"thumbnailUrl\":\"https:\/\/www.sp-equipements.com\/site\/wp-content\/uploads\/2019\/06\/banc_mercure-1.jpg\",\"datePublished\":\"2019-06-07T08:13:42+00:00\",\"dateModified\":\"2019-06-19T13:31:13+00:00\",\"breadcrumb\":{\"@id\":\"https:\/\/www.sp-equipements.com\/site\/produit\/banc-mercure\/#breadcrumb\"},\"inLanguage\":\"fr-FR\",\"potentialAction\":[{\"@type\":\"ReadAction\",\"target\":[\"https:\/\/www.sp-equipements.com\/site\/produit\/banc-mercure\/\"]}]},{\"@type\":\"ImageObject\",\"inLanguage\":\"fr-FR\",\"@id\":\"https:\/\/www.sp-equipements.com\/site\/produit\/banc-mercure\/#primaryimage\",\"url\":\"https:\/\/www.sp-equipements.com\/site\/wp-content\/uploads\/2019\/06\/banc_mercure-1.jpg\",\"contentUrl\":\"https:\/\/www.sp-equipements.com\/site\/wp-content\/uploads\/2019\/06\/banc_mercure-1.jpg\",\"width\":190,\"height\":190,\"caption\":\"banc mercure 1\"},{\"@type\":\"BreadcrumbList\",\"@id\":\"https:\/\/www.sp-equipements.com\/site\/produit\/banc-mercure\/#breadcrumb\",\"itemListElement\":[{\"@type\":\"ListItem\",\"position\":1,\"name\":\"Accueil\",\"item\":\"https:\/\/www.sp-equipements.com\/site\/\"},{\"@type\":\"ListItem\",\"position\":2,\"name\":\"Catalogue\",\"item\":\"https:\/\/www.sp-equipements.com\/site\/catalogue\/\"},{\"@type\":\"ListItem\",\"position\":3,\"name\":\"Banc MERCURE\"}]},{\"@type\":\"WebSite\",\"@id\":\"https:\/\/www.sp-equipements.com\/site\/#website\",\"url\":\"https:\/\/www.sp-equipements.com\/site\/\",\"name\":\"SP \u00c9quipements\",\"description\":\"\u00c9quipements de collectivit\u00e9s\",\"potentialAction\":[{\"@type\":\"SearchAction\",\"target\":{\"@type\":\"EntryPoint\",\"urlTemplate\":\"https:\/\/www.sp-equipements.com\/site\/?s={search_term_string}\"},\"query-input\":\"required name=search_term_string\"}],\"inLanguage\":\"fr-FR\"}]}<\/script>\n<!-- \/ Yoast SEO plugin. -->","yoast_head_json":{"title":"Banc MERCURE - SP \u00c9quipements","robots":{"index":"index","follow":"follow","max-snippet":"max-snippet:-1","max-image-preview":"max-image-preview:large","max-video-preview":"max-video-preview:-1"},"canonical":"https:\/\/www.sp-equipements.com\/site\/produit\/banc-mercure\/","og_locale":"fr_FR","og_type":"article","og_title":"Banc MERCURE - SP \u00c9quipements","og_description":"Pi\u00e8tements en tube acier \u00d8 76mm. Assise et dossier en t\u00f4le acier perfor\u00e9e de 2,5 mm, plis \u00e9cras\u00e9s et angles arrondis de s\u00e9curit\u00e9 aux extr\u00e9mit\u00e9s. Structure galvanis\u00e9e. Assise, dossier et pommeaux fonte d\u2019aluminium, peints noir RAL 9005. Fixation par scellement direct. Notice de montage fournie.","og_url":"https:\/\/www.sp-equipements.com\/site\/produit\/banc-mercure\/","og_site_name":"SP \u00c9quipements","article_modified_time":"2019-06-19T13:31:13+00:00","og_image":[{"width":190,"height":190,"url":"https:\/\/www.sp-equipements.com\/site\/wp-content\/uploads\/2019\/06\/banc_mercure-1.jpg","type":"image\/jpeg"}],"twitter_card":"summary_large_image","schema":{"@context":"https:\/\/schema.org","@graph":[{"@type":"WebPage","@id":"https:\/\/www.sp-equipements.com\/site\/produit\/banc-mercure\/","url":"https:\/\/www.sp-equipements.com\/site\/produit\/banc-mercure\/","name":"Banc MERCURE - SP \u00c9quipements","isPartOf":{"@id":"https:\/\/www.sp-equipements.com\/site\/#website"},"primaryImageOfPage":{"@id":"https:\/\/www.sp-equipements.com\/site\/produit\/banc-mercure\/#primaryimage"},"image":{"@id":"https:\/\/www.sp-equipements.com\/site\/produit\/banc-mercure\/#primaryimage"},"thumbnailUrl":"https:\/\/www.sp-equipements.com\/site\/wp-content\/uploads\/2019\/06\/banc_mercure-1.jpg","datePublished":"2019-06-07T08:13:42+00:00","dateModified":"2019-06-19T13:31:13+00:00","breadcrumb":{"@id":"https:\/\/www.sp-equipements.com\/site\/produit\/banc-mercure\/#breadcrumb"},"inLanguage":"fr-FR","potentialAction":[{"@type":"ReadAction","target":["https:\/\/www.sp-equipements.com\/site\/produit\/banc-mercure\/"]}]},{"@type":"ImageObject","inLanguage":"fr-FR","@id":"https:\/\/www.sp-equipements.com\/site\/produit\/banc-mercure\/#primaryimage","url":"https:\/\/www.sp-equipements.com\/site\/wp-content\/uploads\/2019\/06\/banc_mercure-1.jpg","contentUrl":"https:\/\/www.sp-equipements.com\/site\/wp-content\/uploads\/2019\/06\/banc_mercure-1.jpg","width":190,"height":190,"caption":"banc mercure 1"},{"@type":"BreadcrumbList","@id":"https:\/\/www.sp-equipements.com\/site\/produit\/banc-mercure\/#breadcrumb","itemListElement":[{"@type":"ListItem","position":1,"name":"Accueil","item":"https:\/\/www.sp-equipements.com\/site\/"},{"@type":"ListItem","position":2,"name":"Catalogue","item":"https:\/\/www.sp-equipements.com\/site\/catalogue\/"},{"@type":"ListItem","position":3,"name":"Banc MERCURE"}]},{"@type":"WebSite","@id":"https:\/\/www.sp-equipements.com\/site\/#website","url":"https:\/\/www.sp-equipements.com\/site\/","name":"SP \u00c9quipements","description":"\u00c9quipements de collectivit\u00e9s","potentialAction":[{"@type":"SearchAction","target":{"@type":"EntryPoint","urlTemplate":"https:\/\/www.sp-equipements.com\/site\/?s={search_term_string}"},"query-input":"required name=search_term_string"}],"inLanguage":"fr-FR"}]}},"_links":{"self":[{"href":"https:\/\/www.sp-equipements.com\/site\/wp-json\/wp\/v2\/product\/21726"}],"collection":[{"href":"https:\/\/www.sp-equipements.com\/site\/wp-json\/wp\/v2\/product"}],"about":[{"href":"https:\/\/www.sp-equipements.com\/site\/wp-json\/wp\/v2\/types\/product"}],"replies":[{"embeddable":true,"href":"https:\/\/www.sp-equipements.com\/site\/wp-json\/wp\/v2\/comments?post=21726"}],"wp:featuredmedia":[{"embeddable":true,"href":"https:\/\/www.sp-equipements.com\/site\/wp-json\/wp\/v2\/media\/37650"}],"wp:attachment":[{"href":"https:\/\/www.sp-equipements.com\/site\/wp-json\/wp\/v2\/media?parent=21726"}],"wp:term":[{"taxonomy":"product_cat","embeddable":true,"href":"https:\/\/www.sp-equipements.com\/site\/wp-json\/wp\/v2\/product_cat?post=21726"},{"taxonomy":"product_tag","embeddable":true,"href":"https:\/\/www.sp-equipements.com\/site\/wp-json\/wp\/v2\/product_tag?post=21726"}],"curies":[{"name":"wp","href":"https:\/\/api.w.org\/{rel}","templated":true}]}}