{"id":21735,"date":"2019-06-07T10:13:47","date_gmt":"2019-06-07T08:13:47","guid":{"rendered":"http:\/\/www.polyequipements.com\/produit\/banquette-estoril-speciale-jardiniere\/"},"modified":"2019-06-19T15:31:18","modified_gmt":"2019-06-19T13:31:18","slug":"banquette-estoril-speciale-jardiniere","status":"publish","type":"product","link":"https:\/\/www.sp-equipements.com\/site\/produit\/banquette-estoril-speciale-jardiniere\/","title":{"rendered":"Banquette ESTORIL Sp\u00e9ciale Jardini\u00e8re"},"content":{"rendered":"","protected":false},"excerpt":{"rendered":"<p>Structure r\u00e9alis\u00e9e en tube acier soud\u00e9.<br \/>\nPieds \u00e9quip\u00e9s de v\u00e9rins pour le r\u00e9glage des niveaux.<br \/>\nFond amovible en t\u00f4le galvanis\u00e9e.<br \/>\nPanneaux lat\u00e9raux amovibles en t\u00f4le \u00e9lectrozingu\u00e9e laqu\u00e9e, fix\u00e9s sur poteaux par pattes et vis \u00e0 t\u00f4le.<br \/>\nFinition peint sur galva selon nos RAL.<br \/>\nLongueur ht 1800mm.<\/p>\n","protected":false},"featured_media":37659,"comment_status":"open","ping_status":"closed","template":"","meta":[],"product_cat":[173,100],"product_tag":[],"yoast_head":"<!-- This site is optimized with the Yoast SEO plugin v22.2 - https:\/\/yoast.com\/wordpress\/plugins\/seo\/ -->\n<title>Banquette ESTORIL Sp\u00e9ciale Jardini\u00e8re - SP \u00c9quipements<\/title>\n<meta name=\"robots\" content=\"index, follow, max-snippet:-1, max-image-preview:large, max-video-preview:-1\" \/>\n<link rel=\"canonical\" href=\"https:\/\/www.sp-equipements.com\/site\/produit\/banquette-estoril-speciale-jardiniere\/\" \/>\n<meta property=\"og:locale\" content=\"fr_FR\" \/>\n<meta property=\"og:type\" content=\"article\" \/>\n<meta property=\"og:title\" content=\"Banquette ESTORIL Sp\u00e9ciale Jardini\u00e8re - SP \u00c9quipements\" \/>\n<meta property=\"og:description\" content=\"Structure r\u00e9alis\u00e9e en tube acier soud\u00e9. Pieds \u00e9quip\u00e9s de v\u00e9rins pour le r\u00e9glage des niveaux. Fond amovible en t\u00f4le galvanis\u00e9e. Panneaux lat\u00e9raux amovibles en t\u00f4le \u00e9lectrozingu\u00e9e laqu\u00e9e, fix\u00e9s sur poteaux par pattes et vis \u00e0 t\u00f4le. Finition peint sur galva selon nos RAL. Longueur ht 1800mm.\" \/>\n<meta property=\"og:url\" content=\"https:\/\/www.sp-equipements.com\/site\/produit\/banquette-estoril-speciale-jardiniere\/\" \/>\n<meta property=\"og:site_name\" content=\"SP \u00c9quipements\" \/>\n<meta property=\"article:modified_time\" content=\"2019-06-19T13:31:18+00:00\" \/>\n<meta property=\"og:image\" content=\"https:\/\/www.sp-equipements.com\/site\/wp-content\/uploads\/2019\/06\/banquette_estoril_speciale_jardiniere-1.jpg\" \/>\n\t<meta property=\"og:image:width\" content=\"190\" \/>\n\t<meta property=\"og:image:height\" content=\"190\" \/>\n\t<meta property=\"og:image:type\" content=\"image\/jpeg\" \/>\n<meta name=\"twitter:card\" content=\"summary_large_image\" \/>\n<script type=\"application\/ld+json\" class=\"yoast-schema-graph\">{\"@context\":\"https:\/\/schema.org\",\"@graph\":[{\"@type\":\"WebPage\",\"@id\":\"https:\/\/www.sp-equipements.com\/site\/produit\/banquette-estoril-speciale-jardiniere\/\",\"url\":\"https:\/\/www.sp-equipements.com\/site\/produit\/banquette-estoril-speciale-jardiniere\/\",\"name\":\"Banquette ESTORIL Sp\u00e9ciale Jardini\u00e8re - SP \u00c9quipements\",\"isPartOf\":{\"@id\":\"https:\/\/www.sp-equipements.com\/site\/#website\"},\"primaryImageOfPage\":{\"@id\":\"https:\/\/www.sp-equipements.com\/site\/produit\/banquette-estoril-speciale-jardiniere\/#primaryimage\"},\"image\":{\"@id\":\"https:\/\/www.sp-equipements.com\/site\/produit\/banquette-estoril-speciale-jardiniere\/#primaryimage\"},\"thumbnailUrl\":\"https:\/\/www.sp-equipements.com\/site\/wp-content\/uploads\/2019\/06\/banquette_estoril_speciale_jardiniere-1.jpg\",\"datePublished\":\"2019-06-07T08:13:47+00:00\",\"dateModified\":\"2019-06-19T13:31:18+00:00\",\"breadcrumb\":{\"@id\":\"https:\/\/www.sp-equipements.com\/site\/produit\/banquette-estoril-speciale-jardiniere\/#breadcrumb\"},\"inLanguage\":\"fr-FR\",\"potentialAction\":[{\"@type\":\"ReadAction\",\"target\":[\"https:\/\/www.sp-equipements.com\/site\/produit\/banquette-estoril-speciale-jardiniere\/\"]}]},{\"@type\":\"ImageObject\",\"inLanguage\":\"fr-FR\",\"@id\":\"https:\/\/www.sp-equipements.com\/site\/produit\/banquette-estoril-speciale-jardiniere\/#primaryimage\",\"url\":\"https:\/\/www.sp-equipements.com\/site\/wp-content\/uploads\/2019\/06\/banquette_estoril_speciale_jardiniere-1.jpg\",\"contentUrl\":\"https:\/\/www.sp-equipements.com\/site\/wp-content\/uploads\/2019\/06\/banquette_estoril_speciale_jardiniere-1.jpg\",\"width\":190,\"height\":190,\"caption\":\"banquette estoril speciale jardiniere 1\"},{\"@type\":\"BreadcrumbList\",\"@id\":\"https:\/\/www.sp-equipements.com\/site\/produit\/banquette-estoril-speciale-jardiniere\/#breadcrumb\",\"itemListElement\":[{\"@type\":\"ListItem\",\"position\":1,\"name\":\"Accueil\",\"item\":\"https:\/\/www.sp-equipements.com\/site\/\"},{\"@type\":\"ListItem\",\"position\":2,\"name\":\"Catalogue\",\"item\":\"https:\/\/www.sp-equipements.com\/site\/catalogue\/\"},{\"@type\":\"ListItem\",\"position\":3,\"name\":\"Banquette ESTORIL Sp\u00e9ciale Jardini\u00e8re\"}]},{\"@type\":\"WebSite\",\"@id\":\"https:\/\/www.sp-equipements.com\/site\/#website\",\"url\":\"https:\/\/www.sp-equipements.com\/site\/\",\"name\":\"SP \u00c9quipements\",\"description\":\"\u00c9quipements de collectivit\u00e9s\",\"potentialAction\":[{\"@type\":\"SearchAction\",\"target\":{\"@type\":\"EntryPoint\",\"urlTemplate\":\"https:\/\/www.sp-equipements.com\/site\/?s={search_term_string}\"},\"query-input\":\"required name=search_term_string\"}],\"inLanguage\":\"fr-FR\"}]}<\/script>\n<!-- \/ Yoast SEO plugin. -->","yoast_head_json":{"title":"Banquette ESTORIL Sp\u00e9ciale Jardini\u00e8re - SP \u00c9quipements","robots":{"index":"index","follow":"follow","max-snippet":"max-snippet:-1","max-image-preview":"max-image-preview:large","max-video-preview":"max-video-preview:-1"},"canonical":"https:\/\/www.sp-equipements.com\/site\/produit\/banquette-estoril-speciale-jardiniere\/","og_locale":"fr_FR","og_type":"article","og_title":"Banquette ESTORIL Sp\u00e9ciale Jardini\u00e8re - SP \u00c9quipements","og_description":"Structure r\u00e9alis\u00e9e en tube acier soud\u00e9. Pieds \u00e9quip\u00e9s de v\u00e9rins pour le r\u00e9glage des niveaux. Fond amovible en t\u00f4le galvanis\u00e9e. Panneaux lat\u00e9raux amovibles en t\u00f4le \u00e9lectrozingu\u00e9e laqu\u00e9e, fix\u00e9s sur poteaux par pattes et vis \u00e0 t\u00f4le. Finition peint sur galva selon nos RAL. Longueur ht 1800mm.","og_url":"https:\/\/www.sp-equipements.com\/site\/produit\/banquette-estoril-speciale-jardiniere\/","og_site_name":"SP \u00c9quipements","article_modified_time":"2019-06-19T13:31:18+00:00","og_image":[{"width":190,"height":190,"url":"https:\/\/www.sp-equipements.com\/site\/wp-content\/uploads\/2019\/06\/banquette_estoril_speciale_jardiniere-1.jpg","type":"image\/jpeg"}],"twitter_card":"summary_large_image","schema":{"@context":"https:\/\/schema.org","@graph":[{"@type":"WebPage","@id":"https:\/\/www.sp-equipements.com\/site\/produit\/banquette-estoril-speciale-jardiniere\/","url":"https:\/\/www.sp-equipements.com\/site\/produit\/banquette-estoril-speciale-jardiniere\/","name":"Banquette ESTORIL Sp\u00e9ciale Jardini\u00e8re - SP \u00c9quipements","isPartOf":{"@id":"https:\/\/www.sp-equipements.com\/site\/#website"},"primaryImageOfPage":{"@id":"https:\/\/www.sp-equipements.com\/site\/produit\/banquette-estoril-speciale-jardiniere\/#primaryimage"},"image":{"@id":"https:\/\/www.sp-equipements.com\/site\/produit\/banquette-estoril-speciale-jardiniere\/#primaryimage"},"thumbnailUrl":"https:\/\/www.sp-equipements.com\/site\/wp-content\/uploads\/2019\/06\/banquette_estoril_speciale_jardiniere-1.jpg","datePublished":"2019-06-07T08:13:47+00:00","dateModified":"2019-06-19T13:31:18+00:00","breadcrumb":{"@id":"https:\/\/www.sp-equipements.com\/site\/produit\/banquette-estoril-speciale-jardiniere\/#breadcrumb"},"inLanguage":"fr-FR","potentialAction":[{"@type":"ReadAction","target":["https:\/\/www.sp-equipements.com\/site\/produit\/banquette-estoril-speciale-jardiniere\/"]}]},{"@type":"ImageObject","inLanguage":"fr-FR","@id":"https:\/\/www.sp-equipements.com\/site\/produit\/banquette-estoril-speciale-jardiniere\/#primaryimage","url":"https:\/\/www.sp-equipements.com\/site\/wp-content\/uploads\/2019\/06\/banquette_estoril_speciale_jardiniere-1.jpg","contentUrl":"https:\/\/www.sp-equipements.com\/site\/wp-content\/uploads\/2019\/06\/banquette_estoril_speciale_jardiniere-1.jpg","width":190,"height":190,"caption":"banquette estoril speciale jardiniere 1"},{"@type":"BreadcrumbList","@id":"https:\/\/www.sp-equipements.com\/site\/produit\/banquette-estoril-speciale-jardiniere\/#breadcrumb","itemListElement":[{"@type":"ListItem","position":1,"name":"Accueil","item":"https:\/\/www.sp-equipements.com\/site\/"},{"@type":"ListItem","position":2,"name":"Catalogue","item":"https:\/\/www.sp-equipements.com\/site\/catalogue\/"},{"@type":"ListItem","position":3,"name":"Banquette ESTORIL Sp\u00e9ciale Jardini\u00e8re"}]},{"@type":"WebSite","@id":"https:\/\/www.sp-equipements.com\/site\/#website","url":"https:\/\/www.sp-equipements.com\/site\/","name":"SP \u00c9quipements","description":"\u00c9quipements de collectivit\u00e9s","potentialAction":[{"@type":"SearchAction","target":{"@type":"EntryPoint","urlTemplate":"https:\/\/www.sp-equipements.com\/site\/?s={search_term_string}"},"query-input":"required name=search_term_string"}],"inLanguage":"fr-FR"}]}},"_links":{"self":[{"href":"https:\/\/www.sp-equipements.com\/site\/wp-json\/wp\/v2\/product\/21735"}],"collection":[{"href":"https:\/\/www.sp-equipements.com\/site\/wp-json\/wp\/v2\/product"}],"about":[{"href":"https:\/\/www.sp-equipements.com\/site\/wp-json\/wp\/v2\/types\/product"}],"replies":[{"embeddable":true,"href":"https:\/\/www.sp-equipements.com\/site\/wp-json\/wp\/v2\/comments?post=21735"}],"wp:featuredmedia":[{"embeddable":true,"href":"https:\/\/www.sp-equipements.com\/site\/wp-json\/wp\/v2\/media\/37659"}],"wp:attachment":[{"href":"https:\/\/www.sp-equipements.com\/site\/wp-json\/wp\/v2\/media?parent=21735"}],"wp:term":[{"taxonomy":"product_cat","embeddable":true,"href":"https:\/\/www.sp-equipements.com\/site\/wp-json\/wp\/v2\/product_cat?post=21735"},{"taxonomy":"product_tag","embeddable":true,"href":"https:\/\/www.sp-equipements.com\/site\/wp-json\/wp\/v2\/product_tag?post=21735"}],"curies":[{"name":"wp","href":"https:\/\/api.w.org\/{rel}","templated":true}]}}