{"id":21742,"date":"2019-06-07T10:13:50","date_gmt":"2019-06-07T08:13:50","guid":{"rendered":"http:\/\/www.polyequipements.com\/produit\/corbeille-guyenne-avec-seau\/"},"modified":"2019-06-19T15:31:20","modified_gmt":"2019-06-19T13:31:20","slug":"corbeille-guyenne-avec-seau","status":"publish","type":"product","link":"https:\/\/www.sp-equipements.com\/site\/produit\/corbeille-guyenne-avec-seau\/","title":{"rendered":"Corbeille GUYENNE <i>avec seau<\/i>"},"content":{"rendered":"","protected":false},"excerpt":{"rendered":"<div id=\"box-article-description\">\n<div id=\"display-article-description\">\n<p><i>Poubelle acier avec deux versions de pied :<\/i><\/p>\n<p>\u2022 Central avec tube acier \u00d8 76 et embase en fonte d\u2019aluminium, \u00e0 fixer par scellement direct ou sur Serrubloc \u00d8 76mm avec serrure pour la rendre amovible .<br \/>\n\u2022 Lat\u00e9ral avec tube acier \u00d8 76 et collier en fonte d\u2019aluminium. 4 pommeaux au choix.<br \/>\nEmbase 1 avec pommeaux Boule et Europe, embase 2 avec pommeaux City et Agora<\/p>\n<\/div>\n<\/div>\n","protected":false},"featured_media":37666,"comment_status":"open","ping_status":"closed","template":"","meta":[],"product_cat":[174,100],"product_tag":[],"yoast_head":"<!-- This site is optimized with the Yoast SEO plugin v22.2 - https:\/\/yoast.com\/wordpress\/plugins\/seo\/ -->\n<title>Corbeille GUYENNE avec seau - SP \u00c9quipements<\/title>\n<meta name=\"robots\" content=\"index, follow, max-snippet:-1, max-image-preview:large, max-video-preview:-1\" \/>\n<link rel=\"canonical\" href=\"https:\/\/www.sp-equipements.com\/site\/produit\/corbeille-guyenne-avec-seau\/\" \/>\n<meta property=\"og:locale\" content=\"fr_FR\" \/>\n<meta property=\"og:type\" content=\"article\" \/>\n<meta property=\"og:title\" content=\"Corbeille GUYENNE avec seau - SP \u00c9quipements\" \/>\n<meta property=\"og:description\" content=\"Poubelle acier avec deux versions de pied :  \u2022 Central avec tube acier \u00d8 76 et embase en fonte d\u2019aluminium, \u00e0 fixer par scellement direct ou sur Serrubloc \u00d8 76mm avec serrure pour la rendre amovible . \u2022 Lat\u00e9ral avec tube acier \u00d8 76 et collier en fonte d\u2019aluminium. 4 pommeaux au choix. Embase 1 avec pommeaux Boule et Europe, embase 2 avec pommeaux City et Agora\" \/>\n<meta property=\"og:url\" content=\"https:\/\/www.sp-equipements.com\/site\/produit\/corbeille-guyenne-avec-seau\/\" \/>\n<meta property=\"og:site_name\" content=\"SP \u00c9quipements\" \/>\n<meta property=\"article:modified_time\" content=\"2019-06-19T13:31:20+00:00\" \/>\n<meta property=\"og:image\" content=\"https:\/\/www.sp-equipements.com\/site\/wp-content\/uploads\/2019\/06\/corbeille_de_proprete_guyenne-1.jpg\" \/>\n\t<meta property=\"og:image:width\" content=\"190\" \/>\n\t<meta property=\"og:image:height\" content=\"190\" \/>\n\t<meta property=\"og:image:type\" content=\"image\/jpeg\" \/>\n<meta name=\"twitter:card\" content=\"summary_large_image\" \/>\n<script type=\"application\/ld+json\" class=\"yoast-schema-graph\">{\"@context\":\"https:\/\/schema.org\",\"@graph\":[{\"@type\":\"WebPage\",\"@id\":\"https:\/\/www.sp-equipements.com\/site\/produit\/corbeille-guyenne-avec-seau\/\",\"url\":\"https:\/\/www.sp-equipements.com\/site\/produit\/corbeille-guyenne-avec-seau\/\",\"name\":\"Corbeille GUYENNE avec seau - SP \u00c9quipements\",\"isPartOf\":{\"@id\":\"https:\/\/www.sp-equipements.com\/site\/#website\"},\"primaryImageOfPage\":{\"@id\":\"https:\/\/www.sp-equipements.com\/site\/produit\/corbeille-guyenne-avec-seau\/#primaryimage\"},\"image\":{\"@id\":\"https:\/\/www.sp-equipements.com\/site\/produit\/corbeille-guyenne-avec-seau\/#primaryimage\"},\"thumbnailUrl\":\"https:\/\/www.sp-equipements.com\/site\/wp-content\/uploads\/2019\/06\/corbeille_de_proprete_guyenne-1.jpg\",\"datePublished\":\"2019-06-07T08:13:50+00:00\",\"dateModified\":\"2019-06-19T13:31:20+00:00\",\"breadcrumb\":{\"@id\":\"https:\/\/www.sp-equipements.com\/site\/produit\/corbeille-guyenne-avec-seau\/#breadcrumb\"},\"inLanguage\":\"fr-FR\",\"potentialAction\":[{\"@type\":\"ReadAction\",\"target\":[\"https:\/\/www.sp-equipements.com\/site\/produit\/corbeille-guyenne-avec-seau\/\"]}]},{\"@type\":\"ImageObject\",\"inLanguage\":\"fr-FR\",\"@id\":\"https:\/\/www.sp-equipements.com\/site\/produit\/corbeille-guyenne-avec-seau\/#primaryimage\",\"url\":\"https:\/\/www.sp-equipements.com\/site\/wp-content\/uploads\/2019\/06\/corbeille_de_proprete_guyenne-1.jpg\",\"contentUrl\":\"https:\/\/www.sp-equipements.com\/site\/wp-content\/uploads\/2019\/06\/corbeille_de_proprete_guyenne-1.jpg\",\"width\":190,\"height\":190,\"caption\":\"corbeille de proprete guyenne 1\"},{\"@type\":\"BreadcrumbList\",\"@id\":\"https:\/\/www.sp-equipements.com\/site\/produit\/corbeille-guyenne-avec-seau\/#breadcrumb\",\"itemListElement\":[{\"@type\":\"ListItem\",\"position\":1,\"name\":\"Accueil\",\"item\":\"https:\/\/www.sp-equipements.com\/site\/\"},{\"@type\":\"ListItem\",\"position\":2,\"name\":\"Catalogue\",\"item\":\"https:\/\/www.sp-equipements.com\/site\/catalogue\/\"},{\"@type\":\"ListItem\",\"position\":3,\"name\":\"Corbeille GUYENNE avec seau\"}]},{\"@type\":\"WebSite\",\"@id\":\"https:\/\/www.sp-equipements.com\/site\/#website\",\"url\":\"https:\/\/www.sp-equipements.com\/site\/\",\"name\":\"SP \u00c9quipements\",\"description\":\"\u00c9quipements de collectivit\u00e9s\",\"potentialAction\":[{\"@type\":\"SearchAction\",\"target\":{\"@type\":\"EntryPoint\",\"urlTemplate\":\"https:\/\/www.sp-equipements.com\/site\/?s={search_term_string}\"},\"query-input\":\"required name=search_term_string\"}],\"inLanguage\":\"fr-FR\"}]}<\/script>\n<!-- \/ Yoast SEO plugin. -->","yoast_head_json":{"title":"Corbeille GUYENNE avec seau - SP \u00c9quipements","robots":{"index":"index","follow":"follow","max-snippet":"max-snippet:-1","max-image-preview":"max-image-preview:large","max-video-preview":"max-video-preview:-1"},"canonical":"https:\/\/www.sp-equipements.com\/site\/produit\/corbeille-guyenne-avec-seau\/","og_locale":"fr_FR","og_type":"article","og_title":"Corbeille GUYENNE avec seau - SP \u00c9quipements","og_description":"Poubelle acier avec deux versions de pied :  \u2022 Central avec tube acier \u00d8 76 et embase en fonte d\u2019aluminium, \u00e0 fixer par scellement direct ou sur Serrubloc \u00d8 76mm avec serrure pour la rendre amovible . \u2022 Lat\u00e9ral avec tube acier \u00d8 76 et collier en fonte d\u2019aluminium. 4 pommeaux au choix. Embase 1 avec pommeaux Boule et Europe, embase 2 avec pommeaux City et Agora","og_url":"https:\/\/www.sp-equipements.com\/site\/produit\/corbeille-guyenne-avec-seau\/","og_site_name":"SP \u00c9quipements","article_modified_time":"2019-06-19T13:31:20+00:00","og_image":[{"width":190,"height":190,"url":"https:\/\/www.sp-equipements.com\/site\/wp-content\/uploads\/2019\/06\/corbeille_de_proprete_guyenne-1.jpg","type":"image\/jpeg"}],"twitter_card":"summary_large_image","schema":{"@context":"https:\/\/schema.org","@graph":[{"@type":"WebPage","@id":"https:\/\/www.sp-equipements.com\/site\/produit\/corbeille-guyenne-avec-seau\/","url":"https:\/\/www.sp-equipements.com\/site\/produit\/corbeille-guyenne-avec-seau\/","name":"Corbeille GUYENNE avec seau - SP \u00c9quipements","isPartOf":{"@id":"https:\/\/www.sp-equipements.com\/site\/#website"},"primaryImageOfPage":{"@id":"https:\/\/www.sp-equipements.com\/site\/produit\/corbeille-guyenne-avec-seau\/#primaryimage"},"image":{"@id":"https:\/\/www.sp-equipements.com\/site\/produit\/corbeille-guyenne-avec-seau\/#primaryimage"},"thumbnailUrl":"https:\/\/www.sp-equipements.com\/site\/wp-content\/uploads\/2019\/06\/corbeille_de_proprete_guyenne-1.jpg","datePublished":"2019-06-07T08:13:50+00:00","dateModified":"2019-06-19T13:31:20+00:00","breadcrumb":{"@id":"https:\/\/www.sp-equipements.com\/site\/produit\/corbeille-guyenne-avec-seau\/#breadcrumb"},"inLanguage":"fr-FR","potentialAction":[{"@type":"ReadAction","target":["https:\/\/www.sp-equipements.com\/site\/produit\/corbeille-guyenne-avec-seau\/"]}]},{"@type":"ImageObject","inLanguage":"fr-FR","@id":"https:\/\/www.sp-equipements.com\/site\/produit\/corbeille-guyenne-avec-seau\/#primaryimage","url":"https:\/\/www.sp-equipements.com\/site\/wp-content\/uploads\/2019\/06\/corbeille_de_proprete_guyenne-1.jpg","contentUrl":"https:\/\/www.sp-equipements.com\/site\/wp-content\/uploads\/2019\/06\/corbeille_de_proprete_guyenne-1.jpg","width":190,"height":190,"caption":"corbeille de proprete guyenne 1"},{"@type":"BreadcrumbList","@id":"https:\/\/www.sp-equipements.com\/site\/produit\/corbeille-guyenne-avec-seau\/#breadcrumb","itemListElement":[{"@type":"ListItem","position":1,"name":"Accueil","item":"https:\/\/www.sp-equipements.com\/site\/"},{"@type":"ListItem","position":2,"name":"Catalogue","item":"https:\/\/www.sp-equipements.com\/site\/catalogue\/"},{"@type":"ListItem","position":3,"name":"Corbeille GUYENNE avec seau"}]},{"@type":"WebSite","@id":"https:\/\/www.sp-equipements.com\/site\/#website","url":"https:\/\/www.sp-equipements.com\/site\/","name":"SP \u00c9quipements","description":"\u00c9quipements de collectivit\u00e9s","potentialAction":[{"@type":"SearchAction","target":{"@type":"EntryPoint","urlTemplate":"https:\/\/www.sp-equipements.com\/site\/?s={search_term_string}"},"query-input":"required name=search_term_string"}],"inLanguage":"fr-FR"}]}},"_links":{"self":[{"href":"https:\/\/www.sp-equipements.com\/site\/wp-json\/wp\/v2\/product\/21742"}],"collection":[{"href":"https:\/\/www.sp-equipements.com\/site\/wp-json\/wp\/v2\/product"}],"about":[{"href":"https:\/\/www.sp-equipements.com\/site\/wp-json\/wp\/v2\/types\/product"}],"replies":[{"embeddable":true,"href":"https:\/\/www.sp-equipements.com\/site\/wp-json\/wp\/v2\/comments?post=21742"}],"wp:featuredmedia":[{"embeddable":true,"href":"https:\/\/www.sp-equipements.com\/site\/wp-json\/wp\/v2\/media\/37666"}],"wp:attachment":[{"href":"https:\/\/www.sp-equipements.com\/site\/wp-json\/wp\/v2\/media?parent=21742"}],"wp:term":[{"taxonomy":"product_cat","embeddable":true,"href":"https:\/\/www.sp-equipements.com\/site\/wp-json\/wp\/v2\/product_cat?post=21742"},{"taxonomy":"product_tag","embeddable":true,"href":"https:\/\/www.sp-equipements.com\/site\/wp-json\/wp\/v2\/product_tag?post=21742"}],"curies":[{"name":"wp","href":"https:\/\/api.w.org\/{rel}","templated":true}]}}