{"id":21746,"date":"2019-06-07T10:13:52","date_gmt":"2019-06-07T08:13:52","guid":{"rendered":"http:\/\/www.polyequipements.com\/produit\/corbeille-aunis\/"},"modified":"2019-06-19T15:31:21","modified_gmt":"2019-06-19T13:31:21","slug":"corbeille-aunis","status":"publish","type":"product","link":"https:\/\/www.sp-equipements.com\/site\/produit\/corbeille-aunis\/","title":{"rendered":"Corbeille AUNIS"},"content":{"rendered":"","protected":false},"excerpt":{"rendered":"<div id=\"box-article-description\">\n<div id=\"display-article-description\">\n<p><i>Ligne r\u00e9alis\u00e9e en poly\u00e9thyl\u00e8ne ind\u00e9formable trait\u00e9 anti-UV, pour une bonne tenue \u00e0 l\u2019ext\u00e9rieur.<\/i><\/p>\n<p>Bac int\u00e9rieur en acier galvanis\u00e9 \u00e9quip\u00e9 de poign\u00e9es.<br \/>\nFermeture par serrure triangle.<br \/>\nRemise en place par blocage automatique du couvercle.<br \/>\nPose murale ou, en option, sur poteau (H 1250mm) pour mod\u00e8le 40 litres.<br \/>\nFixation au sol pour mod\u00e8le 90 litres.<br \/>\nFinition noir ou vert.<br \/>\nAutres couleurs sur demande.<\/p>\n<\/div>\n<\/div>\n","protected":false},"featured_media":37670,"comment_status":"open","ping_status":"closed","template":"","meta":[],"product_cat":[174,100],"product_tag":[],"yoast_head":"<!-- This site is optimized with the Yoast SEO plugin v22.2 - https:\/\/yoast.com\/wordpress\/plugins\/seo\/ -->\n<title>Corbeille AUNIS - SP \u00c9quipements<\/title>\n<meta name=\"robots\" content=\"index, follow, max-snippet:-1, max-image-preview:large, max-video-preview:-1\" \/>\n<link rel=\"canonical\" href=\"https:\/\/www.sp-equipements.com\/site\/produit\/corbeille-aunis\/\" \/>\n<meta property=\"og:locale\" content=\"fr_FR\" \/>\n<meta property=\"og:type\" content=\"article\" \/>\n<meta property=\"og:title\" content=\"Corbeille AUNIS - SP \u00c9quipements\" \/>\n<meta property=\"og:description\" content=\"Ligne r\u00e9alis\u00e9e en poly\u00e9thyl\u00e8ne ind\u00e9formable trait\u00e9 anti-UV, pour une bonne tenue \u00e0 l\u2019ext\u00e9rieur.  Bac int\u00e9rieur en acier galvanis\u00e9 \u00e9quip\u00e9 de poign\u00e9es. Fermeture par serrure triangle. Remise en place par blocage automatique du couvercle. Pose murale ou, en option, sur poteau (H 1250mm) pour mod\u00e8le 40 litres. Fixation au sol pour mod\u00e8le 90 litres. Finition noir ou vert. Autres couleurs sur demande.\" \/>\n<meta property=\"og:url\" content=\"https:\/\/www.sp-equipements.com\/site\/produit\/corbeille-aunis\/\" \/>\n<meta property=\"og:site_name\" content=\"SP \u00c9quipements\" \/>\n<meta property=\"article:modified_time\" content=\"2019-06-19T13:31:21+00:00\" \/>\n<meta property=\"og:image\" content=\"https:\/\/www.sp-equipements.com\/site\/wp-content\/uploads\/2019\/06\/corbeille_de_proprete_aunis_1-1.jpg\" \/>\n\t<meta property=\"og:image:width\" content=\"190\" \/>\n\t<meta property=\"og:image:height\" content=\"190\" \/>\n\t<meta property=\"og:image:type\" content=\"image\/jpeg\" \/>\n<meta name=\"twitter:card\" content=\"summary_large_image\" \/>\n<script type=\"application\/ld+json\" class=\"yoast-schema-graph\">{\"@context\":\"https:\/\/schema.org\",\"@graph\":[{\"@type\":\"WebPage\",\"@id\":\"https:\/\/www.sp-equipements.com\/site\/produit\/corbeille-aunis\/\",\"url\":\"https:\/\/www.sp-equipements.com\/site\/produit\/corbeille-aunis\/\",\"name\":\"Corbeille AUNIS - SP \u00c9quipements\",\"isPartOf\":{\"@id\":\"https:\/\/www.sp-equipements.com\/site\/#website\"},\"primaryImageOfPage\":{\"@id\":\"https:\/\/www.sp-equipements.com\/site\/produit\/corbeille-aunis\/#primaryimage\"},\"image\":{\"@id\":\"https:\/\/www.sp-equipements.com\/site\/produit\/corbeille-aunis\/#primaryimage\"},\"thumbnailUrl\":\"https:\/\/www.sp-equipements.com\/site\/wp-content\/uploads\/2019\/06\/corbeille_de_proprete_aunis_1-1.jpg\",\"datePublished\":\"2019-06-07T08:13:52+00:00\",\"dateModified\":\"2019-06-19T13:31:21+00:00\",\"breadcrumb\":{\"@id\":\"https:\/\/www.sp-equipements.com\/site\/produit\/corbeille-aunis\/#breadcrumb\"},\"inLanguage\":\"fr-FR\",\"potentialAction\":[{\"@type\":\"ReadAction\",\"target\":[\"https:\/\/www.sp-equipements.com\/site\/produit\/corbeille-aunis\/\"]}]},{\"@type\":\"ImageObject\",\"inLanguage\":\"fr-FR\",\"@id\":\"https:\/\/www.sp-equipements.com\/site\/produit\/corbeille-aunis\/#primaryimage\",\"url\":\"https:\/\/www.sp-equipements.com\/site\/wp-content\/uploads\/2019\/06\/corbeille_de_proprete_aunis_1-1.jpg\",\"contentUrl\":\"https:\/\/www.sp-equipements.com\/site\/wp-content\/uploads\/2019\/06\/corbeille_de_proprete_aunis_1-1.jpg\",\"width\":190,\"height\":190,\"caption\":\"corbeille de proprete aunis 1 1\"},{\"@type\":\"BreadcrumbList\",\"@id\":\"https:\/\/www.sp-equipements.com\/site\/produit\/corbeille-aunis\/#breadcrumb\",\"itemListElement\":[{\"@type\":\"ListItem\",\"position\":1,\"name\":\"Accueil\",\"item\":\"https:\/\/www.sp-equipements.com\/site\/\"},{\"@type\":\"ListItem\",\"position\":2,\"name\":\"Catalogue\",\"item\":\"https:\/\/www.sp-equipements.com\/site\/catalogue\/\"},{\"@type\":\"ListItem\",\"position\":3,\"name\":\"Corbeille AUNIS\"}]},{\"@type\":\"WebSite\",\"@id\":\"https:\/\/www.sp-equipements.com\/site\/#website\",\"url\":\"https:\/\/www.sp-equipements.com\/site\/\",\"name\":\"SP \u00c9quipements\",\"description\":\"\u00c9quipements de collectivit\u00e9s\",\"potentialAction\":[{\"@type\":\"SearchAction\",\"target\":{\"@type\":\"EntryPoint\",\"urlTemplate\":\"https:\/\/www.sp-equipements.com\/site\/?s={search_term_string}\"},\"query-input\":\"required name=search_term_string\"}],\"inLanguage\":\"fr-FR\"}]}<\/script>\n<!-- \/ Yoast SEO plugin. -->","yoast_head_json":{"title":"Corbeille AUNIS - SP \u00c9quipements","robots":{"index":"index","follow":"follow","max-snippet":"max-snippet:-1","max-image-preview":"max-image-preview:large","max-video-preview":"max-video-preview:-1"},"canonical":"https:\/\/www.sp-equipements.com\/site\/produit\/corbeille-aunis\/","og_locale":"fr_FR","og_type":"article","og_title":"Corbeille AUNIS - SP \u00c9quipements","og_description":"Ligne r\u00e9alis\u00e9e en poly\u00e9thyl\u00e8ne ind\u00e9formable trait\u00e9 anti-UV, pour une bonne tenue \u00e0 l\u2019ext\u00e9rieur.  Bac int\u00e9rieur en acier galvanis\u00e9 \u00e9quip\u00e9 de poign\u00e9es. Fermeture par serrure triangle. Remise en place par blocage automatique du couvercle. Pose murale ou, en option, sur poteau (H 1250mm) pour mod\u00e8le 40 litres. Fixation au sol pour mod\u00e8le 90 litres. Finition noir ou vert. Autres couleurs sur demande.","og_url":"https:\/\/www.sp-equipements.com\/site\/produit\/corbeille-aunis\/","og_site_name":"SP \u00c9quipements","article_modified_time":"2019-06-19T13:31:21+00:00","og_image":[{"width":190,"height":190,"url":"https:\/\/www.sp-equipements.com\/site\/wp-content\/uploads\/2019\/06\/corbeille_de_proprete_aunis_1-1.jpg","type":"image\/jpeg"}],"twitter_card":"summary_large_image","schema":{"@context":"https:\/\/schema.org","@graph":[{"@type":"WebPage","@id":"https:\/\/www.sp-equipements.com\/site\/produit\/corbeille-aunis\/","url":"https:\/\/www.sp-equipements.com\/site\/produit\/corbeille-aunis\/","name":"Corbeille AUNIS - SP \u00c9quipements","isPartOf":{"@id":"https:\/\/www.sp-equipements.com\/site\/#website"},"primaryImageOfPage":{"@id":"https:\/\/www.sp-equipements.com\/site\/produit\/corbeille-aunis\/#primaryimage"},"image":{"@id":"https:\/\/www.sp-equipements.com\/site\/produit\/corbeille-aunis\/#primaryimage"},"thumbnailUrl":"https:\/\/www.sp-equipements.com\/site\/wp-content\/uploads\/2019\/06\/corbeille_de_proprete_aunis_1-1.jpg","datePublished":"2019-06-07T08:13:52+00:00","dateModified":"2019-06-19T13:31:21+00:00","breadcrumb":{"@id":"https:\/\/www.sp-equipements.com\/site\/produit\/corbeille-aunis\/#breadcrumb"},"inLanguage":"fr-FR","potentialAction":[{"@type":"ReadAction","target":["https:\/\/www.sp-equipements.com\/site\/produit\/corbeille-aunis\/"]}]},{"@type":"ImageObject","inLanguage":"fr-FR","@id":"https:\/\/www.sp-equipements.com\/site\/produit\/corbeille-aunis\/#primaryimage","url":"https:\/\/www.sp-equipements.com\/site\/wp-content\/uploads\/2019\/06\/corbeille_de_proprete_aunis_1-1.jpg","contentUrl":"https:\/\/www.sp-equipements.com\/site\/wp-content\/uploads\/2019\/06\/corbeille_de_proprete_aunis_1-1.jpg","width":190,"height":190,"caption":"corbeille de proprete aunis 1 1"},{"@type":"BreadcrumbList","@id":"https:\/\/www.sp-equipements.com\/site\/produit\/corbeille-aunis\/#breadcrumb","itemListElement":[{"@type":"ListItem","position":1,"name":"Accueil","item":"https:\/\/www.sp-equipements.com\/site\/"},{"@type":"ListItem","position":2,"name":"Catalogue","item":"https:\/\/www.sp-equipements.com\/site\/catalogue\/"},{"@type":"ListItem","position":3,"name":"Corbeille AUNIS"}]},{"@type":"WebSite","@id":"https:\/\/www.sp-equipements.com\/site\/#website","url":"https:\/\/www.sp-equipements.com\/site\/","name":"SP \u00c9quipements","description":"\u00c9quipements de collectivit\u00e9s","potentialAction":[{"@type":"SearchAction","target":{"@type":"EntryPoint","urlTemplate":"https:\/\/www.sp-equipements.com\/site\/?s={search_term_string}"},"query-input":"required name=search_term_string"}],"inLanguage":"fr-FR"}]}},"_links":{"self":[{"href":"https:\/\/www.sp-equipements.com\/site\/wp-json\/wp\/v2\/product\/21746"}],"collection":[{"href":"https:\/\/www.sp-equipements.com\/site\/wp-json\/wp\/v2\/product"}],"about":[{"href":"https:\/\/www.sp-equipements.com\/site\/wp-json\/wp\/v2\/types\/product"}],"replies":[{"embeddable":true,"href":"https:\/\/www.sp-equipements.com\/site\/wp-json\/wp\/v2\/comments?post=21746"}],"wp:featuredmedia":[{"embeddable":true,"href":"https:\/\/www.sp-equipements.com\/site\/wp-json\/wp\/v2\/media\/37670"}],"wp:attachment":[{"href":"https:\/\/www.sp-equipements.com\/site\/wp-json\/wp\/v2\/media?parent=21746"}],"wp:term":[{"taxonomy":"product_cat","embeddable":true,"href":"https:\/\/www.sp-equipements.com\/site\/wp-json\/wp\/v2\/product_cat?post=21746"},{"taxonomy":"product_tag","embeddable":true,"href":"https:\/\/www.sp-equipements.com\/site\/wp-json\/wp\/v2\/product_tag?post=21746"}],"curies":[{"name":"wp","href":"https:\/\/api.w.org\/{rel}","templated":true}]}}