{"id":21747,"date":"2019-06-07T10:13:53","date_gmt":"2019-06-07T08:13:53","guid":{"rendered":"http:\/\/www.polyequipements.com\/produit\/corbeille-gascogne-avec-seau-socle-fonte\/"},"modified":"2019-06-19T15:31:21","modified_gmt":"2019-06-19T13:31:21","slug":"corbeille-gascogne-avec-seau-socle-fonte","status":"publish","type":"product","link":"https:\/\/www.sp-equipements.com\/site\/produit\/corbeille-gascogne-avec-seau-socle-fonte\/","title":{"rendered":"Corbeille GASCOGNE <i>avec seau &#038; socle fonte<\/i>"},"content":{"rendered":"","protected":false},"excerpt":{"rendered":"<p><i>Poubelle acier avec deux versions de pied :<\/i><\/p>\n<p>\u2022 Sur socle en fonte d\u2019aluminium de \u00d8 270mm \u00e0 sceller ou \u00e0 fixer dans fourreau Serrubloc \u00d8 145mm pour la rendre amovible.<br \/>\n\u2022 Sur pied cylindrique acier \u00e9quip\u00e9 d\u2019un croisillon int\u00e9rieur pour fixation au sol.<\/p>\n","protected":false},"featured_media":37671,"comment_status":"open","ping_status":"closed","template":"","meta":[],"product_cat":[174,100],"product_tag":[],"yoast_head":"<!-- This site is optimized with the Yoast SEO plugin v22.2 - https:\/\/yoast.com\/wordpress\/plugins\/seo\/ -->\n<title>Corbeille GASCOGNE avec seau &amp; socle fonte - SP \u00c9quipements<\/title>\n<meta name=\"robots\" content=\"index, follow, max-snippet:-1, max-image-preview:large, max-video-preview:-1\" \/>\n<link rel=\"canonical\" href=\"https:\/\/www.sp-equipements.com\/site\/produit\/corbeille-gascogne-avec-seau-socle-fonte\/\" \/>\n<meta property=\"og:locale\" content=\"fr_FR\" \/>\n<meta property=\"og:type\" content=\"article\" \/>\n<meta property=\"og:title\" content=\"Corbeille GASCOGNE avec seau &amp; socle fonte - SP \u00c9quipements\" \/>\n<meta property=\"og:description\" content=\"Poubelle acier avec deux versions de pied :  \u2022 Sur socle en fonte d\u2019aluminium de \u00d8 270mm \u00e0 sceller ou \u00e0 fixer dans fourreau Serrubloc \u00d8 145mm pour la rendre amovible. \u2022 Sur pied cylindrique acier \u00e9quip\u00e9 d\u2019un croisillon int\u00e9rieur pour fixation au sol.\" \/>\n<meta property=\"og:url\" content=\"https:\/\/www.sp-equipements.com\/site\/produit\/corbeille-gascogne-avec-seau-socle-fonte\/\" \/>\n<meta property=\"og:site_name\" content=\"SP \u00c9quipements\" \/>\n<meta property=\"article:modified_time\" content=\"2019-06-19T13:31:21+00:00\" \/>\n<meta property=\"og:image\" content=\"https:\/\/www.sp-equipements.com\/site\/wp-content\/uploads\/2019\/06\/corbeille_de_proprete_gascogne_1-1.jpg\" \/>\n\t<meta property=\"og:image:width\" content=\"190\" \/>\n\t<meta property=\"og:image:height\" content=\"190\" \/>\n\t<meta property=\"og:image:type\" content=\"image\/jpeg\" \/>\n<meta name=\"twitter:card\" content=\"summary_large_image\" \/>\n<script type=\"application\/ld+json\" class=\"yoast-schema-graph\">{\"@context\":\"https:\/\/schema.org\",\"@graph\":[{\"@type\":\"WebPage\",\"@id\":\"https:\/\/www.sp-equipements.com\/site\/produit\/corbeille-gascogne-avec-seau-socle-fonte\/\",\"url\":\"https:\/\/www.sp-equipements.com\/site\/produit\/corbeille-gascogne-avec-seau-socle-fonte\/\",\"name\":\"Corbeille GASCOGNE avec seau & socle fonte - SP \u00c9quipements\",\"isPartOf\":{\"@id\":\"https:\/\/www.sp-equipements.com\/site\/#website\"},\"primaryImageOfPage\":{\"@id\":\"https:\/\/www.sp-equipements.com\/site\/produit\/corbeille-gascogne-avec-seau-socle-fonte\/#primaryimage\"},\"image\":{\"@id\":\"https:\/\/www.sp-equipements.com\/site\/produit\/corbeille-gascogne-avec-seau-socle-fonte\/#primaryimage\"},\"thumbnailUrl\":\"https:\/\/www.sp-equipements.com\/site\/wp-content\/uploads\/2019\/06\/corbeille_de_proprete_gascogne_1-1.jpg\",\"datePublished\":\"2019-06-07T08:13:53+00:00\",\"dateModified\":\"2019-06-19T13:31:21+00:00\",\"breadcrumb\":{\"@id\":\"https:\/\/www.sp-equipements.com\/site\/produit\/corbeille-gascogne-avec-seau-socle-fonte\/#breadcrumb\"},\"inLanguage\":\"fr-FR\",\"potentialAction\":[{\"@type\":\"ReadAction\",\"target\":[\"https:\/\/www.sp-equipements.com\/site\/produit\/corbeille-gascogne-avec-seau-socle-fonte\/\"]}]},{\"@type\":\"ImageObject\",\"inLanguage\":\"fr-FR\",\"@id\":\"https:\/\/www.sp-equipements.com\/site\/produit\/corbeille-gascogne-avec-seau-socle-fonte\/#primaryimage\",\"url\":\"https:\/\/www.sp-equipements.com\/site\/wp-content\/uploads\/2019\/06\/corbeille_de_proprete_gascogne_1-1.jpg\",\"contentUrl\":\"https:\/\/www.sp-equipements.com\/site\/wp-content\/uploads\/2019\/06\/corbeille_de_proprete_gascogne_1-1.jpg\",\"width\":190,\"height\":190,\"caption\":\"corbeille de proprete gascogne 1 1\"},{\"@type\":\"BreadcrumbList\",\"@id\":\"https:\/\/www.sp-equipements.com\/site\/produit\/corbeille-gascogne-avec-seau-socle-fonte\/#breadcrumb\",\"itemListElement\":[{\"@type\":\"ListItem\",\"position\":1,\"name\":\"Accueil\",\"item\":\"https:\/\/www.sp-equipements.com\/site\/\"},{\"@type\":\"ListItem\",\"position\":2,\"name\":\"Catalogue\",\"item\":\"https:\/\/www.sp-equipements.com\/site\/catalogue\/\"},{\"@type\":\"ListItem\",\"position\":3,\"name\":\"Corbeille GASCOGNE avec seau &#038; socle fonte\"}]},{\"@type\":\"WebSite\",\"@id\":\"https:\/\/www.sp-equipements.com\/site\/#website\",\"url\":\"https:\/\/www.sp-equipements.com\/site\/\",\"name\":\"SP \u00c9quipements\",\"description\":\"\u00c9quipements de collectivit\u00e9s\",\"potentialAction\":[{\"@type\":\"SearchAction\",\"target\":{\"@type\":\"EntryPoint\",\"urlTemplate\":\"https:\/\/www.sp-equipements.com\/site\/?s={search_term_string}\"},\"query-input\":\"required name=search_term_string\"}],\"inLanguage\":\"fr-FR\"}]}<\/script>\n<!-- \/ Yoast SEO plugin. -->","yoast_head_json":{"title":"Corbeille GASCOGNE avec seau & socle fonte - SP \u00c9quipements","robots":{"index":"index","follow":"follow","max-snippet":"max-snippet:-1","max-image-preview":"max-image-preview:large","max-video-preview":"max-video-preview:-1"},"canonical":"https:\/\/www.sp-equipements.com\/site\/produit\/corbeille-gascogne-avec-seau-socle-fonte\/","og_locale":"fr_FR","og_type":"article","og_title":"Corbeille GASCOGNE avec seau & socle fonte - SP \u00c9quipements","og_description":"Poubelle acier avec deux versions de pied :  \u2022 Sur socle en fonte d\u2019aluminium de \u00d8 270mm \u00e0 sceller ou \u00e0 fixer dans fourreau Serrubloc \u00d8 145mm pour la rendre amovible. \u2022 Sur pied cylindrique acier \u00e9quip\u00e9 d\u2019un croisillon int\u00e9rieur pour fixation au sol.","og_url":"https:\/\/www.sp-equipements.com\/site\/produit\/corbeille-gascogne-avec-seau-socle-fonte\/","og_site_name":"SP \u00c9quipements","article_modified_time":"2019-06-19T13:31:21+00:00","og_image":[{"width":190,"height":190,"url":"https:\/\/www.sp-equipements.com\/site\/wp-content\/uploads\/2019\/06\/corbeille_de_proprete_gascogne_1-1.jpg","type":"image\/jpeg"}],"twitter_card":"summary_large_image","schema":{"@context":"https:\/\/schema.org","@graph":[{"@type":"WebPage","@id":"https:\/\/www.sp-equipements.com\/site\/produit\/corbeille-gascogne-avec-seau-socle-fonte\/","url":"https:\/\/www.sp-equipements.com\/site\/produit\/corbeille-gascogne-avec-seau-socle-fonte\/","name":"Corbeille GASCOGNE avec seau & socle fonte - SP \u00c9quipements","isPartOf":{"@id":"https:\/\/www.sp-equipements.com\/site\/#website"},"primaryImageOfPage":{"@id":"https:\/\/www.sp-equipements.com\/site\/produit\/corbeille-gascogne-avec-seau-socle-fonte\/#primaryimage"},"image":{"@id":"https:\/\/www.sp-equipements.com\/site\/produit\/corbeille-gascogne-avec-seau-socle-fonte\/#primaryimage"},"thumbnailUrl":"https:\/\/www.sp-equipements.com\/site\/wp-content\/uploads\/2019\/06\/corbeille_de_proprete_gascogne_1-1.jpg","datePublished":"2019-06-07T08:13:53+00:00","dateModified":"2019-06-19T13:31:21+00:00","breadcrumb":{"@id":"https:\/\/www.sp-equipements.com\/site\/produit\/corbeille-gascogne-avec-seau-socle-fonte\/#breadcrumb"},"inLanguage":"fr-FR","potentialAction":[{"@type":"ReadAction","target":["https:\/\/www.sp-equipements.com\/site\/produit\/corbeille-gascogne-avec-seau-socle-fonte\/"]}]},{"@type":"ImageObject","inLanguage":"fr-FR","@id":"https:\/\/www.sp-equipements.com\/site\/produit\/corbeille-gascogne-avec-seau-socle-fonte\/#primaryimage","url":"https:\/\/www.sp-equipements.com\/site\/wp-content\/uploads\/2019\/06\/corbeille_de_proprete_gascogne_1-1.jpg","contentUrl":"https:\/\/www.sp-equipements.com\/site\/wp-content\/uploads\/2019\/06\/corbeille_de_proprete_gascogne_1-1.jpg","width":190,"height":190,"caption":"corbeille de proprete gascogne 1 1"},{"@type":"BreadcrumbList","@id":"https:\/\/www.sp-equipements.com\/site\/produit\/corbeille-gascogne-avec-seau-socle-fonte\/#breadcrumb","itemListElement":[{"@type":"ListItem","position":1,"name":"Accueil","item":"https:\/\/www.sp-equipements.com\/site\/"},{"@type":"ListItem","position":2,"name":"Catalogue","item":"https:\/\/www.sp-equipements.com\/site\/catalogue\/"},{"@type":"ListItem","position":3,"name":"Corbeille GASCOGNE avec seau &#038; socle fonte"}]},{"@type":"WebSite","@id":"https:\/\/www.sp-equipements.com\/site\/#website","url":"https:\/\/www.sp-equipements.com\/site\/","name":"SP \u00c9quipements","description":"\u00c9quipements de collectivit\u00e9s","potentialAction":[{"@type":"SearchAction","target":{"@type":"EntryPoint","urlTemplate":"https:\/\/www.sp-equipements.com\/site\/?s={search_term_string}"},"query-input":"required name=search_term_string"}],"inLanguage":"fr-FR"}]}},"_links":{"self":[{"href":"https:\/\/www.sp-equipements.com\/site\/wp-json\/wp\/v2\/product\/21747"}],"collection":[{"href":"https:\/\/www.sp-equipements.com\/site\/wp-json\/wp\/v2\/product"}],"about":[{"href":"https:\/\/www.sp-equipements.com\/site\/wp-json\/wp\/v2\/types\/product"}],"replies":[{"embeddable":true,"href":"https:\/\/www.sp-equipements.com\/site\/wp-json\/wp\/v2\/comments?post=21747"}],"wp:featuredmedia":[{"embeddable":true,"href":"https:\/\/www.sp-equipements.com\/site\/wp-json\/wp\/v2\/media\/37671"}],"wp:attachment":[{"href":"https:\/\/www.sp-equipements.com\/site\/wp-json\/wp\/v2\/media?parent=21747"}],"wp:term":[{"taxonomy":"product_cat","embeddable":true,"href":"https:\/\/www.sp-equipements.com\/site\/wp-json\/wp\/v2\/product_cat?post=21747"},{"taxonomy":"product_tag","embeddable":true,"href":"https:\/\/www.sp-equipements.com\/site\/wp-json\/wp\/v2\/product_tag?post=21747"}],"curies":[{"name":"wp","href":"https:\/\/api.w.org\/{rel}","templated":true}]}}