{"id":21759,"date":"2019-06-07T10:14:01","date_gmt":"2019-06-07T08:14:01","guid":{"rendered":"http:\/\/www.polyequipements.com\/produit\/station-bus-poteaux-carres-ouessant\/"},"modified":"2019-06-19T15:31:25","modified_gmt":"2019-06-19T13:31:25","slug":"station-bus-poteaux-carres-ouessant","status":"publish","type":"product","link":"https:\/\/www.sp-equipements.com\/site\/produit\/station-bus-poteaux-carres-ouessant\/","title":{"rendered":"Station-bus poteaux carr\u00e9s OUESSANT"},"content":{"rendered":"","protected":false},"excerpt":{"rendered":"<p><i>Nos Station-Bus sont \u00e9tudi\u00e9es pour s\u2019ins\u00e9rer harmonieusement dans les sites ruraux ou citadins. Poteaux carr\u00e9s ou ronds, 4 pommeaux au choix, deux dimensions, 2500 et 5000mm, permettent une personnalisation de votre \u00e9quipement.<\/i><\/p>\n<p><b>Structure<\/b><br \/>\n\u2022 Poteaux ronds : en tube aluminium \u00d8 76 sur platines.<br \/>\nColliers et embases en fonte d\u2019aluminium.<br \/>\nEmbase 1 pour t\u00eate Europe ou Boule, embase 2 pour t\u00eate Agora ou City.<br \/>\n\u2022 Poteaux carr\u00e9s : en tube acier 80 x 80 sur platines.<\/p>\n<p><b>Toiture<\/b><br \/>\nCadre compos\u00e9 de deux traverses en tube aluminium 40 x 60 et de deux goutti\u00e8res en profil\u00e9 aluminium. Arceaux en profil\u00e9 aluminium cintr\u00e9.<br \/>\nVo\u00fbte en polycarbonate alv\u00e9olaire translucide 10mm, trait\u00e9 anti-UV, ins\u00e9r\u00e9e entre les goutti\u00e8res et les arceaux.<\/p>\n<p><b>Bardage lat\u00e9ral et Bardage de fond<\/b><br \/>\nVerre s\u00e9curis\u00e9 de 8 mm d\u2019\u00e9paisseur avec signal\u00e9tique de s\u00e9curit\u00e9. Fixation par syst\u00e8me de pincement en fonte d\u2019aluminium pour un remplacement ais\u00e9 des bardages en verre s\u00e9curis\u00e9 en cas de vandalisme.<\/p>\n<p><b>Information<\/b><br \/>\nPossibilit\u00e9 de remplacer un bardage lat\u00e9ral par une vitrine d\u2019information double face.<\/p>\n<p><b><i>\u2022 Vitrine 2000 sans \u00e9clairage<\/i><\/b><i>\u00a0<\/i><br \/>\nFix\u00e9e sur poteaux ronds par colliers et sur poteaux carr\u00e9s par pattes de fixation. Vitrine double face. Cadre aluminium \u00e9paisseur 75 mm. Angles arrondis en fonte d\u2019aluminium. Porte levante assist\u00e9e par v\u00e9rins, rempla\u00e7able en cas de vandalisme, sans outil ni d\u00e9pose de la vitrine. Charni\u00e8re int\u00e9gr\u00e9e inusable. Vitrage verre s\u00e9curis\u00e9, \u00e9paisseur 4 mm. 2 serrures \u00ab de s\u00e9curit\u00e9 \u00bb 2 cl\u00e9s sur profil\u00e9 de porte. Joint d\u2019\u00e9tanch\u00e9it\u00e9 \u00e9lastom\u00e8re. Fond t\u00f4le \u00e9lectro-zingu\u00e9e, laqu\u00e9 blanc.<br \/>\nDimension d\u2019affichage h 1760 x L 1210mm.<\/p>\n<p><b><i>\u2022 Caisson d\u2019information Lumineux<\/i><\/b><i><br \/>\nUn caisson se diff\u00e9rencie d\u2019une vitrine par la pr\u00e9sence d\u2019une cloison int\u00e9rieure, support d\u2019affiche, fix\u00e9e \u00e0 20 mm du vitrage et d&rsquo;un syst\u00e8me d&rsquo;accrochage des affiches.<\/i><br \/>\nCaisson double face. Cadre aluminium \u00e9paisseur 150 mm. Angles arrondis en fonte d\u2019aluminium. Porte levante assist\u00e9e par v\u00e9rins, rempla\u00e7able en cas de vandalisme sans d\u00e9montage du caisson. Vitrage verre s\u00e9curis\u00e9, \u00e9paisseur 4 mm. Charni\u00e8re int\u00e9gr\u00e9e inusable. 2 serrures \u00ab de s\u00e9curit\u00e9 \u00bb 2 cl\u00e9s sur profil\u00e9 de porte. Joint d\u2019\u00e9tanch\u00e9it\u00e9 \u00e9lastom\u00e8re. Support d\u2019affiche : plexi diffusant blanc \u00e9paisseur 3 mm. Eclairage par tubes fluorescents \u00e0 haute luminosit\u00e9 de 58 watts chacun, conforme aux normes CE en vigueur.<br \/>\nDimension d\u2019affichage h 1710 X L 1160mm.<\/p>\n<p><b>Vitrine horaire<\/b><br \/>\nToutes nos Station-Bus sont livr\u00e9es avec une vitrine horaire , Cadre aluminium \u00e9paisseur 30 mm, h 75 x 55. Porte battante rempla\u00e7able et r\u00e9versible, sans outil ni d\u00e9pose de la vitrine. Vitrage plexichocs, \u00e9paisseur 4 mm. Charni\u00e8re int\u00e9gr\u00e9e. Serrure \u00ab de s\u00e9curit\u00e9 \u00bb 2 cl\u00e9s sur profil\u00e9 de porte. Joint d\u2019\u00e9tanch\u00e9it\u00e9 \u00e9lastom\u00e8re. Fond t\u00f4le \u00e9lectrozingu\u00e9e, laqu\u00e9 blanc. Fixation fournie.<\/p>\n<p><b>Finition et montage<\/b><br \/>\nPeint selon nos RAL. Notice de montage fournie.<\/p>\n","protected":false},"featured_media":37683,"comment_status":"open","ping_status":"closed","template":"","meta":[],"product_cat":[100,175],"product_tag":[],"yoast_head":"<!-- This site is optimized with the Yoast SEO plugin v22.2 - https:\/\/yoast.com\/wordpress\/plugins\/seo\/ -->\n<title>Station-bus poteaux carr\u00e9s OUESSANT - SP \u00c9quipements<\/title>\n<meta name=\"robots\" content=\"index, follow, max-snippet:-1, max-image-preview:large, max-video-preview:-1\" \/>\n<link rel=\"canonical\" href=\"https:\/\/www.sp-equipements.com\/site\/produit\/station-bus-poteaux-carres-ouessant\/\" \/>\n<meta property=\"og:locale\" content=\"fr_FR\" \/>\n<meta property=\"og:type\" content=\"article\" \/>\n<meta property=\"og:title\" content=\"Station-bus poteaux carr\u00e9s OUESSANT - SP \u00c9quipements\" \/>\n<meta property=\"og:description\" content=\"Nos Station-Bus sont \u00e9tudi\u00e9es pour s\u2019ins\u00e9rer harmonieusement dans les sites ruraux ou citadins. Poteaux carr\u00e9s ou ronds, 4 pommeaux au choix, deux dimensions, 2500 et 5000mm, permettent une personnalisation de votre \u00e9quipement.  Structure \u2022 Poteaux ronds : en tube aluminium \u00d8 76 sur platines. Colliers et embases en fonte d\u2019aluminium. Embase 1 pour t\u00eate Europe ou Boule, embase 2 pour t\u00eate Agora ou City. \u2022 Poteaux carr\u00e9s : en tube acier 80 x 80 sur platines.  Toiture Cadre compos\u00e9 de deux traverses en tube aluminium 40 x 60 et de deux goutti\u00e8res en profil\u00e9 aluminium. Arceaux en profil\u00e9 aluminium cintr\u00e9. Vo\u00fbte en polycarbonate alv\u00e9olaire translucide 10mm, trait\u00e9 anti-UV, ins\u00e9r\u00e9e entre les goutti\u00e8res et les arceaux.  Bardage lat\u00e9ral et Bardage de fond Verre s\u00e9curis\u00e9 de 8 mm d\u2019\u00e9paisseur avec signal\u00e9tique de s\u00e9curit\u00e9. Fixation par syst\u00e8me de pincement en fonte d\u2019aluminium pour un remplacement ais\u00e9 des bardages en verre s\u00e9curis\u00e9 en cas de vandalisme.  Information Possibilit\u00e9 de remplacer un bardage lat\u00e9ral par une vitrine d\u2019information double face.  \u2022 Vitrine 2000 sans \u00e9clairage\u00a0 Fix\u00e9e sur poteaux ronds par colliers et sur poteaux carr\u00e9s par pattes de fixation. Vitrine double face. Cadre aluminium \u00e9paisseur 75 mm. Angles arrondis en fonte d\u2019aluminium. Porte levante assist\u00e9e par v\u00e9rins, rempla\u00e7able en cas de vandalisme, sans outil ni d\u00e9pose de la vitrine. Charni\u00e8re int\u00e9gr\u00e9e inusable. Vitrage verre s\u00e9curis\u00e9, \u00e9paisseur 4 mm. 2 serrures \u00ab de s\u00e9curit\u00e9 \u00bb 2 cl\u00e9s sur profil\u00e9 de porte. Joint d\u2019\u00e9tanch\u00e9it\u00e9 \u00e9lastom\u00e8re. Fond t\u00f4le \u00e9lectro-zingu\u00e9e, laqu\u00e9 blanc. Dimension d\u2019affichage h 1760 x L 1210mm.  \u2022 Caisson d\u2019information Lumineux Un caisson se diff\u00e9rencie d\u2019une vitrine par la pr\u00e9sence d\u2019une cloison int\u00e9rieure, support d\u2019affiche, fix\u00e9e \u00e0 20 mm du vitrage et d&#039;un syst\u00e8me d&#039;accrochage des affiches. Caisson double face. Cadre aluminium \u00e9paisseur 150 mm. Angles arrondis en fonte d\u2019aluminium. Porte levante assist\u00e9e par v\u00e9rins, rempla\u00e7able en cas de vandalisme sans d\u00e9montage du caisson. Vitrage verre s\u00e9curis\u00e9, \u00e9paisseur 4 mm. Charni\u00e8re int\u00e9gr\u00e9e inusable. 2 serrures \u00ab de s\u00e9curit\u00e9 \u00bb 2 cl\u00e9s sur profil\u00e9 de porte. Joint d\u2019\u00e9tanch\u00e9it\u00e9 \u00e9lastom\u00e8re. Support d\u2019affiche : plexi diffusant blanc \u00e9paisseur 3 mm. Eclairage par tubes fluorescents \u00e0 haute luminosit\u00e9 de 58 watts chacun, conforme aux normes CE en vigueur. Dimension d\u2019affichage h 1710 X L 1160mm.  Vitrine horaire Toutes nos Station-Bus sont livr\u00e9es avec une vitrine horaire , Cadre aluminium \u00e9paisseur 30 mm, h 75 x 55. Porte battante rempla\u00e7able et r\u00e9versible, sans outil ni d\u00e9pose de la vitrine. Vitrage plexichocs, \u00e9paisseur 4 mm. Charni\u00e8re int\u00e9gr\u00e9e. Serrure \u00ab de s\u00e9curit\u00e9 \u00bb 2 cl\u00e9s sur profil\u00e9 de porte. Joint d\u2019\u00e9tanch\u00e9it\u00e9 \u00e9lastom\u00e8re. Fond t\u00f4le \u00e9lectrozingu\u00e9e, laqu\u00e9 blanc. Fixation fournie.  Finition et montage Peint selon nos RAL. Notice de montage fournie.\" \/>\n<meta property=\"og:url\" content=\"https:\/\/www.sp-equipements.com\/site\/produit\/station-bus-poteaux-carres-ouessant\/\" \/>\n<meta property=\"og:site_name\" content=\"SP \u00c9quipements\" \/>\n<meta property=\"article:modified_time\" content=\"2019-06-19T13:31:25+00:00\" \/>\n<meta property=\"og:image\" content=\"https:\/\/www.sp-equipements.com\/site\/wp-content\/uploads\/2019\/06\/station_bus_ouessant-1.jpg\" \/>\n\t<meta property=\"og:image:width\" content=\"190\" \/>\n\t<meta property=\"og:image:height\" content=\"190\" \/>\n\t<meta property=\"og:image:type\" content=\"image\/jpeg\" \/>\n<meta name=\"twitter:card\" content=\"summary_large_image\" \/>\n<script type=\"application\/ld+json\" class=\"yoast-schema-graph\">{\"@context\":\"https:\/\/schema.org\",\"@graph\":[{\"@type\":\"WebPage\",\"@id\":\"https:\/\/www.sp-equipements.com\/site\/produit\/station-bus-poteaux-carres-ouessant\/\",\"url\":\"https:\/\/www.sp-equipements.com\/site\/produit\/station-bus-poteaux-carres-ouessant\/\",\"name\":\"Station-bus poteaux carr\u00e9s OUESSANT - SP \u00c9quipements\",\"isPartOf\":{\"@id\":\"https:\/\/www.sp-equipements.com\/site\/#website\"},\"primaryImageOfPage\":{\"@id\":\"https:\/\/www.sp-equipements.com\/site\/produit\/station-bus-poteaux-carres-ouessant\/#primaryimage\"},\"image\":{\"@id\":\"https:\/\/www.sp-equipements.com\/site\/produit\/station-bus-poteaux-carres-ouessant\/#primaryimage\"},\"thumbnailUrl\":\"https:\/\/www.sp-equipements.com\/site\/wp-content\/uploads\/2019\/06\/station_bus_ouessant-1.jpg\",\"datePublished\":\"2019-06-07T08:14:01+00:00\",\"dateModified\":\"2019-06-19T13:31:25+00:00\",\"breadcrumb\":{\"@id\":\"https:\/\/www.sp-equipements.com\/site\/produit\/station-bus-poteaux-carres-ouessant\/#breadcrumb\"},\"inLanguage\":\"fr-FR\",\"potentialAction\":[{\"@type\":\"ReadAction\",\"target\":[\"https:\/\/www.sp-equipements.com\/site\/produit\/station-bus-poteaux-carres-ouessant\/\"]}]},{\"@type\":\"ImageObject\",\"inLanguage\":\"fr-FR\",\"@id\":\"https:\/\/www.sp-equipements.com\/site\/produit\/station-bus-poteaux-carres-ouessant\/#primaryimage\",\"url\":\"https:\/\/www.sp-equipements.com\/site\/wp-content\/uploads\/2019\/06\/station_bus_ouessant-1.jpg\",\"contentUrl\":\"https:\/\/www.sp-equipements.com\/site\/wp-content\/uploads\/2019\/06\/station_bus_ouessant-1.jpg\",\"width\":190,\"height\":190,\"caption\":\"station bus ouessant 1\"},{\"@type\":\"BreadcrumbList\",\"@id\":\"https:\/\/www.sp-equipements.com\/site\/produit\/station-bus-poteaux-carres-ouessant\/#breadcrumb\",\"itemListElement\":[{\"@type\":\"ListItem\",\"position\":1,\"name\":\"Accueil\",\"item\":\"https:\/\/www.sp-equipements.com\/site\/\"},{\"@type\":\"ListItem\",\"position\":2,\"name\":\"Catalogue\",\"item\":\"https:\/\/www.sp-equipements.com\/site\/catalogue\/\"},{\"@type\":\"ListItem\",\"position\":3,\"name\":\"Station-bus poteaux carr\u00e9s OUESSANT\"}]},{\"@type\":\"WebSite\",\"@id\":\"https:\/\/www.sp-equipements.com\/site\/#website\",\"url\":\"https:\/\/www.sp-equipements.com\/site\/\",\"name\":\"SP \u00c9quipements\",\"description\":\"\u00c9quipements de collectivit\u00e9s\",\"potentialAction\":[{\"@type\":\"SearchAction\",\"target\":{\"@type\":\"EntryPoint\",\"urlTemplate\":\"https:\/\/www.sp-equipements.com\/site\/?s={search_term_string}\"},\"query-input\":\"required name=search_term_string\"}],\"inLanguage\":\"fr-FR\"}]}<\/script>\n<!-- \/ Yoast SEO plugin. -->","yoast_head_json":{"title":"Station-bus poteaux carr\u00e9s OUESSANT - SP \u00c9quipements","robots":{"index":"index","follow":"follow","max-snippet":"max-snippet:-1","max-image-preview":"max-image-preview:large","max-video-preview":"max-video-preview:-1"},"canonical":"https:\/\/www.sp-equipements.com\/site\/produit\/station-bus-poteaux-carres-ouessant\/","og_locale":"fr_FR","og_type":"article","og_title":"Station-bus poteaux carr\u00e9s OUESSANT - SP \u00c9quipements","og_description":"Nos Station-Bus sont \u00e9tudi\u00e9es pour s\u2019ins\u00e9rer harmonieusement dans les sites ruraux ou citadins. Poteaux carr\u00e9s ou ronds, 4 pommeaux au choix, deux dimensions, 2500 et 5000mm, permettent une personnalisation de votre \u00e9quipement.  Structure \u2022 Poteaux ronds : en tube aluminium \u00d8 76 sur platines. Colliers et embases en fonte d\u2019aluminium. Embase 1 pour t\u00eate Europe ou Boule, embase 2 pour t\u00eate Agora ou City. \u2022 Poteaux carr\u00e9s : en tube acier 80 x 80 sur platines.  Toiture Cadre compos\u00e9 de deux traverses en tube aluminium 40 x 60 et de deux goutti\u00e8res en profil\u00e9 aluminium. Arceaux en profil\u00e9 aluminium cintr\u00e9. Vo\u00fbte en polycarbonate alv\u00e9olaire translucide 10mm, trait\u00e9 anti-UV, ins\u00e9r\u00e9e entre les goutti\u00e8res et les arceaux.  Bardage lat\u00e9ral et Bardage de fond Verre s\u00e9curis\u00e9 de 8 mm d\u2019\u00e9paisseur avec signal\u00e9tique de s\u00e9curit\u00e9. Fixation par syst\u00e8me de pincement en fonte d\u2019aluminium pour un remplacement ais\u00e9 des bardages en verre s\u00e9curis\u00e9 en cas de vandalisme.  Information Possibilit\u00e9 de remplacer un bardage lat\u00e9ral par une vitrine d\u2019information double face.  \u2022 Vitrine 2000 sans \u00e9clairage\u00a0 Fix\u00e9e sur poteaux ronds par colliers et sur poteaux carr\u00e9s par pattes de fixation. Vitrine double face. Cadre aluminium \u00e9paisseur 75 mm. Angles arrondis en fonte d\u2019aluminium. Porte levante assist\u00e9e par v\u00e9rins, rempla\u00e7able en cas de vandalisme, sans outil ni d\u00e9pose de la vitrine. Charni\u00e8re int\u00e9gr\u00e9e inusable. Vitrage verre s\u00e9curis\u00e9, \u00e9paisseur 4 mm. 2 serrures \u00ab de s\u00e9curit\u00e9 \u00bb 2 cl\u00e9s sur profil\u00e9 de porte. Joint d\u2019\u00e9tanch\u00e9it\u00e9 \u00e9lastom\u00e8re. Fond t\u00f4le \u00e9lectro-zingu\u00e9e, laqu\u00e9 blanc. Dimension d\u2019affichage h 1760 x L 1210mm.  \u2022 Caisson d\u2019information Lumineux Un caisson se diff\u00e9rencie d\u2019une vitrine par la pr\u00e9sence d\u2019une cloison int\u00e9rieure, support d\u2019affiche, fix\u00e9e \u00e0 20 mm du vitrage et d'un syst\u00e8me d'accrochage des affiches. Caisson double face. Cadre aluminium \u00e9paisseur 150 mm. Angles arrondis en fonte d\u2019aluminium. Porte levante assist\u00e9e par v\u00e9rins, rempla\u00e7able en cas de vandalisme sans d\u00e9montage du caisson. Vitrage verre s\u00e9curis\u00e9, \u00e9paisseur 4 mm. Charni\u00e8re int\u00e9gr\u00e9e inusable. 2 serrures \u00ab de s\u00e9curit\u00e9 \u00bb 2 cl\u00e9s sur profil\u00e9 de porte. Joint d\u2019\u00e9tanch\u00e9it\u00e9 \u00e9lastom\u00e8re. Support d\u2019affiche : plexi diffusant blanc \u00e9paisseur 3 mm. Eclairage par tubes fluorescents \u00e0 haute luminosit\u00e9 de 58 watts chacun, conforme aux normes CE en vigueur. Dimension d\u2019affichage h 1710 X L 1160mm.  Vitrine horaire Toutes nos Station-Bus sont livr\u00e9es avec une vitrine horaire , Cadre aluminium \u00e9paisseur 30 mm, h 75 x 55. Porte battante rempla\u00e7able et r\u00e9versible, sans outil ni d\u00e9pose de la vitrine. Vitrage plexichocs, \u00e9paisseur 4 mm. Charni\u00e8re int\u00e9gr\u00e9e. Serrure \u00ab de s\u00e9curit\u00e9 \u00bb 2 cl\u00e9s sur profil\u00e9 de porte. Joint d\u2019\u00e9tanch\u00e9it\u00e9 \u00e9lastom\u00e8re. Fond t\u00f4le \u00e9lectrozingu\u00e9e, laqu\u00e9 blanc. Fixation fournie.  Finition et montage Peint selon nos RAL. Notice de montage fournie.","og_url":"https:\/\/www.sp-equipements.com\/site\/produit\/station-bus-poteaux-carres-ouessant\/","og_site_name":"SP \u00c9quipements","article_modified_time":"2019-06-19T13:31:25+00:00","og_image":[{"width":190,"height":190,"url":"https:\/\/www.sp-equipements.com\/site\/wp-content\/uploads\/2019\/06\/station_bus_ouessant-1.jpg","type":"image\/jpeg"}],"twitter_card":"summary_large_image","schema":{"@context":"https:\/\/schema.org","@graph":[{"@type":"WebPage","@id":"https:\/\/www.sp-equipements.com\/site\/produit\/station-bus-poteaux-carres-ouessant\/","url":"https:\/\/www.sp-equipements.com\/site\/produit\/station-bus-poteaux-carres-ouessant\/","name":"Station-bus poteaux carr\u00e9s OUESSANT - SP \u00c9quipements","isPartOf":{"@id":"https:\/\/www.sp-equipements.com\/site\/#website"},"primaryImageOfPage":{"@id":"https:\/\/www.sp-equipements.com\/site\/produit\/station-bus-poteaux-carres-ouessant\/#primaryimage"},"image":{"@id":"https:\/\/www.sp-equipements.com\/site\/produit\/station-bus-poteaux-carres-ouessant\/#primaryimage"},"thumbnailUrl":"https:\/\/www.sp-equipements.com\/site\/wp-content\/uploads\/2019\/06\/station_bus_ouessant-1.jpg","datePublished":"2019-06-07T08:14:01+00:00","dateModified":"2019-06-19T13:31:25+00:00","breadcrumb":{"@id":"https:\/\/www.sp-equipements.com\/site\/produit\/station-bus-poteaux-carres-ouessant\/#breadcrumb"},"inLanguage":"fr-FR","potentialAction":[{"@type":"ReadAction","target":["https:\/\/www.sp-equipements.com\/site\/produit\/station-bus-poteaux-carres-ouessant\/"]}]},{"@type":"ImageObject","inLanguage":"fr-FR","@id":"https:\/\/www.sp-equipements.com\/site\/produit\/station-bus-poteaux-carres-ouessant\/#primaryimage","url":"https:\/\/www.sp-equipements.com\/site\/wp-content\/uploads\/2019\/06\/station_bus_ouessant-1.jpg","contentUrl":"https:\/\/www.sp-equipements.com\/site\/wp-content\/uploads\/2019\/06\/station_bus_ouessant-1.jpg","width":190,"height":190,"caption":"station bus ouessant 1"},{"@type":"BreadcrumbList","@id":"https:\/\/www.sp-equipements.com\/site\/produit\/station-bus-poteaux-carres-ouessant\/#breadcrumb","itemListElement":[{"@type":"ListItem","position":1,"name":"Accueil","item":"https:\/\/www.sp-equipements.com\/site\/"},{"@type":"ListItem","position":2,"name":"Catalogue","item":"https:\/\/www.sp-equipements.com\/site\/catalogue\/"},{"@type":"ListItem","position":3,"name":"Station-bus poteaux carr\u00e9s OUESSANT"}]},{"@type":"WebSite","@id":"https:\/\/www.sp-equipements.com\/site\/#website","url":"https:\/\/www.sp-equipements.com\/site\/","name":"SP \u00c9quipements","description":"\u00c9quipements de collectivit\u00e9s","potentialAction":[{"@type":"SearchAction","target":{"@type":"EntryPoint","urlTemplate":"https:\/\/www.sp-equipements.com\/site\/?s={search_term_string}"},"query-input":"required name=search_term_string"}],"inLanguage":"fr-FR"}]}},"_links":{"self":[{"href":"https:\/\/www.sp-equipements.com\/site\/wp-json\/wp\/v2\/product\/21759"}],"collection":[{"href":"https:\/\/www.sp-equipements.com\/site\/wp-json\/wp\/v2\/product"}],"about":[{"href":"https:\/\/www.sp-equipements.com\/site\/wp-json\/wp\/v2\/types\/product"}],"replies":[{"embeddable":true,"href":"https:\/\/www.sp-equipements.com\/site\/wp-json\/wp\/v2\/comments?post=21759"}],"wp:featuredmedia":[{"embeddable":true,"href":"https:\/\/www.sp-equipements.com\/site\/wp-json\/wp\/v2\/media\/37683"}],"wp:attachment":[{"href":"https:\/\/www.sp-equipements.com\/site\/wp-json\/wp\/v2\/media?parent=21759"}],"wp:term":[{"taxonomy":"product_cat","embeddable":true,"href":"https:\/\/www.sp-equipements.com\/site\/wp-json\/wp\/v2\/product_cat?post=21759"},{"taxonomy":"product_tag","embeddable":true,"href":"https:\/\/www.sp-equipements.com\/site\/wp-json\/wp\/v2\/product_tag?post=21759"}],"curies":[{"name":"wp","href":"https:\/\/api.w.org\/{rel}","templated":true}]}}