{"id":21763,"date":"2019-06-07T10:14:03","date_gmt":"2019-06-07T08:14:03","guid":{"rendered":"http:\/\/www.polyequipements.com\/produit\/panneau-dinformation-simple-face\/"},"modified":"2019-06-19T15:31:28","modified_gmt":"2019-06-19T13:31:28","slug":"panneau-dinformation-simple-face","status":"publish","type":"product","link":"https:\/\/www.sp-equipements.com\/site\/produit\/panneau-dinformation-simple-face\/","title":{"rendered":"Panneau d&rsquo;Information <i>simple face<\/i>"},"content":{"rendered":"","protected":false},"excerpt":{"rendered":"<div id=\"box-article-description\">\n<div id=\"display-article-description\">\n<p><b>Structure<\/b><br \/>\nCadre aluminium \u00e9paisseur 75 mm.<br \/>\nAngles arrondis en fonte d\u2019aluminium.<br \/>\nPorte battante ou levante assist\u00e9e par v\u00e9rins, rempla\u00e7able en cas de vandalisme, sans outil ni d\u00e9pose de la vitrine.<br \/>\nCharni\u00e8re int\u00e9gr\u00e9e inusable.<br \/>\nVitrage plexichocs \u00e9paisseur 4 mm. 2 serrures \u00ab de s\u00e9curit\u00e9 \u00bb 2 cl\u00e9s.<br \/>\nJoint d\u2019\u00e9tanch\u00e9it\u00e9 \u00e9lastom\u00e8re.<br \/>\nFond t\u00f4le \u00e9lectrozingu\u00e9e, laqu\u00e9 blanc.<br \/>\nPoteaux \u00d8 76 en aluminium.<br \/>\nHauteur hors sol 2500 ou hors sol 2700 avec bandeautitre.<\/p>\n<p><b>Finitions<\/b><br \/>\n<i>Version 1 :\u00a0<\/i>Anodis\u00e9 argent &amp; accessoires peints selon nos RAL.<br \/>\n<i>Version 2 :\u00a0<\/i>Ensemble peint 1 couleur selon nos RAL.<br \/>\n<i>Version 3 :\u00a0<\/i>Ensemble peint 2 couleurs selon nos RAL (\u00e0 preciser lors de la commande).<\/p>\n<p><b>Montage<\/b><br \/>\nScellement direct.<\/p>\n<\/div>\n<\/div>\n","protected":false},"featured_media":37687,"comment_status":"open","ping_status":"closed","template":"","meta":[],"product_cat":[100,176],"product_tag":[],"yoast_head":"<!-- This site is optimized with the Yoast SEO plugin v22.2 - https:\/\/yoast.com\/wordpress\/plugins\/seo\/ -->\n<title>Panneau d&#039;Information simple face - SP \u00c9quipements<\/title>\n<meta name=\"robots\" content=\"index, follow, max-snippet:-1, max-image-preview:large, max-video-preview:-1\" \/>\n<link rel=\"canonical\" href=\"https:\/\/www.sp-equipements.com\/site\/produit\/panneau-dinformation-simple-face\/\" \/>\n<meta property=\"og:locale\" content=\"fr_FR\" \/>\n<meta property=\"og:type\" content=\"article\" \/>\n<meta property=\"og:title\" content=\"Panneau d&#039;Information simple face - SP \u00c9quipements\" \/>\n<meta property=\"og:description\" content=\"Structure Cadre aluminium \u00e9paisseur 75 mm. Angles arrondis en fonte d\u2019aluminium. Porte battante ou levante assist\u00e9e par v\u00e9rins, rempla\u00e7able en cas de vandalisme, sans outil ni d\u00e9pose de la vitrine. Charni\u00e8re int\u00e9gr\u00e9e inusable. Vitrage plexichocs \u00e9paisseur 4 mm. 2 serrures \u00ab de s\u00e9curit\u00e9 \u00bb 2 cl\u00e9s. Joint d\u2019\u00e9tanch\u00e9it\u00e9 \u00e9lastom\u00e8re. Fond t\u00f4le \u00e9lectrozingu\u00e9e, laqu\u00e9 blanc. Poteaux \u00d8 76 en aluminium. Hauteur hors sol 2500 ou hors sol 2700 avec bandeautitre.  Finitions Version 1 :\u00a0Anodis\u00e9 argent &amp; accessoires peints selon nos RAL. Version 2 :\u00a0Ensemble peint 1 couleur selon nos RAL. Version 3 :\u00a0Ensemble peint 2 couleurs selon nos RAL (\u00e0 preciser lors de la commande).  Montage Scellement direct.\" \/>\n<meta property=\"og:url\" content=\"https:\/\/www.sp-equipements.com\/site\/produit\/panneau-dinformation-simple-face\/\" \/>\n<meta property=\"og:site_name\" content=\"SP \u00c9quipements\" \/>\n<meta property=\"article:modified_time\" content=\"2019-06-19T13:31:28+00:00\" \/>\n<meta property=\"og:image\" content=\"https:\/\/www.sp-equipements.com\/site\/wp-content\/uploads\/2019\/06\/panneau_information_simple-1.jpg\" \/>\n\t<meta property=\"og:image:width\" content=\"190\" \/>\n\t<meta property=\"og:image:height\" content=\"190\" \/>\n\t<meta property=\"og:image:type\" content=\"image\/jpeg\" \/>\n<meta name=\"twitter:card\" content=\"summary_large_image\" \/>\n<script type=\"application\/ld+json\" class=\"yoast-schema-graph\">{\"@context\":\"https:\/\/schema.org\",\"@graph\":[{\"@type\":\"WebPage\",\"@id\":\"https:\/\/www.sp-equipements.com\/site\/produit\/panneau-dinformation-simple-face\/\",\"url\":\"https:\/\/www.sp-equipements.com\/site\/produit\/panneau-dinformation-simple-face\/\",\"name\":\"Panneau d'Information simple face - SP \u00c9quipements\",\"isPartOf\":{\"@id\":\"https:\/\/www.sp-equipements.com\/site\/#website\"},\"primaryImageOfPage\":{\"@id\":\"https:\/\/www.sp-equipements.com\/site\/produit\/panneau-dinformation-simple-face\/#primaryimage\"},\"image\":{\"@id\":\"https:\/\/www.sp-equipements.com\/site\/produit\/panneau-dinformation-simple-face\/#primaryimage\"},\"thumbnailUrl\":\"https:\/\/www.sp-equipements.com\/site\/wp-content\/uploads\/2019\/06\/panneau_information_simple-1.jpg\",\"datePublished\":\"2019-06-07T08:14:03+00:00\",\"dateModified\":\"2019-06-19T13:31:28+00:00\",\"breadcrumb\":{\"@id\":\"https:\/\/www.sp-equipements.com\/site\/produit\/panneau-dinformation-simple-face\/#breadcrumb\"},\"inLanguage\":\"fr-FR\",\"potentialAction\":[{\"@type\":\"ReadAction\",\"target\":[\"https:\/\/www.sp-equipements.com\/site\/produit\/panneau-dinformation-simple-face\/\"]}]},{\"@type\":\"ImageObject\",\"inLanguage\":\"fr-FR\",\"@id\":\"https:\/\/www.sp-equipements.com\/site\/produit\/panneau-dinformation-simple-face\/#primaryimage\",\"url\":\"https:\/\/www.sp-equipements.com\/site\/wp-content\/uploads\/2019\/06\/panneau_information_simple-1.jpg\",\"contentUrl\":\"https:\/\/www.sp-equipements.com\/site\/wp-content\/uploads\/2019\/06\/panneau_information_simple-1.jpg\",\"width\":190,\"height\":190,\"caption\":\"panneau information simple 1\"},{\"@type\":\"BreadcrumbList\",\"@id\":\"https:\/\/www.sp-equipements.com\/site\/produit\/panneau-dinformation-simple-face\/#breadcrumb\",\"itemListElement\":[{\"@type\":\"ListItem\",\"position\":1,\"name\":\"Accueil\",\"item\":\"https:\/\/www.sp-equipements.com\/site\/\"},{\"@type\":\"ListItem\",\"position\":2,\"name\":\"Catalogue\",\"item\":\"https:\/\/www.sp-equipements.com\/site\/catalogue\/\"},{\"@type\":\"ListItem\",\"position\":3,\"name\":\"Panneau d&rsquo;Information simple face\"}]},{\"@type\":\"WebSite\",\"@id\":\"https:\/\/www.sp-equipements.com\/site\/#website\",\"url\":\"https:\/\/www.sp-equipements.com\/site\/\",\"name\":\"SP \u00c9quipements\",\"description\":\"\u00c9quipements de collectivit\u00e9s\",\"potentialAction\":[{\"@type\":\"SearchAction\",\"target\":{\"@type\":\"EntryPoint\",\"urlTemplate\":\"https:\/\/www.sp-equipements.com\/site\/?s={search_term_string}\"},\"query-input\":\"required name=search_term_string\"}],\"inLanguage\":\"fr-FR\"}]}<\/script>\n<!-- \/ Yoast SEO plugin. -->","yoast_head_json":{"title":"Panneau d'Information simple face - SP \u00c9quipements","robots":{"index":"index","follow":"follow","max-snippet":"max-snippet:-1","max-image-preview":"max-image-preview:large","max-video-preview":"max-video-preview:-1"},"canonical":"https:\/\/www.sp-equipements.com\/site\/produit\/panneau-dinformation-simple-face\/","og_locale":"fr_FR","og_type":"article","og_title":"Panneau d'Information simple face - SP \u00c9quipements","og_description":"Structure Cadre aluminium \u00e9paisseur 75 mm. Angles arrondis en fonte d\u2019aluminium. Porte battante ou levante assist\u00e9e par v\u00e9rins, rempla\u00e7able en cas de vandalisme, sans outil ni d\u00e9pose de la vitrine. Charni\u00e8re int\u00e9gr\u00e9e inusable. Vitrage plexichocs \u00e9paisseur 4 mm. 2 serrures \u00ab de s\u00e9curit\u00e9 \u00bb 2 cl\u00e9s. Joint d\u2019\u00e9tanch\u00e9it\u00e9 \u00e9lastom\u00e8re. Fond t\u00f4le \u00e9lectrozingu\u00e9e, laqu\u00e9 blanc. Poteaux \u00d8 76 en aluminium. Hauteur hors sol 2500 ou hors sol 2700 avec bandeautitre.  Finitions Version 1 :\u00a0Anodis\u00e9 argent &amp; accessoires peints selon nos RAL. Version 2 :\u00a0Ensemble peint 1 couleur selon nos RAL. Version 3 :\u00a0Ensemble peint 2 couleurs selon nos RAL (\u00e0 preciser lors de la commande).  Montage Scellement direct.","og_url":"https:\/\/www.sp-equipements.com\/site\/produit\/panneau-dinformation-simple-face\/","og_site_name":"SP \u00c9quipements","article_modified_time":"2019-06-19T13:31:28+00:00","og_image":[{"width":190,"height":190,"url":"https:\/\/www.sp-equipements.com\/site\/wp-content\/uploads\/2019\/06\/panneau_information_simple-1.jpg","type":"image\/jpeg"}],"twitter_card":"summary_large_image","schema":{"@context":"https:\/\/schema.org","@graph":[{"@type":"WebPage","@id":"https:\/\/www.sp-equipements.com\/site\/produit\/panneau-dinformation-simple-face\/","url":"https:\/\/www.sp-equipements.com\/site\/produit\/panneau-dinformation-simple-face\/","name":"Panneau d'Information simple face - SP \u00c9quipements","isPartOf":{"@id":"https:\/\/www.sp-equipements.com\/site\/#website"},"primaryImageOfPage":{"@id":"https:\/\/www.sp-equipements.com\/site\/produit\/panneau-dinformation-simple-face\/#primaryimage"},"image":{"@id":"https:\/\/www.sp-equipements.com\/site\/produit\/panneau-dinformation-simple-face\/#primaryimage"},"thumbnailUrl":"https:\/\/www.sp-equipements.com\/site\/wp-content\/uploads\/2019\/06\/panneau_information_simple-1.jpg","datePublished":"2019-06-07T08:14:03+00:00","dateModified":"2019-06-19T13:31:28+00:00","breadcrumb":{"@id":"https:\/\/www.sp-equipements.com\/site\/produit\/panneau-dinformation-simple-face\/#breadcrumb"},"inLanguage":"fr-FR","potentialAction":[{"@type":"ReadAction","target":["https:\/\/www.sp-equipements.com\/site\/produit\/panneau-dinformation-simple-face\/"]}]},{"@type":"ImageObject","inLanguage":"fr-FR","@id":"https:\/\/www.sp-equipements.com\/site\/produit\/panneau-dinformation-simple-face\/#primaryimage","url":"https:\/\/www.sp-equipements.com\/site\/wp-content\/uploads\/2019\/06\/panneau_information_simple-1.jpg","contentUrl":"https:\/\/www.sp-equipements.com\/site\/wp-content\/uploads\/2019\/06\/panneau_information_simple-1.jpg","width":190,"height":190,"caption":"panneau information simple 1"},{"@type":"BreadcrumbList","@id":"https:\/\/www.sp-equipements.com\/site\/produit\/panneau-dinformation-simple-face\/#breadcrumb","itemListElement":[{"@type":"ListItem","position":1,"name":"Accueil","item":"https:\/\/www.sp-equipements.com\/site\/"},{"@type":"ListItem","position":2,"name":"Catalogue","item":"https:\/\/www.sp-equipements.com\/site\/catalogue\/"},{"@type":"ListItem","position":3,"name":"Panneau d&rsquo;Information simple face"}]},{"@type":"WebSite","@id":"https:\/\/www.sp-equipements.com\/site\/#website","url":"https:\/\/www.sp-equipements.com\/site\/","name":"SP \u00c9quipements","description":"\u00c9quipements de collectivit\u00e9s","potentialAction":[{"@type":"SearchAction","target":{"@type":"EntryPoint","urlTemplate":"https:\/\/www.sp-equipements.com\/site\/?s={search_term_string}"},"query-input":"required name=search_term_string"}],"inLanguage":"fr-FR"}]}},"_links":{"self":[{"href":"https:\/\/www.sp-equipements.com\/site\/wp-json\/wp\/v2\/product\/21763"}],"collection":[{"href":"https:\/\/www.sp-equipements.com\/site\/wp-json\/wp\/v2\/product"}],"about":[{"href":"https:\/\/www.sp-equipements.com\/site\/wp-json\/wp\/v2\/types\/product"}],"replies":[{"embeddable":true,"href":"https:\/\/www.sp-equipements.com\/site\/wp-json\/wp\/v2\/comments?post=21763"}],"wp:featuredmedia":[{"embeddable":true,"href":"https:\/\/www.sp-equipements.com\/site\/wp-json\/wp\/v2\/media\/37687"}],"wp:attachment":[{"href":"https:\/\/www.sp-equipements.com\/site\/wp-json\/wp\/v2\/media?parent=21763"}],"wp:term":[{"taxonomy":"product_cat","embeddable":true,"href":"https:\/\/www.sp-equipements.com\/site\/wp-json\/wp\/v2\/product_cat?post=21763"},{"taxonomy":"product_tag","embeddable":true,"href":"https:\/\/www.sp-equipements.com\/site\/wp-json\/wp\/v2\/product_tag?post=21763"}],"curies":[{"name":"wp","href":"https:\/\/api.w.org\/{rel}","templated":true}]}}