{"id":21770,"date":"2019-06-07T10:14:07","date_gmt":"2019-06-07T08:14:07","guid":{"rendered":"http:\/\/www.polyequipements.com\/produit\/panneau-daffichage-mural\/"},"modified":"2019-06-19T15:31:30","modified_gmt":"2019-06-19T13:31:30","slug":"panneau-daffichage-mural","status":"publish","type":"product","link":"https:\/\/www.sp-equipements.com\/site\/produit\/panneau-daffichage-mural\/","title":{"rendered":"Panneau d&rsquo;Affichage Mural"},"content":{"rendered":"","protected":false},"excerpt":{"rendered":"<p><i>Panneau d&rsquo;affichage mural simple face<\/i><\/p>\n<p><b>Structure<\/b><br \/>\nCadre en aluminium de 75 mm d\u2019\u00e9paisseur \u00e9quip\u00e9 de deux t\u00f4les galvanis\u00e9es, pour un affichage rectoverso.<br \/>\nPolystyr\u00e8ne expans\u00e9 entre les deux t\u00f4les.<br \/>\nAngles arrondis en fonte d\u2019aluminium.<br \/>\nPoteaux \u00d8 76mm, en aluminium.<br \/>\nHauteur hors sol 2500mm ou hors sol 2700mm.<br \/>\nFix\u00e9 sur les poteaux par deux colliers : il rehausse votre support de 200 mm.<\/p>\n<p><b>Finitions<\/b><br \/>\n<i>Version 1 :\u00a0<\/i>Anodis\u00e9 argent &amp; accessoires peints selon nos RAL.<br \/>\n<i>Version 2 :\u00a0<\/i>Ensemble peint 1 couleur selon nos RAL.<br \/>\n<i>Version 3 :\u00a0<\/i>Ensemble peint 2 couleurs selon nos RAL (\u00e0 preciser lors de la commande).<\/p>\n<p><b>Montage<\/b><br \/>\nScellement direct.<\/p>\n","protected":false},"featured_media":37694,"comment_status":"open","ping_status":"closed","template":"","meta":[],"product_cat":[100,176],"product_tag":[],"yoast_head":"<!-- This site is optimized with the Yoast SEO plugin v22.2 - https:\/\/yoast.com\/wordpress\/plugins\/seo\/ -->\n<title>Panneau d&#039;Affichage Mural - SP \u00c9quipements<\/title>\n<meta name=\"robots\" content=\"index, follow, max-snippet:-1, max-image-preview:large, max-video-preview:-1\" \/>\n<link rel=\"canonical\" href=\"https:\/\/www.sp-equipements.com\/site\/produit\/panneau-daffichage-mural\/\" \/>\n<meta property=\"og:locale\" content=\"fr_FR\" \/>\n<meta property=\"og:type\" content=\"article\" \/>\n<meta property=\"og:title\" content=\"Panneau d&#039;Affichage Mural - SP \u00c9quipements\" \/>\n<meta property=\"og:description\" content=\"Panneau d&#039;affichage mural simple face  Structure Cadre en aluminium de 75 mm d\u2019\u00e9paisseur \u00e9quip\u00e9 de deux t\u00f4les galvanis\u00e9es, pour un affichage rectoverso. Polystyr\u00e8ne expans\u00e9 entre les deux t\u00f4les. Angles arrondis en fonte d\u2019aluminium. Poteaux \u00d8 76mm, en aluminium. Hauteur hors sol 2500mm ou hors sol 2700mm. Fix\u00e9 sur les poteaux par deux colliers : il rehausse votre support de 200 mm.  Finitions Version 1 :\u00a0Anodis\u00e9 argent &amp; accessoires peints selon nos RAL. Version 2 :\u00a0Ensemble peint 1 couleur selon nos RAL. Version 3 :\u00a0Ensemble peint 2 couleurs selon nos RAL (\u00e0 preciser lors de la commande).  Montage Scellement direct.\" \/>\n<meta property=\"og:url\" content=\"https:\/\/www.sp-equipements.com\/site\/produit\/panneau-daffichage-mural\/\" \/>\n<meta property=\"og:site_name\" content=\"SP \u00c9quipements\" \/>\n<meta property=\"article:modified_time\" content=\"2019-06-19T13:31:30+00:00\" \/>\n<meta property=\"og:image\" content=\"https:\/\/www.sp-equipements.com\/site\/wp-content\/uploads\/2019\/06\/panneau_affichage_mural-1.jpg\" \/>\n\t<meta property=\"og:image:width\" content=\"190\" \/>\n\t<meta property=\"og:image:height\" content=\"190\" \/>\n\t<meta property=\"og:image:type\" content=\"image\/jpeg\" \/>\n<meta name=\"twitter:card\" content=\"summary_large_image\" \/>\n<script type=\"application\/ld+json\" class=\"yoast-schema-graph\">{\"@context\":\"https:\/\/schema.org\",\"@graph\":[{\"@type\":\"WebPage\",\"@id\":\"https:\/\/www.sp-equipements.com\/site\/produit\/panneau-daffichage-mural\/\",\"url\":\"https:\/\/www.sp-equipements.com\/site\/produit\/panneau-daffichage-mural\/\",\"name\":\"Panneau d'Affichage Mural - SP \u00c9quipements\",\"isPartOf\":{\"@id\":\"https:\/\/www.sp-equipements.com\/site\/#website\"},\"primaryImageOfPage\":{\"@id\":\"https:\/\/www.sp-equipements.com\/site\/produit\/panneau-daffichage-mural\/#primaryimage\"},\"image\":{\"@id\":\"https:\/\/www.sp-equipements.com\/site\/produit\/panneau-daffichage-mural\/#primaryimage\"},\"thumbnailUrl\":\"https:\/\/www.sp-equipements.com\/site\/wp-content\/uploads\/2019\/06\/panneau_affichage_mural-1.jpg\",\"datePublished\":\"2019-06-07T08:14:07+00:00\",\"dateModified\":\"2019-06-19T13:31:30+00:00\",\"breadcrumb\":{\"@id\":\"https:\/\/www.sp-equipements.com\/site\/produit\/panneau-daffichage-mural\/#breadcrumb\"},\"inLanguage\":\"fr-FR\",\"potentialAction\":[{\"@type\":\"ReadAction\",\"target\":[\"https:\/\/www.sp-equipements.com\/site\/produit\/panneau-daffichage-mural\/\"]}]},{\"@type\":\"ImageObject\",\"inLanguage\":\"fr-FR\",\"@id\":\"https:\/\/www.sp-equipements.com\/site\/produit\/panneau-daffichage-mural\/#primaryimage\",\"url\":\"https:\/\/www.sp-equipements.com\/site\/wp-content\/uploads\/2019\/06\/panneau_affichage_mural-1.jpg\",\"contentUrl\":\"https:\/\/www.sp-equipements.com\/site\/wp-content\/uploads\/2019\/06\/panneau_affichage_mural-1.jpg\",\"width\":190,\"height\":190,\"caption\":\"panneau affichage mural 1\"},{\"@type\":\"BreadcrumbList\",\"@id\":\"https:\/\/www.sp-equipements.com\/site\/produit\/panneau-daffichage-mural\/#breadcrumb\",\"itemListElement\":[{\"@type\":\"ListItem\",\"position\":1,\"name\":\"Accueil\",\"item\":\"https:\/\/www.sp-equipements.com\/site\/\"},{\"@type\":\"ListItem\",\"position\":2,\"name\":\"Catalogue\",\"item\":\"https:\/\/www.sp-equipements.com\/site\/catalogue\/\"},{\"@type\":\"ListItem\",\"position\":3,\"name\":\"Panneau d&rsquo;Affichage Mural\"}]},{\"@type\":\"WebSite\",\"@id\":\"https:\/\/www.sp-equipements.com\/site\/#website\",\"url\":\"https:\/\/www.sp-equipements.com\/site\/\",\"name\":\"SP \u00c9quipements\",\"description\":\"\u00c9quipements de collectivit\u00e9s\",\"potentialAction\":[{\"@type\":\"SearchAction\",\"target\":{\"@type\":\"EntryPoint\",\"urlTemplate\":\"https:\/\/www.sp-equipements.com\/site\/?s={search_term_string}\"},\"query-input\":\"required name=search_term_string\"}],\"inLanguage\":\"fr-FR\"}]}<\/script>\n<!-- \/ Yoast SEO plugin. -->","yoast_head_json":{"title":"Panneau d'Affichage Mural - SP \u00c9quipements","robots":{"index":"index","follow":"follow","max-snippet":"max-snippet:-1","max-image-preview":"max-image-preview:large","max-video-preview":"max-video-preview:-1"},"canonical":"https:\/\/www.sp-equipements.com\/site\/produit\/panneau-daffichage-mural\/","og_locale":"fr_FR","og_type":"article","og_title":"Panneau d'Affichage Mural - SP \u00c9quipements","og_description":"Panneau d'affichage mural simple face  Structure Cadre en aluminium de 75 mm d\u2019\u00e9paisseur \u00e9quip\u00e9 de deux t\u00f4les galvanis\u00e9es, pour un affichage rectoverso. Polystyr\u00e8ne expans\u00e9 entre les deux t\u00f4les. Angles arrondis en fonte d\u2019aluminium. Poteaux \u00d8 76mm, en aluminium. Hauteur hors sol 2500mm ou hors sol 2700mm. Fix\u00e9 sur les poteaux par deux colliers : il rehausse votre support de 200 mm.  Finitions Version 1 :\u00a0Anodis\u00e9 argent &amp; accessoires peints selon nos RAL. Version 2 :\u00a0Ensemble peint 1 couleur selon nos RAL. Version 3 :\u00a0Ensemble peint 2 couleurs selon nos RAL (\u00e0 preciser lors de la commande).  Montage Scellement direct.","og_url":"https:\/\/www.sp-equipements.com\/site\/produit\/panneau-daffichage-mural\/","og_site_name":"SP \u00c9quipements","article_modified_time":"2019-06-19T13:31:30+00:00","og_image":[{"width":190,"height":190,"url":"https:\/\/www.sp-equipements.com\/site\/wp-content\/uploads\/2019\/06\/panneau_affichage_mural-1.jpg","type":"image\/jpeg"}],"twitter_card":"summary_large_image","schema":{"@context":"https:\/\/schema.org","@graph":[{"@type":"WebPage","@id":"https:\/\/www.sp-equipements.com\/site\/produit\/panneau-daffichage-mural\/","url":"https:\/\/www.sp-equipements.com\/site\/produit\/panneau-daffichage-mural\/","name":"Panneau d'Affichage Mural - SP \u00c9quipements","isPartOf":{"@id":"https:\/\/www.sp-equipements.com\/site\/#website"},"primaryImageOfPage":{"@id":"https:\/\/www.sp-equipements.com\/site\/produit\/panneau-daffichage-mural\/#primaryimage"},"image":{"@id":"https:\/\/www.sp-equipements.com\/site\/produit\/panneau-daffichage-mural\/#primaryimage"},"thumbnailUrl":"https:\/\/www.sp-equipements.com\/site\/wp-content\/uploads\/2019\/06\/panneau_affichage_mural-1.jpg","datePublished":"2019-06-07T08:14:07+00:00","dateModified":"2019-06-19T13:31:30+00:00","breadcrumb":{"@id":"https:\/\/www.sp-equipements.com\/site\/produit\/panneau-daffichage-mural\/#breadcrumb"},"inLanguage":"fr-FR","potentialAction":[{"@type":"ReadAction","target":["https:\/\/www.sp-equipements.com\/site\/produit\/panneau-daffichage-mural\/"]}]},{"@type":"ImageObject","inLanguage":"fr-FR","@id":"https:\/\/www.sp-equipements.com\/site\/produit\/panneau-daffichage-mural\/#primaryimage","url":"https:\/\/www.sp-equipements.com\/site\/wp-content\/uploads\/2019\/06\/panneau_affichage_mural-1.jpg","contentUrl":"https:\/\/www.sp-equipements.com\/site\/wp-content\/uploads\/2019\/06\/panneau_affichage_mural-1.jpg","width":190,"height":190,"caption":"panneau affichage mural 1"},{"@type":"BreadcrumbList","@id":"https:\/\/www.sp-equipements.com\/site\/produit\/panneau-daffichage-mural\/#breadcrumb","itemListElement":[{"@type":"ListItem","position":1,"name":"Accueil","item":"https:\/\/www.sp-equipements.com\/site\/"},{"@type":"ListItem","position":2,"name":"Catalogue","item":"https:\/\/www.sp-equipements.com\/site\/catalogue\/"},{"@type":"ListItem","position":3,"name":"Panneau d&rsquo;Affichage Mural"}]},{"@type":"WebSite","@id":"https:\/\/www.sp-equipements.com\/site\/#website","url":"https:\/\/www.sp-equipements.com\/site\/","name":"SP \u00c9quipements","description":"\u00c9quipements de collectivit\u00e9s","potentialAction":[{"@type":"SearchAction","target":{"@type":"EntryPoint","urlTemplate":"https:\/\/www.sp-equipements.com\/site\/?s={search_term_string}"},"query-input":"required name=search_term_string"}],"inLanguage":"fr-FR"}]}},"_links":{"self":[{"href":"https:\/\/www.sp-equipements.com\/site\/wp-json\/wp\/v2\/product\/21770"}],"collection":[{"href":"https:\/\/www.sp-equipements.com\/site\/wp-json\/wp\/v2\/product"}],"about":[{"href":"https:\/\/www.sp-equipements.com\/site\/wp-json\/wp\/v2\/types\/product"}],"replies":[{"embeddable":true,"href":"https:\/\/www.sp-equipements.com\/site\/wp-json\/wp\/v2\/comments?post=21770"}],"wp:featuredmedia":[{"embeddable":true,"href":"https:\/\/www.sp-equipements.com\/site\/wp-json\/wp\/v2\/media\/37694"}],"wp:attachment":[{"href":"https:\/\/www.sp-equipements.com\/site\/wp-json\/wp\/v2\/media?parent=21770"}],"wp:term":[{"taxonomy":"product_cat","embeddable":true,"href":"https:\/\/www.sp-equipements.com\/site\/wp-json\/wp\/v2\/product_cat?post=21770"},{"taxonomy":"product_tag","embeddable":true,"href":"https:\/\/www.sp-equipements.com\/site\/wp-json\/wp\/v2\/product_tag?post=21770"}],"curies":[{"name":"wp","href":"https:\/\/api.w.org\/{rel}","templated":true}]}}