{"id":21771,"date":"2019-06-07T10:14:07","date_gmt":"2019-06-07T08:14:07","guid":{"rendered":"http:\/\/www.polyequipements.com\/produit\/panneau-dinformation-vega\/"},"modified":"2023-11-20T18:51:16","modified_gmt":"2023-11-20T17:51:16","slug":"panneau-dinformation-vega","status":"publish","type":"product","link":"https:\/\/www.sp-equipements.com\/site\/produit\/panneau-dinformation-vega\/","title":{"rendered":"Panneau d&rsquo;Information VEGA"},"content":{"rendered":"","protected":false},"excerpt":{"rendered":"<p><i>Cadre simple ou double face en aluminium de 150 mm d\u2019\u00e9paisseur, sans \u00e9clairage.<\/i><\/p>\n<p><b>Structure<\/b><br \/>\nAngles arrondis en fonte d&rsquo;aluminium.<br \/>\nPorte levante assist\u00e9e par v\u00e9rins, rempla\u00e7able en cas de vandalisme, sans outil ni d\u00e9pose de la vitrine.<br \/>\nCharni\u00e8re int\u00e9gr\u00e9e inusable. Vitrage verre s\u00e9curis\u00e9, \u00e9paisseur 4 mm.<br \/>\n2 serrures \u00ab de s\u00e9curit\u00e9 \u00bb 2 cl\u00e9s, sur profil\u00e9 de porte.<br \/>\nJoint d&rsquo;\u00e9tanch\u00e9it\u00e9 \u00e9lastom\u00e8re. Fond t\u00f4le \u00e9lectrozingu\u00e9e, laqu\u00e9 blanc.<br \/>\nSupport en tube d\u2019Acier de \u00d8 114, bouchon galb\u00e9 soud\u00e9.<\/p>\n<p><b>Finition\u00a0<\/b><br \/>\nPeint 1 couleur selon nos RAL.<\/p>\n<p><b>Montage\u00a0<\/b><br \/>\nPose par scellement direct.<\/p>\n","protected":false},"featured_media":37695,"comment_status":"open","ping_status":"closed","template":"","meta":[],"product_cat":[100,176],"product_tag":[],"yoast_head":"<!-- This site is optimized with the Yoast SEO plugin v22.2 - https:\/\/yoast.com\/wordpress\/plugins\/seo\/ -->\n<title>Panneau d&#039;Information VEGA - SP \u00c9quipements<\/title>\n<meta name=\"robots\" content=\"index, follow, max-snippet:-1, max-image-preview:large, max-video-preview:-1\" \/>\n<link rel=\"canonical\" href=\"https:\/\/www.sp-equipements.com\/site\/produit\/panneau-dinformation-vega\/\" \/>\n<meta property=\"og:locale\" content=\"fr_FR\" \/>\n<meta property=\"og:type\" content=\"article\" \/>\n<meta property=\"og:title\" content=\"Panneau d&#039;Information VEGA - SP \u00c9quipements\" \/>\n<meta property=\"og:description\" content=\"Cadre simple ou double face en aluminium de 150 mm d\u2019\u00e9paisseur, sans \u00e9clairage.  Structure Angles arrondis en fonte d&#039;aluminium. Porte levante assist\u00e9e par v\u00e9rins, rempla\u00e7able en cas de vandalisme, sans outil ni d\u00e9pose de la vitrine. Charni\u00e8re int\u00e9gr\u00e9e inusable. Vitrage verre s\u00e9curis\u00e9, \u00e9paisseur 4 mm. 2 serrures \u00ab de s\u00e9curit\u00e9 \u00bb 2 cl\u00e9s, sur profil\u00e9 de porte. Joint d&#039;\u00e9tanch\u00e9it\u00e9 \u00e9lastom\u00e8re. Fond t\u00f4le \u00e9lectrozingu\u00e9e, laqu\u00e9 blanc. Support en tube d\u2019Acier de \u00d8 114, bouchon galb\u00e9 soud\u00e9.  Finition\u00a0 Peint 1 couleur selon nos RAL.  Montage\u00a0 Pose par scellement direct.\" \/>\n<meta property=\"og:url\" content=\"https:\/\/www.sp-equipements.com\/site\/produit\/panneau-dinformation-vega\/\" \/>\n<meta property=\"og:site_name\" content=\"SP \u00c9quipements\" \/>\n<meta property=\"article:modified_time\" content=\"2023-11-20T17:51:16+00:00\" \/>\n<meta property=\"og:image\" content=\"https:\/\/www.sp-equipements.com\/site\/wp-content\/uploads\/2019\/06\/panneau_affichage_vega-1.jpg\" \/>\n\t<meta property=\"og:image:width\" content=\"190\" \/>\n\t<meta property=\"og:image:height\" content=\"142\" \/>\n\t<meta property=\"og:image:type\" content=\"image\/jpeg\" \/>\n<meta name=\"twitter:card\" content=\"summary_large_image\" \/>\n<script type=\"application\/ld+json\" class=\"yoast-schema-graph\">{\"@context\":\"https:\/\/schema.org\",\"@graph\":[{\"@type\":\"WebPage\",\"@id\":\"https:\/\/www.sp-equipements.com\/site\/produit\/panneau-dinformation-vega\/\",\"url\":\"https:\/\/www.sp-equipements.com\/site\/produit\/panneau-dinformation-vega\/\",\"name\":\"Panneau d'Information VEGA - SP \u00c9quipements\",\"isPartOf\":{\"@id\":\"https:\/\/www.sp-equipements.com\/site\/#website\"},\"primaryImageOfPage\":{\"@id\":\"https:\/\/www.sp-equipements.com\/site\/produit\/panneau-dinformation-vega\/#primaryimage\"},\"image\":{\"@id\":\"https:\/\/www.sp-equipements.com\/site\/produit\/panneau-dinformation-vega\/#primaryimage\"},\"thumbnailUrl\":\"https:\/\/www.sp-equipements.com\/site\/wp-content\/uploads\/2019\/06\/panneau_affichage_vega-1.jpg\",\"datePublished\":\"2019-06-07T08:14:07+00:00\",\"dateModified\":\"2023-11-20T17:51:16+00:00\",\"breadcrumb\":{\"@id\":\"https:\/\/www.sp-equipements.com\/site\/produit\/panneau-dinformation-vega\/#breadcrumb\"},\"inLanguage\":\"fr-FR\",\"potentialAction\":[{\"@type\":\"ReadAction\",\"target\":[\"https:\/\/www.sp-equipements.com\/site\/produit\/panneau-dinformation-vega\/\"]}]},{\"@type\":\"ImageObject\",\"inLanguage\":\"fr-FR\",\"@id\":\"https:\/\/www.sp-equipements.com\/site\/produit\/panneau-dinformation-vega\/#primaryimage\",\"url\":\"https:\/\/www.sp-equipements.com\/site\/wp-content\/uploads\/2019\/06\/panneau_affichage_vega-1.jpg\",\"contentUrl\":\"https:\/\/www.sp-equipements.com\/site\/wp-content\/uploads\/2019\/06\/panneau_affichage_vega-1.jpg\",\"width\":190,\"height\":142,\"caption\":\"panneau affichage vega 1\"},{\"@type\":\"BreadcrumbList\",\"@id\":\"https:\/\/www.sp-equipements.com\/site\/produit\/panneau-dinformation-vega\/#breadcrumb\",\"itemListElement\":[{\"@type\":\"ListItem\",\"position\":1,\"name\":\"Accueil\",\"item\":\"https:\/\/www.sp-equipements.com\/site\/\"},{\"@type\":\"ListItem\",\"position\":2,\"name\":\"Catalogue\",\"item\":\"https:\/\/www.sp-equipements.com\/site\/catalogue\/\"},{\"@type\":\"ListItem\",\"position\":3,\"name\":\"Panneau d&rsquo;Information VEGA\"}]},{\"@type\":\"WebSite\",\"@id\":\"https:\/\/www.sp-equipements.com\/site\/#website\",\"url\":\"https:\/\/www.sp-equipements.com\/site\/\",\"name\":\"SP \u00c9quipements\",\"description\":\"\u00c9quipements de collectivit\u00e9s\",\"potentialAction\":[{\"@type\":\"SearchAction\",\"target\":{\"@type\":\"EntryPoint\",\"urlTemplate\":\"https:\/\/www.sp-equipements.com\/site\/?s={search_term_string}\"},\"query-input\":\"required name=search_term_string\"}],\"inLanguage\":\"fr-FR\"}]}<\/script>\n<!-- \/ Yoast SEO plugin. -->","yoast_head_json":{"title":"Panneau d'Information VEGA - SP \u00c9quipements","robots":{"index":"index","follow":"follow","max-snippet":"max-snippet:-1","max-image-preview":"max-image-preview:large","max-video-preview":"max-video-preview:-1"},"canonical":"https:\/\/www.sp-equipements.com\/site\/produit\/panneau-dinformation-vega\/","og_locale":"fr_FR","og_type":"article","og_title":"Panneau d'Information VEGA - SP \u00c9quipements","og_description":"Cadre simple ou double face en aluminium de 150 mm d\u2019\u00e9paisseur, sans \u00e9clairage.  Structure Angles arrondis en fonte d'aluminium. Porte levante assist\u00e9e par v\u00e9rins, rempla\u00e7able en cas de vandalisme, sans outil ni d\u00e9pose de la vitrine. Charni\u00e8re int\u00e9gr\u00e9e inusable. Vitrage verre s\u00e9curis\u00e9, \u00e9paisseur 4 mm. 2 serrures \u00ab de s\u00e9curit\u00e9 \u00bb 2 cl\u00e9s, sur profil\u00e9 de porte. Joint d'\u00e9tanch\u00e9it\u00e9 \u00e9lastom\u00e8re. Fond t\u00f4le \u00e9lectrozingu\u00e9e, laqu\u00e9 blanc. Support en tube d\u2019Acier de \u00d8 114, bouchon galb\u00e9 soud\u00e9.  Finition\u00a0 Peint 1 couleur selon nos RAL.  Montage\u00a0 Pose par scellement direct.","og_url":"https:\/\/www.sp-equipements.com\/site\/produit\/panneau-dinformation-vega\/","og_site_name":"SP \u00c9quipements","article_modified_time":"2023-11-20T17:51:16+00:00","og_image":[{"width":190,"height":142,"url":"https:\/\/www.sp-equipements.com\/site\/wp-content\/uploads\/2019\/06\/panneau_affichage_vega-1.jpg","type":"image\/jpeg"}],"twitter_card":"summary_large_image","schema":{"@context":"https:\/\/schema.org","@graph":[{"@type":"WebPage","@id":"https:\/\/www.sp-equipements.com\/site\/produit\/panneau-dinformation-vega\/","url":"https:\/\/www.sp-equipements.com\/site\/produit\/panneau-dinformation-vega\/","name":"Panneau d'Information VEGA - SP \u00c9quipements","isPartOf":{"@id":"https:\/\/www.sp-equipements.com\/site\/#website"},"primaryImageOfPage":{"@id":"https:\/\/www.sp-equipements.com\/site\/produit\/panneau-dinformation-vega\/#primaryimage"},"image":{"@id":"https:\/\/www.sp-equipements.com\/site\/produit\/panneau-dinformation-vega\/#primaryimage"},"thumbnailUrl":"https:\/\/www.sp-equipements.com\/site\/wp-content\/uploads\/2019\/06\/panneau_affichage_vega-1.jpg","datePublished":"2019-06-07T08:14:07+00:00","dateModified":"2023-11-20T17:51:16+00:00","breadcrumb":{"@id":"https:\/\/www.sp-equipements.com\/site\/produit\/panneau-dinformation-vega\/#breadcrumb"},"inLanguage":"fr-FR","potentialAction":[{"@type":"ReadAction","target":["https:\/\/www.sp-equipements.com\/site\/produit\/panneau-dinformation-vega\/"]}]},{"@type":"ImageObject","inLanguage":"fr-FR","@id":"https:\/\/www.sp-equipements.com\/site\/produit\/panneau-dinformation-vega\/#primaryimage","url":"https:\/\/www.sp-equipements.com\/site\/wp-content\/uploads\/2019\/06\/panneau_affichage_vega-1.jpg","contentUrl":"https:\/\/www.sp-equipements.com\/site\/wp-content\/uploads\/2019\/06\/panneau_affichage_vega-1.jpg","width":190,"height":142,"caption":"panneau affichage vega 1"},{"@type":"BreadcrumbList","@id":"https:\/\/www.sp-equipements.com\/site\/produit\/panneau-dinformation-vega\/#breadcrumb","itemListElement":[{"@type":"ListItem","position":1,"name":"Accueil","item":"https:\/\/www.sp-equipements.com\/site\/"},{"@type":"ListItem","position":2,"name":"Catalogue","item":"https:\/\/www.sp-equipements.com\/site\/catalogue\/"},{"@type":"ListItem","position":3,"name":"Panneau d&rsquo;Information VEGA"}]},{"@type":"WebSite","@id":"https:\/\/www.sp-equipements.com\/site\/#website","url":"https:\/\/www.sp-equipements.com\/site\/","name":"SP \u00c9quipements","description":"\u00c9quipements de collectivit\u00e9s","potentialAction":[{"@type":"SearchAction","target":{"@type":"EntryPoint","urlTemplate":"https:\/\/www.sp-equipements.com\/site\/?s={search_term_string}"},"query-input":"required name=search_term_string"}],"inLanguage":"fr-FR"}]}},"_links":{"self":[{"href":"https:\/\/www.sp-equipements.com\/site\/wp-json\/wp\/v2\/product\/21771"}],"collection":[{"href":"https:\/\/www.sp-equipements.com\/site\/wp-json\/wp\/v2\/product"}],"about":[{"href":"https:\/\/www.sp-equipements.com\/site\/wp-json\/wp\/v2\/types\/product"}],"replies":[{"embeddable":true,"href":"https:\/\/www.sp-equipements.com\/site\/wp-json\/wp\/v2\/comments?post=21771"}],"wp:featuredmedia":[{"embeddable":true,"href":"https:\/\/www.sp-equipements.com\/site\/wp-json\/wp\/v2\/media\/37695"}],"wp:attachment":[{"href":"https:\/\/www.sp-equipements.com\/site\/wp-json\/wp\/v2\/media?parent=21771"}],"wp:term":[{"taxonomy":"product_cat","embeddable":true,"href":"https:\/\/www.sp-equipements.com\/site\/wp-json\/wp\/v2\/product_cat?post=21771"},{"taxonomy":"product_tag","embeddable":true,"href":"https:\/\/www.sp-equipements.com\/site\/wp-json\/wp\/v2\/product_tag?post=21771"}],"curies":[{"name":"wp","href":"https:\/\/api.w.org\/{rel}","templated":true}]}}