{"id":21778,"date":"2019-06-07T10:14:11","date_gmt":"2019-06-07T08:14:11","guid":{"rendered":"http:\/\/www.polyequipements.com\/produit\/vitrine-classique-coulissante\/"},"modified":"2022-06-12T12:04:36","modified_gmt":"2022-06-12T10:04:36","slug":"vitrine-classique-coulissante","status":"publish","type":"product","link":"https:\/\/www.sp-equipements.com\/site\/produit\/vitrine-classique-coulissante\/","title":{"rendered":"Vitrine CLASSIQUE Coulissante"},"content":{"rendered":"","protected":false},"excerpt":{"rendered":"<div id=\"box-article-description\">\n<div id=\"display-article-description\">\n<p><i><b>Vitrine simple face.\u00a0<\/b>Cadre aluminium \u00e9paisseur 58 mm.<\/i><\/p>\n<p>Porte battante rempla\u00e7able et r\u00e9versible, sans outil ni d\u00e9pose de la vitrine. Vitrage plexichocs ou verre s\u00e9curis\u00e9 \u00e9paisseur 4 mm. Charni\u00e8re int\u00e9gr\u00e9e inusable. Serrure \u00ab de s\u00e9curit\u00e9 \u00bb 2 cl\u00e9s sur profil\u00e9 de porte (2 serrures sur hauteur 1350). Joint d&rsquo;\u00e9tanch\u00e9it\u00e9 \u00e9lastom\u00e8re.<\/p>\n<p>Fond t\u00f4le \u00e9lectrozingu\u00e9e, laqu\u00e9 blanc.<br \/>\nFinition : anodis\u00e9 ou peint selon nos RAL.<\/p>\n<\/div>\n<\/div>\n","protected":false},"featured_media":37702,"comment_status":"open","ping_status":"closed","template":"","meta":[],"product_cat":[100,177],"product_tag":[],"yoast_head":"<!-- This site is optimized with the Yoast SEO plugin v22.2 - https:\/\/yoast.com\/wordpress\/plugins\/seo\/ -->\n<title>Vitrine CLASSIQUE Coulissante - SP \u00c9quipements<\/title>\n<meta name=\"robots\" content=\"index, follow, max-snippet:-1, max-image-preview:large, max-video-preview:-1\" \/>\n<link rel=\"canonical\" href=\"https:\/\/www.sp-equipements.com\/site\/produit\/vitrine-classique-coulissante\/\" \/>\n<meta property=\"og:locale\" content=\"fr_FR\" \/>\n<meta property=\"og:type\" content=\"article\" \/>\n<meta property=\"og:title\" content=\"Vitrine CLASSIQUE Coulissante - SP \u00c9quipements\" \/>\n<meta property=\"og:description\" content=\"Vitrine simple face.\u00a0Cadre aluminium \u00e9paisseur 58 mm.  Porte battante rempla\u00e7able et r\u00e9versible, sans outil ni d\u00e9pose de la vitrine. Vitrage plexichocs ou verre s\u00e9curis\u00e9 \u00e9paisseur 4 mm. Charni\u00e8re int\u00e9gr\u00e9e inusable. Serrure \u00ab de s\u00e9curit\u00e9 \u00bb 2 cl\u00e9s sur profil\u00e9 de porte (2 serrures sur hauteur 1350). Joint d&#039;\u00e9tanch\u00e9it\u00e9 \u00e9lastom\u00e8re.  Fond t\u00f4le \u00e9lectrozingu\u00e9e, laqu\u00e9 blanc. Finition : anodis\u00e9 ou peint selon nos RAL.\" \/>\n<meta property=\"og:url\" content=\"https:\/\/www.sp-equipements.com\/site\/produit\/vitrine-classique-coulissante\/\" \/>\n<meta property=\"og:site_name\" content=\"SP \u00c9quipements\" \/>\n<meta property=\"article:modified_time\" content=\"2022-06-12T10:04:36+00:00\" \/>\n<meta property=\"og:image\" content=\"https:\/\/www.sp-equipements.com\/site\/wp-content\/uploads\/2019\/06\/vitrine_classique_coulissante-1.jpg\" \/>\n\t<meta property=\"og:image:width\" content=\"190\" \/>\n\t<meta property=\"og:image:height\" content=\"190\" \/>\n\t<meta property=\"og:image:type\" content=\"image\/jpeg\" \/>\n<meta name=\"twitter:card\" content=\"summary_large_image\" \/>\n<script type=\"application\/ld+json\" class=\"yoast-schema-graph\">{\"@context\":\"https:\/\/schema.org\",\"@graph\":[{\"@type\":\"WebPage\",\"@id\":\"https:\/\/www.sp-equipements.com\/site\/produit\/vitrine-classique-coulissante\/\",\"url\":\"https:\/\/www.sp-equipements.com\/site\/produit\/vitrine-classique-coulissante\/\",\"name\":\"Vitrine CLASSIQUE Coulissante - SP \u00c9quipements\",\"isPartOf\":{\"@id\":\"https:\/\/www.sp-equipements.com\/site\/#website\"},\"primaryImageOfPage\":{\"@id\":\"https:\/\/www.sp-equipements.com\/site\/produit\/vitrine-classique-coulissante\/#primaryimage\"},\"image\":{\"@id\":\"https:\/\/www.sp-equipements.com\/site\/produit\/vitrine-classique-coulissante\/#primaryimage\"},\"thumbnailUrl\":\"https:\/\/www.sp-equipements.com\/site\/wp-content\/uploads\/2019\/06\/vitrine_classique_coulissante-1.jpg\",\"datePublished\":\"2019-06-07T08:14:11+00:00\",\"dateModified\":\"2022-06-12T10:04:36+00:00\",\"breadcrumb\":{\"@id\":\"https:\/\/www.sp-equipements.com\/site\/produit\/vitrine-classique-coulissante\/#breadcrumb\"},\"inLanguage\":\"fr-FR\",\"potentialAction\":[{\"@type\":\"ReadAction\",\"target\":[\"https:\/\/www.sp-equipements.com\/site\/produit\/vitrine-classique-coulissante\/\"]}]},{\"@type\":\"ImageObject\",\"inLanguage\":\"fr-FR\",\"@id\":\"https:\/\/www.sp-equipements.com\/site\/produit\/vitrine-classique-coulissante\/#primaryimage\",\"url\":\"https:\/\/www.sp-equipements.com\/site\/wp-content\/uploads\/2019\/06\/vitrine_classique_coulissante-1.jpg\",\"contentUrl\":\"https:\/\/www.sp-equipements.com\/site\/wp-content\/uploads\/2019\/06\/vitrine_classique_coulissante-1.jpg\",\"width\":190,\"height\":190,\"caption\":\"vitrine classique coulissante 1\"},{\"@type\":\"BreadcrumbList\",\"@id\":\"https:\/\/www.sp-equipements.com\/site\/produit\/vitrine-classique-coulissante\/#breadcrumb\",\"itemListElement\":[{\"@type\":\"ListItem\",\"position\":1,\"name\":\"Accueil\",\"item\":\"https:\/\/www.sp-equipements.com\/site\/\"},{\"@type\":\"ListItem\",\"position\":2,\"name\":\"Catalogue\",\"item\":\"https:\/\/www.sp-equipements.com\/site\/catalogue\/\"},{\"@type\":\"ListItem\",\"position\":3,\"name\":\"Vitrine CLASSIQUE Coulissante\"}]},{\"@type\":\"WebSite\",\"@id\":\"https:\/\/www.sp-equipements.com\/site\/#website\",\"url\":\"https:\/\/www.sp-equipements.com\/site\/\",\"name\":\"SP \u00c9quipements\",\"description\":\"\u00c9quipements de collectivit\u00e9s\",\"potentialAction\":[{\"@type\":\"SearchAction\",\"target\":{\"@type\":\"EntryPoint\",\"urlTemplate\":\"https:\/\/www.sp-equipements.com\/site\/?s={search_term_string}\"},\"query-input\":\"required name=search_term_string\"}],\"inLanguage\":\"fr-FR\"}]}<\/script>\n<!-- \/ Yoast SEO plugin. -->","yoast_head_json":{"title":"Vitrine CLASSIQUE Coulissante - SP \u00c9quipements","robots":{"index":"index","follow":"follow","max-snippet":"max-snippet:-1","max-image-preview":"max-image-preview:large","max-video-preview":"max-video-preview:-1"},"canonical":"https:\/\/www.sp-equipements.com\/site\/produit\/vitrine-classique-coulissante\/","og_locale":"fr_FR","og_type":"article","og_title":"Vitrine CLASSIQUE Coulissante - SP \u00c9quipements","og_description":"Vitrine simple face.\u00a0Cadre aluminium \u00e9paisseur 58 mm.  Porte battante rempla\u00e7able et r\u00e9versible, sans outil ni d\u00e9pose de la vitrine. Vitrage plexichocs ou verre s\u00e9curis\u00e9 \u00e9paisseur 4 mm. Charni\u00e8re int\u00e9gr\u00e9e inusable. Serrure \u00ab de s\u00e9curit\u00e9 \u00bb 2 cl\u00e9s sur profil\u00e9 de porte (2 serrures sur hauteur 1350). Joint d'\u00e9tanch\u00e9it\u00e9 \u00e9lastom\u00e8re.  Fond t\u00f4le \u00e9lectrozingu\u00e9e, laqu\u00e9 blanc. Finition : anodis\u00e9 ou peint selon nos RAL.","og_url":"https:\/\/www.sp-equipements.com\/site\/produit\/vitrine-classique-coulissante\/","og_site_name":"SP \u00c9quipements","article_modified_time":"2022-06-12T10:04:36+00:00","og_image":[{"width":190,"height":190,"url":"https:\/\/www.sp-equipements.com\/site\/wp-content\/uploads\/2019\/06\/vitrine_classique_coulissante-1.jpg","type":"image\/jpeg"}],"twitter_card":"summary_large_image","schema":{"@context":"https:\/\/schema.org","@graph":[{"@type":"WebPage","@id":"https:\/\/www.sp-equipements.com\/site\/produit\/vitrine-classique-coulissante\/","url":"https:\/\/www.sp-equipements.com\/site\/produit\/vitrine-classique-coulissante\/","name":"Vitrine CLASSIQUE Coulissante - SP \u00c9quipements","isPartOf":{"@id":"https:\/\/www.sp-equipements.com\/site\/#website"},"primaryImageOfPage":{"@id":"https:\/\/www.sp-equipements.com\/site\/produit\/vitrine-classique-coulissante\/#primaryimage"},"image":{"@id":"https:\/\/www.sp-equipements.com\/site\/produit\/vitrine-classique-coulissante\/#primaryimage"},"thumbnailUrl":"https:\/\/www.sp-equipements.com\/site\/wp-content\/uploads\/2019\/06\/vitrine_classique_coulissante-1.jpg","datePublished":"2019-06-07T08:14:11+00:00","dateModified":"2022-06-12T10:04:36+00:00","breadcrumb":{"@id":"https:\/\/www.sp-equipements.com\/site\/produit\/vitrine-classique-coulissante\/#breadcrumb"},"inLanguage":"fr-FR","potentialAction":[{"@type":"ReadAction","target":["https:\/\/www.sp-equipements.com\/site\/produit\/vitrine-classique-coulissante\/"]}]},{"@type":"ImageObject","inLanguage":"fr-FR","@id":"https:\/\/www.sp-equipements.com\/site\/produit\/vitrine-classique-coulissante\/#primaryimage","url":"https:\/\/www.sp-equipements.com\/site\/wp-content\/uploads\/2019\/06\/vitrine_classique_coulissante-1.jpg","contentUrl":"https:\/\/www.sp-equipements.com\/site\/wp-content\/uploads\/2019\/06\/vitrine_classique_coulissante-1.jpg","width":190,"height":190,"caption":"vitrine classique coulissante 1"},{"@type":"BreadcrumbList","@id":"https:\/\/www.sp-equipements.com\/site\/produit\/vitrine-classique-coulissante\/#breadcrumb","itemListElement":[{"@type":"ListItem","position":1,"name":"Accueil","item":"https:\/\/www.sp-equipements.com\/site\/"},{"@type":"ListItem","position":2,"name":"Catalogue","item":"https:\/\/www.sp-equipements.com\/site\/catalogue\/"},{"@type":"ListItem","position":3,"name":"Vitrine CLASSIQUE Coulissante"}]},{"@type":"WebSite","@id":"https:\/\/www.sp-equipements.com\/site\/#website","url":"https:\/\/www.sp-equipements.com\/site\/","name":"SP \u00c9quipements","description":"\u00c9quipements de collectivit\u00e9s","potentialAction":[{"@type":"SearchAction","target":{"@type":"EntryPoint","urlTemplate":"https:\/\/www.sp-equipements.com\/site\/?s={search_term_string}"},"query-input":"required name=search_term_string"}],"inLanguage":"fr-FR"}]}},"_links":{"self":[{"href":"https:\/\/www.sp-equipements.com\/site\/wp-json\/wp\/v2\/product\/21778"}],"collection":[{"href":"https:\/\/www.sp-equipements.com\/site\/wp-json\/wp\/v2\/product"}],"about":[{"href":"https:\/\/www.sp-equipements.com\/site\/wp-json\/wp\/v2\/types\/product"}],"replies":[{"embeddable":true,"href":"https:\/\/www.sp-equipements.com\/site\/wp-json\/wp\/v2\/comments?post=21778"}],"wp:featuredmedia":[{"embeddable":true,"href":"https:\/\/www.sp-equipements.com\/site\/wp-json\/wp\/v2\/media\/37702"}],"wp:attachment":[{"href":"https:\/\/www.sp-equipements.com\/site\/wp-json\/wp\/v2\/media?parent=21778"}],"wp:term":[{"taxonomy":"product_cat","embeddable":true,"href":"https:\/\/www.sp-equipements.com\/site\/wp-json\/wp\/v2\/product_cat?post=21778"},{"taxonomy":"product_tag","embeddable":true,"href":"https:\/\/www.sp-equipements.com\/site\/wp-json\/wp\/v2\/product_tag?post=21778"}],"curies":[{"name":"wp","href":"https:\/\/api.w.org\/{rel}","templated":true}]}}