{"id":21780,"date":"2019-06-07T10:14:12","date_gmt":"2019-06-07T08:14:12","guid":{"rendered":"http:\/\/www.polyequipements.com\/produit\/caisson-dinformation-vip-sur-2-poteaux-acier\/"},"modified":"2019-06-19T15:31:33","modified_gmt":"2019-06-19T13:31:33","slug":"caisson-dinformation-vip-sur-2-poteaux-acier","status":"publish","type":"product","link":"https:\/\/www.sp-equipements.com\/site\/produit\/caisson-dinformation-vip-sur-2-poteaux-acier\/","title":{"rendered":"Caisson d&rsquo;information \u00ab\u00a0VIP\u00a0\u00bb sur 2 poteaux acier"},"content":{"rendered":"","protected":false},"excerpt":{"rendered":"<p><i>Un caisson se diff\u00e9rencie d\u2019une vitrine par la pr\u00e9sence d\u2019une cloison int\u00e9rieure, support d\u2019affiche, fix\u00e9e \u00e0 20 mm du vitrage. La surface visible de l&rsquo;affiche est de h 1710 x 1160mm.<\/i><\/p>\n<p>Caisson double face, cadre aluminium \u00e9paisseur 150 mm. Angles arrondis en fonte d\u2019aluminium. Porte levante assist\u00e9e par v\u00e9rins, rempla\u00e7able en cas de vandalisme, sans outil ni d\u00e9montage du caisson. Vitrage verre s\u00e9curis\u00e9, \u00e9paisseur 4 mm.\u00a0<b>Syst\u00e8me \u00ab\u00a0VIP\u00a0\u00bb : vitrage instantan\u00e9ment permutable.<\/b><br \/>\nCharni\u00e8re int\u00e9gr\u00e9e. 2 serrures \u00ab de s\u00e9curit\u00e9 \u00bb 2 cl\u00e9s sur profil\u00e9 de porte. Joint d\u2019\u00e9tanch\u00e9it\u00e9 \u00e9lastom\u00e8re. Fond t\u00f4le \u00e9lectrozingu\u00e9e, laqu\u00e9 blanc. Finition : peint selon nos RAL.<\/p>\n<p><i><b>Version lumineuse :\u00a0<\/b><\/i>support d\u2019affiche plexi diffusant blanc \u00e9paisseur 3 mm.\u00a0<b>Syst\u00e8me assurant la mobilit\u00e9 du support : le changement d&rsquo;affiche s&rsquo;effectue \u00e0 hauteur d&rsquo;homme.<\/b>Eclairage par tubes fluorescents \u00e0 haute luminosit\u00e9 de 58 watts chacun, conforme aux normes CE en vigueur.<\/p>\n<p><i><b>Version non lumineuse :\u00a0<\/b><\/i>support d\u2019affiche en t\u00f4le, laqu\u00e9 blanc. Fixation de l\u2019affiche par pinces horizontales hautes fournies.<\/p>\n<p><b>Sp\u00e9cificit\u00e9<\/b><br \/>\nDeux poteaux tube acier \u00d8 114mm. 4 pommeaux au choix.<br \/>\nFinition : peint selon nos RAL.<br \/>\nPose par scellement direct.<\/p>\n<p><b>Montage<\/b><br \/>\nNotice de montage fournie. Le raccordement \u00e9lectrique doit \u00eatre assur\u00e9 par un professionnel et r\u00e9pondre aux normes CE de s\u00e9curit\u00e9 en vigueur.<\/p>\n","protected":false},"featured_media":37704,"comment_status":"open","ping_status":"closed","template":"","meta":[],"product_cat":[100,177],"product_tag":[],"yoast_head":"<!-- This site is optimized with the Yoast SEO plugin v22.2 - https:\/\/yoast.com\/wordpress\/plugins\/seo\/ -->\n<title>Caisson d&#039;information &quot;VIP&quot; sur 2 poteaux acier - SP \u00c9quipements<\/title>\n<meta name=\"robots\" content=\"index, follow, max-snippet:-1, max-image-preview:large, max-video-preview:-1\" \/>\n<link rel=\"canonical\" href=\"https:\/\/www.sp-equipements.com\/site\/produit\/caisson-dinformation-vip-sur-2-poteaux-acier\/\" \/>\n<meta property=\"og:locale\" content=\"fr_FR\" \/>\n<meta property=\"og:type\" content=\"article\" \/>\n<meta property=\"og:title\" content=\"Caisson d&#039;information &quot;VIP&quot; sur 2 poteaux acier - SP \u00c9quipements\" \/>\n<meta property=\"og:description\" content=\"Un caisson se diff\u00e9rencie d\u2019une vitrine par la pr\u00e9sence d\u2019une cloison int\u00e9rieure, support d\u2019affiche, fix\u00e9e \u00e0 20 mm du vitrage. La surface visible de l&#039;affiche est de h 1710 x 1160mm.  Caisson double face, cadre aluminium \u00e9paisseur 150 mm. Angles arrondis en fonte d\u2019aluminium. Porte levante assist\u00e9e par v\u00e9rins, rempla\u00e7able en cas de vandalisme, sans outil ni d\u00e9montage du caisson. Vitrage verre s\u00e9curis\u00e9, \u00e9paisseur 4 mm.\u00a0Syst\u00e8me &quot;VIP&quot; : vitrage instantan\u00e9ment permutable. Charni\u00e8re int\u00e9gr\u00e9e. 2 serrures \u00ab de s\u00e9curit\u00e9 \u00bb 2 cl\u00e9s sur profil\u00e9 de porte. Joint d\u2019\u00e9tanch\u00e9it\u00e9 \u00e9lastom\u00e8re. Fond t\u00f4le \u00e9lectrozingu\u00e9e, laqu\u00e9 blanc. Finition : peint selon nos RAL.  Version lumineuse :\u00a0support d\u2019affiche plexi diffusant blanc \u00e9paisseur 3 mm.\u00a0Syst\u00e8me assurant la mobilit\u00e9 du support : le changement d&#039;affiche s&#039;effectue \u00e0 hauteur d&#039;homme.Eclairage par tubes fluorescents \u00e0 haute luminosit\u00e9 de 58 watts chacun, conforme aux normes CE en vigueur.  Version non lumineuse :\u00a0support d\u2019affiche en t\u00f4le, laqu\u00e9 blanc. Fixation de l\u2019affiche par pinces horizontales hautes fournies.  Sp\u00e9cificit\u00e9 Deux poteaux tube acier \u00d8 114mm. 4 pommeaux au choix. Finition : peint selon nos RAL. Pose par scellement direct.  Montage Notice de montage fournie. Le raccordement \u00e9lectrique doit \u00eatre assur\u00e9 par un professionnel et r\u00e9pondre aux normes CE de s\u00e9curit\u00e9 en vigueur.\" \/>\n<meta property=\"og:url\" content=\"https:\/\/www.sp-equipements.com\/site\/produit\/caisson-dinformation-vip-sur-2-poteaux-acier\/\" \/>\n<meta property=\"og:site_name\" content=\"SP \u00c9quipements\" \/>\n<meta property=\"article:modified_time\" content=\"2019-06-19T13:31:33+00:00\" \/>\n<meta property=\"og:image\" content=\"https:\/\/www.sp-equipements.com\/site\/wp-content\/uploads\/2019\/06\/caisson_d_information_sur_2poteaux-1.jpg\" \/>\n\t<meta property=\"og:image:width\" content=\"190\" \/>\n\t<meta property=\"og:image:height\" content=\"190\" \/>\n\t<meta property=\"og:image:type\" content=\"image\/jpeg\" \/>\n<meta name=\"twitter:card\" content=\"summary_large_image\" \/>\n<script type=\"application\/ld+json\" class=\"yoast-schema-graph\">{\"@context\":\"https:\/\/schema.org\",\"@graph\":[{\"@type\":\"WebPage\",\"@id\":\"https:\/\/www.sp-equipements.com\/site\/produit\/caisson-dinformation-vip-sur-2-poteaux-acier\/\",\"url\":\"https:\/\/www.sp-equipements.com\/site\/produit\/caisson-dinformation-vip-sur-2-poteaux-acier\/\",\"name\":\"Caisson d'information \\\"VIP\\\" sur 2 poteaux acier - SP \u00c9quipements\",\"isPartOf\":{\"@id\":\"https:\/\/www.sp-equipements.com\/site\/#website\"},\"primaryImageOfPage\":{\"@id\":\"https:\/\/www.sp-equipements.com\/site\/produit\/caisson-dinformation-vip-sur-2-poteaux-acier\/#primaryimage\"},\"image\":{\"@id\":\"https:\/\/www.sp-equipements.com\/site\/produit\/caisson-dinformation-vip-sur-2-poteaux-acier\/#primaryimage\"},\"thumbnailUrl\":\"https:\/\/www.sp-equipements.com\/site\/wp-content\/uploads\/2019\/06\/caisson_d_information_sur_2poteaux-1.jpg\",\"datePublished\":\"2019-06-07T08:14:12+00:00\",\"dateModified\":\"2019-06-19T13:31:33+00:00\",\"breadcrumb\":{\"@id\":\"https:\/\/www.sp-equipements.com\/site\/produit\/caisson-dinformation-vip-sur-2-poteaux-acier\/#breadcrumb\"},\"inLanguage\":\"fr-FR\",\"potentialAction\":[{\"@type\":\"ReadAction\",\"target\":[\"https:\/\/www.sp-equipements.com\/site\/produit\/caisson-dinformation-vip-sur-2-poteaux-acier\/\"]}]},{\"@type\":\"ImageObject\",\"inLanguage\":\"fr-FR\",\"@id\":\"https:\/\/www.sp-equipements.com\/site\/produit\/caisson-dinformation-vip-sur-2-poteaux-acier\/#primaryimage\",\"url\":\"https:\/\/www.sp-equipements.com\/site\/wp-content\/uploads\/2019\/06\/caisson_d_information_sur_2poteaux-1.jpg\",\"contentUrl\":\"https:\/\/www.sp-equipements.com\/site\/wp-content\/uploads\/2019\/06\/caisson_d_information_sur_2poteaux-1.jpg\",\"width\":190,\"height\":190,\"caption\":\"caisson d information sur 2poteaux 1\"},{\"@type\":\"BreadcrumbList\",\"@id\":\"https:\/\/www.sp-equipements.com\/site\/produit\/caisson-dinformation-vip-sur-2-poteaux-acier\/#breadcrumb\",\"itemListElement\":[{\"@type\":\"ListItem\",\"position\":1,\"name\":\"Accueil\",\"item\":\"https:\/\/www.sp-equipements.com\/site\/\"},{\"@type\":\"ListItem\",\"position\":2,\"name\":\"Catalogue\",\"item\":\"https:\/\/www.sp-equipements.com\/site\/catalogue\/\"},{\"@type\":\"ListItem\",\"position\":3,\"name\":\"Caisson d&rsquo;information \u00ab\u00a0VIP\u00a0\u00bb sur 2 poteaux acier\"}]},{\"@type\":\"WebSite\",\"@id\":\"https:\/\/www.sp-equipements.com\/site\/#website\",\"url\":\"https:\/\/www.sp-equipements.com\/site\/\",\"name\":\"SP \u00c9quipements\",\"description\":\"\u00c9quipements de collectivit\u00e9s\",\"potentialAction\":[{\"@type\":\"SearchAction\",\"target\":{\"@type\":\"EntryPoint\",\"urlTemplate\":\"https:\/\/www.sp-equipements.com\/site\/?s={search_term_string}\"},\"query-input\":\"required name=search_term_string\"}],\"inLanguage\":\"fr-FR\"}]}<\/script>\n<!-- \/ Yoast SEO plugin. -->","yoast_head_json":{"title":"Caisson d'information \"VIP\" sur 2 poteaux acier - SP \u00c9quipements","robots":{"index":"index","follow":"follow","max-snippet":"max-snippet:-1","max-image-preview":"max-image-preview:large","max-video-preview":"max-video-preview:-1"},"canonical":"https:\/\/www.sp-equipements.com\/site\/produit\/caisson-dinformation-vip-sur-2-poteaux-acier\/","og_locale":"fr_FR","og_type":"article","og_title":"Caisson d'information \"VIP\" sur 2 poteaux acier - SP \u00c9quipements","og_description":"Un caisson se diff\u00e9rencie d\u2019une vitrine par la pr\u00e9sence d\u2019une cloison int\u00e9rieure, support d\u2019affiche, fix\u00e9e \u00e0 20 mm du vitrage. La surface visible de l'affiche est de h 1710 x 1160mm.  Caisson double face, cadre aluminium \u00e9paisseur 150 mm. Angles arrondis en fonte d\u2019aluminium. Porte levante assist\u00e9e par v\u00e9rins, rempla\u00e7able en cas de vandalisme, sans outil ni d\u00e9montage du caisson. Vitrage verre s\u00e9curis\u00e9, \u00e9paisseur 4 mm.\u00a0Syst\u00e8me \"VIP\" : vitrage instantan\u00e9ment permutable. Charni\u00e8re int\u00e9gr\u00e9e. 2 serrures \u00ab de s\u00e9curit\u00e9 \u00bb 2 cl\u00e9s sur profil\u00e9 de porte. Joint d\u2019\u00e9tanch\u00e9it\u00e9 \u00e9lastom\u00e8re. Fond t\u00f4le \u00e9lectrozingu\u00e9e, laqu\u00e9 blanc. Finition : peint selon nos RAL.  Version lumineuse :\u00a0support d\u2019affiche plexi diffusant blanc \u00e9paisseur 3 mm.\u00a0Syst\u00e8me assurant la mobilit\u00e9 du support : le changement d'affiche s'effectue \u00e0 hauteur d'homme.Eclairage par tubes fluorescents \u00e0 haute luminosit\u00e9 de 58 watts chacun, conforme aux normes CE en vigueur.  Version non lumineuse :\u00a0support d\u2019affiche en t\u00f4le, laqu\u00e9 blanc. Fixation de l\u2019affiche par pinces horizontales hautes fournies.  Sp\u00e9cificit\u00e9 Deux poteaux tube acier \u00d8 114mm. 4 pommeaux au choix. Finition : peint selon nos RAL. Pose par scellement direct.  Montage Notice de montage fournie. Le raccordement \u00e9lectrique doit \u00eatre assur\u00e9 par un professionnel et r\u00e9pondre aux normes CE de s\u00e9curit\u00e9 en vigueur.","og_url":"https:\/\/www.sp-equipements.com\/site\/produit\/caisson-dinformation-vip-sur-2-poteaux-acier\/","og_site_name":"SP \u00c9quipements","article_modified_time":"2019-06-19T13:31:33+00:00","og_image":[{"width":190,"height":190,"url":"https:\/\/www.sp-equipements.com\/site\/wp-content\/uploads\/2019\/06\/caisson_d_information_sur_2poteaux-1.jpg","type":"image\/jpeg"}],"twitter_card":"summary_large_image","schema":{"@context":"https:\/\/schema.org","@graph":[{"@type":"WebPage","@id":"https:\/\/www.sp-equipements.com\/site\/produit\/caisson-dinformation-vip-sur-2-poteaux-acier\/","url":"https:\/\/www.sp-equipements.com\/site\/produit\/caisson-dinformation-vip-sur-2-poteaux-acier\/","name":"Caisson d'information \"VIP\" sur 2 poteaux acier - SP \u00c9quipements","isPartOf":{"@id":"https:\/\/www.sp-equipements.com\/site\/#website"},"primaryImageOfPage":{"@id":"https:\/\/www.sp-equipements.com\/site\/produit\/caisson-dinformation-vip-sur-2-poteaux-acier\/#primaryimage"},"image":{"@id":"https:\/\/www.sp-equipements.com\/site\/produit\/caisson-dinformation-vip-sur-2-poteaux-acier\/#primaryimage"},"thumbnailUrl":"https:\/\/www.sp-equipements.com\/site\/wp-content\/uploads\/2019\/06\/caisson_d_information_sur_2poteaux-1.jpg","datePublished":"2019-06-07T08:14:12+00:00","dateModified":"2019-06-19T13:31:33+00:00","breadcrumb":{"@id":"https:\/\/www.sp-equipements.com\/site\/produit\/caisson-dinformation-vip-sur-2-poteaux-acier\/#breadcrumb"},"inLanguage":"fr-FR","potentialAction":[{"@type":"ReadAction","target":["https:\/\/www.sp-equipements.com\/site\/produit\/caisson-dinformation-vip-sur-2-poteaux-acier\/"]}]},{"@type":"ImageObject","inLanguage":"fr-FR","@id":"https:\/\/www.sp-equipements.com\/site\/produit\/caisson-dinformation-vip-sur-2-poteaux-acier\/#primaryimage","url":"https:\/\/www.sp-equipements.com\/site\/wp-content\/uploads\/2019\/06\/caisson_d_information_sur_2poteaux-1.jpg","contentUrl":"https:\/\/www.sp-equipements.com\/site\/wp-content\/uploads\/2019\/06\/caisson_d_information_sur_2poteaux-1.jpg","width":190,"height":190,"caption":"caisson d information sur 2poteaux 1"},{"@type":"BreadcrumbList","@id":"https:\/\/www.sp-equipements.com\/site\/produit\/caisson-dinformation-vip-sur-2-poteaux-acier\/#breadcrumb","itemListElement":[{"@type":"ListItem","position":1,"name":"Accueil","item":"https:\/\/www.sp-equipements.com\/site\/"},{"@type":"ListItem","position":2,"name":"Catalogue","item":"https:\/\/www.sp-equipements.com\/site\/catalogue\/"},{"@type":"ListItem","position":3,"name":"Caisson d&rsquo;information \u00ab\u00a0VIP\u00a0\u00bb sur 2 poteaux acier"}]},{"@type":"WebSite","@id":"https:\/\/www.sp-equipements.com\/site\/#website","url":"https:\/\/www.sp-equipements.com\/site\/","name":"SP \u00c9quipements","description":"\u00c9quipements de collectivit\u00e9s","potentialAction":[{"@type":"SearchAction","target":{"@type":"EntryPoint","urlTemplate":"https:\/\/www.sp-equipements.com\/site\/?s={search_term_string}"},"query-input":"required name=search_term_string"}],"inLanguage":"fr-FR"}]}},"_links":{"self":[{"href":"https:\/\/www.sp-equipements.com\/site\/wp-json\/wp\/v2\/product\/21780"}],"collection":[{"href":"https:\/\/www.sp-equipements.com\/site\/wp-json\/wp\/v2\/product"}],"about":[{"href":"https:\/\/www.sp-equipements.com\/site\/wp-json\/wp\/v2\/types\/product"}],"replies":[{"embeddable":true,"href":"https:\/\/www.sp-equipements.com\/site\/wp-json\/wp\/v2\/comments?post=21780"}],"wp:featuredmedia":[{"embeddable":true,"href":"https:\/\/www.sp-equipements.com\/site\/wp-json\/wp\/v2\/media\/37704"}],"wp:attachment":[{"href":"https:\/\/www.sp-equipements.com\/site\/wp-json\/wp\/v2\/media?parent=21780"}],"wp:term":[{"taxonomy":"product_cat","embeddable":true,"href":"https:\/\/www.sp-equipements.com\/site\/wp-json\/wp\/v2\/product_cat?post=21780"},{"taxonomy":"product_tag","embeddable":true,"href":"https:\/\/www.sp-equipements.com\/site\/wp-json\/wp\/v2\/product_tag?post=21780"}],"curies":[{"name":"wp","href":"https:\/\/api.w.org\/{rel}","templated":true}]}}