{"id":21787,"date":"2019-06-07T10:14:17","date_gmt":"2019-06-07T08:14:17","guid":{"rendered":"http:\/\/www.polyequipements.com\/produit\/barriere-tournante\/"},"modified":"2019-06-19T15:31:34","modified_gmt":"2019-06-19T13:31:34","slug":"barriere-tournante","status":"publish","type":"product","link":"https:\/\/www.sp-equipements.com\/site\/produit\/barriere-tournante\/","title":{"rendered":"Barri\u00e8re Tournante"},"content":{"rendered":"","protected":false},"excerpt":{"rendered":"<div id=\"box-article-description\">\n<div id=\"display-article-description\">\n<p>Tubes acier. F\u00fbt mont\u00e9 sur pivot.<br \/>\nFermeture standard par goupille \u00d8 20mm et cadenas fournis. Blocage possible \u00e0 90\u00b0 en position ouverte.<\/p>\n<p>Fermetures en option : cl\u00e9 triangle de 11 ou cl\u00e9 triangle de 14 prisonni\u00e8re obligeant l\u2019usager \u00e0 refermer la barri\u00e8re pour r\u00e9cup\u00e9rer sa cl\u00e9.<br \/>\nFinition galvanis\u00e9e ou peint sur galva selon nos RAL.<\/p>\n<p>Fixation sur platine 200 x 200\/10, par tiges d\u2019ancrage \u00e0 sceller fournies.<\/p>\n<\/div>\n<\/div>\n","protected":false},"featured_media":37711,"comment_status":"open","ping_status":"closed","template":"","meta":[],"product_cat":[100,180],"product_tag":[],"yoast_head":"<!-- This site is optimized with the Yoast SEO plugin v22.2 - https:\/\/yoast.com\/wordpress\/plugins\/seo\/ -->\n<title>Barri\u00e8re Tournante - SP \u00c9quipements<\/title>\n<meta name=\"robots\" content=\"index, follow, max-snippet:-1, max-image-preview:large, max-video-preview:-1\" \/>\n<link rel=\"canonical\" href=\"https:\/\/www.sp-equipements.com\/site\/produit\/barriere-tournante\/\" \/>\n<meta property=\"og:locale\" content=\"fr_FR\" \/>\n<meta property=\"og:type\" content=\"article\" \/>\n<meta property=\"og:title\" content=\"Barri\u00e8re Tournante - SP \u00c9quipements\" \/>\n<meta property=\"og:description\" content=\"Tubes acier. F\u00fbt mont\u00e9 sur pivot. Fermeture standard par goupille \u00d8 20mm et cadenas fournis. Blocage possible \u00e0 90\u00b0 en position ouverte.  Fermetures en option : cl\u00e9 triangle de 11 ou cl\u00e9 triangle de 14 prisonni\u00e8re obligeant l\u2019usager \u00e0 refermer la barri\u00e8re pour r\u00e9cup\u00e9rer sa cl\u00e9. Finition galvanis\u00e9e ou peint sur galva selon nos RAL.  Fixation sur platine 200 x 200\/10, par tiges d\u2019ancrage \u00e0 sceller fournies.\" \/>\n<meta property=\"og:url\" content=\"https:\/\/www.sp-equipements.com\/site\/produit\/barriere-tournante\/\" \/>\n<meta property=\"og:site_name\" content=\"SP \u00c9quipements\" \/>\n<meta property=\"article:modified_time\" content=\"2019-06-19T13:31:34+00:00\" \/>\n<meta property=\"og:image\" content=\"https:\/\/www.sp-equipements.com\/site\/wp-content\/uploads\/2019\/06\/barriere_tournante-1.jpg\" \/>\n\t<meta property=\"og:image:width\" content=\"190\" \/>\n\t<meta property=\"og:image:height\" content=\"190\" \/>\n\t<meta property=\"og:image:type\" content=\"image\/jpeg\" \/>\n<meta name=\"twitter:card\" content=\"summary_large_image\" \/>\n<script type=\"application\/ld+json\" class=\"yoast-schema-graph\">{\"@context\":\"https:\/\/schema.org\",\"@graph\":[{\"@type\":\"WebPage\",\"@id\":\"https:\/\/www.sp-equipements.com\/site\/produit\/barriere-tournante\/\",\"url\":\"https:\/\/www.sp-equipements.com\/site\/produit\/barriere-tournante\/\",\"name\":\"Barri\u00e8re Tournante - SP \u00c9quipements\",\"isPartOf\":{\"@id\":\"https:\/\/www.sp-equipements.com\/site\/#website\"},\"primaryImageOfPage\":{\"@id\":\"https:\/\/www.sp-equipements.com\/site\/produit\/barriere-tournante\/#primaryimage\"},\"image\":{\"@id\":\"https:\/\/www.sp-equipements.com\/site\/produit\/barriere-tournante\/#primaryimage\"},\"thumbnailUrl\":\"https:\/\/www.sp-equipements.com\/site\/wp-content\/uploads\/2019\/06\/barriere_tournante-1.jpg\",\"datePublished\":\"2019-06-07T08:14:17+00:00\",\"dateModified\":\"2019-06-19T13:31:34+00:00\",\"breadcrumb\":{\"@id\":\"https:\/\/www.sp-equipements.com\/site\/produit\/barriere-tournante\/#breadcrumb\"},\"inLanguage\":\"fr-FR\",\"potentialAction\":[{\"@type\":\"ReadAction\",\"target\":[\"https:\/\/www.sp-equipements.com\/site\/produit\/barriere-tournante\/\"]}]},{\"@type\":\"ImageObject\",\"inLanguage\":\"fr-FR\",\"@id\":\"https:\/\/www.sp-equipements.com\/site\/produit\/barriere-tournante\/#primaryimage\",\"url\":\"https:\/\/www.sp-equipements.com\/site\/wp-content\/uploads\/2019\/06\/barriere_tournante-1.jpg\",\"contentUrl\":\"https:\/\/www.sp-equipements.com\/site\/wp-content\/uploads\/2019\/06\/barriere_tournante-1.jpg\",\"width\":190,\"height\":190,\"caption\":\"barriere tournante 1\"},{\"@type\":\"BreadcrumbList\",\"@id\":\"https:\/\/www.sp-equipements.com\/site\/produit\/barriere-tournante\/#breadcrumb\",\"itemListElement\":[{\"@type\":\"ListItem\",\"position\":1,\"name\":\"Accueil\",\"item\":\"https:\/\/www.sp-equipements.com\/site\/\"},{\"@type\":\"ListItem\",\"position\":2,\"name\":\"Catalogue\",\"item\":\"https:\/\/www.sp-equipements.com\/site\/catalogue\/\"},{\"@type\":\"ListItem\",\"position\":3,\"name\":\"Barri\u00e8re Tournante\"}]},{\"@type\":\"WebSite\",\"@id\":\"https:\/\/www.sp-equipements.com\/site\/#website\",\"url\":\"https:\/\/www.sp-equipements.com\/site\/\",\"name\":\"SP \u00c9quipements\",\"description\":\"\u00c9quipements de collectivit\u00e9s\",\"potentialAction\":[{\"@type\":\"SearchAction\",\"target\":{\"@type\":\"EntryPoint\",\"urlTemplate\":\"https:\/\/www.sp-equipements.com\/site\/?s={search_term_string}\"},\"query-input\":\"required name=search_term_string\"}],\"inLanguage\":\"fr-FR\"}]}<\/script>\n<!-- \/ Yoast SEO plugin. -->","yoast_head_json":{"title":"Barri\u00e8re Tournante - SP \u00c9quipements","robots":{"index":"index","follow":"follow","max-snippet":"max-snippet:-1","max-image-preview":"max-image-preview:large","max-video-preview":"max-video-preview:-1"},"canonical":"https:\/\/www.sp-equipements.com\/site\/produit\/barriere-tournante\/","og_locale":"fr_FR","og_type":"article","og_title":"Barri\u00e8re Tournante - SP \u00c9quipements","og_description":"Tubes acier. F\u00fbt mont\u00e9 sur pivot. Fermeture standard par goupille \u00d8 20mm et cadenas fournis. Blocage possible \u00e0 90\u00b0 en position ouverte.  Fermetures en option : cl\u00e9 triangle de 11 ou cl\u00e9 triangle de 14 prisonni\u00e8re obligeant l\u2019usager \u00e0 refermer la barri\u00e8re pour r\u00e9cup\u00e9rer sa cl\u00e9. Finition galvanis\u00e9e ou peint sur galva selon nos RAL.  Fixation sur platine 200 x 200\/10, par tiges d\u2019ancrage \u00e0 sceller fournies.","og_url":"https:\/\/www.sp-equipements.com\/site\/produit\/barriere-tournante\/","og_site_name":"SP \u00c9quipements","article_modified_time":"2019-06-19T13:31:34+00:00","og_image":[{"width":190,"height":190,"url":"https:\/\/www.sp-equipements.com\/site\/wp-content\/uploads\/2019\/06\/barriere_tournante-1.jpg","type":"image\/jpeg"}],"twitter_card":"summary_large_image","schema":{"@context":"https:\/\/schema.org","@graph":[{"@type":"WebPage","@id":"https:\/\/www.sp-equipements.com\/site\/produit\/barriere-tournante\/","url":"https:\/\/www.sp-equipements.com\/site\/produit\/barriere-tournante\/","name":"Barri\u00e8re Tournante - SP \u00c9quipements","isPartOf":{"@id":"https:\/\/www.sp-equipements.com\/site\/#website"},"primaryImageOfPage":{"@id":"https:\/\/www.sp-equipements.com\/site\/produit\/barriere-tournante\/#primaryimage"},"image":{"@id":"https:\/\/www.sp-equipements.com\/site\/produit\/barriere-tournante\/#primaryimage"},"thumbnailUrl":"https:\/\/www.sp-equipements.com\/site\/wp-content\/uploads\/2019\/06\/barriere_tournante-1.jpg","datePublished":"2019-06-07T08:14:17+00:00","dateModified":"2019-06-19T13:31:34+00:00","breadcrumb":{"@id":"https:\/\/www.sp-equipements.com\/site\/produit\/barriere-tournante\/#breadcrumb"},"inLanguage":"fr-FR","potentialAction":[{"@type":"ReadAction","target":["https:\/\/www.sp-equipements.com\/site\/produit\/barriere-tournante\/"]}]},{"@type":"ImageObject","inLanguage":"fr-FR","@id":"https:\/\/www.sp-equipements.com\/site\/produit\/barriere-tournante\/#primaryimage","url":"https:\/\/www.sp-equipements.com\/site\/wp-content\/uploads\/2019\/06\/barriere_tournante-1.jpg","contentUrl":"https:\/\/www.sp-equipements.com\/site\/wp-content\/uploads\/2019\/06\/barriere_tournante-1.jpg","width":190,"height":190,"caption":"barriere tournante 1"},{"@type":"BreadcrumbList","@id":"https:\/\/www.sp-equipements.com\/site\/produit\/barriere-tournante\/#breadcrumb","itemListElement":[{"@type":"ListItem","position":1,"name":"Accueil","item":"https:\/\/www.sp-equipements.com\/site\/"},{"@type":"ListItem","position":2,"name":"Catalogue","item":"https:\/\/www.sp-equipements.com\/site\/catalogue\/"},{"@type":"ListItem","position":3,"name":"Barri\u00e8re Tournante"}]},{"@type":"WebSite","@id":"https:\/\/www.sp-equipements.com\/site\/#website","url":"https:\/\/www.sp-equipements.com\/site\/","name":"SP \u00c9quipements","description":"\u00c9quipements de collectivit\u00e9s","potentialAction":[{"@type":"SearchAction","target":{"@type":"EntryPoint","urlTemplate":"https:\/\/www.sp-equipements.com\/site\/?s={search_term_string}"},"query-input":"required name=search_term_string"}],"inLanguage":"fr-FR"}]}},"_links":{"self":[{"href":"https:\/\/www.sp-equipements.com\/site\/wp-json\/wp\/v2\/product\/21787"}],"collection":[{"href":"https:\/\/www.sp-equipements.com\/site\/wp-json\/wp\/v2\/product"}],"about":[{"href":"https:\/\/www.sp-equipements.com\/site\/wp-json\/wp\/v2\/types\/product"}],"replies":[{"embeddable":true,"href":"https:\/\/www.sp-equipements.com\/site\/wp-json\/wp\/v2\/comments?post=21787"}],"wp:featuredmedia":[{"embeddable":true,"href":"https:\/\/www.sp-equipements.com\/site\/wp-json\/wp\/v2\/media\/37711"}],"wp:attachment":[{"href":"https:\/\/www.sp-equipements.com\/site\/wp-json\/wp\/v2\/media?parent=21787"}],"wp:term":[{"taxonomy":"product_cat","embeddable":true,"href":"https:\/\/www.sp-equipements.com\/site\/wp-json\/wp\/v2\/product_cat?post=21787"},{"taxonomy":"product_tag","embeddable":true,"href":"https:\/\/www.sp-equipements.com\/site\/wp-json\/wp\/v2\/product_tag?post=21787"}],"curies":[{"name":"wp","href":"https:\/\/api.w.org\/{rel}","templated":true}]}}