{"id":21789,"date":"2019-06-07T10:14:18","date_gmt":"2019-06-07T08:14:18","guid":{"rendered":"http:\/\/www.polyequipements.com\/produit\/barriere-tournante-universelle-de-3-a-5m\/"},"modified":"2019-06-19T15:31:35","modified_gmt":"2019-06-19T13:31:35","slug":"barriere-tournante-universelle-de-3-a-5m","status":"publish","type":"product","link":"https:\/\/www.sp-equipements.com\/site\/produit\/barriere-tournante-universelle-de-3-a-5m\/","title":{"rendered":"Barri\u00e8re Tournante Universelle <i>de 3 \u00e0 5m<\/i>"},"content":{"rendered":"","protected":false},"excerpt":{"rendered":"<p><i>La barri\u00e8re t\u00e9lescopique qui s&rsquo;adapte \u00e0 toutes les largeurs de voies, de 3 \u00e0 5 m\u00e8tres.<\/i><\/p>\n<p>Tubes acier.<br \/>Largeur modulable de 3000 \u00e0 5000mm, blocage par vis.<br \/>Fermeture par cadenas (fourni).<br \/>Finition laqu\u00e9 blanc sur galva avec bandes rouges r\u00e9tror\u00e9fl\u00e9chissantes.<br \/>Fixation sur platines avec crosses de scellement fournies.<\/p>\n<p><b>2nd poteau de r\u00e9ception pour verrouillage en position\u00a0\u00bbouvert\u00a0\u00bb fourni.<\/b><\/p>\n<p>Transport simplifi\u00e9 : la barri\u00e8re est conditionn\u00e9e en un seul colis de 3m.<\/p>\n","protected":false},"featured_media":37713,"comment_status":"open","ping_status":"closed","template":"","meta":[],"product_cat":[100,180],"product_tag":[],"yoast_head":"<!-- This site is optimized with the Yoast SEO plugin v22.2 - https:\/\/yoast.com\/wordpress\/plugins\/seo\/ -->\n<title>Barri\u00e8re Tournante Universelle de 3 \u00e0 5m - SP \u00c9quipements<\/title>\n<meta name=\"robots\" content=\"index, follow, max-snippet:-1, max-image-preview:large, max-video-preview:-1\" \/>\n<link rel=\"canonical\" href=\"https:\/\/www.sp-equipements.com\/site\/produit\/barriere-tournante-universelle-de-3-a-5m\/\" \/>\n<meta property=\"og:locale\" content=\"fr_FR\" \/>\n<meta property=\"og:type\" content=\"article\" \/>\n<meta property=\"og:title\" content=\"Barri\u00e8re Tournante Universelle de 3 \u00e0 5m - SP \u00c9quipements\" \/>\n<meta property=\"og:description\" content=\"La barri\u00e8re t\u00e9lescopique qui s&#039;adapte \u00e0 toutes les largeurs de voies, de 3 \u00e0 5 m\u00e8tres.Tubes acier.Largeur modulable de 3000 \u00e0 5000mm, blocage par vis.Fermeture par cadenas (fourni).Finition laqu\u00e9 blanc sur galva avec bandes rouges r\u00e9tror\u00e9fl\u00e9chissantes.Fixation sur platines avec crosses de scellement fournies.2nd poteau de r\u00e9ception pour verrouillage en position&quot;ouvert&quot; fourni.Transport simplifi\u00e9 : la barri\u00e8re est conditionn\u00e9e en un seul colis de 3m.\" \/>\n<meta property=\"og:url\" content=\"https:\/\/www.sp-equipements.com\/site\/produit\/barriere-tournante-universelle-de-3-a-5m\/\" \/>\n<meta property=\"og:site_name\" content=\"SP \u00c9quipements\" \/>\n<meta property=\"article:modified_time\" content=\"2019-06-19T13:31:35+00:00\" \/>\n<meta property=\"og:image\" content=\"https:\/\/www.sp-equipements.com\/site\/wp-content\/uploads\/2019\/06\/barriere_tournante_universelle-1.jpg\" \/>\n\t<meta property=\"og:image:width\" content=\"190\" \/>\n\t<meta property=\"og:image:height\" content=\"190\" \/>\n\t<meta property=\"og:image:type\" content=\"image\/jpeg\" \/>\n<meta name=\"twitter:card\" content=\"summary_large_image\" \/>\n<script type=\"application\/ld+json\" class=\"yoast-schema-graph\">{\"@context\":\"https:\/\/schema.org\",\"@graph\":[{\"@type\":\"WebPage\",\"@id\":\"https:\/\/www.sp-equipements.com\/site\/produit\/barriere-tournante-universelle-de-3-a-5m\/\",\"url\":\"https:\/\/www.sp-equipements.com\/site\/produit\/barriere-tournante-universelle-de-3-a-5m\/\",\"name\":\"Barri\u00e8re Tournante Universelle de 3 \u00e0 5m - SP \u00c9quipements\",\"isPartOf\":{\"@id\":\"https:\/\/www.sp-equipements.com\/site\/#website\"},\"primaryImageOfPage\":{\"@id\":\"https:\/\/www.sp-equipements.com\/site\/produit\/barriere-tournante-universelle-de-3-a-5m\/#primaryimage\"},\"image\":{\"@id\":\"https:\/\/www.sp-equipements.com\/site\/produit\/barriere-tournante-universelle-de-3-a-5m\/#primaryimage\"},\"thumbnailUrl\":\"https:\/\/www.sp-equipements.com\/site\/wp-content\/uploads\/2019\/06\/barriere_tournante_universelle-1.jpg\",\"datePublished\":\"2019-06-07T08:14:18+00:00\",\"dateModified\":\"2019-06-19T13:31:35+00:00\",\"breadcrumb\":{\"@id\":\"https:\/\/www.sp-equipements.com\/site\/produit\/barriere-tournante-universelle-de-3-a-5m\/#breadcrumb\"},\"inLanguage\":\"fr-FR\",\"potentialAction\":[{\"@type\":\"ReadAction\",\"target\":[\"https:\/\/www.sp-equipements.com\/site\/produit\/barriere-tournante-universelle-de-3-a-5m\/\"]}]},{\"@type\":\"ImageObject\",\"inLanguage\":\"fr-FR\",\"@id\":\"https:\/\/www.sp-equipements.com\/site\/produit\/barriere-tournante-universelle-de-3-a-5m\/#primaryimage\",\"url\":\"https:\/\/www.sp-equipements.com\/site\/wp-content\/uploads\/2019\/06\/barriere_tournante_universelle-1.jpg\",\"contentUrl\":\"https:\/\/www.sp-equipements.com\/site\/wp-content\/uploads\/2019\/06\/barriere_tournante_universelle-1.jpg\",\"width\":190,\"height\":190,\"caption\":\"barriere tournante universelle 1\"},{\"@type\":\"BreadcrumbList\",\"@id\":\"https:\/\/www.sp-equipements.com\/site\/produit\/barriere-tournante-universelle-de-3-a-5m\/#breadcrumb\",\"itemListElement\":[{\"@type\":\"ListItem\",\"position\":1,\"name\":\"Accueil\",\"item\":\"https:\/\/www.sp-equipements.com\/site\/\"},{\"@type\":\"ListItem\",\"position\":2,\"name\":\"Catalogue\",\"item\":\"https:\/\/www.sp-equipements.com\/site\/catalogue\/\"},{\"@type\":\"ListItem\",\"position\":3,\"name\":\"Barri\u00e8re Tournante Universelle de 3 \u00e0 5m\"}]},{\"@type\":\"WebSite\",\"@id\":\"https:\/\/www.sp-equipements.com\/site\/#website\",\"url\":\"https:\/\/www.sp-equipements.com\/site\/\",\"name\":\"SP \u00c9quipements\",\"description\":\"\u00c9quipements de collectivit\u00e9s\",\"potentialAction\":[{\"@type\":\"SearchAction\",\"target\":{\"@type\":\"EntryPoint\",\"urlTemplate\":\"https:\/\/www.sp-equipements.com\/site\/?s={search_term_string}\"},\"query-input\":\"required name=search_term_string\"}],\"inLanguage\":\"fr-FR\"}]}<\/script>\n<!-- \/ Yoast SEO plugin. -->","yoast_head_json":{"title":"Barri\u00e8re Tournante Universelle de 3 \u00e0 5m - SP \u00c9quipements","robots":{"index":"index","follow":"follow","max-snippet":"max-snippet:-1","max-image-preview":"max-image-preview:large","max-video-preview":"max-video-preview:-1"},"canonical":"https:\/\/www.sp-equipements.com\/site\/produit\/barriere-tournante-universelle-de-3-a-5m\/","og_locale":"fr_FR","og_type":"article","og_title":"Barri\u00e8re Tournante Universelle de 3 \u00e0 5m - SP \u00c9quipements","og_description":"La barri\u00e8re t\u00e9lescopique qui s'adapte \u00e0 toutes les largeurs de voies, de 3 \u00e0 5 m\u00e8tres.Tubes acier.Largeur modulable de 3000 \u00e0 5000mm, blocage par vis.Fermeture par cadenas (fourni).Finition laqu\u00e9 blanc sur galva avec bandes rouges r\u00e9tror\u00e9fl\u00e9chissantes.Fixation sur platines avec crosses de scellement fournies.2nd poteau de r\u00e9ception pour verrouillage en position\"ouvert\" fourni.Transport simplifi\u00e9 : la barri\u00e8re est conditionn\u00e9e en un seul colis de 3m.","og_url":"https:\/\/www.sp-equipements.com\/site\/produit\/barriere-tournante-universelle-de-3-a-5m\/","og_site_name":"SP \u00c9quipements","article_modified_time":"2019-06-19T13:31:35+00:00","og_image":[{"width":190,"height":190,"url":"https:\/\/www.sp-equipements.com\/site\/wp-content\/uploads\/2019\/06\/barriere_tournante_universelle-1.jpg","type":"image\/jpeg"}],"twitter_card":"summary_large_image","schema":{"@context":"https:\/\/schema.org","@graph":[{"@type":"WebPage","@id":"https:\/\/www.sp-equipements.com\/site\/produit\/barriere-tournante-universelle-de-3-a-5m\/","url":"https:\/\/www.sp-equipements.com\/site\/produit\/barriere-tournante-universelle-de-3-a-5m\/","name":"Barri\u00e8re Tournante Universelle de 3 \u00e0 5m - SP \u00c9quipements","isPartOf":{"@id":"https:\/\/www.sp-equipements.com\/site\/#website"},"primaryImageOfPage":{"@id":"https:\/\/www.sp-equipements.com\/site\/produit\/barriere-tournante-universelle-de-3-a-5m\/#primaryimage"},"image":{"@id":"https:\/\/www.sp-equipements.com\/site\/produit\/barriere-tournante-universelle-de-3-a-5m\/#primaryimage"},"thumbnailUrl":"https:\/\/www.sp-equipements.com\/site\/wp-content\/uploads\/2019\/06\/barriere_tournante_universelle-1.jpg","datePublished":"2019-06-07T08:14:18+00:00","dateModified":"2019-06-19T13:31:35+00:00","breadcrumb":{"@id":"https:\/\/www.sp-equipements.com\/site\/produit\/barriere-tournante-universelle-de-3-a-5m\/#breadcrumb"},"inLanguage":"fr-FR","potentialAction":[{"@type":"ReadAction","target":["https:\/\/www.sp-equipements.com\/site\/produit\/barriere-tournante-universelle-de-3-a-5m\/"]}]},{"@type":"ImageObject","inLanguage":"fr-FR","@id":"https:\/\/www.sp-equipements.com\/site\/produit\/barriere-tournante-universelle-de-3-a-5m\/#primaryimage","url":"https:\/\/www.sp-equipements.com\/site\/wp-content\/uploads\/2019\/06\/barriere_tournante_universelle-1.jpg","contentUrl":"https:\/\/www.sp-equipements.com\/site\/wp-content\/uploads\/2019\/06\/barriere_tournante_universelle-1.jpg","width":190,"height":190,"caption":"barriere tournante universelle 1"},{"@type":"BreadcrumbList","@id":"https:\/\/www.sp-equipements.com\/site\/produit\/barriere-tournante-universelle-de-3-a-5m\/#breadcrumb","itemListElement":[{"@type":"ListItem","position":1,"name":"Accueil","item":"https:\/\/www.sp-equipements.com\/site\/"},{"@type":"ListItem","position":2,"name":"Catalogue","item":"https:\/\/www.sp-equipements.com\/site\/catalogue\/"},{"@type":"ListItem","position":3,"name":"Barri\u00e8re Tournante Universelle de 3 \u00e0 5m"}]},{"@type":"WebSite","@id":"https:\/\/www.sp-equipements.com\/site\/#website","url":"https:\/\/www.sp-equipements.com\/site\/","name":"SP \u00c9quipements","description":"\u00c9quipements de collectivit\u00e9s","potentialAction":[{"@type":"SearchAction","target":{"@type":"EntryPoint","urlTemplate":"https:\/\/www.sp-equipements.com\/site\/?s={search_term_string}"},"query-input":"required name=search_term_string"}],"inLanguage":"fr-FR"}]}},"_links":{"self":[{"href":"https:\/\/www.sp-equipements.com\/site\/wp-json\/wp\/v2\/product\/21789"}],"collection":[{"href":"https:\/\/www.sp-equipements.com\/site\/wp-json\/wp\/v2\/product"}],"about":[{"href":"https:\/\/www.sp-equipements.com\/site\/wp-json\/wp\/v2\/types\/product"}],"replies":[{"embeddable":true,"href":"https:\/\/www.sp-equipements.com\/site\/wp-json\/wp\/v2\/comments?post=21789"}],"wp:featuredmedia":[{"embeddable":true,"href":"https:\/\/www.sp-equipements.com\/site\/wp-json\/wp\/v2\/media\/37713"}],"wp:attachment":[{"href":"https:\/\/www.sp-equipements.com\/site\/wp-json\/wp\/v2\/media?parent=21789"}],"wp:term":[{"taxonomy":"product_cat","embeddable":true,"href":"https:\/\/www.sp-equipements.com\/site\/wp-json\/wp\/v2\/product_cat?post=21789"},{"taxonomy":"product_tag","embeddable":true,"href":"https:\/\/www.sp-equipements.com\/site\/wp-json\/wp\/v2\/product_tag?post=21789"}],"curies":[{"name":"wp","href":"https:\/\/api.w.org\/{rel}","templated":true}]}}