{"id":21791,"date":"2019-06-07T10:14:19","date_gmt":"2019-06-07T08:14:19","guid":{"rendered":"http:\/\/www.polyequipements.com\/produit\/barriere-tournante-a-support-roulettes\/"},"modified":"2019-06-19T15:31:36","modified_gmt":"2019-06-19T13:31:36","slug":"barriere-tournante-a-support-roulettes","status":"publish","type":"product","link":"https:\/\/www.sp-equipements.com\/site\/produit\/barriere-tournante-a-support-roulettes\/","title":{"rendered":"Barri\u00e8re Tournante <i>\u00e0 support roulettes<\/i>"},"content":{"rendered":"","protected":false},"excerpt":{"rendered":"<p><i>Barri\u00e8res tournantes tr\u00e8s grande longueur \u00e0 support-roulettes<\/i><\/p>\n<p>R\u00e9alis\u00e9es en acier en 6, 7 et 8 m\u00e8tres.<br \/>\nLisse 100 x 50 x 3 et barre de renfort 80 x 40 pivotantes sur f\u00fbt \u00d8 140mm avec articulation pour absorber les d\u00e9nivel\u00e9s.<br \/>\nFermeture par goupille et cadenas sur le support de repos, en option cl\u00e9 triangle de 11.<br \/>\nFinition laqu\u00e9 blanc sur galva avec bandes r\u00e9flectos rouges.<br \/>\nFixation sur platines avec crosses de scellement fournies.<\/p>\n","protected":false},"featured_media":37715,"comment_status":"open","ping_status":"closed","template":"","meta":[],"product_cat":[100,180],"product_tag":[],"yoast_head":"<!-- This site is optimized with the Yoast SEO plugin v22.2 - https:\/\/yoast.com\/wordpress\/plugins\/seo\/ -->\n<title>Barri\u00e8re Tournante \u00e0 support roulettes - SP \u00c9quipements<\/title>\n<meta name=\"robots\" content=\"index, follow, max-snippet:-1, max-image-preview:large, max-video-preview:-1\" \/>\n<link rel=\"canonical\" href=\"https:\/\/www.sp-equipements.com\/site\/produit\/barriere-tournante-a-support-roulettes\/\" \/>\n<meta property=\"og:locale\" content=\"fr_FR\" \/>\n<meta property=\"og:type\" content=\"article\" \/>\n<meta property=\"og:title\" content=\"Barri\u00e8re Tournante \u00e0 support roulettes - SP \u00c9quipements\" \/>\n<meta property=\"og:description\" content=\"Barri\u00e8res tournantes tr\u00e8s grande longueur \u00e0 support-roulettes  R\u00e9alis\u00e9es en acier en 6, 7 et 8 m\u00e8tres. Lisse 100 x 50 x 3 et barre de renfort 80 x 40 pivotantes sur f\u00fbt \u00d8 140mm avec articulation pour absorber les d\u00e9nivel\u00e9s. Fermeture par goupille et cadenas sur le support de repos, en option cl\u00e9 triangle de 11. Finition laqu\u00e9 blanc sur galva avec bandes r\u00e9flectos rouges. Fixation sur platines avec crosses de scellement fournies.\" \/>\n<meta property=\"og:url\" content=\"https:\/\/www.sp-equipements.com\/site\/produit\/barriere-tournante-a-support-roulettes\/\" \/>\n<meta property=\"og:site_name\" content=\"SP \u00c9quipements\" \/>\n<meta property=\"article:modified_time\" content=\"2019-06-19T13:31:36+00:00\" \/>\n<meta property=\"og:image\" content=\"https:\/\/www.sp-equipements.com\/site\/wp-content\/uploads\/2019\/06\/barriere_tournante_a_support_roulette-1.jpg\" \/>\n\t<meta property=\"og:image:width\" content=\"190\" \/>\n\t<meta property=\"og:image:height\" content=\"190\" \/>\n\t<meta property=\"og:image:type\" content=\"image\/jpeg\" \/>\n<meta name=\"twitter:card\" content=\"summary_large_image\" \/>\n<script type=\"application\/ld+json\" class=\"yoast-schema-graph\">{\"@context\":\"https:\/\/schema.org\",\"@graph\":[{\"@type\":\"WebPage\",\"@id\":\"https:\/\/www.sp-equipements.com\/site\/produit\/barriere-tournante-a-support-roulettes\/\",\"url\":\"https:\/\/www.sp-equipements.com\/site\/produit\/barriere-tournante-a-support-roulettes\/\",\"name\":\"Barri\u00e8re Tournante \u00e0 support roulettes - SP \u00c9quipements\",\"isPartOf\":{\"@id\":\"https:\/\/www.sp-equipements.com\/site\/#website\"},\"primaryImageOfPage\":{\"@id\":\"https:\/\/www.sp-equipements.com\/site\/produit\/barriere-tournante-a-support-roulettes\/#primaryimage\"},\"image\":{\"@id\":\"https:\/\/www.sp-equipements.com\/site\/produit\/barriere-tournante-a-support-roulettes\/#primaryimage\"},\"thumbnailUrl\":\"https:\/\/www.sp-equipements.com\/site\/wp-content\/uploads\/2019\/06\/barriere_tournante_a_support_roulette-1.jpg\",\"datePublished\":\"2019-06-07T08:14:19+00:00\",\"dateModified\":\"2019-06-19T13:31:36+00:00\",\"breadcrumb\":{\"@id\":\"https:\/\/www.sp-equipements.com\/site\/produit\/barriere-tournante-a-support-roulettes\/#breadcrumb\"},\"inLanguage\":\"fr-FR\",\"potentialAction\":[{\"@type\":\"ReadAction\",\"target\":[\"https:\/\/www.sp-equipements.com\/site\/produit\/barriere-tournante-a-support-roulettes\/\"]}]},{\"@type\":\"ImageObject\",\"inLanguage\":\"fr-FR\",\"@id\":\"https:\/\/www.sp-equipements.com\/site\/produit\/barriere-tournante-a-support-roulettes\/#primaryimage\",\"url\":\"https:\/\/www.sp-equipements.com\/site\/wp-content\/uploads\/2019\/06\/barriere_tournante_a_support_roulette-1.jpg\",\"contentUrl\":\"https:\/\/www.sp-equipements.com\/site\/wp-content\/uploads\/2019\/06\/barriere_tournante_a_support_roulette-1.jpg\",\"width\":190,\"height\":190,\"caption\":\"barriere tournante a support roulette 1\"},{\"@type\":\"BreadcrumbList\",\"@id\":\"https:\/\/www.sp-equipements.com\/site\/produit\/barriere-tournante-a-support-roulettes\/#breadcrumb\",\"itemListElement\":[{\"@type\":\"ListItem\",\"position\":1,\"name\":\"Accueil\",\"item\":\"https:\/\/www.sp-equipements.com\/site\/\"},{\"@type\":\"ListItem\",\"position\":2,\"name\":\"Catalogue\",\"item\":\"https:\/\/www.sp-equipements.com\/site\/catalogue\/\"},{\"@type\":\"ListItem\",\"position\":3,\"name\":\"Barri\u00e8re Tournante \u00e0 support roulettes\"}]},{\"@type\":\"WebSite\",\"@id\":\"https:\/\/www.sp-equipements.com\/site\/#website\",\"url\":\"https:\/\/www.sp-equipements.com\/site\/\",\"name\":\"SP \u00c9quipements\",\"description\":\"\u00c9quipements de collectivit\u00e9s\",\"potentialAction\":[{\"@type\":\"SearchAction\",\"target\":{\"@type\":\"EntryPoint\",\"urlTemplate\":\"https:\/\/www.sp-equipements.com\/site\/?s={search_term_string}\"},\"query-input\":\"required name=search_term_string\"}],\"inLanguage\":\"fr-FR\"}]}<\/script>\n<!-- \/ Yoast SEO plugin. -->","yoast_head_json":{"title":"Barri\u00e8re Tournante \u00e0 support roulettes - SP \u00c9quipements","robots":{"index":"index","follow":"follow","max-snippet":"max-snippet:-1","max-image-preview":"max-image-preview:large","max-video-preview":"max-video-preview:-1"},"canonical":"https:\/\/www.sp-equipements.com\/site\/produit\/barriere-tournante-a-support-roulettes\/","og_locale":"fr_FR","og_type":"article","og_title":"Barri\u00e8re Tournante \u00e0 support roulettes - SP \u00c9quipements","og_description":"Barri\u00e8res tournantes tr\u00e8s grande longueur \u00e0 support-roulettes  R\u00e9alis\u00e9es en acier en 6, 7 et 8 m\u00e8tres. Lisse 100 x 50 x 3 et barre de renfort 80 x 40 pivotantes sur f\u00fbt \u00d8 140mm avec articulation pour absorber les d\u00e9nivel\u00e9s. Fermeture par goupille et cadenas sur le support de repos, en option cl\u00e9 triangle de 11. Finition laqu\u00e9 blanc sur galva avec bandes r\u00e9flectos rouges. Fixation sur platines avec crosses de scellement fournies.","og_url":"https:\/\/www.sp-equipements.com\/site\/produit\/barriere-tournante-a-support-roulettes\/","og_site_name":"SP \u00c9quipements","article_modified_time":"2019-06-19T13:31:36+00:00","og_image":[{"width":190,"height":190,"url":"https:\/\/www.sp-equipements.com\/site\/wp-content\/uploads\/2019\/06\/barriere_tournante_a_support_roulette-1.jpg","type":"image\/jpeg"}],"twitter_card":"summary_large_image","schema":{"@context":"https:\/\/schema.org","@graph":[{"@type":"WebPage","@id":"https:\/\/www.sp-equipements.com\/site\/produit\/barriere-tournante-a-support-roulettes\/","url":"https:\/\/www.sp-equipements.com\/site\/produit\/barriere-tournante-a-support-roulettes\/","name":"Barri\u00e8re Tournante \u00e0 support roulettes - SP \u00c9quipements","isPartOf":{"@id":"https:\/\/www.sp-equipements.com\/site\/#website"},"primaryImageOfPage":{"@id":"https:\/\/www.sp-equipements.com\/site\/produit\/barriere-tournante-a-support-roulettes\/#primaryimage"},"image":{"@id":"https:\/\/www.sp-equipements.com\/site\/produit\/barriere-tournante-a-support-roulettes\/#primaryimage"},"thumbnailUrl":"https:\/\/www.sp-equipements.com\/site\/wp-content\/uploads\/2019\/06\/barriere_tournante_a_support_roulette-1.jpg","datePublished":"2019-06-07T08:14:19+00:00","dateModified":"2019-06-19T13:31:36+00:00","breadcrumb":{"@id":"https:\/\/www.sp-equipements.com\/site\/produit\/barriere-tournante-a-support-roulettes\/#breadcrumb"},"inLanguage":"fr-FR","potentialAction":[{"@type":"ReadAction","target":["https:\/\/www.sp-equipements.com\/site\/produit\/barriere-tournante-a-support-roulettes\/"]}]},{"@type":"ImageObject","inLanguage":"fr-FR","@id":"https:\/\/www.sp-equipements.com\/site\/produit\/barriere-tournante-a-support-roulettes\/#primaryimage","url":"https:\/\/www.sp-equipements.com\/site\/wp-content\/uploads\/2019\/06\/barriere_tournante_a_support_roulette-1.jpg","contentUrl":"https:\/\/www.sp-equipements.com\/site\/wp-content\/uploads\/2019\/06\/barriere_tournante_a_support_roulette-1.jpg","width":190,"height":190,"caption":"barriere tournante a support roulette 1"},{"@type":"BreadcrumbList","@id":"https:\/\/www.sp-equipements.com\/site\/produit\/barriere-tournante-a-support-roulettes\/#breadcrumb","itemListElement":[{"@type":"ListItem","position":1,"name":"Accueil","item":"https:\/\/www.sp-equipements.com\/site\/"},{"@type":"ListItem","position":2,"name":"Catalogue","item":"https:\/\/www.sp-equipements.com\/site\/catalogue\/"},{"@type":"ListItem","position":3,"name":"Barri\u00e8re Tournante \u00e0 support roulettes"}]},{"@type":"WebSite","@id":"https:\/\/www.sp-equipements.com\/site\/#website","url":"https:\/\/www.sp-equipements.com\/site\/","name":"SP \u00c9quipements","description":"\u00c9quipements de collectivit\u00e9s","potentialAction":[{"@type":"SearchAction","target":{"@type":"EntryPoint","urlTemplate":"https:\/\/www.sp-equipements.com\/site\/?s={search_term_string}"},"query-input":"required name=search_term_string"}],"inLanguage":"fr-FR"}]}},"_links":{"self":[{"href":"https:\/\/www.sp-equipements.com\/site\/wp-json\/wp\/v2\/product\/21791"}],"collection":[{"href":"https:\/\/www.sp-equipements.com\/site\/wp-json\/wp\/v2\/product"}],"about":[{"href":"https:\/\/www.sp-equipements.com\/site\/wp-json\/wp\/v2\/types\/product"}],"replies":[{"embeddable":true,"href":"https:\/\/www.sp-equipements.com\/site\/wp-json\/wp\/v2\/comments?post=21791"}],"wp:featuredmedia":[{"embeddable":true,"href":"https:\/\/www.sp-equipements.com\/site\/wp-json\/wp\/v2\/media\/37715"}],"wp:attachment":[{"href":"https:\/\/www.sp-equipements.com\/site\/wp-json\/wp\/v2\/media?parent=21791"}],"wp:term":[{"taxonomy":"product_cat","embeddable":true,"href":"https:\/\/www.sp-equipements.com\/site\/wp-json\/wp\/v2\/product_cat?post=21791"},{"taxonomy":"product_tag","embeddable":true,"href":"https:\/\/www.sp-equipements.com\/site\/wp-json\/wp\/v2\/product_tag?post=21791"}],"curies":[{"name":"wp","href":"https:\/\/api.w.org\/{rel}","templated":true}]}}