{"id":21792,"date":"2019-06-07T10:14:20","date_gmt":"2019-06-07T08:14:20","guid":{"rendered":"http:\/\/www.polyequipements.com\/produit\/barriere-forrestiere\/"},"modified":"2019-06-19T15:31:36","modified_gmt":"2019-06-19T13:31:36","slug":"barriere-forrestiere","status":"publish","type":"product","link":"https:\/\/www.sp-equipements.com\/site\/produit\/barriere-forrestiere\/","title":{"rendered":"Barri\u00e8re Forresti\u00e8re"},"content":{"rendered":"","protected":false},"excerpt":{"rendered":"<p><i>Forte r\u00e9sistance des poteaux en tube acier galvanis\u00e9 \u00d8 140mm.<\/i> <\/p>\n<p>C\u00e2ble gain\u00e9 d\u2019un plastique jaune \u00d8 17 mm. <br \/>Longueur 5500mm. <br \/>Pour passage de 4000mm.<br \/>Fermeture par cadenas inviolable r\u00e9alis\u00e9 pour cette barri\u00e8re.<br \/>Fixation par scellement direct.<\/p>\n","protected":false},"featured_media":37716,"comment_status":"open","ping_status":"closed","template":"","meta":[],"product_cat":[100,180],"product_tag":[],"yoast_head":"<!-- This site is optimized with the Yoast SEO plugin v22.2 - https:\/\/yoast.com\/wordpress\/plugins\/seo\/ -->\n<title>Barri\u00e8re Forresti\u00e8re - SP \u00c9quipements<\/title>\n<meta name=\"robots\" content=\"index, follow, max-snippet:-1, max-image-preview:large, max-video-preview:-1\" \/>\n<link rel=\"canonical\" href=\"https:\/\/www.sp-equipements.com\/site\/produit\/barriere-forrestiere\/\" \/>\n<meta property=\"og:locale\" content=\"fr_FR\" \/>\n<meta property=\"og:type\" content=\"article\" \/>\n<meta property=\"og:title\" content=\"Barri\u00e8re Forresti\u00e8re - SP \u00c9quipements\" \/>\n<meta property=\"og:description\" content=\"Forte r\u00e9sistance des poteaux en tube acier galvanis\u00e9 \u00d8 140mm. C\u00e2ble gain\u00e9 d\u2019un plastique jaune \u00d8 17 mm. Longueur 5500mm. Pour passage de 4000mm.Fermeture par cadenas inviolable r\u00e9alis\u00e9 pour cette barri\u00e8re.Fixation par scellement direct.\" \/>\n<meta property=\"og:url\" content=\"https:\/\/www.sp-equipements.com\/site\/produit\/barriere-forrestiere\/\" \/>\n<meta property=\"og:site_name\" content=\"SP \u00c9quipements\" \/>\n<meta property=\"article:modified_time\" content=\"2019-06-19T13:31:36+00:00\" \/>\n<meta property=\"og:image\" content=\"https:\/\/www.sp-equipements.com\/site\/wp-content\/uploads\/2019\/06\/barriere_forestiere-1.jpg\" \/>\n\t<meta property=\"og:image:width\" content=\"190\" \/>\n\t<meta property=\"og:image:height\" content=\"190\" \/>\n\t<meta property=\"og:image:type\" content=\"image\/jpeg\" \/>\n<meta name=\"twitter:card\" content=\"summary_large_image\" \/>\n<script type=\"application\/ld+json\" class=\"yoast-schema-graph\">{\"@context\":\"https:\/\/schema.org\",\"@graph\":[{\"@type\":\"WebPage\",\"@id\":\"https:\/\/www.sp-equipements.com\/site\/produit\/barriere-forrestiere\/\",\"url\":\"https:\/\/www.sp-equipements.com\/site\/produit\/barriere-forrestiere\/\",\"name\":\"Barri\u00e8re Forresti\u00e8re - SP \u00c9quipements\",\"isPartOf\":{\"@id\":\"https:\/\/www.sp-equipements.com\/site\/#website\"},\"primaryImageOfPage\":{\"@id\":\"https:\/\/www.sp-equipements.com\/site\/produit\/barriere-forrestiere\/#primaryimage\"},\"image\":{\"@id\":\"https:\/\/www.sp-equipements.com\/site\/produit\/barriere-forrestiere\/#primaryimage\"},\"thumbnailUrl\":\"https:\/\/www.sp-equipements.com\/site\/wp-content\/uploads\/2019\/06\/barriere_forestiere-1.jpg\",\"datePublished\":\"2019-06-07T08:14:20+00:00\",\"dateModified\":\"2019-06-19T13:31:36+00:00\",\"breadcrumb\":{\"@id\":\"https:\/\/www.sp-equipements.com\/site\/produit\/barriere-forrestiere\/#breadcrumb\"},\"inLanguage\":\"fr-FR\",\"potentialAction\":[{\"@type\":\"ReadAction\",\"target\":[\"https:\/\/www.sp-equipements.com\/site\/produit\/barriere-forrestiere\/\"]}]},{\"@type\":\"ImageObject\",\"inLanguage\":\"fr-FR\",\"@id\":\"https:\/\/www.sp-equipements.com\/site\/produit\/barriere-forrestiere\/#primaryimage\",\"url\":\"https:\/\/www.sp-equipements.com\/site\/wp-content\/uploads\/2019\/06\/barriere_forestiere-1.jpg\",\"contentUrl\":\"https:\/\/www.sp-equipements.com\/site\/wp-content\/uploads\/2019\/06\/barriere_forestiere-1.jpg\",\"width\":190,\"height\":190,\"caption\":\"barriere forestiere 1\"},{\"@type\":\"BreadcrumbList\",\"@id\":\"https:\/\/www.sp-equipements.com\/site\/produit\/barriere-forrestiere\/#breadcrumb\",\"itemListElement\":[{\"@type\":\"ListItem\",\"position\":1,\"name\":\"Accueil\",\"item\":\"https:\/\/www.sp-equipements.com\/site\/\"},{\"@type\":\"ListItem\",\"position\":2,\"name\":\"Catalogue\",\"item\":\"https:\/\/www.sp-equipements.com\/site\/catalogue\/\"},{\"@type\":\"ListItem\",\"position\":3,\"name\":\"Barri\u00e8re Forresti\u00e8re\"}]},{\"@type\":\"WebSite\",\"@id\":\"https:\/\/www.sp-equipements.com\/site\/#website\",\"url\":\"https:\/\/www.sp-equipements.com\/site\/\",\"name\":\"SP \u00c9quipements\",\"description\":\"\u00c9quipements de collectivit\u00e9s\",\"potentialAction\":[{\"@type\":\"SearchAction\",\"target\":{\"@type\":\"EntryPoint\",\"urlTemplate\":\"https:\/\/www.sp-equipements.com\/site\/?s={search_term_string}\"},\"query-input\":\"required name=search_term_string\"}],\"inLanguage\":\"fr-FR\"}]}<\/script>\n<!-- \/ Yoast SEO plugin. -->","yoast_head_json":{"title":"Barri\u00e8re Forresti\u00e8re - SP \u00c9quipements","robots":{"index":"index","follow":"follow","max-snippet":"max-snippet:-1","max-image-preview":"max-image-preview:large","max-video-preview":"max-video-preview:-1"},"canonical":"https:\/\/www.sp-equipements.com\/site\/produit\/barriere-forrestiere\/","og_locale":"fr_FR","og_type":"article","og_title":"Barri\u00e8re Forresti\u00e8re - SP \u00c9quipements","og_description":"Forte r\u00e9sistance des poteaux en tube acier galvanis\u00e9 \u00d8 140mm. C\u00e2ble gain\u00e9 d\u2019un plastique jaune \u00d8 17 mm. Longueur 5500mm. Pour passage de 4000mm.Fermeture par cadenas inviolable r\u00e9alis\u00e9 pour cette barri\u00e8re.Fixation par scellement direct.","og_url":"https:\/\/www.sp-equipements.com\/site\/produit\/barriere-forrestiere\/","og_site_name":"SP \u00c9quipements","article_modified_time":"2019-06-19T13:31:36+00:00","og_image":[{"width":190,"height":190,"url":"https:\/\/www.sp-equipements.com\/site\/wp-content\/uploads\/2019\/06\/barriere_forestiere-1.jpg","type":"image\/jpeg"}],"twitter_card":"summary_large_image","schema":{"@context":"https:\/\/schema.org","@graph":[{"@type":"WebPage","@id":"https:\/\/www.sp-equipements.com\/site\/produit\/barriere-forrestiere\/","url":"https:\/\/www.sp-equipements.com\/site\/produit\/barriere-forrestiere\/","name":"Barri\u00e8re Forresti\u00e8re - SP \u00c9quipements","isPartOf":{"@id":"https:\/\/www.sp-equipements.com\/site\/#website"},"primaryImageOfPage":{"@id":"https:\/\/www.sp-equipements.com\/site\/produit\/barriere-forrestiere\/#primaryimage"},"image":{"@id":"https:\/\/www.sp-equipements.com\/site\/produit\/barriere-forrestiere\/#primaryimage"},"thumbnailUrl":"https:\/\/www.sp-equipements.com\/site\/wp-content\/uploads\/2019\/06\/barriere_forestiere-1.jpg","datePublished":"2019-06-07T08:14:20+00:00","dateModified":"2019-06-19T13:31:36+00:00","breadcrumb":{"@id":"https:\/\/www.sp-equipements.com\/site\/produit\/barriere-forrestiere\/#breadcrumb"},"inLanguage":"fr-FR","potentialAction":[{"@type":"ReadAction","target":["https:\/\/www.sp-equipements.com\/site\/produit\/barriere-forrestiere\/"]}]},{"@type":"ImageObject","inLanguage":"fr-FR","@id":"https:\/\/www.sp-equipements.com\/site\/produit\/barriere-forrestiere\/#primaryimage","url":"https:\/\/www.sp-equipements.com\/site\/wp-content\/uploads\/2019\/06\/barriere_forestiere-1.jpg","contentUrl":"https:\/\/www.sp-equipements.com\/site\/wp-content\/uploads\/2019\/06\/barriere_forestiere-1.jpg","width":190,"height":190,"caption":"barriere forestiere 1"},{"@type":"BreadcrumbList","@id":"https:\/\/www.sp-equipements.com\/site\/produit\/barriere-forrestiere\/#breadcrumb","itemListElement":[{"@type":"ListItem","position":1,"name":"Accueil","item":"https:\/\/www.sp-equipements.com\/site\/"},{"@type":"ListItem","position":2,"name":"Catalogue","item":"https:\/\/www.sp-equipements.com\/site\/catalogue\/"},{"@type":"ListItem","position":3,"name":"Barri\u00e8re Forresti\u00e8re"}]},{"@type":"WebSite","@id":"https:\/\/www.sp-equipements.com\/site\/#website","url":"https:\/\/www.sp-equipements.com\/site\/","name":"SP \u00c9quipements","description":"\u00c9quipements de collectivit\u00e9s","potentialAction":[{"@type":"SearchAction","target":{"@type":"EntryPoint","urlTemplate":"https:\/\/www.sp-equipements.com\/site\/?s={search_term_string}"},"query-input":"required name=search_term_string"}],"inLanguage":"fr-FR"}]}},"_links":{"self":[{"href":"https:\/\/www.sp-equipements.com\/site\/wp-json\/wp\/v2\/product\/21792"}],"collection":[{"href":"https:\/\/www.sp-equipements.com\/site\/wp-json\/wp\/v2\/product"}],"about":[{"href":"https:\/\/www.sp-equipements.com\/site\/wp-json\/wp\/v2\/types\/product"}],"replies":[{"embeddable":true,"href":"https:\/\/www.sp-equipements.com\/site\/wp-json\/wp\/v2\/comments?post=21792"}],"wp:featuredmedia":[{"embeddable":true,"href":"https:\/\/www.sp-equipements.com\/site\/wp-json\/wp\/v2\/media\/37716"}],"wp:attachment":[{"href":"https:\/\/www.sp-equipements.com\/site\/wp-json\/wp\/v2\/media?parent=21792"}],"wp:term":[{"taxonomy":"product_cat","embeddable":true,"href":"https:\/\/www.sp-equipements.com\/site\/wp-json\/wp\/v2\/product_cat?post=21792"},{"taxonomy":"product_tag","embeddable":true,"href":"https:\/\/www.sp-equipements.com\/site\/wp-json\/wp\/v2\/product_tag?post=21792"}],"curies":[{"name":"wp","href":"https:\/\/api.w.org\/{rel}","templated":true}]}}