{"id":21794,"date":"2019-06-07T10:14:21","date_gmt":"2019-06-07T08:14:21","guid":{"rendered":"http:\/\/www.polyequipements.com\/produit\/portique-fixe\/"},"modified":"2019-06-19T15:31:39","modified_gmt":"2019-06-19T13:31:39","slug":"portique-fixe","status":"publish","type":"product","link":"https:\/\/www.sp-equipements.com\/site\/produit\/portique-fixe\/","title":{"rendered":"Portique Fixe"},"content":{"rendered":"","protected":false},"excerpt":{"rendered":"<div id=\"box-article-description\">\n<div id=\"display-article-description\">\n<p><i>Interdisent l\u2019acc\u00e8s des v\u00e9hicules de gros gabarits.<\/i><\/p>\n<p>Portique fixe HS 2200mm en acier mont\u00e9 sur platines avec goussets de renfort.<br \/>\nBarre horizontale, en une partie jusqu\u2019\u00e0 5000 de long et en deux parties avec pi\u00e8ces de jointure et tirants audel\u00e0, \u00e9quip\u00e9e d\u2019anneaux pour bavettes.<br \/>\nFinition laqu\u00e9 blanc sur galva avec bandes r\u00e9tror\u00e9fl\u00e9chissantes rouges.<br \/>\nFixation par crosses de scellement et gabarit fournis.<br \/>\nR\u00e9glage de l\u2019aplomb par contre-\u00e9crous situ\u00e9s sous les platines.<\/p>\n<\/div>\n<\/div>\n","protected":false},"featured_media":37718,"comment_status":"open","ping_status":"closed","template":"","meta":[],"product_cat":[100,180],"product_tag":[],"yoast_head":"<!-- This site is optimized with the Yoast SEO plugin v22.2 - https:\/\/yoast.com\/wordpress\/plugins\/seo\/ -->\n<title>Portique Fixe - SP \u00c9quipements<\/title>\n<meta name=\"robots\" content=\"index, follow, max-snippet:-1, max-image-preview:large, max-video-preview:-1\" \/>\n<link rel=\"canonical\" href=\"https:\/\/www.sp-equipements.com\/site\/produit\/portique-fixe\/\" \/>\n<meta property=\"og:locale\" content=\"fr_FR\" \/>\n<meta property=\"og:type\" content=\"article\" \/>\n<meta property=\"og:title\" content=\"Portique Fixe - SP \u00c9quipements\" \/>\n<meta property=\"og:description\" content=\"Interdisent l\u2019acc\u00e8s des v\u00e9hicules de gros gabarits.  Portique fixe HS 2200mm en acier mont\u00e9 sur platines avec goussets de renfort. Barre horizontale, en une partie jusqu\u2019\u00e0 5000 de long et en deux parties avec pi\u00e8ces de jointure et tirants audel\u00e0, \u00e9quip\u00e9e d\u2019anneaux pour bavettes. Finition laqu\u00e9 blanc sur galva avec bandes r\u00e9tror\u00e9fl\u00e9chissantes rouges. Fixation par crosses de scellement et gabarit fournis. R\u00e9glage de l\u2019aplomb par contre-\u00e9crous situ\u00e9s sous les platines.\" \/>\n<meta property=\"og:url\" content=\"https:\/\/www.sp-equipements.com\/site\/produit\/portique-fixe\/\" \/>\n<meta property=\"og:site_name\" content=\"SP \u00c9quipements\" \/>\n<meta property=\"article:modified_time\" content=\"2019-06-19T13:31:39+00:00\" \/>\n<meta property=\"og:image\" content=\"https:\/\/www.sp-equipements.com\/site\/wp-content\/uploads\/2019\/06\/portique_fixe-1.jpg\" \/>\n\t<meta property=\"og:image:width\" content=\"190\" \/>\n\t<meta property=\"og:image:height\" content=\"190\" \/>\n\t<meta property=\"og:image:type\" content=\"image\/jpeg\" \/>\n<meta name=\"twitter:card\" content=\"summary_large_image\" \/>\n<script type=\"application\/ld+json\" class=\"yoast-schema-graph\">{\"@context\":\"https:\/\/schema.org\",\"@graph\":[{\"@type\":\"WebPage\",\"@id\":\"https:\/\/www.sp-equipements.com\/site\/produit\/portique-fixe\/\",\"url\":\"https:\/\/www.sp-equipements.com\/site\/produit\/portique-fixe\/\",\"name\":\"Portique Fixe - SP \u00c9quipements\",\"isPartOf\":{\"@id\":\"https:\/\/www.sp-equipements.com\/site\/#website\"},\"primaryImageOfPage\":{\"@id\":\"https:\/\/www.sp-equipements.com\/site\/produit\/portique-fixe\/#primaryimage\"},\"image\":{\"@id\":\"https:\/\/www.sp-equipements.com\/site\/produit\/portique-fixe\/#primaryimage\"},\"thumbnailUrl\":\"https:\/\/www.sp-equipements.com\/site\/wp-content\/uploads\/2019\/06\/portique_fixe-1.jpg\",\"datePublished\":\"2019-06-07T08:14:21+00:00\",\"dateModified\":\"2019-06-19T13:31:39+00:00\",\"breadcrumb\":{\"@id\":\"https:\/\/www.sp-equipements.com\/site\/produit\/portique-fixe\/#breadcrumb\"},\"inLanguage\":\"fr-FR\",\"potentialAction\":[{\"@type\":\"ReadAction\",\"target\":[\"https:\/\/www.sp-equipements.com\/site\/produit\/portique-fixe\/\"]}]},{\"@type\":\"ImageObject\",\"inLanguage\":\"fr-FR\",\"@id\":\"https:\/\/www.sp-equipements.com\/site\/produit\/portique-fixe\/#primaryimage\",\"url\":\"https:\/\/www.sp-equipements.com\/site\/wp-content\/uploads\/2019\/06\/portique_fixe-1.jpg\",\"contentUrl\":\"https:\/\/www.sp-equipements.com\/site\/wp-content\/uploads\/2019\/06\/portique_fixe-1.jpg\",\"width\":190,\"height\":190,\"caption\":\"portique fixe 1\"},{\"@type\":\"BreadcrumbList\",\"@id\":\"https:\/\/www.sp-equipements.com\/site\/produit\/portique-fixe\/#breadcrumb\",\"itemListElement\":[{\"@type\":\"ListItem\",\"position\":1,\"name\":\"Accueil\",\"item\":\"https:\/\/www.sp-equipements.com\/site\/\"},{\"@type\":\"ListItem\",\"position\":2,\"name\":\"Catalogue\",\"item\":\"https:\/\/www.sp-equipements.com\/site\/catalogue\/\"},{\"@type\":\"ListItem\",\"position\":3,\"name\":\"Portique Fixe\"}]},{\"@type\":\"WebSite\",\"@id\":\"https:\/\/www.sp-equipements.com\/site\/#website\",\"url\":\"https:\/\/www.sp-equipements.com\/site\/\",\"name\":\"SP \u00c9quipements\",\"description\":\"\u00c9quipements de collectivit\u00e9s\",\"potentialAction\":[{\"@type\":\"SearchAction\",\"target\":{\"@type\":\"EntryPoint\",\"urlTemplate\":\"https:\/\/www.sp-equipements.com\/site\/?s={search_term_string}\"},\"query-input\":\"required name=search_term_string\"}],\"inLanguage\":\"fr-FR\"}]}<\/script>\n<!-- \/ Yoast SEO plugin. -->","yoast_head_json":{"title":"Portique Fixe - SP \u00c9quipements","robots":{"index":"index","follow":"follow","max-snippet":"max-snippet:-1","max-image-preview":"max-image-preview:large","max-video-preview":"max-video-preview:-1"},"canonical":"https:\/\/www.sp-equipements.com\/site\/produit\/portique-fixe\/","og_locale":"fr_FR","og_type":"article","og_title":"Portique Fixe - SP \u00c9quipements","og_description":"Interdisent l\u2019acc\u00e8s des v\u00e9hicules de gros gabarits.  Portique fixe HS 2200mm en acier mont\u00e9 sur platines avec goussets de renfort. Barre horizontale, en une partie jusqu\u2019\u00e0 5000 de long et en deux parties avec pi\u00e8ces de jointure et tirants audel\u00e0, \u00e9quip\u00e9e d\u2019anneaux pour bavettes. Finition laqu\u00e9 blanc sur galva avec bandes r\u00e9tror\u00e9fl\u00e9chissantes rouges. Fixation par crosses de scellement et gabarit fournis. R\u00e9glage de l\u2019aplomb par contre-\u00e9crous situ\u00e9s sous les platines.","og_url":"https:\/\/www.sp-equipements.com\/site\/produit\/portique-fixe\/","og_site_name":"SP \u00c9quipements","article_modified_time":"2019-06-19T13:31:39+00:00","og_image":[{"width":190,"height":190,"url":"https:\/\/www.sp-equipements.com\/site\/wp-content\/uploads\/2019\/06\/portique_fixe-1.jpg","type":"image\/jpeg"}],"twitter_card":"summary_large_image","schema":{"@context":"https:\/\/schema.org","@graph":[{"@type":"WebPage","@id":"https:\/\/www.sp-equipements.com\/site\/produit\/portique-fixe\/","url":"https:\/\/www.sp-equipements.com\/site\/produit\/portique-fixe\/","name":"Portique Fixe - SP \u00c9quipements","isPartOf":{"@id":"https:\/\/www.sp-equipements.com\/site\/#website"},"primaryImageOfPage":{"@id":"https:\/\/www.sp-equipements.com\/site\/produit\/portique-fixe\/#primaryimage"},"image":{"@id":"https:\/\/www.sp-equipements.com\/site\/produit\/portique-fixe\/#primaryimage"},"thumbnailUrl":"https:\/\/www.sp-equipements.com\/site\/wp-content\/uploads\/2019\/06\/portique_fixe-1.jpg","datePublished":"2019-06-07T08:14:21+00:00","dateModified":"2019-06-19T13:31:39+00:00","breadcrumb":{"@id":"https:\/\/www.sp-equipements.com\/site\/produit\/portique-fixe\/#breadcrumb"},"inLanguage":"fr-FR","potentialAction":[{"@type":"ReadAction","target":["https:\/\/www.sp-equipements.com\/site\/produit\/portique-fixe\/"]}]},{"@type":"ImageObject","inLanguage":"fr-FR","@id":"https:\/\/www.sp-equipements.com\/site\/produit\/portique-fixe\/#primaryimage","url":"https:\/\/www.sp-equipements.com\/site\/wp-content\/uploads\/2019\/06\/portique_fixe-1.jpg","contentUrl":"https:\/\/www.sp-equipements.com\/site\/wp-content\/uploads\/2019\/06\/portique_fixe-1.jpg","width":190,"height":190,"caption":"portique fixe 1"},{"@type":"BreadcrumbList","@id":"https:\/\/www.sp-equipements.com\/site\/produit\/portique-fixe\/#breadcrumb","itemListElement":[{"@type":"ListItem","position":1,"name":"Accueil","item":"https:\/\/www.sp-equipements.com\/site\/"},{"@type":"ListItem","position":2,"name":"Catalogue","item":"https:\/\/www.sp-equipements.com\/site\/catalogue\/"},{"@type":"ListItem","position":3,"name":"Portique Fixe"}]},{"@type":"WebSite","@id":"https:\/\/www.sp-equipements.com\/site\/#website","url":"https:\/\/www.sp-equipements.com\/site\/","name":"SP \u00c9quipements","description":"\u00c9quipements de collectivit\u00e9s","potentialAction":[{"@type":"SearchAction","target":{"@type":"EntryPoint","urlTemplate":"https:\/\/www.sp-equipements.com\/site\/?s={search_term_string}"},"query-input":"required name=search_term_string"}],"inLanguage":"fr-FR"}]}},"_links":{"self":[{"href":"https:\/\/www.sp-equipements.com\/site\/wp-json\/wp\/v2\/product\/21794"}],"collection":[{"href":"https:\/\/www.sp-equipements.com\/site\/wp-json\/wp\/v2\/product"}],"about":[{"href":"https:\/\/www.sp-equipements.com\/site\/wp-json\/wp\/v2\/types\/product"}],"replies":[{"embeddable":true,"href":"https:\/\/www.sp-equipements.com\/site\/wp-json\/wp\/v2\/comments?post=21794"}],"wp:featuredmedia":[{"embeddable":true,"href":"https:\/\/www.sp-equipements.com\/site\/wp-json\/wp\/v2\/media\/37718"}],"wp:attachment":[{"href":"https:\/\/www.sp-equipements.com\/site\/wp-json\/wp\/v2\/media?parent=21794"}],"wp:term":[{"taxonomy":"product_cat","embeddable":true,"href":"https:\/\/www.sp-equipements.com\/site\/wp-json\/wp\/v2\/product_cat?post=21794"},{"taxonomy":"product_tag","embeddable":true,"href":"https:\/\/www.sp-equipements.com\/site\/wp-json\/wp\/v2\/product_tag?post=21794"}],"curies":[{"name":"wp","href":"https:\/\/api.w.org\/{rel}","templated":true}]}}