{"id":21795,"date":"2019-06-07T10:14:21","date_gmt":"2019-06-07T08:14:21","guid":{"rendered":"http:\/\/www.polyequipements.com\/produit\/portique-tournant\/"},"modified":"2019-06-19T15:31:39","modified_gmt":"2019-06-19T13:31:39","slug":"portique-tournant","status":"publish","type":"product","link":"https:\/\/www.sp-equipements.com\/site\/produit\/portique-tournant\/","title":{"rendered":"Portique Tournant"},"content":{"rendered":"","protected":false},"excerpt":{"rendered":"<div id=\"box-article-description\">\n<div id=\"display-article-description\">\n<p><i>Portiques tournants s\u00e9lectifs pour g\u00e9rer l\u2019acc\u00e8s des poids lourds, caravanes, etc., sur les aires de stationnement.<\/i><\/p>\n<p>Portique HS 2200mm tournant sur f\u00fbt cylindrique avec poign\u00e9es de rotation, et but\u00e9es de blocage pour le maintien en position ferm\u00e9e ou ouverte \u00e0 90\u00b0 (ou plus en option).<br \/>\nFermeture par goupilles traversantes dans les positions ouvertes ou ferm\u00e9es.<br \/>\nBlocage de la goupille par cadenas fourni ou, en option, serrure cl\u00e9 triangle de 11.<br \/>\nEquip\u00e9s de tirants pour des longueurs sup\u00e9rieures \u00e0 5000.<br \/>\nAnneaux soud\u00e9s pr\u00e9vus pour bavettes.<br \/>\nFinition laqu\u00e9 blanc sur galva avec bandes r\u00e9tror\u00e9fl\u00e9chissantes rouges.<br \/>\nFixation par crosses de scellement et gabarit fournis.<br \/>\nR\u00e9glage de l\u2019aplomb par contre-\u00e9crous situ\u00e9s sous les platines.<\/p>\n<\/div>\n<\/div>\n","protected":false},"featured_media":37719,"comment_status":"open","ping_status":"closed","template":"","meta":[],"product_cat":[100,180],"product_tag":[],"yoast_head":"<!-- This site is optimized with the Yoast SEO plugin v22.2 - https:\/\/yoast.com\/wordpress\/plugins\/seo\/ -->\n<title>Portique Tournant - SP \u00c9quipements<\/title>\n<meta name=\"robots\" content=\"index, follow, max-snippet:-1, max-image-preview:large, max-video-preview:-1\" \/>\n<link rel=\"canonical\" href=\"https:\/\/www.sp-equipements.com\/site\/produit\/portique-tournant\/\" \/>\n<meta property=\"og:locale\" content=\"fr_FR\" \/>\n<meta property=\"og:type\" content=\"article\" \/>\n<meta property=\"og:title\" content=\"Portique Tournant - SP \u00c9quipements\" \/>\n<meta property=\"og:description\" content=\"Portiques tournants s\u00e9lectifs pour g\u00e9rer l\u2019acc\u00e8s des poids lourds, caravanes, etc., sur les aires de stationnement.  Portique HS 2200mm tournant sur f\u00fbt cylindrique avec poign\u00e9es de rotation, et but\u00e9es de blocage pour le maintien en position ferm\u00e9e ou ouverte \u00e0 90\u00b0 (ou plus en option). Fermeture par goupilles traversantes dans les positions ouvertes ou ferm\u00e9es. Blocage de la goupille par cadenas fourni ou, en option, serrure cl\u00e9 triangle de 11. Equip\u00e9s de tirants pour des longueurs sup\u00e9rieures \u00e0 5000. Anneaux soud\u00e9s pr\u00e9vus pour bavettes. Finition laqu\u00e9 blanc sur galva avec bandes r\u00e9tror\u00e9fl\u00e9chissantes rouges. Fixation par crosses de scellement et gabarit fournis. R\u00e9glage de l\u2019aplomb par contre-\u00e9crous situ\u00e9s sous les platines.\" \/>\n<meta property=\"og:url\" content=\"https:\/\/www.sp-equipements.com\/site\/produit\/portique-tournant\/\" \/>\n<meta property=\"og:site_name\" content=\"SP \u00c9quipements\" \/>\n<meta property=\"article:modified_time\" content=\"2019-06-19T13:31:39+00:00\" \/>\n<meta property=\"og:image\" content=\"https:\/\/www.sp-equipements.com\/site\/wp-content\/uploads\/2019\/06\/portique_tournant-1.jpg\" \/>\n\t<meta property=\"og:image:width\" content=\"190\" \/>\n\t<meta property=\"og:image:height\" content=\"190\" \/>\n\t<meta property=\"og:image:type\" content=\"image\/jpeg\" \/>\n<meta name=\"twitter:card\" content=\"summary_large_image\" \/>\n<script type=\"application\/ld+json\" class=\"yoast-schema-graph\">{\"@context\":\"https:\/\/schema.org\",\"@graph\":[{\"@type\":\"WebPage\",\"@id\":\"https:\/\/www.sp-equipements.com\/site\/produit\/portique-tournant\/\",\"url\":\"https:\/\/www.sp-equipements.com\/site\/produit\/portique-tournant\/\",\"name\":\"Portique Tournant - SP \u00c9quipements\",\"isPartOf\":{\"@id\":\"https:\/\/www.sp-equipements.com\/site\/#website\"},\"primaryImageOfPage\":{\"@id\":\"https:\/\/www.sp-equipements.com\/site\/produit\/portique-tournant\/#primaryimage\"},\"image\":{\"@id\":\"https:\/\/www.sp-equipements.com\/site\/produit\/portique-tournant\/#primaryimage\"},\"thumbnailUrl\":\"https:\/\/www.sp-equipements.com\/site\/wp-content\/uploads\/2019\/06\/portique_tournant-1.jpg\",\"datePublished\":\"2019-06-07T08:14:21+00:00\",\"dateModified\":\"2019-06-19T13:31:39+00:00\",\"breadcrumb\":{\"@id\":\"https:\/\/www.sp-equipements.com\/site\/produit\/portique-tournant\/#breadcrumb\"},\"inLanguage\":\"fr-FR\",\"potentialAction\":[{\"@type\":\"ReadAction\",\"target\":[\"https:\/\/www.sp-equipements.com\/site\/produit\/portique-tournant\/\"]}]},{\"@type\":\"ImageObject\",\"inLanguage\":\"fr-FR\",\"@id\":\"https:\/\/www.sp-equipements.com\/site\/produit\/portique-tournant\/#primaryimage\",\"url\":\"https:\/\/www.sp-equipements.com\/site\/wp-content\/uploads\/2019\/06\/portique_tournant-1.jpg\",\"contentUrl\":\"https:\/\/www.sp-equipements.com\/site\/wp-content\/uploads\/2019\/06\/portique_tournant-1.jpg\",\"width\":190,\"height\":190,\"caption\":\"portique tournant 1\"},{\"@type\":\"BreadcrumbList\",\"@id\":\"https:\/\/www.sp-equipements.com\/site\/produit\/portique-tournant\/#breadcrumb\",\"itemListElement\":[{\"@type\":\"ListItem\",\"position\":1,\"name\":\"Accueil\",\"item\":\"https:\/\/www.sp-equipements.com\/site\/\"},{\"@type\":\"ListItem\",\"position\":2,\"name\":\"Catalogue\",\"item\":\"https:\/\/www.sp-equipements.com\/site\/catalogue\/\"},{\"@type\":\"ListItem\",\"position\":3,\"name\":\"Portique Tournant\"}]},{\"@type\":\"WebSite\",\"@id\":\"https:\/\/www.sp-equipements.com\/site\/#website\",\"url\":\"https:\/\/www.sp-equipements.com\/site\/\",\"name\":\"SP \u00c9quipements\",\"description\":\"\u00c9quipements de collectivit\u00e9s\",\"potentialAction\":[{\"@type\":\"SearchAction\",\"target\":{\"@type\":\"EntryPoint\",\"urlTemplate\":\"https:\/\/www.sp-equipements.com\/site\/?s={search_term_string}\"},\"query-input\":\"required name=search_term_string\"}],\"inLanguage\":\"fr-FR\"}]}<\/script>\n<!-- \/ Yoast SEO plugin. -->","yoast_head_json":{"title":"Portique Tournant - SP \u00c9quipements","robots":{"index":"index","follow":"follow","max-snippet":"max-snippet:-1","max-image-preview":"max-image-preview:large","max-video-preview":"max-video-preview:-1"},"canonical":"https:\/\/www.sp-equipements.com\/site\/produit\/portique-tournant\/","og_locale":"fr_FR","og_type":"article","og_title":"Portique Tournant - SP \u00c9quipements","og_description":"Portiques tournants s\u00e9lectifs pour g\u00e9rer l\u2019acc\u00e8s des poids lourds, caravanes, etc., sur les aires de stationnement.  Portique HS 2200mm tournant sur f\u00fbt cylindrique avec poign\u00e9es de rotation, et but\u00e9es de blocage pour le maintien en position ferm\u00e9e ou ouverte \u00e0 90\u00b0 (ou plus en option). Fermeture par goupilles traversantes dans les positions ouvertes ou ferm\u00e9es. Blocage de la goupille par cadenas fourni ou, en option, serrure cl\u00e9 triangle de 11. Equip\u00e9s de tirants pour des longueurs sup\u00e9rieures \u00e0 5000. Anneaux soud\u00e9s pr\u00e9vus pour bavettes. Finition laqu\u00e9 blanc sur galva avec bandes r\u00e9tror\u00e9fl\u00e9chissantes rouges. Fixation par crosses de scellement et gabarit fournis. R\u00e9glage de l\u2019aplomb par contre-\u00e9crous situ\u00e9s sous les platines.","og_url":"https:\/\/www.sp-equipements.com\/site\/produit\/portique-tournant\/","og_site_name":"SP \u00c9quipements","article_modified_time":"2019-06-19T13:31:39+00:00","og_image":[{"width":190,"height":190,"url":"https:\/\/www.sp-equipements.com\/site\/wp-content\/uploads\/2019\/06\/portique_tournant-1.jpg","type":"image\/jpeg"}],"twitter_card":"summary_large_image","schema":{"@context":"https:\/\/schema.org","@graph":[{"@type":"WebPage","@id":"https:\/\/www.sp-equipements.com\/site\/produit\/portique-tournant\/","url":"https:\/\/www.sp-equipements.com\/site\/produit\/portique-tournant\/","name":"Portique Tournant - SP \u00c9quipements","isPartOf":{"@id":"https:\/\/www.sp-equipements.com\/site\/#website"},"primaryImageOfPage":{"@id":"https:\/\/www.sp-equipements.com\/site\/produit\/portique-tournant\/#primaryimage"},"image":{"@id":"https:\/\/www.sp-equipements.com\/site\/produit\/portique-tournant\/#primaryimage"},"thumbnailUrl":"https:\/\/www.sp-equipements.com\/site\/wp-content\/uploads\/2019\/06\/portique_tournant-1.jpg","datePublished":"2019-06-07T08:14:21+00:00","dateModified":"2019-06-19T13:31:39+00:00","breadcrumb":{"@id":"https:\/\/www.sp-equipements.com\/site\/produit\/portique-tournant\/#breadcrumb"},"inLanguage":"fr-FR","potentialAction":[{"@type":"ReadAction","target":["https:\/\/www.sp-equipements.com\/site\/produit\/portique-tournant\/"]}]},{"@type":"ImageObject","inLanguage":"fr-FR","@id":"https:\/\/www.sp-equipements.com\/site\/produit\/portique-tournant\/#primaryimage","url":"https:\/\/www.sp-equipements.com\/site\/wp-content\/uploads\/2019\/06\/portique_tournant-1.jpg","contentUrl":"https:\/\/www.sp-equipements.com\/site\/wp-content\/uploads\/2019\/06\/portique_tournant-1.jpg","width":190,"height":190,"caption":"portique tournant 1"},{"@type":"BreadcrumbList","@id":"https:\/\/www.sp-equipements.com\/site\/produit\/portique-tournant\/#breadcrumb","itemListElement":[{"@type":"ListItem","position":1,"name":"Accueil","item":"https:\/\/www.sp-equipements.com\/site\/"},{"@type":"ListItem","position":2,"name":"Catalogue","item":"https:\/\/www.sp-equipements.com\/site\/catalogue\/"},{"@type":"ListItem","position":3,"name":"Portique Tournant"}]},{"@type":"WebSite","@id":"https:\/\/www.sp-equipements.com\/site\/#website","url":"https:\/\/www.sp-equipements.com\/site\/","name":"SP \u00c9quipements","description":"\u00c9quipements de collectivit\u00e9s","potentialAction":[{"@type":"SearchAction","target":{"@type":"EntryPoint","urlTemplate":"https:\/\/www.sp-equipements.com\/site\/?s={search_term_string}"},"query-input":"required name=search_term_string"}],"inLanguage":"fr-FR"}]}},"_links":{"self":[{"href":"https:\/\/www.sp-equipements.com\/site\/wp-json\/wp\/v2\/product\/21795"}],"collection":[{"href":"https:\/\/www.sp-equipements.com\/site\/wp-json\/wp\/v2\/product"}],"about":[{"href":"https:\/\/www.sp-equipements.com\/site\/wp-json\/wp\/v2\/types\/product"}],"replies":[{"embeddable":true,"href":"https:\/\/www.sp-equipements.com\/site\/wp-json\/wp\/v2\/comments?post=21795"}],"wp:featuredmedia":[{"embeddable":true,"href":"https:\/\/www.sp-equipements.com\/site\/wp-json\/wp\/v2\/media\/37719"}],"wp:attachment":[{"href":"https:\/\/www.sp-equipements.com\/site\/wp-json\/wp\/v2\/media?parent=21795"}],"wp:term":[{"taxonomy":"product_cat","embeddable":true,"href":"https:\/\/www.sp-equipements.com\/site\/wp-json\/wp\/v2\/product_cat?post=21795"},{"taxonomy":"product_tag","embeddable":true,"href":"https:\/\/www.sp-equipements.com\/site\/wp-json\/wp\/v2\/product_tag?post=21795"}],"curies":[{"name":"wp","href":"https:\/\/api.w.org\/{rel}","templated":true}]}}