{"id":21797,"date":"2019-06-07T10:14:22","date_gmt":"2019-06-07T08:14:22","guid":{"rendered":"http:\/\/www.polyequipements.com\/produit\/barriere-tourniquet-acces-limitatif\/"},"modified":"2019-06-19T15:31:40","modified_gmt":"2019-06-19T13:31:40","slug":"barriere-tourniquet-acces-limitatif","status":"publish","type":"product","link":"https:\/\/www.sp-equipements.com\/site\/produit\/barriere-tourniquet-acces-limitatif\/","title":{"rendered":"Barri\u00e8re Tourniquet  <i>acc\u00e8s limitatif<\/i>"},"content":{"rendered":"","protected":false},"excerpt":{"rendered":"<div id=\"box-article-description\">\n<div id=\"display-article-description\">\n<p><i>Pour filtrer l\u2019acc\u00e8s aux parcs publics pour la s\u00e9curit\u00e9 des usagers.<\/i><\/p>\n<p>Ensemble comprenant trois \u00e9l\u00e9ments en tube acier.<br \/>\nTourniquet pivotant sur tube int\u00e9rieur \u00d8 70 \u00e0 t\u00eate sph\u00e9rique.<br \/>\nFinition galvanis\u00e9e ou peint sur galva selon nos RAL.<br \/>\nFixation sur platines avec crosses de scellement fournies.<\/p>\n<\/div>\n<\/div>\n","protected":false},"featured_media":37721,"comment_status":"open","ping_status":"closed","template":"","meta":[],"product_cat":[100,180],"product_tag":[],"yoast_head":"<!-- This site is optimized with the Yoast SEO plugin v22.2 - https:\/\/yoast.com\/wordpress\/plugins\/seo\/ -->\n<title>Barri\u00e8re Tourniquet acc\u00e8s limitatif - SP \u00c9quipements<\/title>\n<meta name=\"robots\" content=\"index, follow, max-snippet:-1, max-image-preview:large, max-video-preview:-1\" \/>\n<link rel=\"canonical\" href=\"https:\/\/www.sp-equipements.com\/site\/produit\/barriere-tourniquet-acces-limitatif\/\" \/>\n<meta property=\"og:locale\" content=\"fr_FR\" \/>\n<meta property=\"og:type\" content=\"article\" \/>\n<meta property=\"og:title\" content=\"Barri\u00e8re Tourniquet acc\u00e8s limitatif - SP \u00c9quipements\" \/>\n<meta property=\"og:description\" content=\"Pour filtrer l\u2019acc\u00e8s aux parcs publics pour la s\u00e9curit\u00e9 des usagers.  Ensemble comprenant trois \u00e9l\u00e9ments en tube acier. Tourniquet pivotant sur tube int\u00e9rieur \u00d8 70 \u00e0 t\u00eate sph\u00e9rique. Finition galvanis\u00e9e ou peint sur galva selon nos RAL. Fixation sur platines avec crosses de scellement fournies.\" \/>\n<meta property=\"og:url\" content=\"https:\/\/www.sp-equipements.com\/site\/produit\/barriere-tourniquet-acces-limitatif\/\" \/>\n<meta property=\"og:site_name\" content=\"SP \u00c9quipements\" \/>\n<meta property=\"article:modified_time\" content=\"2019-06-19T13:31:40+00:00\" \/>\n<meta property=\"og:image\" content=\"https:\/\/www.sp-equipements.com\/site\/wp-content\/uploads\/2019\/06\/barriere_tourniquet-1.jpg\" \/>\n\t<meta property=\"og:image:width\" content=\"190\" \/>\n\t<meta property=\"og:image:height\" content=\"190\" \/>\n\t<meta property=\"og:image:type\" content=\"image\/jpeg\" \/>\n<meta name=\"twitter:card\" content=\"summary_large_image\" \/>\n<script type=\"application\/ld+json\" class=\"yoast-schema-graph\">{\"@context\":\"https:\/\/schema.org\",\"@graph\":[{\"@type\":\"WebPage\",\"@id\":\"https:\/\/www.sp-equipements.com\/site\/produit\/barriere-tourniquet-acces-limitatif\/\",\"url\":\"https:\/\/www.sp-equipements.com\/site\/produit\/barriere-tourniquet-acces-limitatif\/\",\"name\":\"Barri\u00e8re Tourniquet acc\u00e8s limitatif - SP \u00c9quipements\",\"isPartOf\":{\"@id\":\"https:\/\/www.sp-equipements.com\/site\/#website\"},\"primaryImageOfPage\":{\"@id\":\"https:\/\/www.sp-equipements.com\/site\/produit\/barriere-tourniquet-acces-limitatif\/#primaryimage\"},\"image\":{\"@id\":\"https:\/\/www.sp-equipements.com\/site\/produit\/barriere-tourniquet-acces-limitatif\/#primaryimage\"},\"thumbnailUrl\":\"https:\/\/www.sp-equipements.com\/site\/wp-content\/uploads\/2019\/06\/barriere_tourniquet-1.jpg\",\"datePublished\":\"2019-06-07T08:14:22+00:00\",\"dateModified\":\"2019-06-19T13:31:40+00:00\",\"breadcrumb\":{\"@id\":\"https:\/\/www.sp-equipements.com\/site\/produit\/barriere-tourniquet-acces-limitatif\/#breadcrumb\"},\"inLanguage\":\"fr-FR\",\"potentialAction\":[{\"@type\":\"ReadAction\",\"target\":[\"https:\/\/www.sp-equipements.com\/site\/produit\/barriere-tourniquet-acces-limitatif\/\"]}]},{\"@type\":\"ImageObject\",\"inLanguage\":\"fr-FR\",\"@id\":\"https:\/\/www.sp-equipements.com\/site\/produit\/barriere-tourniquet-acces-limitatif\/#primaryimage\",\"url\":\"https:\/\/www.sp-equipements.com\/site\/wp-content\/uploads\/2019\/06\/barriere_tourniquet-1.jpg\",\"contentUrl\":\"https:\/\/www.sp-equipements.com\/site\/wp-content\/uploads\/2019\/06\/barriere_tourniquet-1.jpg\",\"width\":190,\"height\":190,\"caption\":\"barriere tourniquet 1\"},{\"@type\":\"BreadcrumbList\",\"@id\":\"https:\/\/www.sp-equipements.com\/site\/produit\/barriere-tourniquet-acces-limitatif\/#breadcrumb\",\"itemListElement\":[{\"@type\":\"ListItem\",\"position\":1,\"name\":\"Accueil\",\"item\":\"https:\/\/www.sp-equipements.com\/site\/\"},{\"@type\":\"ListItem\",\"position\":2,\"name\":\"Catalogue\",\"item\":\"https:\/\/www.sp-equipements.com\/site\/catalogue\/\"},{\"@type\":\"ListItem\",\"position\":3,\"name\":\"Barri\u00e8re Tourniquet acc\u00e8s limitatif\"}]},{\"@type\":\"WebSite\",\"@id\":\"https:\/\/www.sp-equipements.com\/site\/#website\",\"url\":\"https:\/\/www.sp-equipements.com\/site\/\",\"name\":\"SP \u00c9quipements\",\"description\":\"\u00c9quipements de collectivit\u00e9s\",\"potentialAction\":[{\"@type\":\"SearchAction\",\"target\":{\"@type\":\"EntryPoint\",\"urlTemplate\":\"https:\/\/www.sp-equipements.com\/site\/?s={search_term_string}\"},\"query-input\":\"required name=search_term_string\"}],\"inLanguage\":\"fr-FR\"}]}<\/script>\n<!-- \/ Yoast SEO plugin. -->","yoast_head_json":{"title":"Barri\u00e8re Tourniquet acc\u00e8s limitatif - SP \u00c9quipements","robots":{"index":"index","follow":"follow","max-snippet":"max-snippet:-1","max-image-preview":"max-image-preview:large","max-video-preview":"max-video-preview:-1"},"canonical":"https:\/\/www.sp-equipements.com\/site\/produit\/barriere-tourniquet-acces-limitatif\/","og_locale":"fr_FR","og_type":"article","og_title":"Barri\u00e8re Tourniquet acc\u00e8s limitatif - SP \u00c9quipements","og_description":"Pour filtrer l\u2019acc\u00e8s aux parcs publics pour la s\u00e9curit\u00e9 des usagers.  Ensemble comprenant trois \u00e9l\u00e9ments en tube acier. Tourniquet pivotant sur tube int\u00e9rieur \u00d8 70 \u00e0 t\u00eate sph\u00e9rique. Finition galvanis\u00e9e ou peint sur galva selon nos RAL. Fixation sur platines avec crosses de scellement fournies.","og_url":"https:\/\/www.sp-equipements.com\/site\/produit\/barriere-tourniquet-acces-limitatif\/","og_site_name":"SP \u00c9quipements","article_modified_time":"2019-06-19T13:31:40+00:00","og_image":[{"width":190,"height":190,"url":"https:\/\/www.sp-equipements.com\/site\/wp-content\/uploads\/2019\/06\/barriere_tourniquet-1.jpg","type":"image\/jpeg"}],"twitter_card":"summary_large_image","schema":{"@context":"https:\/\/schema.org","@graph":[{"@type":"WebPage","@id":"https:\/\/www.sp-equipements.com\/site\/produit\/barriere-tourniquet-acces-limitatif\/","url":"https:\/\/www.sp-equipements.com\/site\/produit\/barriere-tourniquet-acces-limitatif\/","name":"Barri\u00e8re Tourniquet acc\u00e8s limitatif - SP \u00c9quipements","isPartOf":{"@id":"https:\/\/www.sp-equipements.com\/site\/#website"},"primaryImageOfPage":{"@id":"https:\/\/www.sp-equipements.com\/site\/produit\/barriere-tourniquet-acces-limitatif\/#primaryimage"},"image":{"@id":"https:\/\/www.sp-equipements.com\/site\/produit\/barriere-tourniquet-acces-limitatif\/#primaryimage"},"thumbnailUrl":"https:\/\/www.sp-equipements.com\/site\/wp-content\/uploads\/2019\/06\/barriere_tourniquet-1.jpg","datePublished":"2019-06-07T08:14:22+00:00","dateModified":"2019-06-19T13:31:40+00:00","breadcrumb":{"@id":"https:\/\/www.sp-equipements.com\/site\/produit\/barriere-tourniquet-acces-limitatif\/#breadcrumb"},"inLanguage":"fr-FR","potentialAction":[{"@type":"ReadAction","target":["https:\/\/www.sp-equipements.com\/site\/produit\/barriere-tourniquet-acces-limitatif\/"]}]},{"@type":"ImageObject","inLanguage":"fr-FR","@id":"https:\/\/www.sp-equipements.com\/site\/produit\/barriere-tourniquet-acces-limitatif\/#primaryimage","url":"https:\/\/www.sp-equipements.com\/site\/wp-content\/uploads\/2019\/06\/barriere_tourniquet-1.jpg","contentUrl":"https:\/\/www.sp-equipements.com\/site\/wp-content\/uploads\/2019\/06\/barriere_tourniquet-1.jpg","width":190,"height":190,"caption":"barriere tourniquet 1"},{"@type":"BreadcrumbList","@id":"https:\/\/www.sp-equipements.com\/site\/produit\/barriere-tourniquet-acces-limitatif\/#breadcrumb","itemListElement":[{"@type":"ListItem","position":1,"name":"Accueil","item":"https:\/\/www.sp-equipements.com\/site\/"},{"@type":"ListItem","position":2,"name":"Catalogue","item":"https:\/\/www.sp-equipements.com\/site\/catalogue\/"},{"@type":"ListItem","position":3,"name":"Barri\u00e8re Tourniquet acc\u00e8s limitatif"}]},{"@type":"WebSite","@id":"https:\/\/www.sp-equipements.com\/site\/#website","url":"https:\/\/www.sp-equipements.com\/site\/","name":"SP \u00c9quipements","description":"\u00c9quipements de collectivit\u00e9s","potentialAction":[{"@type":"SearchAction","target":{"@type":"EntryPoint","urlTemplate":"https:\/\/www.sp-equipements.com\/site\/?s={search_term_string}"},"query-input":"required name=search_term_string"}],"inLanguage":"fr-FR"}]}},"_links":{"self":[{"href":"https:\/\/www.sp-equipements.com\/site\/wp-json\/wp\/v2\/product\/21797"}],"collection":[{"href":"https:\/\/www.sp-equipements.com\/site\/wp-json\/wp\/v2\/product"}],"about":[{"href":"https:\/\/www.sp-equipements.com\/site\/wp-json\/wp\/v2\/types\/product"}],"replies":[{"embeddable":true,"href":"https:\/\/www.sp-equipements.com\/site\/wp-json\/wp\/v2\/comments?post=21797"}],"wp:featuredmedia":[{"embeddable":true,"href":"https:\/\/www.sp-equipements.com\/site\/wp-json\/wp\/v2\/media\/37721"}],"wp:attachment":[{"href":"https:\/\/www.sp-equipements.com\/site\/wp-json\/wp\/v2\/media?parent=21797"}],"wp:term":[{"taxonomy":"product_cat","embeddable":true,"href":"https:\/\/www.sp-equipements.com\/site\/wp-json\/wp\/v2\/product_cat?post=21797"},{"taxonomy":"product_tag","embeddable":true,"href":"https:\/\/www.sp-equipements.com\/site\/wp-json\/wp\/v2\/product_tag?post=21797"}],"curies":[{"name":"wp","href":"https:\/\/api.w.org\/{rel}","templated":true}]}}