{"id":21800,"date":"2019-06-07T10:14:24","date_gmt":"2019-06-07T08:14:24","guid":{"rendered":"http:\/\/www.polyequipements.com\/produit\/barriere-levante-lisse-acier\/"},"modified":"2021-02-04T17:14:22","modified_gmt":"2021-02-04T16:14:22","slug":"barriere-levante-lisse-acier","status":"publish","type":"product","link":"https:\/\/www.sp-equipements.com\/site\/produit\/barriere-levante-lisse-acier\/","title":{"rendered":"Barri\u00e8re Levante Lisse acier"},"content":{"rendered":"","protected":false},"excerpt":{"rendered":"<p>R\u00e9alis\u00e9e en acier, lisse 80 x 80mm longueur 3000mm, mont\u00e9e entre deux f\u00fbts, prolong\u00e9e d\u2019une lisse de 70 x 70mm.<br \/>\nRotation sur un axe acier mont\u00e9 sur roulement \u00e0 billes.<br \/>\nContrepoids int\u00e9gr\u00e9 dans un coffret fix\u00e9 sur la lisse.<br \/>\nFermeture en position lev\u00e9e ou ferm\u00e9e par goupille et cadenas fourni, et en option cl\u00e9 triangle de 11, sur poteau de r\u00e9ception.<br \/>\nLivr\u00e9e avec poteau de r\u00e9ception en acier.<br \/>\nFinition laqu\u00e9e blanc avec bandes r\u00e9flectos rouges.<br \/>\nFixation par crosses de scellement fournies sur platines r\u00e9glables<\/p>\n","protected":false},"featured_media":37724,"comment_status":"open","ping_status":"closed","template":"","meta":[],"product_cat":[100,180],"product_tag":[],"yoast_head":"<!-- This site is optimized with the Yoast SEO plugin v22.2 - https:\/\/yoast.com\/wordpress\/plugins\/seo\/ -->\n<title>Barri\u00e8re Levante Lisse acier - SP \u00c9quipements<\/title>\n<meta name=\"robots\" content=\"index, follow, max-snippet:-1, max-image-preview:large, max-video-preview:-1\" \/>\n<link rel=\"canonical\" href=\"https:\/\/www.sp-equipements.com\/site\/produit\/barriere-levante-lisse-acier\/\" \/>\n<meta property=\"og:locale\" content=\"fr_FR\" \/>\n<meta property=\"og:type\" content=\"article\" \/>\n<meta property=\"og:title\" content=\"Barri\u00e8re Levante Lisse acier - SP \u00c9quipements\" \/>\n<meta property=\"og:description\" content=\"R\u00e9alis\u00e9e en acier, lisse 80 x 80mm longueur 3000mm, mont\u00e9e entre deux f\u00fbts, prolong\u00e9e d\u2019une lisse de 70 x 70mm. Rotation sur un axe acier mont\u00e9 sur roulement \u00e0 billes. Contrepoids int\u00e9gr\u00e9 dans un coffret fix\u00e9 sur la lisse. Fermeture en position lev\u00e9e ou ferm\u00e9e par goupille et cadenas fourni, et en option cl\u00e9 triangle de 11, sur poteau de r\u00e9ception. Livr\u00e9e avec poteau de r\u00e9ception en acier. Finition laqu\u00e9e blanc avec bandes r\u00e9flectos rouges. Fixation par crosses de scellement fournies sur platines r\u00e9glables\" \/>\n<meta property=\"og:url\" content=\"https:\/\/www.sp-equipements.com\/site\/produit\/barriere-levante-lisse-acier\/\" \/>\n<meta property=\"og:site_name\" content=\"SP \u00c9quipements\" \/>\n<meta property=\"article:modified_time\" content=\"2021-02-04T16:14:22+00:00\" \/>\n<meta property=\"og:image\" content=\"https:\/\/www.sp-equipements.com\/site\/wp-content\/uploads\/2019\/06\/barriere_levante_acier-1.jpg\" \/>\n\t<meta property=\"og:image:width\" content=\"190\" \/>\n\t<meta property=\"og:image:height\" content=\"190\" \/>\n\t<meta property=\"og:image:type\" content=\"image\/jpeg\" \/>\n<meta name=\"twitter:card\" content=\"summary_large_image\" \/>\n<script type=\"application\/ld+json\" class=\"yoast-schema-graph\">{\"@context\":\"https:\/\/schema.org\",\"@graph\":[{\"@type\":\"WebPage\",\"@id\":\"https:\/\/www.sp-equipements.com\/site\/produit\/barriere-levante-lisse-acier\/\",\"url\":\"https:\/\/www.sp-equipements.com\/site\/produit\/barriere-levante-lisse-acier\/\",\"name\":\"Barri\u00e8re Levante Lisse acier - SP \u00c9quipements\",\"isPartOf\":{\"@id\":\"https:\/\/www.sp-equipements.com\/site\/#website\"},\"primaryImageOfPage\":{\"@id\":\"https:\/\/www.sp-equipements.com\/site\/produit\/barriere-levante-lisse-acier\/#primaryimage\"},\"image\":{\"@id\":\"https:\/\/www.sp-equipements.com\/site\/produit\/barriere-levante-lisse-acier\/#primaryimage\"},\"thumbnailUrl\":\"https:\/\/www.sp-equipements.com\/site\/wp-content\/uploads\/2019\/06\/barriere_levante_acier-1.jpg\",\"datePublished\":\"2019-06-07T08:14:24+00:00\",\"dateModified\":\"2021-02-04T16:14:22+00:00\",\"breadcrumb\":{\"@id\":\"https:\/\/www.sp-equipements.com\/site\/produit\/barriere-levante-lisse-acier\/#breadcrumb\"},\"inLanguage\":\"fr-FR\",\"potentialAction\":[{\"@type\":\"ReadAction\",\"target\":[\"https:\/\/www.sp-equipements.com\/site\/produit\/barriere-levante-lisse-acier\/\"]}]},{\"@type\":\"ImageObject\",\"inLanguage\":\"fr-FR\",\"@id\":\"https:\/\/www.sp-equipements.com\/site\/produit\/barriere-levante-lisse-acier\/#primaryimage\",\"url\":\"https:\/\/www.sp-equipements.com\/site\/wp-content\/uploads\/2019\/06\/barriere_levante_acier-1.jpg\",\"contentUrl\":\"https:\/\/www.sp-equipements.com\/site\/wp-content\/uploads\/2019\/06\/barriere_levante_acier-1.jpg\",\"width\":190,\"height\":190,\"caption\":\"barriere levante acier 1\"},{\"@type\":\"BreadcrumbList\",\"@id\":\"https:\/\/www.sp-equipements.com\/site\/produit\/barriere-levante-lisse-acier\/#breadcrumb\",\"itemListElement\":[{\"@type\":\"ListItem\",\"position\":1,\"name\":\"Accueil\",\"item\":\"https:\/\/www.sp-equipements.com\/site\/\"},{\"@type\":\"ListItem\",\"position\":2,\"name\":\"Catalogue\",\"item\":\"https:\/\/www.sp-equipements.com\/site\/catalogue\/\"},{\"@type\":\"ListItem\",\"position\":3,\"name\":\"Barri\u00e8re Levante Lisse acier\"}]},{\"@type\":\"WebSite\",\"@id\":\"https:\/\/www.sp-equipements.com\/site\/#website\",\"url\":\"https:\/\/www.sp-equipements.com\/site\/\",\"name\":\"SP \u00c9quipements\",\"description\":\"\u00c9quipements de collectivit\u00e9s\",\"potentialAction\":[{\"@type\":\"SearchAction\",\"target\":{\"@type\":\"EntryPoint\",\"urlTemplate\":\"https:\/\/www.sp-equipements.com\/site\/?s={search_term_string}\"},\"query-input\":\"required name=search_term_string\"}],\"inLanguage\":\"fr-FR\"}]}<\/script>\n<!-- \/ Yoast SEO plugin. -->","yoast_head_json":{"title":"Barri\u00e8re Levante Lisse acier - SP \u00c9quipements","robots":{"index":"index","follow":"follow","max-snippet":"max-snippet:-1","max-image-preview":"max-image-preview:large","max-video-preview":"max-video-preview:-1"},"canonical":"https:\/\/www.sp-equipements.com\/site\/produit\/barriere-levante-lisse-acier\/","og_locale":"fr_FR","og_type":"article","og_title":"Barri\u00e8re Levante Lisse acier - SP \u00c9quipements","og_description":"R\u00e9alis\u00e9e en acier, lisse 80 x 80mm longueur 3000mm, mont\u00e9e entre deux f\u00fbts, prolong\u00e9e d\u2019une lisse de 70 x 70mm. Rotation sur un axe acier mont\u00e9 sur roulement \u00e0 billes. Contrepoids int\u00e9gr\u00e9 dans un coffret fix\u00e9 sur la lisse. Fermeture en position lev\u00e9e ou ferm\u00e9e par goupille et cadenas fourni, et en option cl\u00e9 triangle de 11, sur poteau de r\u00e9ception. Livr\u00e9e avec poteau de r\u00e9ception en acier. Finition laqu\u00e9e blanc avec bandes r\u00e9flectos rouges. Fixation par crosses de scellement fournies sur platines r\u00e9glables","og_url":"https:\/\/www.sp-equipements.com\/site\/produit\/barriere-levante-lisse-acier\/","og_site_name":"SP \u00c9quipements","article_modified_time":"2021-02-04T16:14:22+00:00","og_image":[{"width":190,"height":190,"url":"https:\/\/www.sp-equipements.com\/site\/wp-content\/uploads\/2019\/06\/barriere_levante_acier-1.jpg","type":"image\/jpeg"}],"twitter_card":"summary_large_image","schema":{"@context":"https:\/\/schema.org","@graph":[{"@type":"WebPage","@id":"https:\/\/www.sp-equipements.com\/site\/produit\/barriere-levante-lisse-acier\/","url":"https:\/\/www.sp-equipements.com\/site\/produit\/barriere-levante-lisse-acier\/","name":"Barri\u00e8re Levante Lisse acier - SP \u00c9quipements","isPartOf":{"@id":"https:\/\/www.sp-equipements.com\/site\/#website"},"primaryImageOfPage":{"@id":"https:\/\/www.sp-equipements.com\/site\/produit\/barriere-levante-lisse-acier\/#primaryimage"},"image":{"@id":"https:\/\/www.sp-equipements.com\/site\/produit\/barriere-levante-lisse-acier\/#primaryimage"},"thumbnailUrl":"https:\/\/www.sp-equipements.com\/site\/wp-content\/uploads\/2019\/06\/barriere_levante_acier-1.jpg","datePublished":"2019-06-07T08:14:24+00:00","dateModified":"2021-02-04T16:14:22+00:00","breadcrumb":{"@id":"https:\/\/www.sp-equipements.com\/site\/produit\/barriere-levante-lisse-acier\/#breadcrumb"},"inLanguage":"fr-FR","potentialAction":[{"@type":"ReadAction","target":["https:\/\/www.sp-equipements.com\/site\/produit\/barriere-levante-lisse-acier\/"]}]},{"@type":"ImageObject","inLanguage":"fr-FR","@id":"https:\/\/www.sp-equipements.com\/site\/produit\/barriere-levante-lisse-acier\/#primaryimage","url":"https:\/\/www.sp-equipements.com\/site\/wp-content\/uploads\/2019\/06\/barriere_levante_acier-1.jpg","contentUrl":"https:\/\/www.sp-equipements.com\/site\/wp-content\/uploads\/2019\/06\/barriere_levante_acier-1.jpg","width":190,"height":190,"caption":"barriere levante acier 1"},{"@type":"BreadcrumbList","@id":"https:\/\/www.sp-equipements.com\/site\/produit\/barriere-levante-lisse-acier\/#breadcrumb","itemListElement":[{"@type":"ListItem","position":1,"name":"Accueil","item":"https:\/\/www.sp-equipements.com\/site\/"},{"@type":"ListItem","position":2,"name":"Catalogue","item":"https:\/\/www.sp-equipements.com\/site\/catalogue\/"},{"@type":"ListItem","position":3,"name":"Barri\u00e8re Levante Lisse acier"}]},{"@type":"WebSite","@id":"https:\/\/www.sp-equipements.com\/site\/#website","url":"https:\/\/www.sp-equipements.com\/site\/","name":"SP \u00c9quipements","description":"\u00c9quipements de collectivit\u00e9s","potentialAction":[{"@type":"SearchAction","target":{"@type":"EntryPoint","urlTemplate":"https:\/\/www.sp-equipements.com\/site\/?s={search_term_string}"},"query-input":"required name=search_term_string"}],"inLanguage":"fr-FR"}]}},"_links":{"self":[{"href":"https:\/\/www.sp-equipements.com\/site\/wp-json\/wp\/v2\/product\/21800"}],"collection":[{"href":"https:\/\/www.sp-equipements.com\/site\/wp-json\/wp\/v2\/product"}],"about":[{"href":"https:\/\/www.sp-equipements.com\/site\/wp-json\/wp\/v2\/types\/product"}],"replies":[{"embeddable":true,"href":"https:\/\/www.sp-equipements.com\/site\/wp-json\/wp\/v2\/comments?post=21800"}],"wp:featuredmedia":[{"embeddable":true,"href":"https:\/\/www.sp-equipements.com\/site\/wp-json\/wp\/v2\/media\/37724"}],"wp:attachment":[{"href":"https:\/\/www.sp-equipements.com\/site\/wp-json\/wp\/v2\/media?parent=21800"}],"wp:term":[{"taxonomy":"product_cat","embeddable":true,"href":"https:\/\/www.sp-equipements.com\/site\/wp-json\/wp\/v2\/product_cat?post=21800"},{"taxonomy":"product_tag","embeddable":true,"href":"https:\/\/www.sp-equipements.com\/site\/wp-json\/wp\/v2\/product_tag?post=21800"}],"curies":[{"name":"wp","href":"https:\/\/api.w.org\/{rel}","templated":true}]}}