{"id":21805,"date":"2019-06-07T10:14:26","date_gmt":"2019-06-07T08:14:26","guid":{"rendered":"http:\/\/www.polyequipements.com\/produit\/corset-darbre-emboitable\/"},"modified":"2019-06-19T15:31:42","modified_gmt":"2019-06-19T13:31:42","slug":"corset-darbre-emboitable","status":"publish","type":"product","link":"https:\/\/www.sp-equipements.com\/site\/produit\/corset-darbre-emboitable\/","title":{"rendered":"Corset d&rsquo;Arbre Embo\u00eetable"},"content":{"rendered":"","protected":false},"excerpt":{"rendered":"<div id=\"box-article-description\">\n<div id=\"display-article-description\">\n<p><i>Entourage complet de l&rsquo;arbre ou du support \u00e0 prot\u00e9ger (lampadaires, poteaux de signalisation&#8230;).<\/i><\/p>\n<p>Tube acier \u00d8 60mm galvanis\u00e9 ou peint sur galva selon nos RAL.<br \/>\nPose par embo\u00eetement et scellement direct.<\/p>\n<\/div>\n<\/div>\n","protected":false},"featured_media":37729,"comment_status":"open","ping_status":"closed","template":"","meta":[],"product_cat":[100,181],"product_tag":[],"yoast_head":"<!-- This site is optimized with the Yoast SEO plugin v22.2 - https:\/\/yoast.com\/wordpress\/plugins\/seo\/ -->\n<title>Corset d&#039;Arbre Embo\u00eetable - SP \u00c9quipements<\/title>\n<meta name=\"robots\" content=\"index, follow, max-snippet:-1, max-image-preview:large, max-video-preview:-1\" \/>\n<link rel=\"canonical\" href=\"https:\/\/www.sp-equipements.com\/site\/produit\/corset-darbre-emboitable\/\" \/>\n<meta property=\"og:locale\" content=\"fr_FR\" \/>\n<meta property=\"og:type\" content=\"article\" \/>\n<meta property=\"og:title\" content=\"Corset d&#039;Arbre Embo\u00eetable - SP \u00c9quipements\" \/>\n<meta property=\"og:description\" content=\"Entourage complet de l&#039;arbre ou du support \u00e0 prot\u00e9ger (lampadaires, poteaux de signalisation...).  Tube acier \u00d8 60mm galvanis\u00e9 ou peint sur galva selon nos RAL. Pose par embo\u00eetement et scellement direct.\" \/>\n<meta property=\"og:url\" content=\"https:\/\/www.sp-equipements.com\/site\/produit\/corset-darbre-emboitable\/\" \/>\n<meta property=\"og:site_name\" content=\"SP \u00c9quipements\" \/>\n<meta property=\"article:modified_time\" content=\"2019-06-19T13:31:42+00:00\" \/>\n<meta property=\"og:image\" content=\"https:\/\/www.sp-equipements.com\/site\/wp-content\/uploads\/2019\/06\/corset_d_arbre_emboitable-1.jpg\" \/>\n\t<meta property=\"og:image:width\" content=\"190\" \/>\n\t<meta property=\"og:image:height\" content=\"190\" \/>\n\t<meta property=\"og:image:type\" content=\"image\/jpeg\" \/>\n<meta name=\"twitter:card\" content=\"summary_large_image\" \/>\n<script type=\"application\/ld+json\" class=\"yoast-schema-graph\">{\"@context\":\"https:\/\/schema.org\",\"@graph\":[{\"@type\":\"WebPage\",\"@id\":\"https:\/\/www.sp-equipements.com\/site\/produit\/corset-darbre-emboitable\/\",\"url\":\"https:\/\/www.sp-equipements.com\/site\/produit\/corset-darbre-emboitable\/\",\"name\":\"Corset d'Arbre Embo\u00eetable - SP \u00c9quipements\",\"isPartOf\":{\"@id\":\"https:\/\/www.sp-equipements.com\/site\/#website\"},\"primaryImageOfPage\":{\"@id\":\"https:\/\/www.sp-equipements.com\/site\/produit\/corset-darbre-emboitable\/#primaryimage\"},\"image\":{\"@id\":\"https:\/\/www.sp-equipements.com\/site\/produit\/corset-darbre-emboitable\/#primaryimage\"},\"thumbnailUrl\":\"https:\/\/www.sp-equipements.com\/site\/wp-content\/uploads\/2019\/06\/corset_d_arbre_emboitable-1.jpg\",\"datePublished\":\"2019-06-07T08:14:26+00:00\",\"dateModified\":\"2019-06-19T13:31:42+00:00\",\"breadcrumb\":{\"@id\":\"https:\/\/www.sp-equipements.com\/site\/produit\/corset-darbre-emboitable\/#breadcrumb\"},\"inLanguage\":\"fr-FR\",\"potentialAction\":[{\"@type\":\"ReadAction\",\"target\":[\"https:\/\/www.sp-equipements.com\/site\/produit\/corset-darbre-emboitable\/\"]}]},{\"@type\":\"ImageObject\",\"inLanguage\":\"fr-FR\",\"@id\":\"https:\/\/www.sp-equipements.com\/site\/produit\/corset-darbre-emboitable\/#primaryimage\",\"url\":\"https:\/\/www.sp-equipements.com\/site\/wp-content\/uploads\/2019\/06\/corset_d_arbre_emboitable-1.jpg\",\"contentUrl\":\"https:\/\/www.sp-equipements.com\/site\/wp-content\/uploads\/2019\/06\/corset_d_arbre_emboitable-1.jpg\",\"width\":190,\"height\":190,\"caption\":\"corset d arbre emboitable 1\"},{\"@type\":\"BreadcrumbList\",\"@id\":\"https:\/\/www.sp-equipements.com\/site\/produit\/corset-darbre-emboitable\/#breadcrumb\",\"itemListElement\":[{\"@type\":\"ListItem\",\"position\":1,\"name\":\"Accueil\",\"item\":\"https:\/\/www.sp-equipements.com\/site\/\"},{\"@type\":\"ListItem\",\"position\":2,\"name\":\"Catalogue\",\"item\":\"https:\/\/www.sp-equipements.com\/site\/catalogue\/\"},{\"@type\":\"ListItem\",\"position\":3,\"name\":\"Corset d&rsquo;Arbre Embo\u00eetable\"}]},{\"@type\":\"WebSite\",\"@id\":\"https:\/\/www.sp-equipements.com\/site\/#website\",\"url\":\"https:\/\/www.sp-equipements.com\/site\/\",\"name\":\"SP \u00c9quipements\",\"description\":\"\u00c9quipements de collectivit\u00e9s\",\"potentialAction\":[{\"@type\":\"SearchAction\",\"target\":{\"@type\":\"EntryPoint\",\"urlTemplate\":\"https:\/\/www.sp-equipements.com\/site\/?s={search_term_string}\"},\"query-input\":\"required name=search_term_string\"}],\"inLanguage\":\"fr-FR\"}]}<\/script>\n<!-- \/ Yoast SEO plugin. -->","yoast_head_json":{"title":"Corset d'Arbre Embo\u00eetable - SP \u00c9quipements","robots":{"index":"index","follow":"follow","max-snippet":"max-snippet:-1","max-image-preview":"max-image-preview:large","max-video-preview":"max-video-preview:-1"},"canonical":"https:\/\/www.sp-equipements.com\/site\/produit\/corset-darbre-emboitable\/","og_locale":"fr_FR","og_type":"article","og_title":"Corset d'Arbre Embo\u00eetable - SP \u00c9quipements","og_description":"Entourage complet de l'arbre ou du support \u00e0 prot\u00e9ger (lampadaires, poteaux de signalisation...).  Tube acier \u00d8 60mm galvanis\u00e9 ou peint sur galva selon nos RAL. Pose par embo\u00eetement et scellement direct.","og_url":"https:\/\/www.sp-equipements.com\/site\/produit\/corset-darbre-emboitable\/","og_site_name":"SP \u00c9quipements","article_modified_time":"2019-06-19T13:31:42+00:00","og_image":[{"width":190,"height":190,"url":"https:\/\/www.sp-equipements.com\/site\/wp-content\/uploads\/2019\/06\/corset_d_arbre_emboitable-1.jpg","type":"image\/jpeg"}],"twitter_card":"summary_large_image","schema":{"@context":"https:\/\/schema.org","@graph":[{"@type":"WebPage","@id":"https:\/\/www.sp-equipements.com\/site\/produit\/corset-darbre-emboitable\/","url":"https:\/\/www.sp-equipements.com\/site\/produit\/corset-darbre-emboitable\/","name":"Corset d'Arbre Embo\u00eetable - SP \u00c9quipements","isPartOf":{"@id":"https:\/\/www.sp-equipements.com\/site\/#website"},"primaryImageOfPage":{"@id":"https:\/\/www.sp-equipements.com\/site\/produit\/corset-darbre-emboitable\/#primaryimage"},"image":{"@id":"https:\/\/www.sp-equipements.com\/site\/produit\/corset-darbre-emboitable\/#primaryimage"},"thumbnailUrl":"https:\/\/www.sp-equipements.com\/site\/wp-content\/uploads\/2019\/06\/corset_d_arbre_emboitable-1.jpg","datePublished":"2019-06-07T08:14:26+00:00","dateModified":"2019-06-19T13:31:42+00:00","breadcrumb":{"@id":"https:\/\/www.sp-equipements.com\/site\/produit\/corset-darbre-emboitable\/#breadcrumb"},"inLanguage":"fr-FR","potentialAction":[{"@type":"ReadAction","target":["https:\/\/www.sp-equipements.com\/site\/produit\/corset-darbre-emboitable\/"]}]},{"@type":"ImageObject","inLanguage":"fr-FR","@id":"https:\/\/www.sp-equipements.com\/site\/produit\/corset-darbre-emboitable\/#primaryimage","url":"https:\/\/www.sp-equipements.com\/site\/wp-content\/uploads\/2019\/06\/corset_d_arbre_emboitable-1.jpg","contentUrl":"https:\/\/www.sp-equipements.com\/site\/wp-content\/uploads\/2019\/06\/corset_d_arbre_emboitable-1.jpg","width":190,"height":190,"caption":"corset d arbre emboitable 1"},{"@type":"BreadcrumbList","@id":"https:\/\/www.sp-equipements.com\/site\/produit\/corset-darbre-emboitable\/#breadcrumb","itemListElement":[{"@type":"ListItem","position":1,"name":"Accueil","item":"https:\/\/www.sp-equipements.com\/site\/"},{"@type":"ListItem","position":2,"name":"Catalogue","item":"https:\/\/www.sp-equipements.com\/site\/catalogue\/"},{"@type":"ListItem","position":3,"name":"Corset d&rsquo;Arbre Embo\u00eetable"}]},{"@type":"WebSite","@id":"https:\/\/www.sp-equipements.com\/site\/#website","url":"https:\/\/www.sp-equipements.com\/site\/","name":"SP \u00c9quipements","description":"\u00c9quipements de collectivit\u00e9s","potentialAction":[{"@type":"SearchAction","target":{"@type":"EntryPoint","urlTemplate":"https:\/\/www.sp-equipements.com\/site\/?s={search_term_string}"},"query-input":"required name=search_term_string"}],"inLanguage":"fr-FR"}]}},"_links":{"self":[{"href":"https:\/\/www.sp-equipements.com\/site\/wp-json\/wp\/v2\/product\/21805"}],"collection":[{"href":"https:\/\/www.sp-equipements.com\/site\/wp-json\/wp\/v2\/product"}],"about":[{"href":"https:\/\/www.sp-equipements.com\/site\/wp-json\/wp\/v2\/types\/product"}],"replies":[{"embeddable":true,"href":"https:\/\/www.sp-equipements.com\/site\/wp-json\/wp\/v2\/comments?post=21805"}],"wp:featuredmedia":[{"embeddable":true,"href":"https:\/\/www.sp-equipements.com\/site\/wp-json\/wp\/v2\/media\/37729"}],"wp:attachment":[{"href":"https:\/\/www.sp-equipements.com\/site\/wp-json\/wp\/v2\/media?parent=21805"}],"wp:term":[{"taxonomy":"product_cat","embeddable":true,"href":"https:\/\/www.sp-equipements.com\/site\/wp-json\/wp\/v2\/product_cat?post=21805"},{"taxonomy":"product_tag","embeddable":true,"href":"https:\/\/www.sp-equipements.com\/site\/wp-json\/wp\/v2\/product_tag?post=21805"}],"curies":[{"name":"wp","href":"https:\/\/api.w.org\/{rel}","templated":true}]}}