{"id":21807,"date":"2019-06-07T10:14:27","date_gmt":"2019-06-07T08:14:27","guid":{"rendered":"http:\/\/www.polyequipements.com\/produit\/grille-darbre-acier\/"},"modified":"2019-06-19T15:31:43","modified_gmt":"2019-06-19T13:31:43","slug":"grille-darbre-acier","status":"publish","type":"product","link":"https:\/\/www.sp-equipements.com\/site\/produit\/grille-darbre-acier\/","title":{"rendered":"Grille d&rsquo;Arbre acier"},"content":{"rendered":"","protected":false},"excerpt":{"rendered":"<p><i>Grille ronde ou carr\u00e9e, en acier massif de 30 x 8 mm et 20 x 10 mm d&rsquo;\u00e9paisseur, soud\u00e9 sur chant apr\u00e8s cintrage.<\/i><\/p>\n<p>R\u00e9alis\u00e9es en 4 \u00e9l\u00e9ments \u00e0 fixer entre eux par boulons de \u00d8 8mm \u00e9lectrozingu\u00e9s fournis.<br \/>\nPose directe au sol.<br \/>\nPose sur ch\u00e2ssis en option.<br \/>\nR\u00e9alis\u00e9 en corni\u00e8re m\u00e9tallique, \u00e9quip\u00e9 de pattes de scellement. Permet \u00e0 la grille d\u2019arbre de reposer sur tout son p\u00e9rim\u00e8tre.<br \/>\nFinition galvanis\u00e9 ou peint sur galva selon nos RAL.<\/p>\n","protected":false},"featured_media":37731,"comment_status":"open","ping_status":"closed","template":"","meta":[],"product_cat":[100,181],"product_tag":[],"yoast_head":"<!-- This site is optimized with the Yoast SEO plugin v22.2 - https:\/\/yoast.com\/wordpress\/plugins\/seo\/ -->\n<title>Grille d&#039;Arbre acier - SP \u00c9quipements<\/title>\n<meta name=\"robots\" content=\"index, follow, max-snippet:-1, max-image-preview:large, max-video-preview:-1\" \/>\n<link rel=\"canonical\" href=\"https:\/\/www.sp-equipements.com\/site\/produit\/grille-darbre-acier\/\" \/>\n<meta property=\"og:locale\" content=\"fr_FR\" \/>\n<meta property=\"og:type\" content=\"article\" \/>\n<meta property=\"og:title\" content=\"Grille d&#039;Arbre acier - SP \u00c9quipements\" \/>\n<meta property=\"og:description\" content=\"Grille ronde ou carr\u00e9e, en acier massif de 30 x 8 mm et 20 x 10 mm d&#039;\u00e9paisseur, soud\u00e9 sur chant apr\u00e8s cintrage.  R\u00e9alis\u00e9es en 4 \u00e9l\u00e9ments \u00e0 fixer entre eux par boulons de \u00d8 8mm \u00e9lectrozingu\u00e9s fournis. Pose directe au sol. Pose sur ch\u00e2ssis en option. R\u00e9alis\u00e9 en corni\u00e8re m\u00e9tallique, \u00e9quip\u00e9 de pattes de scellement. Permet \u00e0 la grille d\u2019arbre de reposer sur tout son p\u00e9rim\u00e8tre. Finition galvanis\u00e9 ou peint sur galva selon nos RAL.\" \/>\n<meta property=\"og:url\" content=\"https:\/\/www.sp-equipements.com\/site\/produit\/grille-darbre-acier\/\" \/>\n<meta property=\"og:site_name\" content=\"SP \u00c9quipements\" \/>\n<meta property=\"article:modified_time\" content=\"2019-06-19T13:31:43+00:00\" \/>\n<meta property=\"og:image\" content=\"https:\/\/www.sp-equipements.com\/site\/wp-content\/uploads\/2019\/06\/grille_d_arbre-1.jpg\" \/>\n\t<meta property=\"og:image:width\" content=\"190\" \/>\n\t<meta property=\"og:image:height\" content=\"190\" \/>\n\t<meta property=\"og:image:type\" content=\"image\/jpeg\" \/>\n<meta name=\"twitter:card\" content=\"summary_large_image\" \/>\n<script type=\"application\/ld+json\" class=\"yoast-schema-graph\">{\"@context\":\"https:\/\/schema.org\",\"@graph\":[{\"@type\":\"WebPage\",\"@id\":\"https:\/\/www.sp-equipements.com\/site\/produit\/grille-darbre-acier\/\",\"url\":\"https:\/\/www.sp-equipements.com\/site\/produit\/grille-darbre-acier\/\",\"name\":\"Grille d'Arbre acier - SP \u00c9quipements\",\"isPartOf\":{\"@id\":\"https:\/\/www.sp-equipements.com\/site\/#website\"},\"primaryImageOfPage\":{\"@id\":\"https:\/\/www.sp-equipements.com\/site\/produit\/grille-darbre-acier\/#primaryimage\"},\"image\":{\"@id\":\"https:\/\/www.sp-equipements.com\/site\/produit\/grille-darbre-acier\/#primaryimage\"},\"thumbnailUrl\":\"https:\/\/www.sp-equipements.com\/site\/wp-content\/uploads\/2019\/06\/grille_d_arbre-1.jpg\",\"datePublished\":\"2019-06-07T08:14:27+00:00\",\"dateModified\":\"2019-06-19T13:31:43+00:00\",\"breadcrumb\":{\"@id\":\"https:\/\/www.sp-equipements.com\/site\/produit\/grille-darbre-acier\/#breadcrumb\"},\"inLanguage\":\"fr-FR\",\"potentialAction\":[{\"@type\":\"ReadAction\",\"target\":[\"https:\/\/www.sp-equipements.com\/site\/produit\/grille-darbre-acier\/\"]}]},{\"@type\":\"ImageObject\",\"inLanguage\":\"fr-FR\",\"@id\":\"https:\/\/www.sp-equipements.com\/site\/produit\/grille-darbre-acier\/#primaryimage\",\"url\":\"https:\/\/www.sp-equipements.com\/site\/wp-content\/uploads\/2019\/06\/grille_d_arbre-1.jpg\",\"contentUrl\":\"https:\/\/www.sp-equipements.com\/site\/wp-content\/uploads\/2019\/06\/grille_d_arbre-1.jpg\",\"width\":190,\"height\":190,\"caption\":\"grille d arbre 1\"},{\"@type\":\"BreadcrumbList\",\"@id\":\"https:\/\/www.sp-equipements.com\/site\/produit\/grille-darbre-acier\/#breadcrumb\",\"itemListElement\":[{\"@type\":\"ListItem\",\"position\":1,\"name\":\"Accueil\",\"item\":\"https:\/\/www.sp-equipements.com\/site\/\"},{\"@type\":\"ListItem\",\"position\":2,\"name\":\"Catalogue\",\"item\":\"https:\/\/www.sp-equipements.com\/site\/catalogue\/\"},{\"@type\":\"ListItem\",\"position\":3,\"name\":\"Grille d&rsquo;Arbre acier\"}]},{\"@type\":\"WebSite\",\"@id\":\"https:\/\/www.sp-equipements.com\/site\/#website\",\"url\":\"https:\/\/www.sp-equipements.com\/site\/\",\"name\":\"SP \u00c9quipements\",\"description\":\"\u00c9quipements de collectivit\u00e9s\",\"potentialAction\":[{\"@type\":\"SearchAction\",\"target\":{\"@type\":\"EntryPoint\",\"urlTemplate\":\"https:\/\/www.sp-equipements.com\/site\/?s={search_term_string}\"},\"query-input\":\"required name=search_term_string\"}],\"inLanguage\":\"fr-FR\"}]}<\/script>\n<!-- \/ Yoast SEO plugin. -->","yoast_head_json":{"title":"Grille d'Arbre acier - SP \u00c9quipements","robots":{"index":"index","follow":"follow","max-snippet":"max-snippet:-1","max-image-preview":"max-image-preview:large","max-video-preview":"max-video-preview:-1"},"canonical":"https:\/\/www.sp-equipements.com\/site\/produit\/grille-darbre-acier\/","og_locale":"fr_FR","og_type":"article","og_title":"Grille d'Arbre acier - SP \u00c9quipements","og_description":"Grille ronde ou carr\u00e9e, en acier massif de 30 x 8 mm et 20 x 10 mm d'\u00e9paisseur, soud\u00e9 sur chant apr\u00e8s cintrage.  R\u00e9alis\u00e9es en 4 \u00e9l\u00e9ments \u00e0 fixer entre eux par boulons de \u00d8 8mm \u00e9lectrozingu\u00e9s fournis. Pose directe au sol. Pose sur ch\u00e2ssis en option. R\u00e9alis\u00e9 en corni\u00e8re m\u00e9tallique, \u00e9quip\u00e9 de pattes de scellement. Permet \u00e0 la grille d\u2019arbre de reposer sur tout son p\u00e9rim\u00e8tre. Finition galvanis\u00e9 ou peint sur galva selon nos RAL.","og_url":"https:\/\/www.sp-equipements.com\/site\/produit\/grille-darbre-acier\/","og_site_name":"SP \u00c9quipements","article_modified_time":"2019-06-19T13:31:43+00:00","og_image":[{"width":190,"height":190,"url":"https:\/\/www.sp-equipements.com\/site\/wp-content\/uploads\/2019\/06\/grille_d_arbre-1.jpg","type":"image\/jpeg"}],"twitter_card":"summary_large_image","schema":{"@context":"https:\/\/schema.org","@graph":[{"@type":"WebPage","@id":"https:\/\/www.sp-equipements.com\/site\/produit\/grille-darbre-acier\/","url":"https:\/\/www.sp-equipements.com\/site\/produit\/grille-darbre-acier\/","name":"Grille d'Arbre acier - SP \u00c9quipements","isPartOf":{"@id":"https:\/\/www.sp-equipements.com\/site\/#website"},"primaryImageOfPage":{"@id":"https:\/\/www.sp-equipements.com\/site\/produit\/grille-darbre-acier\/#primaryimage"},"image":{"@id":"https:\/\/www.sp-equipements.com\/site\/produit\/grille-darbre-acier\/#primaryimage"},"thumbnailUrl":"https:\/\/www.sp-equipements.com\/site\/wp-content\/uploads\/2019\/06\/grille_d_arbre-1.jpg","datePublished":"2019-06-07T08:14:27+00:00","dateModified":"2019-06-19T13:31:43+00:00","breadcrumb":{"@id":"https:\/\/www.sp-equipements.com\/site\/produit\/grille-darbre-acier\/#breadcrumb"},"inLanguage":"fr-FR","potentialAction":[{"@type":"ReadAction","target":["https:\/\/www.sp-equipements.com\/site\/produit\/grille-darbre-acier\/"]}]},{"@type":"ImageObject","inLanguage":"fr-FR","@id":"https:\/\/www.sp-equipements.com\/site\/produit\/grille-darbre-acier\/#primaryimage","url":"https:\/\/www.sp-equipements.com\/site\/wp-content\/uploads\/2019\/06\/grille_d_arbre-1.jpg","contentUrl":"https:\/\/www.sp-equipements.com\/site\/wp-content\/uploads\/2019\/06\/grille_d_arbre-1.jpg","width":190,"height":190,"caption":"grille d arbre 1"},{"@type":"BreadcrumbList","@id":"https:\/\/www.sp-equipements.com\/site\/produit\/grille-darbre-acier\/#breadcrumb","itemListElement":[{"@type":"ListItem","position":1,"name":"Accueil","item":"https:\/\/www.sp-equipements.com\/site\/"},{"@type":"ListItem","position":2,"name":"Catalogue","item":"https:\/\/www.sp-equipements.com\/site\/catalogue\/"},{"@type":"ListItem","position":3,"name":"Grille d&rsquo;Arbre acier"}]},{"@type":"WebSite","@id":"https:\/\/www.sp-equipements.com\/site\/#website","url":"https:\/\/www.sp-equipements.com\/site\/","name":"SP \u00c9quipements","description":"\u00c9quipements de collectivit\u00e9s","potentialAction":[{"@type":"SearchAction","target":{"@type":"EntryPoint","urlTemplate":"https:\/\/www.sp-equipements.com\/site\/?s={search_term_string}"},"query-input":"required name=search_term_string"}],"inLanguage":"fr-FR"}]}},"_links":{"self":[{"href":"https:\/\/www.sp-equipements.com\/site\/wp-json\/wp\/v2\/product\/21807"}],"collection":[{"href":"https:\/\/www.sp-equipements.com\/site\/wp-json\/wp\/v2\/product"}],"about":[{"href":"https:\/\/www.sp-equipements.com\/site\/wp-json\/wp\/v2\/types\/product"}],"replies":[{"embeddable":true,"href":"https:\/\/www.sp-equipements.com\/site\/wp-json\/wp\/v2\/comments?post=21807"}],"wp:featuredmedia":[{"embeddable":true,"href":"https:\/\/www.sp-equipements.com\/site\/wp-json\/wp\/v2\/media\/37731"}],"wp:attachment":[{"href":"https:\/\/www.sp-equipements.com\/site\/wp-json\/wp\/v2\/media?parent=21807"}],"wp:term":[{"taxonomy":"product_cat","embeddable":true,"href":"https:\/\/www.sp-equipements.com\/site\/wp-json\/wp\/v2\/product_cat?post=21807"},{"taxonomy":"product_tag","embeddable":true,"href":"https:\/\/www.sp-equipements.com\/site\/wp-json\/wp\/v2\/product_tag?post=21807"}],"curies":[{"name":"wp","href":"https:\/\/api.w.org\/{rel}","templated":true}]}}