{"id":21809,"date":"2019-06-07T10:14:28","date_gmt":"2019-06-07T08:14:28","guid":{"rendered":"http:\/\/www.polyequipements.com\/produit\/abri-fumeurs\/"},"modified":"2019-06-19T15:31:44","modified_gmt":"2019-06-19T13:31:44","slug":"abri-fumeurs","status":"publish","type":"product","link":"https:\/\/www.sp-equipements.com\/site\/produit\/abri-fumeurs\/","title":{"rendered":"Abri Fumeurs"},"content":{"rendered":"","protected":false},"excerpt":{"rendered":"<p><i>Un abri fumeurs alliant fonctionnalit\u00e9 et design. Il cr\u00e9e un espace spacieux prot\u00e9geant les fumeurs des intemp\u00e9ries pour un budget \u00e9tonnamment raisonnable.<\/i><\/p>\n<p><b>Structure<\/b><br \/>\nPoteaux acier 80 x 80 mm sur platines.<br \/>\nLongueur : 2500 et 5000 mm.<br \/>\nDans les deux cas, un acc\u00e8s largeur 1000 mm.<br \/>\nLargeur : 1560 mm.<br \/>\nHauteur : 2680 mm.<\/p>\n<p><b>Toiture<\/b><br \/>\nCadre compos\u00e9 de deux traverses en tube aluminium 40 x 60 mm et de deux goutti\u00e8res en profil\u00e9 aluminium.<br \/>\nArceaux en profil\u00e9s aluminium cintr\u00e9.<br \/>\nVo\u00fbte en polycarbonate alv\u00e9olaire translucide trait\u00e9 anti UV.<\/p>\n<p><b>Bardages<\/b><br \/>\nBardages de fa\u00e7ade, de c\u00f4t\u00e9s et de fond en verre s\u00e9curis\u00e9 de 8 mm d\u2019\u00e9paisseur avec signal\u00e9tique de s\u00e9curit\u00e9.<br \/>\nFixation par syst\u00e8me de pincement en fonte d\u2019aluminium pour un remplacement ais\u00e9 en cas de vandalisme.<\/p>\n<p><b>Finition et montage<\/b><br \/>\nPeint sur zinc selon nos RAL.<br \/>\nNotice de montage fournie.<\/p>\n","protected":false},"featured_media":37733,"comment_status":"open","ping_status":"closed","template":"","meta":[],"product_cat":[172,100],"product_tag":[],"yoast_head":"<!-- This site is optimized with the Yoast SEO plugin v22.2 - https:\/\/yoast.com\/wordpress\/plugins\/seo\/ -->\n<title>Abri Fumeurs - SP \u00c9quipements<\/title>\n<meta name=\"robots\" content=\"index, follow, max-snippet:-1, max-image-preview:large, max-video-preview:-1\" \/>\n<link rel=\"canonical\" href=\"https:\/\/www.sp-equipements.com\/site\/produit\/abri-fumeurs\/\" \/>\n<meta property=\"og:locale\" content=\"fr_FR\" \/>\n<meta property=\"og:type\" content=\"article\" \/>\n<meta property=\"og:title\" content=\"Abri Fumeurs - SP \u00c9quipements\" \/>\n<meta property=\"og:description\" content=\"Un abri fumeurs alliant fonctionnalit\u00e9 et design. Il cr\u00e9e un espace spacieux prot\u00e9geant les fumeurs des intemp\u00e9ries pour un budget \u00e9tonnamment raisonnable.  Structure Poteaux acier 80 x 80 mm sur platines. Longueur : 2500 et 5000 mm. Dans les deux cas, un acc\u00e8s largeur 1000 mm. Largeur : 1560 mm. Hauteur : 2680 mm.  Toiture Cadre compos\u00e9 de deux traverses en tube aluminium 40 x 60 mm et de deux goutti\u00e8res en profil\u00e9 aluminium. Arceaux en profil\u00e9s aluminium cintr\u00e9. Vo\u00fbte en polycarbonate alv\u00e9olaire translucide trait\u00e9 anti UV.  Bardages Bardages de fa\u00e7ade, de c\u00f4t\u00e9s et de fond en verre s\u00e9curis\u00e9 de 8 mm d\u2019\u00e9paisseur avec signal\u00e9tique de s\u00e9curit\u00e9. Fixation par syst\u00e8me de pincement en fonte d\u2019aluminium pour un remplacement ais\u00e9 en cas de vandalisme.  Finition et montage Peint sur zinc selon nos RAL. Notice de montage fournie.\" \/>\n<meta property=\"og:url\" content=\"https:\/\/www.sp-equipements.com\/site\/produit\/abri-fumeurs\/\" \/>\n<meta property=\"og:site_name\" content=\"SP \u00c9quipements\" \/>\n<meta property=\"article:modified_time\" content=\"2019-06-19T13:31:44+00:00\" \/>\n<meta property=\"og:image\" content=\"https:\/\/www.sp-equipements.com\/site\/wp-content\/uploads\/2019\/06\/abri_fumeur-1.jpg\" \/>\n\t<meta property=\"og:image:width\" content=\"190\" \/>\n\t<meta property=\"og:image:height\" content=\"190\" \/>\n\t<meta property=\"og:image:type\" content=\"image\/jpeg\" \/>\n<meta name=\"twitter:card\" content=\"summary_large_image\" \/>\n<script type=\"application\/ld+json\" class=\"yoast-schema-graph\">{\"@context\":\"https:\/\/schema.org\",\"@graph\":[{\"@type\":\"WebPage\",\"@id\":\"https:\/\/www.sp-equipements.com\/site\/produit\/abri-fumeurs\/\",\"url\":\"https:\/\/www.sp-equipements.com\/site\/produit\/abri-fumeurs\/\",\"name\":\"Abri Fumeurs - SP \u00c9quipements\",\"isPartOf\":{\"@id\":\"https:\/\/www.sp-equipements.com\/site\/#website\"},\"primaryImageOfPage\":{\"@id\":\"https:\/\/www.sp-equipements.com\/site\/produit\/abri-fumeurs\/#primaryimage\"},\"image\":{\"@id\":\"https:\/\/www.sp-equipements.com\/site\/produit\/abri-fumeurs\/#primaryimage\"},\"thumbnailUrl\":\"https:\/\/www.sp-equipements.com\/site\/wp-content\/uploads\/2019\/06\/abri_fumeur-1.jpg\",\"datePublished\":\"2019-06-07T08:14:28+00:00\",\"dateModified\":\"2019-06-19T13:31:44+00:00\",\"breadcrumb\":{\"@id\":\"https:\/\/www.sp-equipements.com\/site\/produit\/abri-fumeurs\/#breadcrumb\"},\"inLanguage\":\"fr-FR\",\"potentialAction\":[{\"@type\":\"ReadAction\",\"target\":[\"https:\/\/www.sp-equipements.com\/site\/produit\/abri-fumeurs\/\"]}]},{\"@type\":\"ImageObject\",\"inLanguage\":\"fr-FR\",\"@id\":\"https:\/\/www.sp-equipements.com\/site\/produit\/abri-fumeurs\/#primaryimage\",\"url\":\"https:\/\/www.sp-equipements.com\/site\/wp-content\/uploads\/2019\/06\/abri_fumeur-1.jpg\",\"contentUrl\":\"https:\/\/www.sp-equipements.com\/site\/wp-content\/uploads\/2019\/06\/abri_fumeur-1.jpg\",\"width\":190,\"height\":190,\"caption\":\"abri fumeur 1\"},{\"@type\":\"BreadcrumbList\",\"@id\":\"https:\/\/www.sp-equipements.com\/site\/produit\/abri-fumeurs\/#breadcrumb\",\"itemListElement\":[{\"@type\":\"ListItem\",\"position\":1,\"name\":\"Accueil\",\"item\":\"https:\/\/www.sp-equipements.com\/site\/\"},{\"@type\":\"ListItem\",\"position\":2,\"name\":\"Catalogue\",\"item\":\"https:\/\/www.sp-equipements.com\/site\/catalogue\/\"},{\"@type\":\"ListItem\",\"position\":3,\"name\":\"Abri Fumeurs\"}]},{\"@type\":\"WebSite\",\"@id\":\"https:\/\/www.sp-equipements.com\/site\/#website\",\"url\":\"https:\/\/www.sp-equipements.com\/site\/\",\"name\":\"SP \u00c9quipements\",\"description\":\"\u00c9quipements de collectivit\u00e9s\",\"potentialAction\":[{\"@type\":\"SearchAction\",\"target\":{\"@type\":\"EntryPoint\",\"urlTemplate\":\"https:\/\/www.sp-equipements.com\/site\/?s={search_term_string}\"},\"query-input\":\"required name=search_term_string\"}],\"inLanguage\":\"fr-FR\"}]}<\/script>\n<!-- \/ Yoast SEO plugin. -->","yoast_head_json":{"title":"Abri Fumeurs - SP \u00c9quipements","robots":{"index":"index","follow":"follow","max-snippet":"max-snippet:-1","max-image-preview":"max-image-preview:large","max-video-preview":"max-video-preview:-1"},"canonical":"https:\/\/www.sp-equipements.com\/site\/produit\/abri-fumeurs\/","og_locale":"fr_FR","og_type":"article","og_title":"Abri Fumeurs - SP \u00c9quipements","og_description":"Un abri fumeurs alliant fonctionnalit\u00e9 et design. Il cr\u00e9e un espace spacieux prot\u00e9geant les fumeurs des intemp\u00e9ries pour un budget \u00e9tonnamment raisonnable.  Structure Poteaux acier 80 x 80 mm sur platines. Longueur : 2500 et 5000 mm. Dans les deux cas, un acc\u00e8s largeur 1000 mm. Largeur : 1560 mm. Hauteur : 2680 mm.  Toiture Cadre compos\u00e9 de deux traverses en tube aluminium 40 x 60 mm et de deux goutti\u00e8res en profil\u00e9 aluminium. Arceaux en profil\u00e9s aluminium cintr\u00e9. Vo\u00fbte en polycarbonate alv\u00e9olaire translucide trait\u00e9 anti UV.  Bardages Bardages de fa\u00e7ade, de c\u00f4t\u00e9s et de fond en verre s\u00e9curis\u00e9 de 8 mm d\u2019\u00e9paisseur avec signal\u00e9tique de s\u00e9curit\u00e9. Fixation par syst\u00e8me de pincement en fonte d\u2019aluminium pour un remplacement ais\u00e9 en cas de vandalisme.  Finition et montage Peint sur zinc selon nos RAL. Notice de montage fournie.","og_url":"https:\/\/www.sp-equipements.com\/site\/produit\/abri-fumeurs\/","og_site_name":"SP \u00c9quipements","article_modified_time":"2019-06-19T13:31:44+00:00","og_image":[{"width":190,"height":190,"url":"https:\/\/www.sp-equipements.com\/site\/wp-content\/uploads\/2019\/06\/abri_fumeur-1.jpg","type":"image\/jpeg"}],"twitter_card":"summary_large_image","schema":{"@context":"https:\/\/schema.org","@graph":[{"@type":"WebPage","@id":"https:\/\/www.sp-equipements.com\/site\/produit\/abri-fumeurs\/","url":"https:\/\/www.sp-equipements.com\/site\/produit\/abri-fumeurs\/","name":"Abri Fumeurs - SP \u00c9quipements","isPartOf":{"@id":"https:\/\/www.sp-equipements.com\/site\/#website"},"primaryImageOfPage":{"@id":"https:\/\/www.sp-equipements.com\/site\/produit\/abri-fumeurs\/#primaryimage"},"image":{"@id":"https:\/\/www.sp-equipements.com\/site\/produit\/abri-fumeurs\/#primaryimage"},"thumbnailUrl":"https:\/\/www.sp-equipements.com\/site\/wp-content\/uploads\/2019\/06\/abri_fumeur-1.jpg","datePublished":"2019-06-07T08:14:28+00:00","dateModified":"2019-06-19T13:31:44+00:00","breadcrumb":{"@id":"https:\/\/www.sp-equipements.com\/site\/produit\/abri-fumeurs\/#breadcrumb"},"inLanguage":"fr-FR","potentialAction":[{"@type":"ReadAction","target":["https:\/\/www.sp-equipements.com\/site\/produit\/abri-fumeurs\/"]}]},{"@type":"ImageObject","inLanguage":"fr-FR","@id":"https:\/\/www.sp-equipements.com\/site\/produit\/abri-fumeurs\/#primaryimage","url":"https:\/\/www.sp-equipements.com\/site\/wp-content\/uploads\/2019\/06\/abri_fumeur-1.jpg","contentUrl":"https:\/\/www.sp-equipements.com\/site\/wp-content\/uploads\/2019\/06\/abri_fumeur-1.jpg","width":190,"height":190,"caption":"abri fumeur 1"},{"@type":"BreadcrumbList","@id":"https:\/\/www.sp-equipements.com\/site\/produit\/abri-fumeurs\/#breadcrumb","itemListElement":[{"@type":"ListItem","position":1,"name":"Accueil","item":"https:\/\/www.sp-equipements.com\/site\/"},{"@type":"ListItem","position":2,"name":"Catalogue","item":"https:\/\/www.sp-equipements.com\/site\/catalogue\/"},{"@type":"ListItem","position":3,"name":"Abri Fumeurs"}]},{"@type":"WebSite","@id":"https:\/\/www.sp-equipements.com\/site\/#website","url":"https:\/\/www.sp-equipements.com\/site\/","name":"SP \u00c9quipements","description":"\u00c9quipements de collectivit\u00e9s","potentialAction":[{"@type":"SearchAction","target":{"@type":"EntryPoint","urlTemplate":"https:\/\/www.sp-equipements.com\/site\/?s={search_term_string}"},"query-input":"required name=search_term_string"}],"inLanguage":"fr-FR"}]}},"_links":{"self":[{"href":"https:\/\/www.sp-equipements.com\/site\/wp-json\/wp\/v2\/product\/21809"}],"collection":[{"href":"https:\/\/www.sp-equipements.com\/site\/wp-json\/wp\/v2\/product"}],"about":[{"href":"https:\/\/www.sp-equipements.com\/site\/wp-json\/wp\/v2\/types\/product"}],"replies":[{"embeddable":true,"href":"https:\/\/www.sp-equipements.com\/site\/wp-json\/wp\/v2\/comments?post=21809"}],"wp:featuredmedia":[{"embeddable":true,"href":"https:\/\/www.sp-equipements.com\/site\/wp-json\/wp\/v2\/media\/37733"}],"wp:attachment":[{"href":"https:\/\/www.sp-equipements.com\/site\/wp-json\/wp\/v2\/media?parent=21809"}],"wp:term":[{"taxonomy":"product_cat","embeddable":true,"href":"https:\/\/www.sp-equipements.com\/site\/wp-json\/wp\/v2\/product_cat?post=21809"},{"taxonomy":"product_tag","embeddable":true,"href":"https:\/\/www.sp-equipements.com\/site\/wp-json\/wp\/v2\/product_tag?post=21809"}],"curies":[{"name":"wp","href":"https:\/\/api.w.org\/{rel}","templated":true}]}}