{"id":21810,"date":"2019-06-07T10:14:28","date_gmt":"2019-06-07T08:14:28","guid":{"rendered":"http:\/\/www.polyequipements.com\/produit\/abri-fumeurs-aluminium-industrie\/"},"modified":"2019-06-19T15:31:44","modified_gmt":"2019-06-19T13:31:44","slug":"abri-fumeurs-aluminium-industrie","status":"publish","type":"product","link":"https:\/\/www.sp-equipements.com\/site\/produit\/abri-fumeurs-aluminium-industrie\/","title":{"rendered":"Abri Fumeurs Aluminium Industrie"},"content":{"rendered":"","protected":false},"excerpt":{"rendered":"<p><i>Un abri fumeurs \u00e0 la fois simple, solide et tr\u00e8s \u00e9conomique. Il permet d\u2019offrir aux fumeurs un espace couvert, \u00e0 l\u2019abri du vent et de la pluie.<\/i><\/p>\n<p><b>Structure<\/b><br \/>\nProfil\u00e9s tubulaires en aluminium anodis\u00e9 \u00d8 50 sur platines \u00e0 assembler avec des raccords en fonte d\u2019aluminium bloqu\u00e9s par vis inox.<br \/>\nLongueur : 2526 mm.<br \/>\nLargeur : 1861 mm.<\/p>\n<p><b>Toiture et bardages<\/b><br \/>\nPanneaux en polycarbonate alv\u00e9olaire 10 mm, trait\u00e9 anti-UV.<\/p>\n","protected":false},"featured_media":37734,"comment_status":"open","ping_status":"closed","template":"","meta":[],"product_cat":[172,100],"product_tag":[],"yoast_head":"<!-- This site is optimized with the Yoast SEO plugin v22.2 - https:\/\/yoast.com\/wordpress\/plugins\/seo\/ -->\n<title>Abri Fumeurs Aluminium Industrie - SP \u00c9quipements<\/title>\n<meta name=\"robots\" content=\"index, follow, max-snippet:-1, max-image-preview:large, max-video-preview:-1\" \/>\n<link rel=\"canonical\" href=\"https:\/\/www.sp-equipements.com\/site\/produit\/abri-fumeurs-aluminium-industrie\/\" \/>\n<meta property=\"og:locale\" content=\"fr_FR\" \/>\n<meta property=\"og:type\" content=\"article\" \/>\n<meta property=\"og:title\" content=\"Abri Fumeurs Aluminium Industrie - SP \u00c9quipements\" \/>\n<meta property=\"og:description\" content=\"Un abri fumeurs \u00e0 la fois simple, solide et tr\u00e8s \u00e9conomique. Il permet d\u2019offrir aux fumeurs un espace couvert, \u00e0 l\u2019abri du vent et de la pluie.  Structure Profil\u00e9s tubulaires en aluminium anodis\u00e9 \u00d8 50 sur platines \u00e0 assembler avec des raccords en fonte d\u2019aluminium bloqu\u00e9s par vis inox. Longueur : 2526 mm. Largeur : 1861 mm.  Toiture et bardages Panneaux en polycarbonate alv\u00e9olaire 10 mm, trait\u00e9 anti-UV.\" \/>\n<meta property=\"og:url\" content=\"https:\/\/www.sp-equipements.com\/site\/produit\/abri-fumeurs-aluminium-industrie\/\" \/>\n<meta property=\"og:site_name\" content=\"SP \u00c9quipements\" \/>\n<meta property=\"article:modified_time\" content=\"2019-06-19T13:31:44+00:00\" \/>\n<meta property=\"og:image\" content=\"https:\/\/www.sp-equipements.com\/site\/wp-content\/uploads\/2019\/06\/abri_fumeur_alu-1.jpg\" \/>\n\t<meta property=\"og:image:width\" content=\"190\" \/>\n\t<meta property=\"og:image:height\" content=\"190\" \/>\n\t<meta property=\"og:image:type\" content=\"image\/jpeg\" \/>\n<meta name=\"twitter:card\" content=\"summary_large_image\" \/>\n<script type=\"application\/ld+json\" class=\"yoast-schema-graph\">{\"@context\":\"https:\/\/schema.org\",\"@graph\":[{\"@type\":\"WebPage\",\"@id\":\"https:\/\/www.sp-equipements.com\/site\/produit\/abri-fumeurs-aluminium-industrie\/\",\"url\":\"https:\/\/www.sp-equipements.com\/site\/produit\/abri-fumeurs-aluminium-industrie\/\",\"name\":\"Abri Fumeurs Aluminium Industrie - SP \u00c9quipements\",\"isPartOf\":{\"@id\":\"https:\/\/www.sp-equipements.com\/site\/#website\"},\"primaryImageOfPage\":{\"@id\":\"https:\/\/www.sp-equipements.com\/site\/produit\/abri-fumeurs-aluminium-industrie\/#primaryimage\"},\"image\":{\"@id\":\"https:\/\/www.sp-equipements.com\/site\/produit\/abri-fumeurs-aluminium-industrie\/#primaryimage\"},\"thumbnailUrl\":\"https:\/\/www.sp-equipements.com\/site\/wp-content\/uploads\/2019\/06\/abri_fumeur_alu-1.jpg\",\"datePublished\":\"2019-06-07T08:14:28+00:00\",\"dateModified\":\"2019-06-19T13:31:44+00:00\",\"breadcrumb\":{\"@id\":\"https:\/\/www.sp-equipements.com\/site\/produit\/abri-fumeurs-aluminium-industrie\/#breadcrumb\"},\"inLanguage\":\"fr-FR\",\"potentialAction\":[{\"@type\":\"ReadAction\",\"target\":[\"https:\/\/www.sp-equipements.com\/site\/produit\/abri-fumeurs-aluminium-industrie\/\"]}]},{\"@type\":\"ImageObject\",\"inLanguage\":\"fr-FR\",\"@id\":\"https:\/\/www.sp-equipements.com\/site\/produit\/abri-fumeurs-aluminium-industrie\/#primaryimage\",\"url\":\"https:\/\/www.sp-equipements.com\/site\/wp-content\/uploads\/2019\/06\/abri_fumeur_alu-1.jpg\",\"contentUrl\":\"https:\/\/www.sp-equipements.com\/site\/wp-content\/uploads\/2019\/06\/abri_fumeur_alu-1.jpg\",\"width\":190,\"height\":190,\"caption\":\"abri fumeur alu 1\"},{\"@type\":\"BreadcrumbList\",\"@id\":\"https:\/\/www.sp-equipements.com\/site\/produit\/abri-fumeurs-aluminium-industrie\/#breadcrumb\",\"itemListElement\":[{\"@type\":\"ListItem\",\"position\":1,\"name\":\"Accueil\",\"item\":\"https:\/\/www.sp-equipements.com\/site\/\"},{\"@type\":\"ListItem\",\"position\":2,\"name\":\"Catalogue\",\"item\":\"https:\/\/www.sp-equipements.com\/site\/catalogue\/\"},{\"@type\":\"ListItem\",\"position\":3,\"name\":\"Abri Fumeurs Aluminium Industrie\"}]},{\"@type\":\"WebSite\",\"@id\":\"https:\/\/www.sp-equipements.com\/site\/#website\",\"url\":\"https:\/\/www.sp-equipements.com\/site\/\",\"name\":\"SP \u00c9quipements\",\"description\":\"\u00c9quipements de collectivit\u00e9s\",\"potentialAction\":[{\"@type\":\"SearchAction\",\"target\":{\"@type\":\"EntryPoint\",\"urlTemplate\":\"https:\/\/www.sp-equipements.com\/site\/?s={search_term_string}\"},\"query-input\":\"required name=search_term_string\"}],\"inLanguage\":\"fr-FR\"}]}<\/script>\n<!-- \/ Yoast SEO plugin. -->","yoast_head_json":{"title":"Abri Fumeurs Aluminium Industrie - SP \u00c9quipements","robots":{"index":"index","follow":"follow","max-snippet":"max-snippet:-1","max-image-preview":"max-image-preview:large","max-video-preview":"max-video-preview:-1"},"canonical":"https:\/\/www.sp-equipements.com\/site\/produit\/abri-fumeurs-aluminium-industrie\/","og_locale":"fr_FR","og_type":"article","og_title":"Abri Fumeurs Aluminium Industrie - SP \u00c9quipements","og_description":"Un abri fumeurs \u00e0 la fois simple, solide et tr\u00e8s \u00e9conomique. Il permet d\u2019offrir aux fumeurs un espace couvert, \u00e0 l\u2019abri du vent et de la pluie.  Structure Profil\u00e9s tubulaires en aluminium anodis\u00e9 \u00d8 50 sur platines \u00e0 assembler avec des raccords en fonte d\u2019aluminium bloqu\u00e9s par vis inox. Longueur : 2526 mm. Largeur : 1861 mm.  Toiture et bardages Panneaux en polycarbonate alv\u00e9olaire 10 mm, trait\u00e9 anti-UV.","og_url":"https:\/\/www.sp-equipements.com\/site\/produit\/abri-fumeurs-aluminium-industrie\/","og_site_name":"SP \u00c9quipements","article_modified_time":"2019-06-19T13:31:44+00:00","og_image":[{"width":190,"height":190,"url":"https:\/\/www.sp-equipements.com\/site\/wp-content\/uploads\/2019\/06\/abri_fumeur_alu-1.jpg","type":"image\/jpeg"}],"twitter_card":"summary_large_image","schema":{"@context":"https:\/\/schema.org","@graph":[{"@type":"WebPage","@id":"https:\/\/www.sp-equipements.com\/site\/produit\/abri-fumeurs-aluminium-industrie\/","url":"https:\/\/www.sp-equipements.com\/site\/produit\/abri-fumeurs-aluminium-industrie\/","name":"Abri Fumeurs Aluminium Industrie - SP \u00c9quipements","isPartOf":{"@id":"https:\/\/www.sp-equipements.com\/site\/#website"},"primaryImageOfPage":{"@id":"https:\/\/www.sp-equipements.com\/site\/produit\/abri-fumeurs-aluminium-industrie\/#primaryimage"},"image":{"@id":"https:\/\/www.sp-equipements.com\/site\/produit\/abri-fumeurs-aluminium-industrie\/#primaryimage"},"thumbnailUrl":"https:\/\/www.sp-equipements.com\/site\/wp-content\/uploads\/2019\/06\/abri_fumeur_alu-1.jpg","datePublished":"2019-06-07T08:14:28+00:00","dateModified":"2019-06-19T13:31:44+00:00","breadcrumb":{"@id":"https:\/\/www.sp-equipements.com\/site\/produit\/abri-fumeurs-aluminium-industrie\/#breadcrumb"},"inLanguage":"fr-FR","potentialAction":[{"@type":"ReadAction","target":["https:\/\/www.sp-equipements.com\/site\/produit\/abri-fumeurs-aluminium-industrie\/"]}]},{"@type":"ImageObject","inLanguage":"fr-FR","@id":"https:\/\/www.sp-equipements.com\/site\/produit\/abri-fumeurs-aluminium-industrie\/#primaryimage","url":"https:\/\/www.sp-equipements.com\/site\/wp-content\/uploads\/2019\/06\/abri_fumeur_alu-1.jpg","contentUrl":"https:\/\/www.sp-equipements.com\/site\/wp-content\/uploads\/2019\/06\/abri_fumeur_alu-1.jpg","width":190,"height":190,"caption":"abri fumeur alu 1"},{"@type":"BreadcrumbList","@id":"https:\/\/www.sp-equipements.com\/site\/produit\/abri-fumeurs-aluminium-industrie\/#breadcrumb","itemListElement":[{"@type":"ListItem","position":1,"name":"Accueil","item":"https:\/\/www.sp-equipements.com\/site\/"},{"@type":"ListItem","position":2,"name":"Catalogue","item":"https:\/\/www.sp-equipements.com\/site\/catalogue\/"},{"@type":"ListItem","position":3,"name":"Abri Fumeurs Aluminium Industrie"}]},{"@type":"WebSite","@id":"https:\/\/www.sp-equipements.com\/site\/#website","url":"https:\/\/www.sp-equipements.com\/site\/","name":"SP \u00c9quipements","description":"\u00c9quipements de collectivit\u00e9s","potentialAction":[{"@type":"SearchAction","target":{"@type":"EntryPoint","urlTemplate":"https:\/\/www.sp-equipements.com\/site\/?s={search_term_string}"},"query-input":"required name=search_term_string"}],"inLanguage":"fr-FR"}]}},"_links":{"self":[{"href":"https:\/\/www.sp-equipements.com\/site\/wp-json\/wp\/v2\/product\/21810"}],"collection":[{"href":"https:\/\/www.sp-equipements.com\/site\/wp-json\/wp\/v2\/product"}],"about":[{"href":"https:\/\/www.sp-equipements.com\/site\/wp-json\/wp\/v2\/types\/product"}],"replies":[{"embeddable":true,"href":"https:\/\/www.sp-equipements.com\/site\/wp-json\/wp\/v2\/comments?post=21810"}],"wp:featuredmedia":[{"embeddable":true,"href":"https:\/\/www.sp-equipements.com\/site\/wp-json\/wp\/v2\/media\/37734"}],"wp:attachment":[{"href":"https:\/\/www.sp-equipements.com\/site\/wp-json\/wp\/v2\/media?parent=21810"}],"wp:term":[{"taxonomy":"product_cat","embeddable":true,"href":"https:\/\/www.sp-equipements.com\/site\/wp-json\/wp\/v2\/product_cat?post=21810"},{"taxonomy":"product_tag","embeddable":true,"href":"https:\/\/www.sp-equipements.com\/site\/wp-json\/wp\/v2\/product_tag?post=21810"}],"curies":[{"name":"wp","href":"https:\/\/api.w.org\/{rel}","templated":true}]}}