{"id":21814,"date":"2019-06-07T10:14:32","date_gmt":"2019-06-07T08:14:32","guid":{"rendered":"http:\/\/www.polyequipements.com\/produit\/miroir-traffic-anti-givre-anti-buee\/"},"modified":"2019-06-19T15:31:45","modified_gmt":"2019-06-19T13:31:45","slug":"miroir-traffic-anti-givre-anti-buee","status":"publish","type":"product","link":"https:\/\/www.sp-equipements.com\/site\/produit\/miroir-traffic-anti-givre-anti-buee\/","title":{"rendered":"Miroir Traffic Anti-givre &#038; Anti-bu\u00e9e"},"content":{"rendered":"","protected":false},"excerpt":{"rendered":"<p><i>De la bu\u00e9e ou du givre sur votre miroir ? Le nouveau miroir antigivre \/ antibu\u00e9e offre la solution qui d\u00e9fie les conditions extr\u00eames.<\/i><\/p>\n<p>La fonction antigivre du miroir est garantie jusqu\u2019\u00e0 -20\u00b0C.<br \/>\nLa fonction antibu\u00e9e du miroir emp\u00eache la formation de bu\u00e9e quels que soient la temp\u00e9rature et le niveau d\u2019humidit\u00e9 du lieu o\u00f9 est install\u00e9 le miroir.<br \/>\nLe miroir rel\u00e2che la chaleur qu\u2019il a emmagasin\u00e9e dans la journ\u00e9e pour \u00e9viter la formation du givre ou de la bu\u00e9e.<br \/>\nLe miroir antigivre \/ antibu\u00e9e ne n\u00e9cessite\u00a0<b>aucune installation \u00e9lectrique.<\/b><br \/>\nLes miroirs cadre noir et blanc respectent les prescriptions de l&rsquo;arr\u00eat\u00e9 du 21\/09\/1981 pour les agglom\u00e9rations fran\u00e7aises.<\/p>\n<p>Livr\u00e9e avec chaque miroir, fixation universelle pour murs et poteaux ronds (\u00d8 76 \u00e0 90 mm) ou rectangulaires (60 x 80 ou 80 x 80 mm).<b>\u00a0A installer sur poteaux en acier exclusivement.<\/b><\/p>\n<p><b>Garantie 6 ans\u00a0<\/b>en utilisation normale.<\/p>\n","protected":false},"featured_media":37738,"comment_status":"open","ping_status":"closed","template":"","meta":[],"product_cat":[182,100],"product_tag":[],"yoast_head":"<!-- This site is optimized with the Yoast SEO plugin v22.2 - https:\/\/yoast.com\/wordpress\/plugins\/seo\/ -->\n<title>Miroir Traffic Anti-givre &amp; Anti-bu\u00e9e - SP \u00c9quipements<\/title>\n<meta name=\"robots\" content=\"index, follow, max-snippet:-1, max-image-preview:large, max-video-preview:-1\" \/>\n<link rel=\"canonical\" href=\"https:\/\/www.sp-equipements.com\/site\/produit\/miroir-traffic-anti-givre-anti-buee\/\" \/>\n<meta property=\"og:locale\" content=\"fr_FR\" \/>\n<meta property=\"og:type\" content=\"article\" \/>\n<meta property=\"og:title\" content=\"Miroir Traffic Anti-givre &amp; Anti-bu\u00e9e - SP \u00c9quipements\" \/>\n<meta property=\"og:description\" content=\"De la bu\u00e9e ou du givre sur votre miroir ? Le nouveau miroir antigivre \/ antibu\u00e9e offre la solution qui d\u00e9fie les conditions extr\u00eames.  La fonction antigivre du miroir est garantie jusqu\u2019\u00e0 -20\u00b0C. La fonction antibu\u00e9e du miroir emp\u00eache la formation de bu\u00e9e quels que soient la temp\u00e9rature et le niveau d\u2019humidit\u00e9 du lieu o\u00f9 est install\u00e9 le miroir. Le miroir rel\u00e2che la chaleur qu\u2019il a emmagasin\u00e9e dans la journ\u00e9e pour \u00e9viter la formation du givre ou de la bu\u00e9e. Le miroir antigivre \/ antibu\u00e9e ne n\u00e9cessite\u00a0aucune installation \u00e9lectrique. Les miroirs cadre noir et blanc respectent les prescriptions de l&#039;arr\u00eat\u00e9 du 21\/09\/1981 pour les agglom\u00e9rations fran\u00e7aises.  Livr\u00e9e avec chaque miroir, fixation universelle pour murs et poteaux ronds (\u00d8 76 \u00e0 90 mm) ou rectangulaires (60 x 80 ou 80 x 80 mm).\u00a0A installer sur poteaux en acier exclusivement.  Garantie 6 ans\u00a0en utilisation normale.\" \/>\n<meta property=\"og:url\" content=\"https:\/\/www.sp-equipements.com\/site\/produit\/miroir-traffic-anti-givre-anti-buee\/\" \/>\n<meta property=\"og:site_name\" content=\"SP \u00c9quipements\" \/>\n<meta property=\"article:modified_time\" content=\"2019-06-19T13:31:45+00:00\" \/>\n<meta property=\"og:image\" content=\"https:\/\/www.sp-equipements.com\/site\/wp-content\/uploads\/2019\/06\/miroir_trafic_anti_givre_et_anti_buee-1.jpg\" \/>\n\t<meta property=\"og:image:width\" content=\"190\" \/>\n\t<meta property=\"og:image:height\" content=\"190\" \/>\n\t<meta property=\"og:image:type\" content=\"image\/jpeg\" \/>\n<meta name=\"twitter:card\" content=\"summary_large_image\" \/>\n<script type=\"application\/ld+json\" class=\"yoast-schema-graph\">{\"@context\":\"https:\/\/schema.org\",\"@graph\":[{\"@type\":\"WebPage\",\"@id\":\"https:\/\/www.sp-equipements.com\/site\/produit\/miroir-traffic-anti-givre-anti-buee\/\",\"url\":\"https:\/\/www.sp-equipements.com\/site\/produit\/miroir-traffic-anti-givre-anti-buee\/\",\"name\":\"Miroir Traffic Anti-givre & Anti-bu\u00e9e - SP \u00c9quipements\",\"isPartOf\":{\"@id\":\"https:\/\/www.sp-equipements.com\/site\/#website\"},\"primaryImageOfPage\":{\"@id\":\"https:\/\/www.sp-equipements.com\/site\/produit\/miroir-traffic-anti-givre-anti-buee\/#primaryimage\"},\"image\":{\"@id\":\"https:\/\/www.sp-equipements.com\/site\/produit\/miroir-traffic-anti-givre-anti-buee\/#primaryimage\"},\"thumbnailUrl\":\"https:\/\/www.sp-equipements.com\/site\/wp-content\/uploads\/2019\/06\/miroir_trafic_anti_givre_et_anti_buee-1.jpg\",\"datePublished\":\"2019-06-07T08:14:32+00:00\",\"dateModified\":\"2019-06-19T13:31:45+00:00\",\"breadcrumb\":{\"@id\":\"https:\/\/www.sp-equipements.com\/site\/produit\/miroir-traffic-anti-givre-anti-buee\/#breadcrumb\"},\"inLanguage\":\"fr-FR\",\"potentialAction\":[{\"@type\":\"ReadAction\",\"target\":[\"https:\/\/www.sp-equipements.com\/site\/produit\/miroir-traffic-anti-givre-anti-buee\/\"]}]},{\"@type\":\"ImageObject\",\"inLanguage\":\"fr-FR\",\"@id\":\"https:\/\/www.sp-equipements.com\/site\/produit\/miroir-traffic-anti-givre-anti-buee\/#primaryimage\",\"url\":\"https:\/\/www.sp-equipements.com\/site\/wp-content\/uploads\/2019\/06\/miroir_trafic_anti_givre_et_anti_buee-1.jpg\",\"contentUrl\":\"https:\/\/www.sp-equipements.com\/site\/wp-content\/uploads\/2019\/06\/miroir_trafic_anti_givre_et_anti_buee-1.jpg\",\"width\":190,\"height\":190,\"caption\":\"miroir trafic anti givre et anti buee 1\"},{\"@type\":\"BreadcrumbList\",\"@id\":\"https:\/\/www.sp-equipements.com\/site\/produit\/miroir-traffic-anti-givre-anti-buee\/#breadcrumb\",\"itemListElement\":[{\"@type\":\"ListItem\",\"position\":1,\"name\":\"Accueil\",\"item\":\"https:\/\/www.sp-equipements.com\/site\/\"},{\"@type\":\"ListItem\",\"position\":2,\"name\":\"Catalogue\",\"item\":\"https:\/\/www.sp-equipements.com\/site\/catalogue\/\"},{\"@type\":\"ListItem\",\"position\":3,\"name\":\"Miroir Traffic Anti-givre &#038; Anti-bu\u00e9e\"}]},{\"@type\":\"WebSite\",\"@id\":\"https:\/\/www.sp-equipements.com\/site\/#website\",\"url\":\"https:\/\/www.sp-equipements.com\/site\/\",\"name\":\"SP \u00c9quipements\",\"description\":\"\u00c9quipements de collectivit\u00e9s\",\"potentialAction\":[{\"@type\":\"SearchAction\",\"target\":{\"@type\":\"EntryPoint\",\"urlTemplate\":\"https:\/\/www.sp-equipements.com\/site\/?s={search_term_string}\"},\"query-input\":\"required name=search_term_string\"}],\"inLanguage\":\"fr-FR\"}]}<\/script>\n<!-- \/ Yoast SEO plugin. -->","yoast_head_json":{"title":"Miroir Traffic Anti-givre & Anti-bu\u00e9e - SP \u00c9quipements","robots":{"index":"index","follow":"follow","max-snippet":"max-snippet:-1","max-image-preview":"max-image-preview:large","max-video-preview":"max-video-preview:-1"},"canonical":"https:\/\/www.sp-equipements.com\/site\/produit\/miroir-traffic-anti-givre-anti-buee\/","og_locale":"fr_FR","og_type":"article","og_title":"Miroir Traffic Anti-givre & Anti-bu\u00e9e - SP \u00c9quipements","og_description":"De la bu\u00e9e ou du givre sur votre miroir ? Le nouveau miroir antigivre \/ antibu\u00e9e offre la solution qui d\u00e9fie les conditions extr\u00eames.  La fonction antigivre du miroir est garantie jusqu\u2019\u00e0 -20\u00b0C. La fonction antibu\u00e9e du miroir emp\u00eache la formation de bu\u00e9e quels que soient la temp\u00e9rature et le niveau d\u2019humidit\u00e9 du lieu o\u00f9 est install\u00e9 le miroir. Le miroir rel\u00e2che la chaleur qu\u2019il a emmagasin\u00e9e dans la journ\u00e9e pour \u00e9viter la formation du givre ou de la bu\u00e9e. Le miroir antigivre \/ antibu\u00e9e ne n\u00e9cessite\u00a0aucune installation \u00e9lectrique. Les miroirs cadre noir et blanc respectent les prescriptions de l'arr\u00eat\u00e9 du 21\/09\/1981 pour les agglom\u00e9rations fran\u00e7aises.  Livr\u00e9e avec chaque miroir, fixation universelle pour murs et poteaux ronds (\u00d8 76 \u00e0 90 mm) ou rectangulaires (60 x 80 ou 80 x 80 mm).\u00a0A installer sur poteaux en acier exclusivement.  Garantie 6 ans\u00a0en utilisation normale.","og_url":"https:\/\/www.sp-equipements.com\/site\/produit\/miroir-traffic-anti-givre-anti-buee\/","og_site_name":"SP \u00c9quipements","article_modified_time":"2019-06-19T13:31:45+00:00","og_image":[{"width":190,"height":190,"url":"https:\/\/www.sp-equipements.com\/site\/wp-content\/uploads\/2019\/06\/miroir_trafic_anti_givre_et_anti_buee-1.jpg","type":"image\/jpeg"}],"twitter_card":"summary_large_image","schema":{"@context":"https:\/\/schema.org","@graph":[{"@type":"WebPage","@id":"https:\/\/www.sp-equipements.com\/site\/produit\/miroir-traffic-anti-givre-anti-buee\/","url":"https:\/\/www.sp-equipements.com\/site\/produit\/miroir-traffic-anti-givre-anti-buee\/","name":"Miroir Traffic Anti-givre & Anti-bu\u00e9e - SP \u00c9quipements","isPartOf":{"@id":"https:\/\/www.sp-equipements.com\/site\/#website"},"primaryImageOfPage":{"@id":"https:\/\/www.sp-equipements.com\/site\/produit\/miroir-traffic-anti-givre-anti-buee\/#primaryimage"},"image":{"@id":"https:\/\/www.sp-equipements.com\/site\/produit\/miroir-traffic-anti-givre-anti-buee\/#primaryimage"},"thumbnailUrl":"https:\/\/www.sp-equipements.com\/site\/wp-content\/uploads\/2019\/06\/miroir_trafic_anti_givre_et_anti_buee-1.jpg","datePublished":"2019-06-07T08:14:32+00:00","dateModified":"2019-06-19T13:31:45+00:00","breadcrumb":{"@id":"https:\/\/www.sp-equipements.com\/site\/produit\/miroir-traffic-anti-givre-anti-buee\/#breadcrumb"},"inLanguage":"fr-FR","potentialAction":[{"@type":"ReadAction","target":["https:\/\/www.sp-equipements.com\/site\/produit\/miroir-traffic-anti-givre-anti-buee\/"]}]},{"@type":"ImageObject","inLanguage":"fr-FR","@id":"https:\/\/www.sp-equipements.com\/site\/produit\/miroir-traffic-anti-givre-anti-buee\/#primaryimage","url":"https:\/\/www.sp-equipements.com\/site\/wp-content\/uploads\/2019\/06\/miroir_trafic_anti_givre_et_anti_buee-1.jpg","contentUrl":"https:\/\/www.sp-equipements.com\/site\/wp-content\/uploads\/2019\/06\/miroir_trafic_anti_givre_et_anti_buee-1.jpg","width":190,"height":190,"caption":"miroir trafic anti givre et anti buee 1"},{"@type":"BreadcrumbList","@id":"https:\/\/www.sp-equipements.com\/site\/produit\/miroir-traffic-anti-givre-anti-buee\/#breadcrumb","itemListElement":[{"@type":"ListItem","position":1,"name":"Accueil","item":"https:\/\/www.sp-equipements.com\/site\/"},{"@type":"ListItem","position":2,"name":"Catalogue","item":"https:\/\/www.sp-equipements.com\/site\/catalogue\/"},{"@type":"ListItem","position":3,"name":"Miroir Traffic Anti-givre &#038; Anti-bu\u00e9e"}]},{"@type":"WebSite","@id":"https:\/\/www.sp-equipements.com\/site\/#website","url":"https:\/\/www.sp-equipements.com\/site\/","name":"SP \u00c9quipements","description":"\u00c9quipements de collectivit\u00e9s","potentialAction":[{"@type":"SearchAction","target":{"@type":"EntryPoint","urlTemplate":"https:\/\/www.sp-equipements.com\/site\/?s={search_term_string}"},"query-input":"required name=search_term_string"}],"inLanguage":"fr-FR"}]}},"_links":{"self":[{"href":"https:\/\/www.sp-equipements.com\/site\/wp-json\/wp\/v2\/product\/21814"}],"collection":[{"href":"https:\/\/www.sp-equipements.com\/site\/wp-json\/wp\/v2\/product"}],"about":[{"href":"https:\/\/www.sp-equipements.com\/site\/wp-json\/wp\/v2\/types\/product"}],"replies":[{"embeddable":true,"href":"https:\/\/www.sp-equipements.com\/site\/wp-json\/wp\/v2\/comments?post=21814"}],"wp:featuredmedia":[{"embeddable":true,"href":"https:\/\/www.sp-equipements.com\/site\/wp-json\/wp\/v2\/media\/37738"}],"wp:attachment":[{"href":"https:\/\/www.sp-equipements.com\/site\/wp-json\/wp\/v2\/media?parent=21814"}],"wp:term":[{"taxonomy":"product_cat","embeddable":true,"href":"https:\/\/www.sp-equipements.com\/site\/wp-json\/wp\/v2\/product_cat?post=21814"},{"taxonomy":"product_tag","embeddable":true,"href":"https:\/\/www.sp-equipements.com\/site\/wp-json\/wp\/v2\/product_tag?post=21814"}],"curies":[{"name":"wp","href":"https:\/\/api.w.org\/{rel}","templated":true}]}}