{"id":21818,"date":"2019-06-07T10:14:34","date_gmt":"2019-06-07T08:14:34","guid":{"rendered":"http:\/\/www.polyequipements.com\/produit\/miroir-decor-utilisation-interieur\/"},"modified":"2019-06-19T15:31:46","modified_gmt":"2019-06-19T13:31:46","slug":"miroir-decor-utilisation-interieur","status":"publish","type":"product","link":"https:\/\/www.sp-equipements.com\/site\/produit\/miroir-decor-utilisation-interieur\/","title":{"rendered":"Miroir DECOR <i>utilisation Int\u00e9rieur<\/i>"},"content":{"rendered":"","protected":false},"excerpt":{"rendered":"<div id=\"box-article-description\">\n<div id=\"display-article-description\">\n<p><i>Exclusivement pour l\u2019int\u00e9rieur. Le miroir \u00e9conomique pour les caisses de magasins, les all\u00e9es int\u00e9rieures\u2026<\/i><\/p>\n<p>Contr\u00f4le deux directions.<br \/>\nIncassables.<br \/>\nGarantie 3 ans.<br \/>\nFixation \u00e9quip\u00e9e d&rsquo;une rotule de r\u00e9glage.<\/p>\n<\/div>\n<\/div>\n","protected":false},"featured_media":37742,"comment_status":"open","ping_status":"closed","template":"","meta":[],"product_cat":[182,100],"product_tag":[],"yoast_head":"<!-- This site is optimized with the Yoast SEO plugin v22.2 - https:\/\/yoast.com\/wordpress\/plugins\/seo\/ -->\n<title>Miroir DECOR utilisation Int\u00e9rieur - SP \u00c9quipements<\/title>\n<meta name=\"robots\" content=\"index, follow, max-snippet:-1, max-image-preview:large, max-video-preview:-1\" \/>\n<link rel=\"canonical\" href=\"https:\/\/www.sp-equipements.com\/site\/produit\/miroir-decor-utilisation-interieur\/\" \/>\n<meta property=\"og:locale\" content=\"fr_FR\" \/>\n<meta property=\"og:type\" content=\"article\" \/>\n<meta property=\"og:title\" content=\"Miroir DECOR utilisation Int\u00e9rieur - SP \u00c9quipements\" \/>\n<meta property=\"og:description\" content=\"Exclusivement pour l\u2019int\u00e9rieur. Le miroir \u00e9conomique pour les caisses de magasins, les all\u00e9es int\u00e9rieures\u2026  Contr\u00f4le deux directions. Incassables. Garantie 3 ans. Fixation \u00e9quip\u00e9e d&#039;une rotule de r\u00e9glage.\" \/>\n<meta property=\"og:url\" content=\"https:\/\/www.sp-equipements.com\/site\/produit\/miroir-decor-utilisation-interieur\/\" \/>\n<meta property=\"og:site_name\" content=\"SP \u00c9quipements\" \/>\n<meta property=\"article:modified_time\" content=\"2019-06-19T13:31:46+00:00\" \/>\n<meta property=\"og:image\" content=\"https:\/\/www.sp-equipements.com\/site\/wp-content\/uploads\/2019\/06\/miroir_decor-1.jpg\" \/>\n\t<meta property=\"og:image:width\" content=\"190\" \/>\n\t<meta property=\"og:image:height\" content=\"190\" \/>\n\t<meta property=\"og:image:type\" content=\"image\/jpeg\" \/>\n<meta name=\"twitter:card\" content=\"summary_large_image\" \/>\n<script type=\"application\/ld+json\" class=\"yoast-schema-graph\">{\"@context\":\"https:\/\/schema.org\",\"@graph\":[{\"@type\":\"WebPage\",\"@id\":\"https:\/\/www.sp-equipements.com\/site\/produit\/miroir-decor-utilisation-interieur\/\",\"url\":\"https:\/\/www.sp-equipements.com\/site\/produit\/miroir-decor-utilisation-interieur\/\",\"name\":\"Miroir DECOR utilisation Int\u00e9rieur - SP \u00c9quipements\",\"isPartOf\":{\"@id\":\"https:\/\/www.sp-equipements.com\/site\/#website\"},\"primaryImageOfPage\":{\"@id\":\"https:\/\/www.sp-equipements.com\/site\/produit\/miroir-decor-utilisation-interieur\/#primaryimage\"},\"image\":{\"@id\":\"https:\/\/www.sp-equipements.com\/site\/produit\/miroir-decor-utilisation-interieur\/#primaryimage\"},\"thumbnailUrl\":\"https:\/\/www.sp-equipements.com\/site\/wp-content\/uploads\/2019\/06\/miroir_decor-1.jpg\",\"datePublished\":\"2019-06-07T08:14:34+00:00\",\"dateModified\":\"2019-06-19T13:31:46+00:00\",\"breadcrumb\":{\"@id\":\"https:\/\/www.sp-equipements.com\/site\/produit\/miroir-decor-utilisation-interieur\/#breadcrumb\"},\"inLanguage\":\"fr-FR\",\"potentialAction\":[{\"@type\":\"ReadAction\",\"target\":[\"https:\/\/www.sp-equipements.com\/site\/produit\/miroir-decor-utilisation-interieur\/\"]}]},{\"@type\":\"ImageObject\",\"inLanguage\":\"fr-FR\",\"@id\":\"https:\/\/www.sp-equipements.com\/site\/produit\/miroir-decor-utilisation-interieur\/#primaryimage\",\"url\":\"https:\/\/www.sp-equipements.com\/site\/wp-content\/uploads\/2019\/06\/miroir_decor-1.jpg\",\"contentUrl\":\"https:\/\/www.sp-equipements.com\/site\/wp-content\/uploads\/2019\/06\/miroir_decor-1.jpg\",\"width\":190,\"height\":190,\"caption\":\"miroir decor 1\"},{\"@type\":\"BreadcrumbList\",\"@id\":\"https:\/\/www.sp-equipements.com\/site\/produit\/miroir-decor-utilisation-interieur\/#breadcrumb\",\"itemListElement\":[{\"@type\":\"ListItem\",\"position\":1,\"name\":\"Accueil\",\"item\":\"https:\/\/www.sp-equipements.com\/site\/\"},{\"@type\":\"ListItem\",\"position\":2,\"name\":\"Catalogue\",\"item\":\"https:\/\/www.sp-equipements.com\/site\/catalogue\/\"},{\"@type\":\"ListItem\",\"position\":3,\"name\":\"Miroir DECOR utilisation Int\u00e9rieur\"}]},{\"@type\":\"WebSite\",\"@id\":\"https:\/\/www.sp-equipements.com\/site\/#website\",\"url\":\"https:\/\/www.sp-equipements.com\/site\/\",\"name\":\"SP \u00c9quipements\",\"description\":\"\u00c9quipements de collectivit\u00e9s\",\"potentialAction\":[{\"@type\":\"SearchAction\",\"target\":{\"@type\":\"EntryPoint\",\"urlTemplate\":\"https:\/\/www.sp-equipements.com\/site\/?s={search_term_string}\"},\"query-input\":\"required name=search_term_string\"}],\"inLanguage\":\"fr-FR\"}]}<\/script>\n<!-- \/ Yoast SEO plugin. -->","yoast_head_json":{"title":"Miroir DECOR utilisation Int\u00e9rieur - SP \u00c9quipements","robots":{"index":"index","follow":"follow","max-snippet":"max-snippet:-1","max-image-preview":"max-image-preview:large","max-video-preview":"max-video-preview:-1"},"canonical":"https:\/\/www.sp-equipements.com\/site\/produit\/miroir-decor-utilisation-interieur\/","og_locale":"fr_FR","og_type":"article","og_title":"Miroir DECOR utilisation Int\u00e9rieur - SP \u00c9quipements","og_description":"Exclusivement pour l\u2019int\u00e9rieur. Le miroir \u00e9conomique pour les caisses de magasins, les all\u00e9es int\u00e9rieures\u2026  Contr\u00f4le deux directions. Incassables. Garantie 3 ans. Fixation \u00e9quip\u00e9e d'une rotule de r\u00e9glage.","og_url":"https:\/\/www.sp-equipements.com\/site\/produit\/miroir-decor-utilisation-interieur\/","og_site_name":"SP \u00c9quipements","article_modified_time":"2019-06-19T13:31:46+00:00","og_image":[{"width":190,"height":190,"url":"https:\/\/www.sp-equipements.com\/site\/wp-content\/uploads\/2019\/06\/miroir_decor-1.jpg","type":"image\/jpeg"}],"twitter_card":"summary_large_image","schema":{"@context":"https:\/\/schema.org","@graph":[{"@type":"WebPage","@id":"https:\/\/www.sp-equipements.com\/site\/produit\/miroir-decor-utilisation-interieur\/","url":"https:\/\/www.sp-equipements.com\/site\/produit\/miroir-decor-utilisation-interieur\/","name":"Miroir DECOR utilisation Int\u00e9rieur - SP \u00c9quipements","isPartOf":{"@id":"https:\/\/www.sp-equipements.com\/site\/#website"},"primaryImageOfPage":{"@id":"https:\/\/www.sp-equipements.com\/site\/produit\/miroir-decor-utilisation-interieur\/#primaryimage"},"image":{"@id":"https:\/\/www.sp-equipements.com\/site\/produit\/miroir-decor-utilisation-interieur\/#primaryimage"},"thumbnailUrl":"https:\/\/www.sp-equipements.com\/site\/wp-content\/uploads\/2019\/06\/miroir_decor-1.jpg","datePublished":"2019-06-07T08:14:34+00:00","dateModified":"2019-06-19T13:31:46+00:00","breadcrumb":{"@id":"https:\/\/www.sp-equipements.com\/site\/produit\/miroir-decor-utilisation-interieur\/#breadcrumb"},"inLanguage":"fr-FR","potentialAction":[{"@type":"ReadAction","target":["https:\/\/www.sp-equipements.com\/site\/produit\/miroir-decor-utilisation-interieur\/"]}]},{"@type":"ImageObject","inLanguage":"fr-FR","@id":"https:\/\/www.sp-equipements.com\/site\/produit\/miroir-decor-utilisation-interieur\/#primaryimage","url":"https:\/\/www.sp-equipements.com\/site\/wp-content\/uploads\/2019\/06\/miroir_decor-1.jpg","contentUrl":"https:\/\/www.sp-equipements.com\/site\/wp-content\/uploads\/2019\/06\/miroir_decor-1.jpg","width":190,"height":190,"caption":"miroir decor 1"},{"@type":"BreadcrumbList","@id":"https:\/\/www.sp-equipements.com\/site\/produit\/miroir-decor-utilisation-interieur\/#breadcrumb","itemListElement":[{"@type":"ListItem","position":1,"name":"Accueil","item":"https:\/\/www.sp-equipements.com\/site\/"},{"@type":"ListItem","position":2,"name":"Catalogue","item":"https:\/\/www.sp-equipements.com\/site\/catalogue\/"},{"@type":"ListItem","position":3,"name":"Miroir DECOR utilisation Int\u00e9rieur"}]},{"@type":"WebSite","@id":"https:\/\/www.sp-equipements.com\/site\/#website","url":"https:\/\/www.sp-equipements.com\/site\/","name":"SP \u00c9quipements","description":"\u00c9quipements de collectivit\u00e9s","potentialAction":[{"@type":"SearchAction","target":{"@type":"EntryPoint","urlTemplate":"https:\/\/www.sp-equipements.com\/site\/?s={search_term_string}"},"query-input":"required name=search_term_string"}],"inLanguage":"fr-FR"}]}},"_links":{"self":[{"href":"https:\/\/www.sp-equipements.com\/site\/wp-json\/wp\/v2\/product\/21818"}],"collection":[{"href":"https:\/\/www.sp-equipements.com\/site\/wp-json\/wp\/v2\/product"}],"about":[{"href":"https:\/\/www.sp-equipements.com\/site\/wp-json\/wp\/v2\/types\/product"}],"replies":[{"embeddable":true,"href":"https:\/\/www.sp-equipements.com\/site\/wp-json\/wp\/v2\/comments?post=21818"}],"wp:featuredmedia":[{"embeddable":true,"href":"https:\/\/www.sp-equipements.com\/site\/wp-json\/wp\/v2\/media\/37742"}],"wp:attachment":[{"href":"https:\/\/www.sp-equipements.com\/site\/wp-json\/wp\/v2\/media?parent=21818"}],"wp:term":[{"taxonomy":"product_cat","embeddable":true,"href":"https:\/\/www.sp-equipements.com\/site\/wp-json\/wp\/v2\/product_cat?post=21818"},{"taxonomy":"product_tag","embeddable":true,"href":"https:\/\/www.sp-equipements.com\/site\/wp-json\/wp\/v2\/product_tag?post=21818"}],"curies":[{"name":"wp","href":"https:\/\/api.w.org\/{rel}","templated":true}]}}