{"id":21839,"date":"2019-06-07T10:15:59","date_gmt":"2019-06-07T08:15:59","guid":{"rendered":"http:\/\/www.polyequipements.com\/produit\/piste-de-danse-xl-elements-de-2x1m\/"},"modified":"2019-06-19T15:32:34","modified_gmt":"2019-06-19T13:32:34","slug":"piste-de-danse-xl-elements-de-2x1m","status":"publish","type":"product","link":"https:\/\/www.sp-equipements.com\/site\/produit\/piste-de-danse-xl-elements-de-2x1m\/","title":{"rendered":"Piste de Danse XL <i>El\u00e9ments de 2x1m<\/i>"},"content":{"rendered":"","protected":false},"excerpt":{"rendered":"<p><i>Le TANGO XL est un syst\u00e8me de plancher d\u00e9montable avec assemblage par vis et platine. Un profil\u00e9 p\u00e9riph\u00e9rique en aluminium vient faciliter l\u2019acc\u00e8s. Identique au mod\u00e8le TANGO, il utilise n\u00e9anmoins des panneaux deux fois plus grands ( 2 x 1m).<\/i><\/p>\n<p><b>Syst\u00e8me<\/b><br \/>\nLe syst\u00e8me tr\u00e8s simple est compos\u00e9 de panneaux, profil\u00e9s p\u00e9riph\u00e9riques, platines d\u2019assemblage et vis.<br \/>\nLes planchers sont perc\u00e9s aux quatre coins.<br \/>\nUn trou vient se placer sur un ergot de la platine de jonction, et par le dessus une vis \u00e0 t\u00eate frais\u00e9e bloque le plancher sur la platine.<br \/>\nPour les profil\u00e9s p\u00e9riph\u00e9riques, il en va de m\u00eame.<br \/>\nAinsi, une platine de jonction relie quatre planchers, deux planchers et deux profil\u00e9s, ou encore un plancher, deux profil\u00e9s et un coin.<\/p>\n<p><b>Planchers<\/b><br \/>\nPour l\u2019int\u00e9rieur : panneau 2 x 1 m, \u00e9paisseur 22 mm MDF avec d\u00e9cor parquet.<br \/>\nPour l\u2019ext\u00e9rieur : panneau 2 x 1 m, \u00e9paisseur 22 mm \u00e9pic\u00e9a 3 plis vernis, peut \u00e9galement servir en int\u00e9rieur.<br \/>\nSur chaque face du panneau sont coll\u00e9s \u00e0 chaud une feuille avec un dessin parquet et un overlay de protection tr\u00e8s r\u00e9sistant.<br \/>\nLe contour du panneau est prot\u00e9g\u00e9 par un chant en PVC.<br \/>\nLes panneaux sont plaqu\u00e9s en recto-verso, et sont donc r\u00e9versibles.<br \/>\nNotre panneau standard est plaqu\u00e9 coloris h\u00eatre des deux c\u00f4t\u00e9s.<br \/>\nAvec le panneau Weng\u00e9 &#8211; Erable Clair, vous avez la possibilit\u00e9 de r\u00e9aliser des configurations selon vos souhaits : coloris unique, damier, lignes\u2026<\/p>\n<p><b>Assemblage<\/b><br \/>\nL\u2019assemblage entre les diff\u00e9rents \u00e9l\u00e9ments est fait \u00e0 l\u2019aide des platines de jonction.<br \/>\nCelles-ci sont \u00e9quip\u00e9es de quatre inserts hexagonaux r\u00e9sistants avec un filetage int\u00e9rieur.<br \/>\nLes vis solidarisent panneaux et profil\u00e9s p\u00e9riph\u00e9riques.<\/p>\n<p><b>Finition<\/b><br \/>\nLa p\u00e9riph\u00e9rie de la piste de danse est habill\u00e9e avec des profil\u00e9s en aluminium, inclin\u00e9s et stri\u00e9s afin de faciliter l\u2019acc\u00e8s au plancher.<\/p>\n<p><b>Rangement<\/b><br \/>\nFort d\u2019une longue exp\u00e9rience dans l\u2019installation de planchers d\u00e9montables, nous optimisons toujours le rangement de nos produits dans le but de faciliter la t\u00e2che aux personnes manipulant les planchers.<br \/>\nLe KIT 25 m\u00b2 : chariot de 1,80 x 0,80 m et un flight-case.<\/p>\n<p><b>Caract\u00e9ristiques techniques<\/b><br \/>\nPlanchers MDF ou \u00e9pic\u00e9a 2 x 1 m x 22 mm<br \/>\nProfil\u00e9s Aluminium 2 ou 1 m x 0,15 m<br \/>\nPlatines de jonction Acier zingu\u00e9 0,20 x 0,20 m<br \/>\nPiste mont\u00e9e Epaisseur totale 25 mm<br \/>\nR\u00e9sistant aux br\u00fblures de cigarettes, aux taches, aux rayures, facile d\u2019entretien et insensible \u00e0 certains produits.<\/p>\n","protected":false},"featured_media":37853,"comment_status":"open","ping_status":"closed","template":"","meta":[],"product_cat":[223,102],"product_tag":[],"yoast_head":"<!-- This site is optimized with the Yoast SEO plugin v22.2 - https:\/\/yoast.com\/wordpress\/plugins\/seo\/ -->\n<title>Piste de Danse XL El\u00e9ments de 2x1m - SP \u00c9quipements<\/title>\n<meta name=\"robots\" content=\"index, follow, max-snippet:-1, max-image-preview:large, max-video-preview:-1\" \/>\n<link rel=\"canonical\" href=\"https:\/\/www.sp-equipements.com\/site\/produit\/piste-de-danse-xl-elements-de-2x1m\/\" \/>\n<meta property=\"og:locale\" content=\"fr_FR\" \/>\n<meta property=\"og:type\" content=\"article\" \/>\n<meta property=\"og:title\" content=\"Piste de Danse XL El\u00e9ments de 2x1m - SP \u00c9quipements\" \/>\n<meta property=\"og:description\" content=\"Le TANGO XL est un syst\u00e8me de plancher d\u00e9montable avec assemblage par vis et platine. Un profil\u00e9 p\u00e9riph\u00e9rique en aluminium vient faciliter l\u2019acc\u00e8s. Identique au mod\u00e8le TANGO, il utilise n\u00e9anmoins des panneaux deux fois plus grands ( 2 x 1m).  Syst\u00e8me Le syst\u00e8me tr\u00e8s simple est compos\u00e9 de panneaux, profil\u00e9s p\u00e9riph\u00e9riques, platines d\u2019assemblage et vis. Les planchers sont perc\u00e9s aux quatre coins. Un trou vient se placer sur un ergot de la platine de jonction, et par le dessus une vis \u00e0 t\u00eate frais\u00e9e bloque le plancher sur la platine. Pour les profil\u00e9s p\u00e9riph\u00e9riques, il en va de m\u00eame. Ainsi, une platine de jonction relie quatre planchers, deux planchers et deux profil\u00e9s, ou encore un plancher, deux profil\u00e9s et un coin.  Planchers Pour l\u2019int\u00e9rieur : panneau 2 x 1 m, \u00e9paisseur 22 mm MDF avec d\u00e9cor parquet. Pour l\u2019ext\u00e9rieur : panneau 2 x 1 m, \u00e9paisseur 22 mm \u00e9pic\u00e9a 3 plis vernis, peut \u00e9galement servir en int\u00e9rieur. Sur chaque face du panneau sont coll\u00e9s \u00e0 chaud une feuille avec un dessin parquet et un overlay de protection tr\u00e8s r\u00e9sistant. Le contour du panneau est prot\u00e9g\u00e9 par un chant en PVC. Les panneaux sont plaqu\u00e9s en recto-verso, et sont donc r\u00e9versibles. Notre panneau standard est plaqu\u00e9 coloris h\u00eatre des deux c\u00f4t\u00e9s. Avec le panneau Weng\u00e9 - Erable Clair, vous avez la possibilit\u00e9 de r\u00e9aliser des configurations selon vos souhaits : coloris unique, damier, lignes\u2026  Assemblage L\u2019assemblage entre les diff\u00e9rents \u00e9l\u00e9ments est fait \u00e0 l\u2019aide des platines de jonction. Celles-ci sont \u00e9quip\u00e9es de quatre inserts hexagonaux r\u00e9sistants avec un filetage int\u00e9rieur. Les vis solidarisent panneaux et profil\u00e9s p\u00e9riph\u00e9riques.  Finition La p\u00e9riph\u00e9rie de la piste de danse est habill\u00e9e avec des profil\u00e9s en aluminium, inclin\u00e9s et stri\u00e9s afin de faciliter l\u2019acc\u00e8s au plancher.  Rangement Fort d\u2019une longue exp\u00e9rience dans l\u2019installation de planchers d\u00e9montables, nous optimisons toujours le rangement de nos produits dans le but de faciliter la t\u00e2che aux personnes manipulant les planchers. Le KIT 25 m\u00b2 : chariot de 1,80 x 0,80 m et un flight-case.  Caract\u00e9ristiques techniques Planchers MDF ou \u00e9pic\u00e9a 2 x 1 m x 22 mm Profil\u00e9s Aluminium 2 ou 1 m x 0,15 m Platines de jonction Acier zingu\u00e9 0,20 x 0,20 m Piste mont\u00e9e Epaisseur totale 25 mm R\u00e9sistant aux br\u00fblures de cigarettes, aux taches, aux rayures, facile d\u2019entretien et insensible \u00e0 certains produits.\" \/>\n<meta property=\"og:url\" content=\"https:\/\/www.sp-equipements.com\/site\/produit\/piste-de-danse-xl-elements-de-2x1m\/\" \/>\n<meta property=\"og:site_name\" content=\"SP \u00c9quipements\" \/>\n<meta property=\"article:modified_time\" content=\"2019-06-19T13:32:34+00:00\" \/>\n<meta property=\"og:image\" content=\"https:\/\/www.sp-equipements.com\/site\/wp-content\/uploads\/2019\/06\/piste_de_danse_xl-1.jpg\" \/>\n\t<meta property=\"og:image:width\" content=\"190\" \/>\n\t<meta property=\"og:image:height\" content=\"190\" \/>\n\t<meta property=\"og:image:type\" content=\"image\/jpeg\" \/>\n<meta name=\"twitter:card\" content=\"summary_large_image\" \/>\n<script type=\"application\/ld+json\" class=\"yoast-schema-graph\">{\"@context\":\"https:\/\/schema.org\",\"@graph\":[{\"@type\":\"WebPage\",\"@id\":\"https:\/\/www.sp-equipements.com\/site\/produit\/piste-de-danse-xl-elements-de-2x1m\/\",\"url\":\"https:\/\/www.sp-equipements.com\/site\/produit\/piste-de-danse-xl-elements-de-2x1m\/\",\"name\":\"Piste de Danse XL El\u00e9ments de 2x1m - SP \u00c9quipements\",\"isPartOf\":{\"@id\":\"https:\/\/www.sp-equipements.com\/site\/#website\"},\"primaryImageOfPage\":{\"@id\":\"https:\/\/www.sp-equipements.com\/site\/produit\/piste-de-danse-xl-elements-de-2x1m\/#primaryimage\"},\"image\":{\"@id\":\"https:\/\/www.sp-equipements.com\/site\/produit\/piste-de-danse-xl-elements-de-2x1m\/#primaryimage\"},\"thumbnailUrl\":\"https:\/\/www.sp-equipements.com\/site\/wp-content\/uploads\/2019\/06\/piste_de_danse_xl-1.jpg\",\"datePublished\":\"2019-06-07T08:15:59+00:00\",\"dateModified\":\"2019-06-19T13:32:34+00:00\",\"breadcrumb\":{\"@id\":\"https:\/\/www.sp-equipements.com\/site\/produit\/piste-de-danse-xl-elements-de-2x1m\/#breadcrumb\"},\"inLanguage\":\"fr-FR\",\"potentialAction\":[{\"@type\":\"ReadAction\",\"target\":[\"https:\/\/www.sp-equipements.com\/site\/produit\/piste-de-danse-xl-elements-de-2x1m\/\"]}]},{\"@type\":\"ImageObject\",\"inLanguage\":\"fr-FR\",\"@id\":\"https:\/\/www.sp-equipements.com\/site\/produit\/piste-de-danse-xl-elements-de-2x1m\/#primaryimage\",\"url\":\"https:\/\/www.sp-equipements.com\/site\/wp-content\/uploads\/2019\/06\/piste_de_danse_xl-1.jpg\",\"contentUrl\":\"https:\/\/www.sp-equipements.com\/site\/wp-content\/uploads\/2019\/06\/piste_de_danse_xl-1.jpg\",\"width\":190,\"height\":190,\"caption\":\"piste de danse xl 1\"},{\"@type\":\"BreadcrumbList\",\"@id\":\"https:\/\/www.sp-equipements.com\/site\/produit\/piste-de-danse-xl-elements-de-2x1m\/#breadcrumb\",\"itemListElement\":[{\"@type\":\"ListItem\",\"position\":1,\"name\":\"Accueil\",\"item\":\"https:\/\/www.sp-equipements.com\/site\/\"},{\"@type\":\"ListItem\",\"position\":2,\"name\":\"Catalogue\",\"item\":\"https:\/\/www.sp-equipements.com\/site\/catalogue\/\"},{\"@type\":\"ListItem\",\"position\":3,\"name\":\"Piste de Danse XL El\u00e9ments de 2x1m\"}]},{\"@type\":\"WebSite\",\"@id\":\"https:\/\/www.sp-equipements.com\/site\/#website\",\"url\":\"https:\/\/www.sp-equipements.com\/site\/\",\"name\":\"SP \u00c9quipements\",\"description\":\"\u00c9quipements de collectivit\u00e9s\",\"potentialAction\":[{\"@type\":\"SearchAction\",\"target\":{\"@type\":\"EntryPoint\",\"urlTemplate\":\"https:\/\/www.sp-equipements.com\/site\/?s={search_term_string}\"},\"query-input\":\"required name=search_term_string\"}],\"inLanguage\":\"fr-FR\"}]}<\/script>\n<!-- \/ Yoast SEO plugin. -->","yoast_head_json":{"title":"Piste de Danse XL El\u00e9ments de 2x1m - SP \u00c9quipements","robots":{"index":"index","follow":"follow","max-snippet":"max-snippet:-1","max-image-preview":"max-image-preview:large","max-video-preview":"max-video-preview:-1"},"canonical":"https:\/\/www.sp-equipements.com\/site\/produit\/piste-de-danse-xl-elements-de-2x1m\/","og_locale":"fr_FR","og_type":"article","og_title":"Piste de Danse XL El\u00e9ments de 2x1m - SP \u00c9quipements","og_description":"Le TANGO XL est un syst\u00e8me de plancher d\u00e9montable avec assemblage par vis et platine. Un profil\u00e9 p\u00e9riph\u00e9rique en aluminium vient faciliter l\u2019acc\u00e8s. Identique au mod\u00e8le TANGO, il utilise n\u00e9anmoins des panneaux deux fois plus grands ( 2 x 1m).  Syst\u00e8me Le syst\u00e8me tr\u00e8s simple est compos\u00e9 de panneaux, profil\u00e9s p\u00e9riph\u00e9riques, platines d\u2019assemblage et vis. Les planchers sont perc\u00e9s aux quatre coins. Un trou vient se placer sur un ergot de la platine de jonction, et par le dessus une vis \u00e0 t\u00eate frais\u00e9e bloque le plancher sur la platine. Pour les profil\u00e9s p\u00e9riph\u00e9riques, il en va de m\u00eame. Ainsi, une platine de jonction relie quatre planchers, deux planchers et deux profil\u00e9s, ou encore un plancher, deux profil\u00e9s et un coin.  Planchers Pour l\u2019int\u00e9rieur : panneau 2 x 1 m, \u00e9paisseur 22 mm MDF avec d\u00e9cor parquet. Pour l\u2019ext\u00e9rieur : panneau 2 x 1 m, \u00e9paisseur 22 mm \u00e9pic\u00e9a 3 plis vernis, peut \u00e9galement servir en int\u00e9rieur. Sur chaque face du panneau sont coll\u00e9s \u00e0 chaud une feuille avec un dessin parquet et un overlay de protection tr\u00e8s r\u00e9sistant. Le contour du panneau est prot\u00e9g\u00e9 par un chant en PVC. Les panneaux sont plaqu\u00e9s en recto-verso, et sont donc r\u00e9versibles. Notre panneau standard est plaqu\u00e9 coloris h\u00eatre des deux c\u00f4t\u00e9s. Avec le panneau Weng\u00e9 - Erable Clair, vous avez la possibilit\u00e9 de r\u00e9aliser des configurations selon vos souhaits : coloris unique, damier, lignes\u2026  Assemblage L\u2019assemblage entre les diff\u00e9rents \u00e9l\u00e9ments est fait \u00e0 l\u2019aide des platines de jonction. Celles-ci sont \u00e9quip\u00e9es de quatre inserts hexagonaux r\u00e9sistants avec un filetage int\u00e9rieur. Les vis solidarisent panneaux et profil\u00e9s p\u00e9riph\u00e9riques.  Finition La p\u00e9riph\u00e9rie de la piste de danse est habill\u00e9e avec des profil\u00e9s en aluminium, inclin\u00e9s et stri\u00e9s afin de faciliter l\u2019acc\u00e8s au plancher.  Rangement Fort d\u2019une longue exp\u00e9rience dans l\u2019installation de planchers d\u00e9montables, nous optimisons toujours le rangement de nos produits dans le but de faciliter la t\u00e2che aux personnes manipulant les planchers. Le KIT 25 m\u00b2 : chariot de 1,80 x 0,80 m et un flight-case.  Caract\u00e9ristiques techniques Planchers MDF ou \u00e9pic\u00e9a 2 x 1 m x 22 mm Profil\u00e9s Aluminium 2 ou 1 m x 0,15 m Platines de jonction Acier zingu\u00e9 0,20 x 0,20 m Piste mont\u00e9e Epaisseur totale 25 mm R\u00e9sistant aux br\u00fblures de cigarettes, aux taches, aux rayures, facile d\u2019entretien et insensible \u00e0 certains produits.","og_url":"https:\/\/www.sp-equipements.com\/site\/produit\/piste-de-danse-xl-elements-de-2x1m\/","og_site_name":"SP \u00c9quipements","article_modified_time":"2019-06-19T13:32:34+00:00","og_image":[{"width":190,"height":190,"url":"https:\/\/www.sp-equipements.com\/site\/wp-content\/uploads\/2019\/06\/piste_de_danse_xl-1.jpg","type":"image\/jpeg"}],"twitter_card":"summary_large_image","schema":{"@context":"https:\/\/schema.org","@graph":[{"@type":"WebPage","@id":"https:\/\/www.sp-equipements.com\/site\/produit\/piste-de-danse-xl-elements-de-2x1m\/","url":"https:\/\/www.sp-equipements.com\/site\/produit\/piste-de-danse-xl-elements-de-2x1m\/","name":"Piste de Danse XL El\u00e9ments de 2x1m - SP \u00c9quipements","isPartOf":{"@id":"https:\/\/www.sp-equipements.com\/site\/#website"},"primaryImageOfPage":{"@id":"https:\/\/www.sp-equipements.com\/site\/produit\/piste-de-danse-xl-elements-de-2x1m\/#primaryimage"},"image":{"@id":"https:\/\/www.sp-equipements.com\/site\/produit\/piste-de-danse-xl-elements-de-2x1m\/#primaryimage"},"thumbnailUrl":"https:\/\/www.sp-equipements.com\/site\/wp-content\/uploads\/2019\/06\/piste_de_danse_xl-1.jpg","datePublished":"2019-06-07T08:15:59+00:00","dateModified":"2019-06-19T13:32:34+00:00","breadcrumb":{"@id":"https:\/\/www.sp-equipements.com\/site\/produit\/piste-de-danse-xl-elements-de-2x1m\/#breadcrumb"},"inLanguage":"fr-FR","potentialAction":[{"@type":"ReadAction","target":["https:\/\/www.sp-equipements.com\/site\/produit\/piste-de-danse-xl-elements-de-2x1m\/"]}]},{"@type":"ImageObject","inLanguage":"fr-FR","@id":"https:\/\/www.sp-equipements.com\/site\/produit\/piste-de-danse-xl-elements-de-2x1m\/#primaryimage","url":"https:\/\/www.sp-equipements.com\/site\/wp-content\/uploads\/2019\/06\/piste_de_danse_xl-1.jpg","contentUrl":"https:\/\/www.sp-equipements.com\/site\/wp-content\/uploads\/2019\/06\/piste_de_danse_xl-1.jpg","width":190,"height":190,"caption":"piste de danse xl 1"},{"@type":"BreadcrumbList","@id":"https:\/\/www.sp-equipements.com\/site\/produit\/piste-de-danse-xl-elements-de-2x1m\/#breadcrumb","itemListElement":[{"@type":"ListItem","position":1,"name":"Accueil","item":"https:\/\/www.sp-equipements.com\/site\/"},{"@type":"ListItem","position":2,"name":"Catalogue","item":"https:\/\/www.sp-equipements.com\/site\/catalogue\/"},{"@type":"ListItem","position":3,"name":"Piste de Danse XL El\u00e9ments de 2x1m"}]},{"@type":"WebSite","@id":"https:\/\/www.sp-equipements.com\/site\/#website","url":"https:\/\/www.sp-equipements.com\/site\/","name":"SP \u00c9quipements","description":"\u00c9quipements de collectivit\u00e9s","potentialAction":[{"@type":"SearchAction","target":{"@type":"EntryPoint","urlTemplate":"https:\/\/www.sp-equipements.com\/site\/?s={search_term_string}"},"query-input":"required name=search_term_string"}],"inLanguage":"fr-FR"}]}},"_links":{"self":[{"href":"https:\/\/www.sp-equipements.com\/site\/wp-json\/wp\/v2\/product\/21839"}],"collection":[{"href":"https:\/\/www.sp-equipements.com\/site\/wp-json\/wp\/v2\/product"}],"about":[{"href":"https:\/\/www.sp-equipements.com\/site\/wp-json\/wp\/v2\/types\/product"}],"replies":[{"embeddable":true,"href":"https:\/\/www.sp-equipements.com\/site\/wp-json\/wp\/v2\/comments?post=21839"}],"wp:featuredmedia":[{"embeddable":true,"href":"https:\/\/www.sp-equipements.com\/site\/wp-json\/wp\/v2\/media\/37853"}],"wp:attachment":[{"href":"https:\/\/www.sp-equipements.com\/site\/wp-json\/wp\/v2\/media?parent=21839"}],"wp:term":[{"taxonomy":"product_cat","embeddable":true,"href":"https:\/\/www.sp-equipements.com\/site\/wp-json\/wp\/v2\/product_cat?post=21839"},{"taxonomy":"product_tag","embeddable":true,"href":"https:\/\/www.sp-equipements.com\/site\/wp-json\/wp\/v2\/product_tag?post=21839"}],"curies":[{"name":"wp","href":"https:\/\/api.w.org\/{rel}","templated":true}]}}