{"id":21841,"date":"2019-06-07T10:16:00","date_gmt":"2019-06-07T08:16:00","guid":{"rendered":"http:\/\/www.polyequipements.com\/produit\/plancher-de-bal-exterieur-interieur\/"},"modified":"2019-06-19T15:32:35","modified_gmt":"2019-06-19T13:32:35","slug":"plancher-de-bal-exterieur-interieur","status":"publish","type":"product","link":"https:\/\/www.sp-equipements.com\/site\/produit\/plancher-de-bal-exterieur-interieur\/","title":{"rendered":"Plancher de Bal <i>Ext\u00e9rieur &#038; Int\u00e9rieur<\/i>"},"content":{"rendered":"","protected":false},"excerpt":{"rendered":"<p><i>Le plancher de bal est sp\u00e9cialement con\u00e7u pour vos festivit\u00e9s de plein air, manifestations diverses, bals, terrasses, supports de patinoires\u2026<\/i><\/p>\n<p><b>Syst\u00e8me<\/b><br \/>\nLe syst\u00e8me est compos\u00e9 de pieds r\u00e9glables, de traverses et de planchers.<br \/>\nLes ergots de traverses viennent s\u2019imbriquer dans les anneaux des pieds r\u00e9glables.<br \/>\nAinsi est form\u00e9 un maillage m\u00e9tallique sur lequel viennent se poser les planchers.<br \/>\nCes derniers sont bloqu\u00e9s gr\u00e2ce aux tasseaux fix\u00e9s sous le panneau de plancher.<\/p>\n<p><b>Rangement<\/b><br \/>\nLa palette rack avec poteaux amovibles pour conditionnement des planchers.<br \/>\nLa palette grillag\u00e9e pour rangement des traverses et pieds r\u00e9glables.<\/p>\n<p><b>Caract\u00e9ristiques techniques<\/b><br \/>\nPlanchers : contreplaqu\u00e9 qualit\u00e9 ext\u00e9rieure recouvert d\u2019un film ph\u00e9nolique 1,22 x 1,22 m x 24 mm<br \/>\nTraverses acier zingu\u00e9 1,17 m<br \/>\nPieds acier zingu\u00e9 r\u00e9glable de 18,5 \u00e0 23,5cm<br \/>\nOptions acier zingu\u00e9 rambardes \/ aluminium rampe<\/p>\n","protected":false},"featured_media":37855,"comment_status":"open","ping_status":"closed","template":"","meta":[],"product_cat":[224,102],"product_tag":[],"yoast_head":"<!-- This site is optimized with the Yoast SEO plugin v22.2 - https:\/\/yoast.com\/wordpress\/plugins\/seo\/ -->\n<title>Plancher de Bal Ext\u00e9rieur &amp; Int\u00e9rieur - SP \u00c9quipements<\/title>\n<meta name=\"robots\" content=\"index, follow, max-snippet:-1, max-image-preview:large, max-video-preview:-1\" \/>\n<link rel=\"canonical\" href=\"https:\/\/www.sp-equipements.com\/site\/produit\/plancher-de-bal-exterieur-interieur\/\" \/>\n<meta property=\"og:locale\" content=\"fr_FR\" \/>\n<meta property=\"og:type\" content=\"article\" \/>\n<meta property=\"og:title\" content=\"Plancher de Bal Ext\u00e9rieur &amp; Int\u00e9rieur - SP \u00c9quipements\" \/>\n<meta property=\"og:description\" content=\"Le plancher de bal est sp\u00e9cialement con\u00e7u pour vos festivit\u00e9s de plein air, manifestations diverses, bals, terrasses, supports de patinoires\u2026  Syst\u00e8me Le syst\u00e8me est compos\u00e9 de pieds r\u00e9glables, de traverses et de planchers. Les ergots de traverses viennent s\u2019imbriquer dans les anneaux des pieds r\u00e9glables. Ainsi est form\u00e9 un maillage m\u00e9tallique sur lequel viennent se poser les planchers. Ces derniers sont bloqu\u00e9s gr\u00e2ce aux tasseaux fix\u00e9s sous le panneau de plancher.  Rangement La palette rack avec poteaux amovibles pour conditionnement des planchers. La palette grillag\u00e9e pour rangement des traverses et pieds r\u00e9glables.  Caract\u00e9ristiques techniques Planchers : contreplaqu\u00e9 qualit\u00e9 ext\u00e9rieure recouvert d\u2019un film ph\u00e9nolique 1,22 x 1,22 m x 24 mm Traverses acier zingu\u00e9 1,17 m Pieds acier zingu\u00e9 r\u00e9glable de 18,5 \u00e0 23,5cm Options acier zingu\u00e9 rambardes \/ aluminium rampe\" \/>\n<meta property=\"og:url\" content=\"https:\/\/www.sp-equipements.com\/site\/produit\/plancher-de-bal-exterieur-interieur\/\" \/>\n<meta property=\"og:site_name\" content=\"SP \u00c9quipements\" \/>\n<meta property=\"article:modified_time\" content=\"2019-06-19T13:32:35+00:00\" \/>\n<meta property=\"og:image\" content=\"https:\/\/www.sp-equipements.com\/site\/wp-content\/uploads\/2019\/06\/plancher_de_bal-2.jpg\" \/>\n\t<meta property=\"og:image:width\" content=\"190\" \/>\n\t<meta property=\"og:image:height\" content=\"190\" \/>\n\t<meta property=\"og:image:type\" content=\"image\/jpeg\" \/>\n<meta name=\"twitter:card\" content=\"summary_large_image\" \/>\n<script type=\"application\/ld+json\" class=\"yoast-schema-graph\">{\"@context\":\"https:\/\/schema.org\",\"@graph\":[{\"@type\":\"WebPage\",\"@id\":\"https:\/\/www.sp-equipements.com\/site\/produit\/plancher-de-bal-exterieur-interieur\/\",\"url\":\"https:\/\/www.sp-equipements.com\/site\/produit\/plancher-de-bal-exterieur-interieur\/\",\"name\":\"Plancher de Bal Ext\u00e9rieur & Int\u00e9rieur - SP \u00c9quipements\",\"isPartOf\":{\"@id\":\"https:\/\/www.sp-equipements.com\/site\/#website\"},\"primaryImageOfPage\":{\"@id\":\"https:\/\/www.sp-equipements.com\/site\/produit\/plancher-de-bal-exterieur-interieur\/#primaryimage\"},\"image\":{\"@id\":\"https:\/\/www.sp-equipements.com\/site\/produit\/plancher-de-bal-exterieur-interieur\/#primaryimage\"},\"thumbnailUrl\":\"https:\/\/www.sp-equipements.com\/site\/wp-content\/uploads\/2019\/06\/plancher_de_bal-2.jpg\",\"datePublished\":\"2019-06-07T08:16:00+00:00\",\"dateModified\":\"2019-06-19T13:32:35+00:00\",\"breadcrumb\":{\"@id\":\"https:\/\/www.sp-equipements.com\/site\/produit\/plancher-de-bal-exterieur-interieur\/#breadcrumb\"},\"inLanguage\":\"fr-FR\",\"potentialAction\":[{\"@type\":\"ReadAction\",\"target\":[\"https:\/\/www.sp-equipements.com\/site\/produit\/plancher-de-bal-exterieur-interieur\/\"]}]},{\"@type\":\"ImageObject\",\"inLanguage\":\"fr-FR\",\"@id\":\"https:\/\/www.sp-equipements.com\/site\/produit\/plancher-de-bal-exterieur-interieur\/#primaryimage\",\"url\":\"https:\/\/www.sp-equipements.com\/site\/wp-content\/uploads\/2019\/06\/plancher_de_bal-2.jpg\",\"contentUrl\":\"https:\/\/www.sp-equipements.com\/site\/wp-content\/uploads\/2019\/06\/plancher_de_bal-2.jpg\",\"width\":190,\"height\":190,\"caption\":\"plancher de bal 2\"},{\"@type\":\"BreadcrumbList\",\"@id\":\"https:\/\/www.sp-equipements.com\/site\/produit\/plancher-de-bal-exterieur-interieur\/#breadcrumb\",\"itemListElement\":[{\"@type\":\"ListItem\",\"position\":1,\"name\":\"Accueil\",\"item\":\"https:\/\/www.sp-equipements.com\/site\/\"},{\"@type\":\"ListItem\",\"position\":2,\"name\":\"Catalogue\",\"item\":\"https:\/\/www.sp-equipements.com\/site\/catalogue\/\"},{\"@type\":\"ListItem\",\"position\":3,\"name\":\"Plancher de Bal Ext\u00e9rieur &#038; Int\u00e9rieur\"}]},{\"@type\":\"WebSite\",\"@id\":\"https:\/\/www.sp-equipements.com\/site\/#website\",\"url\":\"https:\/\/www.sp-equipements.com\/site\/\",\"name\":\"SP \u00c9quipements\",\"description\":\"\u00c9quipements de collectivit\u00e9s\",\"potentialAction\":[{\"@type\":\"SearchAction\",\"target\":{\"@type\":\"EntryPoint\",\"urlTemplate\":\"https:\/\/www.sp-equipements.com\/site\/?s={search_term_string}\"},\"query-input\":\"required name=search_term_string\"}],\"inLanguage\":\"fr-FR\"}]}<\/script>\n<!-- \/ Yoast SEO plugin. -->","yoast_head_json":{"title":"Plancher de Bal Ext\u00e9rieur & Int\u00e9rieur - SP \u00c9quipements","robots":{"index":"index","follow":"follow","max-snippet":"max-snippet:-1","max-image-preview":"max-image-preview:large","max-video-preview":"max-video-preview:-1"},"canonical":"https:\/\/www.sp-equipements.com\/site\/produit\/plancher-de-bal-exterieur-interieur\/","og_locale":"fr_FR","og_type":"article","og_title":"Plancher de Bal Ext\u00e9rieur & Int\u00e9rieur - SP \u00c9quipements","og_description":"Le plancher de bal est sp\u00e9cialement con\u00e7u pour vos festivit\u00e9s de plein air, manifestations diverses, bals, terrasses, supports de patinoires\u2026  Syst\u00e8me Le syst\u00e8me est compos\u00e9 de pieds r\u00e9glables, de traverses et de planchers. Les ergots de traverses viennent s\u2019imbriquer dans les anneaux des pieds r\u00e9glables. Ainsi est form\u00e9 un maillage m\u00e9tallique sur lequel viennent se poser les planchers. Ces derniers sont bloqu\u00e9s gr\u00e2ce aux tasseaux fix\u00e9s sous le panneau de plancher.  Rangement La palette rack avec poteaux amovibles pour conditionnement des planchers. La palette grillag\u00e9e pour rangement des traverses et pieds r\u00e9glables.  Caract\u00e9ristiques techniques Planchers : contreplaqu\u00e9 qualit\u00e9 ext\u00e9rieure recouvert d\u2019un film ph\u00e9nolique 1,22 x 1,22 m x 24 mm Traverses acier zingu\u00e9 1,17 m Pieds acier zingu\u00e9 r\u00e9glable de 18,5 \u00e0 23,5cm Options acier zingu\u00e9 rambardes \/ aluminium rampe","og_url":"https:\/\/www.sp-equipements.com\/site\/produit\/plancher-de-bal-exterieur-interieur\/","og_site_name":"SP \u00c9quipements","article_modified_time":"2019-06-19T13:32:35+00:00","og_image":[{"width":190,"height":190,"url":"https:\/\/www.sp-equipements.com\/site\/wp-content\/uploads\/2019\/06\/plancher_de_bal-2.jpg","type":"image\/jpeg"}],"twitter_card":"summary_large_image","schema":{"@context":"https:\/\/schema.org","@graph":[{"@type":"WebPage","@id":"https:\/\/www.sp-equipements.com\/site\/produit\/plancher-de-bal-exterieur-interieur\/","url":"https:\/\/www.sp-equipements.com\/site\/produit\/plancher-de-bal-exterieur-interieur\/","name":"Plancher de Bal Ext\u00e9rieur & Int\u00e9rieur - SP \u00c9quipements","isPartOf":{"@id":"https:\/\/www.sp-equipements.com\/site\/#website"},"primaryImageOfPage":{"@id":"https:\/\/www.sp-equipements.com\/site\/produit\/plancher-de-bal-exterieur-interieur\/#primaryimage"},"image":{"@id":"https:\/\/www.sp-equipements.com\/site\/produit\/plancher-de-bal-exterieur-interieur\/#primaryimage"},"thumbnailUrl":"https:\/\/www.sp-equipements.com\/site\/wp-content\/uploads\/2019\/06\/plancher_de_bal-2.jpg","datePublished":"2019-06-07T08:16:00+00:00","dateModified":"2019-06-19T13:32:35+00:00","breadcrumb":{"@id":"https:\/\/www.sp-equipements.com\/site\/produit\/plancher-de-bal-exterieur-interieur\/#breadcrumb"},"inLanguage":"fr-FR","potentialAction":[{"@type":"ReadAction","target":["https:\/\/www.sp-equipements.com\/site\/produit\/plancher-de-bal-exterieur-interieur\/"]}]},{"@type":"ImageObject","inLanguage":"fr-FR","@id":"https:\/\/www.sp-equipements.com\/site\/produit\/plancher-de-bal-exterieur-interieur\/#primaryimage","url":"https:\/\/www.sp-equipements.com\/site\/wp-content\/uploads\/2019\/06\/plancher_de_bal-2.jpg","contentUrl":"https:\/\/www.sp-equipements.com\/site\/wp-content\/uploads\/2019\/06\/plancher_de_bal-2.jpg","width":190,"height":190,"caption":"plancher de bal 2"},{"@type":"BreadcrumbList","@id":"https:\/\/www.sp-equipements.com\/site\/produit\/plancher-de-bal-exterieur-interieur\/#breadcrumb","itemListElement":[{"@type":"ListItem","position":1,"name":"Accueil","item":"https:\/\/www.sp-equipements.com\/site\/"},{"@type":"ListItem","position":2,"name":"Catalogue","item":"https:\/\/www.sp-equipements.com\/site\/catalogue\/"},{"@type":"ListItem","position":3,"name":"Plancher de Bal Ext\u00e9rieur &#038; Int\u00e9rieur"}]},{"@type":"WebSite","@id":"https:\/\/www.sp-equipements.com\/site\/#website","url":"https:\/\/www.sp-equipements.com\/site\/","name":"SP \u00c9quipements","description":"\u00c9quipements de collectivit\u00e9s","potentialAction":[{"@type":"SearchAction","target":{"@type":"EntryPoint","urlTemplate":"https:\/\/www.sp-equipements.com\/site\/?s={search_term_string}"},"query-input":"required name=search_term_string"}],"inLanguage":"fr-FR"}]}},"_links":{"self":[{"href":"https:\/\/www.sp-equipements.com\/site\/wp-json\/wp\/v2\/product\/21841"}],"collection":[{"href":"https:\/\/www.sp-equipements.com\/site\/wp-json\/wp\/v2\/product"}],"about":[{"href":"https:\/\/www.sp-equipements.com\/site\/wp-json\/wp\/v2\/types\/product"}],"replies":[{"embeddable":true,"href":"https:\/\/www.sp-equipements.com\/site\/wp-json\/wp\/v2\/comments?post=21841"}],"wp:featuredmedia":[{"embeddable":true,"href":"https:\/\/www.sp-equipements.com\/site\/wp-json\/wp\/v2\/media\/37855"}],"wp:attachment":[{"href":"https:\/\/www.sp-equipements.com\/site\/wp-json\/wp\/v2\/media?parent=21841"}],"wp:term":[{"taxonomy":"product_cat","embeddable":true,"href":"https:\/\/www.sp-equipements.com\/site\/wp-json\/wp\/v2\/product_cat?post=21841"},{"taxonomy":"product_tag","embeddable":true,"href":"https:\/\/www.sp-equipements.com\/site\/wp-json\/wp\/v2\/product_tag?post=21841"}],"curies":[{"name":"wp","href":"https:\/\/api.w.org\/{rel}","templated":true}]}}