{"id":21842,"date":"2019-06-07T10:16:00","date_gmt":"2019-06-07T08:16:00","guid":{"rendered":"http:\/\/www.polyequipements.com\/produit\/parquet-polka-exterieur-interieur\/"},"modified":"2019-06-19T15:32:35","modified_gmt":"2019-06-19T13:32:35","slug":"parquet-polka-exterieur-interieur","status":"publish","type":"product","link":"https:\/\/www.sp-equipements.com\/site\/produit\/parquet-polka-exterieur-interieur\/","title":{"rendered":"Parquet POLKA <i>Ext\u00e9rieur &#038; Int\u00e9rieur<\/i>"},"content":{"rendered":"","protected":false},"excerpt":{"rendered":"<p><i>Le plancher POLKA est une extrapolation de notre syst\u00e8me de piste de danse TANGO, qui convient aussi bien \u00e0 l\u2019int\u00e9rieur qu\u2019\u00e0 l\u2019ext\u00e9rieur.<\/i><\/p>\n<p><b>Syst\u00e8me<\/b><br \/>\nLe syst\u00e8me tr\u00e8s simple est compos\u00e9 de panneaux, profil\u00e9s p\u00e9riph\u00e9riques, platines d\u2019assemblage et vis.<br \/>\nLes planchers sont perc\u00e9s aux quatre coins.<br \/>\nUn trou vient se placer sur un ergot de la platine de jonction, et par le dessus une vis \u00e0 t\u00eate frais\u00e9e bloque le plancher sur la platine.<br \/>\nPour les profil\u00e9s p\u00e9riph\u00e9riques, il en va de m\u00eame.<br \/>\nAinsi, une platine de jonction relie quatre planchers, deux planchers et deux profil\u00e9s, ou encore un plancher, deux profil\u00e9s et un coin.<\/p>\n<p><b>Planchers<\/b><br \/>\nLe plancher POLKA est un plancher contreplaqu\u00e9 de qualit\u00e9 ext\u00e9rieure.<br \/>\nD\u2019un c\u00f4t\u00e9, l\u00e9g\u00e8rement anti-d\u00e9rapant afin d\u2019\u00e9viter les glissades.<br \/>\nDe l\u2019autre, c\u00f4t\u00e9 lisse pour un usage en int\u00e9rieur.<\/p>\n<p><b>Caract\u00e9ristiques techniques<\/b><br \/>\nPlanchers contreplaqu\u00e9 ext\u00e9rieur 1 x 1 m x 22 mm 1,22 x 1,22 m x 22 mm<br \/>\nProfil\u00e9s aluminium 1 x 0,15 m 1,22 x 0,15m<br \/>\nPlatines de jonction acier zingu\u00e9 0,20 x 0,20 m 0,20 x 0,20 m<br \/>\nPiste mont\u00e9e \u00e9paisseur totale 25 mm<\/p>\n","protected":false},"featured_media":37856,"comment_status":"open","ping_status":"closed","template":"","meta":[],"product_cat":[224,102],"product_tag":[],"yoast_head":"<!-- This site is optimized with the Yoast SEO plugin v22.2 - https:\/\/yoast.com\/wordpress\/plugins\/seo\/ -->\n<title>Parquet POLKA Ext\u00e9rieur &amp; Int\u00e9rieur - SP \u00c9quipements<\/title>\n<meta name=\"robots\" content=\"index, follow, max-snippet:-1, max-image-preview:large, max-video-preview:-1\" \/>\n<link rel=\"canonical\" href=\"https:\/\/www.sp-equipements.com\/site\/produit\/parquet-polka-exterieur-interieur\/\" \/>\n<meta property=\"og:locale\" content=\"fr_FR\" \/>\n<meta property=\"og:type\" content=\"article\" \/>\n<meta property=\"og:title\" content=\"Parquet POLKA Ext\u00e9rieur &amp; Int\u00e9rieur - SP \u00c9quipements\" \/>\n<meta property=\"og:description\" content=\"Le plancher POLKA est une extrapolation de notre syst\u00e8me de piste de danse TANGO, qui convient aussi bien \u00e0 l\u2019int\u00e9rieur qu\u2019\u00e0 l\u2019ext\u00e9rieur.  Syst\u00e8me Le syst\u00e8me tr\u00e8s simple est compos\u00e9 de panneaux, profil\u00e9s p\u00e9riph\u00e9riques, platines d\u2019assemblage et vis. Les planchers sont perc\u00e9s aux quatre coins. Un trou vient se placer sur un ergot de la platine de jonction, et par le dessus une vis \u00e0 t\u00eate frais\u00e9e bloque le plancher sur la platine. Pour les profil\u00e9s p\u00e9riph\u00e9riques, il en va de m\u00eame. Ainsi, une platine de jonction relie quatre planchers, deux planchers et deux profil\u00e9s, ou encore un plancher, deux profil\u00e9s et un coin.  Planchers Le plancher POLKA est un plancher contreplaqu\u00e9 de qualit\u00e9 ext\u00e9rieure. D\u2019un c\u00f4t\u00e9, l\u00e9g\u00e8rement anti-d\u00e9rapant afin d\u2019\u00e9viter les glissades. De l\u2019autre, c\u00f4t\u00e9 lisse pour un usage en int\u00e9rieur.  Caract\u00e9ristiques techniques Planchers contreplaqu\u00e9 ext\u00e9rieur 1 x 1 m x 22 mm 1,22 x 1,22 m x 22 mm Profil\u00e9s aluminium 1 x 0,15 m 1,22 x 0,15m Platines de jonction acier zingu\u00e9 0,20 x 0,20 m 0,20 x 0,20 m Piste mont\u00e9e \u00e9paisseur totale 25 mm\" \/>\n<meta property=\"og:url\" content=\"https:\/\/www.sp-equipements.com\/site\/produit\/parquet-polka-exterieur-interieur\/\" \/>\n<meta property=\"og:site_name\" content=\"SP \u00c9quipements\" \/>\n<meta property=\"article:modified_time\" content=\"2019-06-19T13:32:35+00:00\" \/>\n<meta property=\"og:image\" content=\"https:\/\/www.sp-equipements.com\/site\/wp-content\/uploads\/2019\/06\/parquet_polka-1.jpg\" \/>\n\t<meta property=\"og:image:width\" content=\"190\" \/>\n\t<meta property=\"og:image:height\" content=\"190\" \/>\n\t<meta property=\"og:image:type\" content=\"image\/jpeg\" \/>\n<meta name=\"twitter:card\" content=\"summary_large_image\" \/>\n<script type=\"application\/ld+json\" class=\"yoast-schema-graph\">{\"@context\":\"https:\/\/schema.org\",\"@graph\":[{\"@type\":\"WebPage\",\"@id\":\"https:\/\/www.sp-equipements.com\/site\/produit\/parquet-polka-exterieur-interieur\/\",\"url\":\"https:\/\/www.sp-equipements.com\/site\/produit\/parquet-polka-exterieur-interieur\/\",\"name\":\"Parquet POLKA Ext\u00e9rieur & Int\u00e9rieur - SP \u00c9quipements\",\"isPartOf\":{\"@id\":\"https:\/\/www.sp-equipements.com\/site\/#website\"},\"primaryImageOfPage\":{\"@id\":\"https:\/\/www.sp-equipements.com\/site\/produit\/parquet-polka-exterieur-interieur\/#primaryimage\"},\"image\":{\"@id\":\"https:\/\/www.sp-equipements.com\/site\/produit\/parquet-polka-exterieur-interieur\/#primaryimage\"},\"thumbnailUrl\":\"https:\/\/www.sp-equipements.com\/site\/wp-content\/uploads\/2019\/06\/parquet_polka-1.jpg\",\"datePublished\":\"2019-06-07T08:16:00+00:00\",\"dateModified\":\"2019-06-19T13:32:35+00:00\",\"breadcrumb\":{\"@id\":\"https:\/\/www.sp-equipements.com\/site\/produit\/parquet-polka-exterieur-interieur\/#breadcrumb\"},\"inLanguage\":\"fr-FR\",\"potentialAction\":[{\"@type\":\"ReadAction\",\"target\":[\"https:\/\/www.sp-equipements.com\/site\/produit\/parquet-polka-exterieur-interieur\/\"]}]},{\"@type\":\"ImageObject\",\"inLanguage\":\"fr-FR\",\"@id\":\"https:\/\/www.sp-equipements.com\/site\/produit\/parquet-polka-exterieur-interieur\/#primaryimage\",\"url\":\"https:\/\/www.sp-equipements.com\/site\/wp-content\/uploads\/2019\/06\/parquet_polka-1.jpg\",\"contentUrl\":\"https:\/\/www.sp-equipements.com\/site\/wp-content\/uploads\/2019\/06\/parquet_polka-1.jpg\",\"width\":190,\"height\":190,\"caption\":\"parquet polka 1\"},{\"@type\":\"BreadcrumbList\",\"@id\":\"https:\/\/www.sp-equipements.com\/site\/produit\/parquet-polka-exterieur-interieur\/#breadcrumb\",\"itemListElement\":[{\"@type\":\"ListItem\",\"position\":1,\"name\":\"Accueil\",\"item\":\"https:\/\/www.sp-equipements.com\/site\/\"},{\"@type\":\"ListItem\",\"position\":2,\"name\":\"Catalogue\",\"item\":\"https:\/\/www.sp-equipements.com\/site\/catalogue\/\"},{\"@type\":\"ListItem\",\"position\":3,\"name\":\"Parquet POLKA Ext\u00e9rieur &#038; Int\u00e9rieur\"}]},{\"@type\":\"WebSite\",\"@id\":\"https:\/\/www.sp-equipements.com\/site\/#website\",\"url\":\"https:\/\/www.sp-equipements.com\/site\/\",\"name\":\"SP \u00c9quipements\",\"description\":\"\u00c9quipements de collectivit\u00e9s\",\"potentialAction\":[{\"@type\":\"SearchAction\",\"target\":{\"@type\":\"EntryPoint\",\"urlTemplate\":\"https:\/\/www.sp-equipements.com\/site\/?s={search_term_string}\"},\"query-input\":\"required name=search_term_string\"}],\"inLanguage\":\"fr-FR\"}]}<\/script>\n<!-- \/ Yoast SEO plugin. -->","yoast_head_json":{"title":"Parquet POLKA Ext\u00e9rieur & Int\u00e9rieur - SP \u00c9quipements","robots":{"index":"index","follow":"follow","max-snippet":"max-snippet:-1","max-image-preview":"max-image-preview:large","max-video-preview":"max-video-preview:-1"},"canonical":"https:\/\/www.sp-equipements.com\/site\/produit\/parquet-polka-exterieur-interieur\/","og_locale":"fr_FR","og_type":"article","og_title":"Parquet POLKA Ext\u00e9rieur & Int\u00e9rieur - SP \u00c9quipements","og_description":"Le plancher POLKA est une extrapolation de notre syst\u00e8me de piste de danse TANGO, qui convient aussi bien \u00e0 l\u2019int\u00e9rieur qu\u2019\u00e0 l\u2019ext\u00e9rieur.  Syst\u00e8me Le syst\u00e8me tr\u00e8s simple est compos\u00e9 de panneaux, profil\u00e9s p\u00e9riph\u00e9riques, platines d\u2019assemblage et vis. Les planchers sont perc\u00e9s aux quatre coins. Un trou vient se placer sur un ergot de la platine de jonction, et par le dessus une vis \u00e0 t\u00eate frais\u00e9e bloque le plancher sur la platine. Pour les profil\u00e9s p\u00e9riph\u00e9riques, il en va de m\u00eame. Ainsi, une platine de jonction relie quatre planchers, deux planchers et deux profil\u00e9s, ou encore un plancher, deux profil\u00e9s et un coin.  Planchers Le plancher POLKA est un plancher contreplaqu\u00e9 de qualit\u00e9 ext\u00e9rieure. D\u2019un c\u00f4t\u00e9, l\u00e9g\u00e8rement anti-d\u00e9rapant afin d\u2019\u00e9viter les glissades. De l\u2019autre, c\u00f4t\u00e9 lisse pour un usage en int\u00e9rieur.  Caract\u00e9ristiques techniques Planchers contreplaqu\u00e9 ext\u00e9rieur 1 x 1 m x 22 mm 1,22 x 1,22 m x 22 mm Profil\u00e9s aluminium 1 x 0,15 m 1,22 x 0,15m Platines de jonction acier zingu\u00e9 0,20 x 0,20 m 0,20 x 0,20 m Piste mont\u00e9e \u00e9paisseur totale 25 mm","og_url":"https:\/\/www.sp-equipements.com\/site\/produit\/parquet-polka-exterieur-interieur\/","og_site_name":"SP \u00c9quipements","article_modified_time":"2019-06-19T13:32:35+00:00","og_image":[{"width":190,"height":190,"url":"https:\/\/www.sp-equipements.com\/site\/wp-content\/uploads\/2019\/06\/parquet_polka-1.jpg","type":"image\/jpeg"}],"twitter_card":"summary_large_image","schema":{"@context":"https:\/\/schema.org","@graph":[{"@type":"WebPage","@id":"https:\/\/www.sp-equipements.com\/site\/produit\/parquet-polka-exterieur-interieur\/","url":"https:\/\/www.sp-equipements.com\/site\/produit\/parquet-polka-exterieur-interieur\/","name":"Parquet POLKA Ext\u00e9rieur & Int\u00e9rieur - SP \u00c9quipements","isPartOf":{"@id":"https:\/\/www.sp-equipements.com\/site\/#website"},"primaryImageOfPage":{"@id":"https:\/\/www.sp-equipements.com\/site\/produit\/parquet-polka-exterieur-interieur\/#primaryimage"},"image":{"@id":"https:\/\/www.sp-equipements.com\/site\/produit\/parquet-polka-exterieur-interieur\/#primaryimage"},"thumbnailUrl":"https:\/\/www.sp-equipements.com\/site\/wp-content\/uploads\/2019\/06\/parquet_polka-1.jpg","datePublished":"2019-06-07T08:16:00+00:00","dateModified":"2019-06-19T13:32:35+00:00","breadcrumb":{"@id":"https:\/\/www.sp-equipements.com\/site\/produit\/parquet-polka-exterieur-interieur\/#breadcrumb"},"inLanguage":"fr-FR","potentialAction":[{"@type":"ReadAction","target":["https:\/\/www.sp-equipements.com\/site\/produit\/parquet-polka-exterieur-interieur\/"]}]},{"@type":"ImageObject","inLanguage":"fr-FR","@id":"https:\/\/www.sp-equipements.com\/site\/produit\/parquet-polka-exterieur-interieur\/#primaryimage","url":"https:\/\/www.sp-equipements.com\/site\/wp-content\/uploads\/2019\/06\/parquet_polka-1.jpg","contentUrl":"https:\/\/www.sp-equipements.com\/site\/wp-content\/uploads\/2019\/06\/parquet_polka-1.jpg","width":190,"height":190,"caption":"parquet polka 1"},{"@type":"BreadcrumbList","@id":"https:\/\/www.sp-equipements.com\/site\/produit\/parquet-polka-exterieur-interieur\/#breadcrumb","itemListElement":[{"@type":"ListItem","position":1,"name":"Accueil","item":"https:\/\/www.sp-equipements.com\/site\/"},{"@type":"ListItem","position":2,"name":"Catalogue","item":"https:\/\/www.sp-equipements.com\/site\/catalogue\/"},{"@type":"ListItem","position":3,"name":"Parquet POLKA Ext\u00e9rieur &#038; Int\u00e9rieur"}]},{"@type":"WebSite","@id":"https:\/\/www.sp-equipements.com\/site\/#website","url":"https:\/\/www.sp-equipements.com\/site\/","name":"SP \u00c9quipements","description":"\u00c9quipements de collectivit\u00e9s","potentialAction":[{"@type":"SearchAction","target":{"@type":"EntryPoint","urlTemplate":"https:\/\/www.sp-equipements.com\/site\/?s={search_term_string}"},"query-input":"required name=search_term_string"}],"inLanguage":"fr-FR"}]}},"_links":{"self":[{"href":"https:\/\/www.sp-equipements.com\/site\/wp-json\/wp\/v2\/product\/21842"}],"collection":[{"href":"https:\/\/www.sp-equipements.com\/site\/wp-json\/wp\/v2\/product"}],"about":[{"href":"https:\/\/www.sp-equipements.com\/site\/wp-json\/wp\/v2\/types\/product"}],"replies":[{"embeddable":true,"href":"https:\/\/www.sp-equipements.com\/site\/wp-json\/wp\/v2\/comments?post=21842"}],"wp:featuredmedia":[{"embeddable":true,"href":"https:\/\/www.sp-equipements.com\/site\/wp-json\/wp\/v2\/media\/37856"}],"wp:attachment":[{"href":"https:\/\/www.sp-equipements.com\/site\/wp-json\/wp\/v2\/media?parent=21842"}],"wp:term":[{"taxonomy":"product_cat","embeddable":true,"href":"https:\/\/www.sp-equipements.com\/site\/wp-json\/wp\/v2\/product_cat?post=21842"},{"taxonomy":"product_tag","embeddable":true,"href":"https:\/\/www.sp-equipements.com\/site\/wp-json\/wp\/v2\/product_tag?post=21842"}],"curies":[{"name":"wp","href":"https:\/\/api.w.org\/{rel}","templated":true}]}}