{"id":21843,"date":"2019-06-07T10:16:01","date_gmt":"2019-06-07T08:16:01","guid":{"rendered":"http:\/\/www.polyequipements.com\/produit\/plancher-encastrable-autobloc\/"},"modified":"2019-06-19T15:32:36","modified_gmt":"2019-06-19T13:32:36","slug":"plancher-encastrable-autobloc","status":"publish","type":"product","link":"https:\/\/www.sp-equipements.com\/site\/produit\/plancher-encastrable-autobloc\/","title":{"rendered":"Plancher Encastrable AUTOBLOC"},"content":{"rendered":"","protected":false},"excerpt":{"rendered":"<p><i>AUTOBLOC est un syst\u00e8me de plancher autobloquant. Disposant d\u2019un syst\u00e8me d\u2019assemblage simple, rapide, sans outils et sans vis. Il est destin\u00e9 \u00e0 la r\u00e9alisation de surfaces importantes comme des chapiteaux, des protections de sol, des patinoires\u2026<\/i><\/p>\n<p><b>Syst\u00e8me<\/b><br \/>\nLes panneaux sont solidaris\u00e9s gr\u00e2ce aux tasseaux avec ergots qui viennent se loger dans un orifice pr\u00e9-perc\u00e9 sous les panneaux.<br \/>\nAinsi assembl\u00e9s, les panneaux sont bloqu\u00e9s et ne bougent plus.<br \/>\nLe montage s\u2019effectue en \u00ab mur de briques \u00bb avec des panneaux de 2 x 1 m et d\u2019autres de 1 x 1 m.<br \/>\nL\u2019acc\u00e8s au plancher est facilit\u00e9 par des bordures qui se fixent sur la p\u00e9riph\u00e9rie.<\/p>\n<p><b>Caract\u00e9ristiques techniques<\/b><br \/>\nPanneaux Sapin 3 plis 21 mm 2 x 1 m et 1 x 1 m<br \/>\nTasseaux Pin trait\u00e9 autoclave \u00e9paisseur 21 mm<br \/>\nBordures Sapin 3 plis &#8211; gauche et droite 0,25 x 1 m<\/p>\n","protected":false},"featured_media":37857,"comment_status":"open","ping_status":"closed","template":"","meta":[],"product_cat":[224,102],"product_tag":[],"yoast_head":"<!-- This site is optimized with the Yoast SEO plugin v22.2 - https:\/\/yoast.com\/wordpress\/plugins\/seo\/ -->\n<title>Plancher Encastrable AUTOBLOC - SP \u00c9quipements<\/title>\n<meta name=\"robots\" content=\"index, follow, max-snippet:-1, max-image-preview:large, max-video-preview:-1\" \/>\n<link rel=\"canonical\" href=\"https:\/\/www.sp-equipements.com\/site\/produit\/plancher-encastrable-autobloc\/\" \/>\n<meta property=\"og:locale\" content=\"fr_FR\" \/>\n<meta property=\"og:type\" content=\"article\" \/>\n<meta property=\"og:title\" content=\"Plancher Encastrable AUTOBLOC - SP \u00c9quipements\" \/>\n<meta property=\"og:description\" content=\"AUTOBLOC est un syst\u00e8me de plancher autobloquant. Disposant d\u2019un syst\u00e8me d\u2019assemblage simple, rapide, sans outils et sans vis. Il est destin\u00e9 \u00e0 la r\u00e9alisation de surfaces importantes comme des chapiteaux, des protections de sol, des patinoires\u2026  Syst\u00e8me Les panneaux sont solidaris\u00e9s gr\u00e2ce aux tasseaux avec ergots qui viennent se loger dans un orifice pr\u00e9-perc\u00e9 sous les panneaux. Ainsi assembl\u00e9s, les panneaux sont bloqu\u00e9s et ne bougent plus. Le montage s\u2019effectue en \u00ab mur de briques \u00bb avec des panneaux de 2 x 1 m et d\u2019autres de 1 x 1 m. L\u2019acc\u00e8s au plancher est facilit\u00e9 par des bordures qui se fixent sur la p\u00e9riph\u00e9rie.  Caract\u00e9ristiques techniques Panneaux Sapin 3 plis 21 mm 2 x 1 m et 1 x 1 m Tasseaux Pin trait\u00e9 autoclave \u00e9paisseur 21 mm Bordures Sapin 3 plis - gauche et droite 0,25 x 1 m\" \/>\n<meta property=\"og:url\" content=\"https:\/\/www.sp-equipements.com\/site\/produit\/plancher-encastrable-autobloc\/\" \/>\n<meta property=\"og:site_name\" content=\"SP \u00c9quipements\" \/>\n<meta property=\"article:modified_time\" content=\"2019-06-19T13:32:36+00:00\" \/>\n<meta property=\"og:image\" content=\"https:\/\/www.sp-equipements.com\/site\/wp-content\/uploads\/2019\/06\/plancher_encastrable-1.jpg\" \/>\n\t<meta property=\"og:image:width\" content=\"190\" \/>\n\t<meta property=\"og:image:height\" content=\"190\" \/>\n\t<meta property=\"og:image:type\" content=\"image\/jpeg\" \/>\n<meta name=\"twitter:card\" content=\"summary_large_image\" \/>\n<script type=\"application\/ld+json\" class=\"yoast-schema-graph\">{\"@context\":\"https:\/\/schema.org\",\"@graph\":[{\"@type\":\"WebPage\",\"@id\":\"https:\/\/www.sp-equipements.com\/site\/produit\/plancher-encastrable-autobloc\/\",\"url\":\"https:\/\/www.sp-equipements.com\/site\/produit\/plancher-encastrable-autobloc\/\",\"name\":\"Plancher Encastrable AUTOBLOC - SP \u00c9quipements\",\"isPartOf\":{\"@id\":\"https:\/\/www.sp-equipements.com\/site\/#website\"},\"primaryImageOfPage\":{\"@id\":\"https:\/\/www.sp-equipements.com\/site\/produit\/plancher-encastrable-autobloc\/#primaryimage\"},\"image\":{\"@id\":\"https:\/\/www.sp-equipements.com\/site\/produit\/plancher-encastrable-autobloc\/#primaryimage\"},\"thumbnailUrl\":\"https:\/\/www.sp-equipements.com\/site\/wp-content\/uploads\/2019\/06\/plancher_encastrable-1.jpg\",\"datePublished\":\"2019-06-07T08:16:01+00:00\",\"dateModified\":\"2019-06-19T13:32:36+00:00\",\"breadcrumb\":{\"@id\":\"https:\/\/www.sp-equipements.com\/site\/produit\/plancher-encastrable-autobloc\/#breadcrumb\"},\"inLanguage\":\"fr-FR\",\"potentialAction\":[{\"@type\":\"ReadAction\",\"target\":[\"https:\/\/www.sp-equipements.com\/site\/produit\/plancher-encastrable-autobloc\/\"]}]},{\"@type\":\"ImageObject\",\"inLanguage\":\"fr-FR\",\"@id\":\"https:\/\/www.sp-equipements.com\/site\/produit\/plancher-encastrable-autobloc\/#primaryimage\",\"url\":\"https:\/\/www.sp-equipements.com\/site\/wp-content\/uploads\/2019\/06\/plancher_encastrable-1.jpg\",\"contentUrl\":\"https:\/\/www.sp-equipements.com\/site\/wp-content\/uploads\/2019\/06\/plancher_encastrable-1.jpg\",\"width\":190,\"height\":190,\"caption\":\"plancher encastrable 1\"},{\"@type\":\"BreadcrumbList\",\"@id\":\"https:\/\/www.sp-equipements.com\/site\/produit\/plancher-encastrable-autobloc\/#breadcrumb\",\"itemListElement\":[{\"@type\":\"ListItem\",\"position\":1,\"name\":\"Accueil\",\"item\":\"https:\/\/www.sp-equipements.com\/site\/\"},{\"@type\":\"ListItem\",\"position\":2,\"name\":\"Catalogue\",\"item\":\"https:\/\/www.sp-equipements.com\/site\/catalogue\/\"},{\"@type\":\"ListItem\",\"position\":3,\"name\":\"Plancher Encastrable AUTOBLOC\"}]},{\"@type\":\"WebSite\",\"@id\":\"https:\/\/www.sp-equipements.com\/site\/#website\",\"url\":\"https:\/\/www.sp-equipements.com\/site\/\",\"name\":\"SP \u00c9quipements\",\"description\":\"\u00c9quipements de collectivit\u00e9s\",\"potentialAction\":[{\"@type\":\"SearchAction\",\"target\":{\"@type\":\"EntryPoint\",\"urlTemplate\":\"https:\/\/www.sp-equipements.com\/site\/?s={search_term_string}\"},\"query-input\":\"required name=search_term_string\"}],\"inLanguage\":\"fr-FR\"}]}<\/script>\n<!-- \/ Yoast SEO plugin. -->","yoast_head_json":{"title":"Plancher Encastrable AUTOBLOC - SP \u00c9quipements","robots":{"index":"index","follow":"follow","max-snippet":"max-snippet:-1","max-image-preview":"max-image-preview:large","max-video-preview":"max-video-preview:-1"},"canonical":"https:\/\/www.sp-equipements.com\/site\/produit\/plancher-encastrable-autobloc\/","og_locale":"fr_FR","og_type":"article","og_title":"Plancher Encastrable AUTOBLOC - SP \u00c9quipements","og_description":"AUTOBLOC est un syst\u00e8me de plancher autobloquant. Disposant d\u2019un syst\u00e8me d\u2019assemblage simple, rapide, sans outils et sans vis. Il est destin\u00e9 \u00e0 la r\u00e9alisation de surfaces importantes comme des chapiteaux, des protections de sol, des patinoires\u2026  Syst\u00e8me Les panneaux sont solidaris\u00e9s gr\u00e2ce aux tasseaux avec ergots qui viennent se loger dans un orifice pr\u00e9-perc\u00e9 sous les panneaux. Ainsi assembl\u00e9s, les panneaux sont bloqu\u00e9s et ne bougent plus. Le montage s\u2019effectue en \u00ab mur de briques \u00bb avec des panneaux de 2 x 1 m et d\u2019autres de 1 x 1 m. L\u2019acc\u00e8s au plancher est facilit\u00e9 par des bordures qui se fixent sur la p\u00e9riph\u00e9rie.  Caract\u00e9ristiques techniques Panneaux Sapin 3 plis 21 mm 2 x 1 m et 1 x 1 m Tasseaux Pin trait\u00e9 autoclave \u00e9paisseur 21 mm Bordures Sapin 3 plis - gauche et droite 0,25 x 1 m","og_url":"https:\/\/www.sp-equipements.com\/site\/produit\/plancher-encastrable-autobloc\/","og_site_name":"SP \u00c9quipements","article_modified_time":"2019-06-19T13:32:36+00:00","og_image":[{"width":190,"height":190,"url":"https:\/\/www.sp-equipements.com\/site\/wp-content\/uploads\/2019\/06\/plancher_encastrable-1.jpg","type":"image\/jpeg"}],"twitter_card":"summary_large_image","schema":{"@context":"https:\/\/schema.org","@graph":[{"@type":"WebPage","@id":"https:\/\/www.sp-equipements.com\/site\/produit\/plancher-encastrable-autobloc\/","url":"https:\/\/www.sp-equipements.com\/site\/produit\/plancher-encastrable-autobloc\/","name":"Plancher Encastrable AUTOBLOC - SP \u00c9quipements","isPartOf":{"@id":"https:\/\/www.sp-equipements.com\/site\/#website"},"primaryImageOfPage":{"@id":"https:\/\/www.sp-equipements.com\/site\/produit\/plancher-encastrable-autobloc\/#primaryimage"},"image":{"@id":"https:\/\/www.sp-equipements.com\/site\/produit\/plancher-encastrable-autobloc\/#primaryimage"},"thumbnailUrl":"https:\/\/www.sp-equipements.com\/site\/wp-content\/uploads\/2019\/06\/plancher_encastrable-1.jpg","datePublished":"2019-06-07T08:16:01+00:00","dateModified":"2019-06-19T13:32:36+00:00","breadcrumb":{"@id":"https:\/\/www.sp-equipements.com\/site\/produit\/plancher-encastrable-autobloc\/#breadcrumb"},"inLanguage":"fr-FR","potentialAction":[{"@type":"ReadAction","target":["https:\/\/www.sp-equipements.com\/site\/produit\/plancher-encastrable-autobloc\/"]}]},{"@type":"ImageObject","inLanguage":"fr-FR","@id":"https:\/\/www.sp-equipements.com\/site\/produit\/plancher-encastrable-autobloc\/#primaryimage","url":"https:\/\/www.sp-equipements.com\/site\/wp-content\/uploads\/2019\/06\/plancher_encastrable-1.jpg","contentUrl":"https:\/\/www.sp-equipements.com\/site\/wp-content\/uploads\/2019\/06\/plancher_encastrable-1.jpg","width":190,"height":190,"caption":"plancher encastrable 1"},{"@type":"BreadcrumbList","@id":"https:\/\/www.sp-equipements.com\/site\/produit\/plancher-encastrable-autobloc\/#breadcrumb","itemListElement":[{"@type":"ListItem","position":1,"name":"Accueil","item":"https:\/\/www.sp-equipements.com\/site\/"},{"@type":"ListItem","position":2,"name":"Catalogue","item":"https:\/\/www.sp-equipements.com\/site\/catalogue\/"},{"@type":"ListItem","position":3,"name":"Plancher Encastrable AUTOBLOC"}]},{"@type":"WebSite","@id":"https:\/\/www.sp-equipements.com\/site\/#website","url":"https:\/\/www.sp-equipements.com\/site\/","name":"SP \u00c9quipements","description":"\u00c9quipements de collectivit\u00e9s","potentialAction":[{"@type":"SearchAction","target":{"@type":"EntryPoint","urlTemplate":"https:\/\/www.sp-equipements.com\/site\/?s={search_term_string}"},"query-input":"required name=search_term_string"}],"inLanguage":"fr-FR"}]}},"_links":{"self":[{"href":"https:\/\/www.sp-equipements.com\/site\/wp-json\/wp\/v2\/product\/21843"}],"collection":[{"href":"https:\/\/www.sp-equipements.com\/site\/wp-json\/wp\/v2\/product"}],"about":[{"href":"https:\/\/www.sp-equipements.com\/site\/wp-json\/wp\/v2\/types\/product"}],"replies":[{"embeddable":true,"href":"https:\/\/www.sp-equipements.com\/site\/wp-json\/wp\/v2\/comments?post=21843"}],"wp:featuredmedia":[{"embeddable":true,"href":"https:\/\/www.sp-equipements.com\/site\/wp-json\/wp\/v2\/media\/37857"}],"wp:attachment":[{"href":"https:\/\/www.sp-equipements.com\/site\/wp-json\/wp\/v2\/media?parent=21843"}],"wp:term":[{"taxonomy":"product_cat","embeddable":true,"href":"https:\/\/www.sp-equipements.com\/site\/wp-json\/wp\/v2\/product_cat?post=21843"},{"taxonomy":"product_tag","embeddable":true,"href":"https:\/\/www.sp-equipements.com\/site\/wp-json\/wp\/v2\/product_tag?post=21843"}],"curies":[{"name":"wp","href":"https:\/\/api.w.org\/{rel}","templated":true}]}}