{"id":21848,"date":"2019-06-07T10:16:46","date_gmt":"2019-06-07T08:16:46","guid":{"rendered":"http:\/\/www.polyequipements.com\/produit\/scene-mobile-hydrau-48m%c2%b2-ou-60m%c2%b2\/"},"modified":"2019-06-19T15:32:21","modified_gmt":"2019-06-19T13:32:21","slug":"scene-mobile-hydrau-48m%c2%b2-ou-60m%c2%b2","status":"publish","type":"product","link":"https:\/\/www.sp-equipements.com\/site\/produit\/scene-mobile-hydrau-48m%c2%b2-ou-60m%c2%b2\/","title":{"rendered":"Sc\u00e8ne Mobile HYDRAU <i>48m\u00b2 ou 60m\u00b2<\/i>"},"content":{"rendered":"","protected":false},"excerpt":{"rendered":"<p><i>Sc\u00e8ne mobile\u00a0<b>HYDRAU 3<\/b>, surface d\u00e9ploy\u00e9e 8 x 6 m, clearance 3\/4 m, poids \u00e0 vide 2800 Kg, poids maxi inf\u00e9rieur \u00e0 3500 Kg, 2 essieux. Dimensions sur route 9,50 m x 2,50 m.<\/p>\n<p>Sc\u00e8ne mobile\u00a0<b>HYDRAU 4<\/b>, surface d\u00e9ploy\u00e9e 9 x 6 m, clearance 3\/4 m, poids \u00e0 vide 3300 Kg, poids maxi inf\u00e9rieur \u00e0 3500 Kg, 2 essieux. Dimensions sur route 10,50 m x 2,50 m.<\/i><\/p>\n<p><b>HYDRAU 3<\/b><br \/>\n<i>Remorque<\/i><br \/>\n\u2022 Longueur : 9,50 m \u2022 Largeur : 2,50 m \u2022 Hauteur : 3,50 m \u2022 Poids : 2,8 T \u2022 Signalisation : CEE<br \/>\n<i>Plancher<\/i><br \/>\n\u2022 Longueur x Largeur : 8 x 6 m \u2022 Hauteur plancher sol : 0,90\/1,50 m \u2022 R\u00e9sistance : 500 Kg\/m\u00b2 \u2022 Surface : 48 m\u00b2 \u2022 Type : Plancher ext\u00e9rieur<\/p>\n<p><b>HYDRAU 4<\/b><br \/>\n<i>Remorque<\/i><br \/>\n\u2022 Longueur : 10,50 m \u2022 Largeur : 2,50 m \u2022 Hauteur : 3,80 m \u2022 Poids : 3,5 T \u2022 Signalisation : CEE<br \/>\n<i>Plancher<\/i><br \/>\n\u2022 Longueur x Largeur : 9 x 6,70 m \u2022 Hauteur plancher sol : 0,90\/1,50 m \u2022 R\u00e9sistance : 500 Kg\/m\u00b2 \u2022 Surface : 60,30 m\u00b2 \u2022 Type : Plancher ext\u00e9rieur<\/p>\n<p><b>Toiture HYDRAU 3 et 4<\/b><br \/>\n\u2022 Clearance : 4 \/ 5 m \u2022 Poteau arri\u00e8re : 4 m \u2022 Capacit\u00e9 de charge (r\u00e9partie) : 800 kg \u2022 Type : B\u00e2che M2<\/p>\n","protected":false},"featured_media":37821,"comment_status":"open","ping_status":"closed","template":"","meta":[],"product_cat":[103,189],"product_tag":[],"yoast_head":"<!-- This site is optimized with the Yoast SEO plugin v22.2 - https:\/\/yoast.com\/wordpress\/plugins\/seo\/ -->\n<title>Sc\u00e8ne Mobile HYDRAU 48m\u00b2 ou 60m\u00b2 - SP \u00c9quipements<\/title>\n<meta name=\"robots\" content=\"index, follow, max-snippet:-1, max-image-preview:large, max-video-preview:-1\" \/>\n<link rel=\"canonical\" href=\"https:\/\/www.sp-equipements.com\/site\/produit\/scene-mobile-hydrau-48m\u00b2-ou-60m\u00b2\/\" \/>\n<meta property=\"og:locale\" content=\"fr_FR\" \/>\n<meta property=\"og:type\" content=\"article\" \/>\n<meta property=\"og:title\" content=\"Sc\u00e8ne Mobile HYDRAU 48m\u00b2 ou 60m\u00b2 - SP \u00c9quipements\" \/>\n<meta property=\"og:description\" content=\"Sc\u00e8ne mobile\u00a0HYDRAU 3, surface d\u00e9ploy\u00e9e 8 x 6 m, clearance 3\/4 m, poids \u00e0 vide 2800 Kg, poids maxi inf\u00e9rieur \u00e0 3500 Kg, 2 essieux. Dimensions sur route 9,50 m x 2,50 m.  Sc\u00e8ne mobile\u00a0HYDRAU 4, surface d\u00e9ploy\u00e9e 9 x 6 m, clearance 3\/4 m, poids \u00e0 vide 3300 Kg, poids maxi inf\u00e9rieur \u00e0 3500 Kg, 2 essieux. Dimensions sur route 10,50 m x 2,50 m.  HYDRAU 3 Remorque \u2022 Longueur : 9,50 m \u2022 Largeur : 2,50 m \u2022 Hauteur : 3,50 m \u2022 Poids : 2,8 T \u2022 Signalisation : CEE Plancher \u2022 Longueur x Largeur : 8 x 6 m \u2022 Hauteur plancher sol : 0,90\/1,50 m \u2022 R\u00e9sistance : 500 Kg\/m\u00b2 \u2022 Surface : 48 m\u00b2 \u2022 Type : Plancher ext\u00e9rieur  HYDRAU 4 Remorque \u2022 Longueur : 10,50 m \u2022 Largeur : 2,50 m \u2022 Hauteur : 3,80 m \u2022 Poids : 3,5 T \u2022 Signalisation : CEE Plancher \u2022 Longueur x Largeur : 9 x 6,70 m \u2022 Hauteur plancher sol : 0,90\/1,50 m \u2022 R\u00e9sistance : 500 Kg\/m\u00b2 \u2022 Surface : 60,30 m\u00b2 \u2022 Type : Plancher ext\u00e9rieur  Toiture HYDRAU 3 et 4 \u2022 Clearance : 4 \/ 5 m \u2022 Poteau arri\u00e8re : 4 m \u2022 Capacit\u00e9 de charge (r\u00e9partie) : 800 kg \u2022 Type : B\u00e2che M2\" \/>\n<meta property=\"og:url\" content=\"https:\/\/www.sp-equipements.com\/site\/produit\/scene-mobile-hydrau-48m\u00b2-ou-60m\u00b2\/\" \/>\n<meta property=\"og:site_name\" content=\"SP \u00c9quipements\" \/>\n<meta property=\"article:modified_time\" content=\"2019-06-19T13:32:21+00:00\" \/>\n<meta property=\"og:image\" content=\"https:\/\/www.sp-equipements.com\/site\/wp-content\/uploads\/2019\/06\/scene_mobile_hydrau-1.jpg\" \/>\n\t<meta property=\"og:image:width\" content=\"190\" \/>\n\t<meta property=\"og:image:height\" content=\"190\" \/>\n\t<meta property=\"og:image:type\" content=\"image\/jpeg\" \/>\n<meta name=\"twitter:card\" content=\"summary_large_image\" \/>\n<script type=\"application\/ld+json\" class=\"yoast-schema-graph\">{\"@context\":\"https:\/\/schema.org\",\"@graph\":[{\"@type\":\"WebPage\",\"@id\":\"https:\/\/www.sp-equipements.com\/site\/produit\/scene-mobile-hydrau-48m%c2%b2-ou-60m%c2%b2\/\",\"url\":\"https:\/\/www.sp-equipements.com\/site\/produit\/scene-mobile-hydrau-48m%c2%b2-ou-60m%c2%b2\/\",\"name\":\"Sc\u00e8ne Mobile HYDRAU 48m\u00b2 ou 60m\u00b2 - SP \u00c9quipements\",\"isPartOf\":{\"@id\":\"https:\/\/www.sp-equipements.com\/site\/#website\"},\"primaryImageOfPage\":{\"@id\":\"https:\/\/www.sp-equipements.com\/site\/produit\/scene-mobile-hydrau-48m%c2%b2-ou-60m%c2%b2\/#primaryimage\"},\"image\":{\"@id\":\"https:\/\/www.sp-equipements.com\/site\/produit\/scene-mobile-hydrau-48m%c2%b2-ou-60m%c2%b2\/#primaryimage\"},\"thumbnailUrl\":\"https:\/\/www.sp-equipements.com\/site\/wp-content\/uploads\/2019\/06\/scene_mobile_hydrau-1.jpg\",\"datePublished\":\"2019-06-07T08:16:46+00:00\",\"dateModified\":\"2019-06-19T13:32:21+00:00\",\"breadcrumb\":{\"@id\":\"https:\/\/www.sp-equipements.com\/site\/produit\/scene-mobile-hydrau-48m%c2%b2-ou-60m%c2%b2\/#breadcrumb\"},\"inLanguage\":\"fr-FR\",\"potentialAction\":[{\"@type\":\"ReadAction\",\"target\":[\"https:\/\/www.sp-equipements.com\/site\/produit\/scene-mobile-hydrau-48m%c2%b2-ou-60m%c2%b2\/\"]}]},{\"@type\":\"ImageObject\",\"inLanguage\":\"fr-FR\",\"@id\":\"https:\/\/www.sp-equipements.com\/site\/produit\/scene-mobile-hydrau-48m%c2%b2-ou-60m%c2%b2\/#primaryimage\",\"url\":\"https:\/\/www.sp-equipements.com\/site\/wp-content\/uploads\/2019\/06\/scene_mobile_hydrau-1.jpg\",\"contentUrl\":\"https:\/\/www.sp-equipements.com\/site\/wp-content\/uploads\/2019\/06\/scene_mobile_hydrau-1.jpg\",\"width\":190,\"height\":190,\"caption\":\"scene mobile hydrau 1\"},{\"@type\":\"BreadcrumbList\",\"@id\":\"https:\/\/www.sp-equipements.com\/site\/produit\/scene-mobile-hydrau-48m%c2%b2-ou-60m%c2%b2\/#breadcrumb\",\"itemListElement\":[{\"@type\":\"ListItem\",\"position\":1,\"name\":\"Accueil\",\"item\":\"https:\/\/www.sp-equipements.com\/site\/\"},{\"@type\":\"ListItem\",\"position\":2,\"name\":\"Catalogue\",\"item\":\"https:\/\/www.sp-equipements.com\/site\/catalogue\/\"},{\"@type\":\"ListItem\",\"position\":3,\"name\":\"Sc\u00e8ne Mobile HYDRAU 48m\u00b2 ou 60m\u00b2\"}]},{\"@type\":\"WebSite\",\"@id\":\"https:\/\/www.sp-equipements.com\/site\/#website\",\"url\":\"https:\/\/www.sp-equipements.com\/site\/\",\"name\":\"SP \u00c9quipements\",\"description\":\"\u00c9quipements de collectivit\u00e9s\",\"potentialAction\":[{\"@type\":\"SearchAction\",\"target\":{\"@type\":\"EntryPoint\",\"urlTemplate\":\"https:\/\/www.sp-equipements.com\/site\/?s={search_term_string}\"},\"query-input\":\"required name=search_term_string\"}],\"inLanguage\":\"fr-FR\"}]}<\/script>\n<!-- \/ Yoast SEO plugin. -->","yoast_head_json":{"title":"Sc\u00e8ne Mobile HYDRAU 48m\u00b2 ou 60m\u00b2 - SP \u00c9quipements","robots":{"index":"index","follow":"follow","max-snippet":"max-snippet:-1","max-image-preview":"max-image-preview:large","max-video-preview":"max-video-preview:-1"},"canonical":"https:\/\/www.sp-equipements.com\/site\/produit\/scene-mobile-hydrau-48m\u00b2-ou-60m\u00b2\/","og_locale":"fr_FR","og_type":"article","og_title":"Sc\u00e8ne Mobile HYDRAU 48m\u00b2 ou 60m\u00b2 - SP \u00c9quipements","og_description":"Sc\u00e8ne mobile\u00a0HYDRAU 3, surface d\u00e9ploy\u00e9e 8 x 6 m, clearance 3\/4 m, poids \u00e0 vide 2800 Kg, poids maxi inf\u00e9rieur \u00e0 3500 Kg, 2 essieux. Dimensions sur route 9,50 m x 2,50 m.  Sc\u00e8ne mobile\u00a0HYDRAU 4, surface d\u00e9ploy\u00e9e 9 x 6 m, clearance 3\/4 m, poids \u00e0 vide 3300 Kg, poids maxi inf\u00e9rieur \u00e0 3500 Kg, 2 essieux. Dimensions sur route 10,50 m x 2,50 m.  HYDRAU 3 Remorque \u2022 Longueur : 9,50 m \u2022 Largeur : 2,50 m \u2022 Hauteur : 3,50 m \u2022 Poids : 2,8 T \u2022 Signalisation : CEE Plancher \u2022 Longueur x Largeur : 8 x 6 m \u2022 Hauteur plancher sol : 0,90\/1,50 m \u2022 R\u00e9sistance : 500 Kg\/m\u00b2 \u2022 Surface : 48 m\u00b2 \u2022 Type : Plancher ext\u00e9rieur  HYDRAU 4 Remorque \u2022 Longueur : 10,50 m \u2022 Largeur : 2,50 m \u2022 Hauteur : 3,80 m \u2022 Poids : 3,5 T \u2022 Signalisation : CEE Plancher \u2022 Longueur x Largeur : 9 x 6,70 m \u2022 Hauteur plancher sol : 0,90\/1,50 m \u2022 R\u00e9sistance : 500 Kg\/m\u00b2 \u2022 Surface : 60,30 m\u00b2 \u2022 Type : Plancher ext\u00e9rieur  Toiture HYDRAU 3 et 4 \u2022 Clearance : 4 \/ 5 m \u2022 Poteau arri\u00e8re : 4 m \u2022 Capacit\u00e9 de charge (r\u00e9partie) : 800 kg \u2022 Type : B\u00e2che M2","og_url":"https:\/\/www.sp-equipements.com\/site\/produit\/scene-mobile-hydrau-48m\u00b2-ou-60m\u00b2\/","og_site_name":"SP \u00c9quipements","article_modified_time":"2019-06-19T13:32:21+00:00","og_image":[{"width":190,"height":190,"url":"https:\/\/www.sp-equipements.com\/site\/wp-content\/uploads\/2019\/06\/scene_mobile_hydrau-1.jpg","type":"image\/jpeg"}],"twitter_card":"summary_large_image","schema":{"@context":"https:\/\/schema.org","@graph":[{"@type":"WebPage","@id":"https:\/\/www.sp-equipements.com\/site\/produit\/scene-mobile-hydrau-48m%c2%b2-ou-60m%c2%b2\/","url":"https:\/\/www.sp-equipements.com\/site\/produit\/scene-mobile-hydrau-48m%c2%b2-ou-60m%c2%b2\/","name":"Sc\u00e8ne Mobile HYDRAU 48m\u00b2 ou 60m\u00b2 - SP \u00c9quipements","isPartOf":{"@id":"https:\/\/www.sp-equipements.com\/site\/#website"},"primaryImageOfPage":{"@id":"https:\/\/www.sp-equipements.com\/site\/produit\/scene-mobile-hydrau-48m%c2%b2-ou-60m%c2%b2\/#primaryimage"},"image":{"@id":"https:\/\/www.sp-equipements.com\/site\/produit\/scene-mobile-hydrau-48m%c2%b2-ou-60m%c2%b2\/#primaryimage"},"thumbnailUrl":"https:\/\/www.sp-equipements.com\/site\/wp-content\/uploads\/2019\/06\/scene_mobile_hydrau-1.jpg","datePublished":"2019-06-07T08:16:46+00:00","dateModified":"2019-06-19T13:32:21+00:00","breadcrumb":{"@id":"https:\/\/www.sp-equipements.com\/site\/produit\/scene-mobile-hydrau-48m%c2%b2-ou-60m%c2%b2\/#breadcrumb"},"inLanguage":"fr-FR","potentialAction":[{"@type":"ReadAction","target":["https:\/\/www.sp-equipements.com\/site\/produit\/scene-mobile-hydrau-48m%c2%b2-ou-60m%c2%b2\/"]}]},{"@type":"ImageObject","inLanguage":"fr-FR","@id":"https:\/\/www.sp-equipements.com\/site\/produit\/scene-mobile-hydrau-48m%c2%b2-ou-60m%c2%b2\/#primaryimage","url":"https:\/\/www.sp-equipements.com\/site\/wp-content\/uploads\/2019\/06\/scene_mobile_hydrau-1.jpg","contentUrl":"https:\/\/www.sp-equipements.com\/site\/wp-content\/uploads\/2019\/06\/scene_mobile_hydrau-1.jpg","width":190,"height":190,"caption":"scene mobile hydrau 1"},{"@type":"BreadcrumbList","@id":"https:\/\/www.sp-equipements.com\/site\/produit\/scene-mobile-hydrau-48m%c2%b2-ou-60m%c2%b2\/#breadcrumb","itemListElement":[{"@type":"ListItem","position":1,"name":"Accueil","item":"https:\/\/www.sp-equipements.com\/site\/"},{"@type":"ListItem","position":2,"name":"Catalogue","item":"https:\/\/www.sp-equipements.com\/site\/catalogue\/"},{"@type":"ListItem","position":3,"name":"Sc\u00e8ne Mobile HYDRAU 48m\u00b2 ou 60m\u00b2"}]},{"@type":"WebSite","@id":"https:\/\/www.sp-equipements.com\/site\/#website","url":"https:\/\/www.sp-equipements.com\/site\/","name":"SP \u00c9quipements","description":"\u00c9quipements de collectivit\u00e9s","potentialAction":[{"@type":"SearchAction","target":{"@type":"EntryPoint","urlTemplate":"https:\/\/www.sp-equipements.com\/site\/?s={search_term_string}"},"query-input":"required name=search_term_string"}],"inLanguage":"fr-FR"}]}},"_links":{"self":[{"href":"https:\/\/www.sp-equipements.com\/site\/wp-json\/wp\/v2\/product\/21848"}],"collection":[{"href":"https:\/\/www.sp-equipements.com\/site\/wp-json\/wp\/v2\/product"}],"about":[{"href":"https:\/\/www.sp-equipements.com\/site\/wp-json\/wp\/v2\/types\/product"}],"replies":[{"embeddable":true,"href":"https:\/\/www.sp-equipements.com\/site\/wp-json\/wp\/v2\/comments?post=21848"}],"wp:featuredmedia":[{"embeddable":true,"href":"https:\/\/www.sp-equipements.com\/site\/wp-json\/wp\/v2\/media\/37821"}],"wp:attachment":[{"href":"https:\/\/www.sp-equipements.com\/site\/wp-json\/wp\/v2\/media?parent=21848"}],"wp:term":[{"taxonomy":"product_cat","embeddable":true,"href":"https:\/\/www.sp-equipements.com\/site\/wp-json\/wp\/v2\/product_cat?post=21848"},{"taxonomy":"product_tag","embeddable":true,"href":"https:\/\/www.sp-equipements.com\/site\/wp-json\/wp\/v2\/product_tag?post=21848"}],"curies":[{"name":"wp","href":"https:\/\/api.w.org\/{rel}","templated":true}]}}