{"id":21849,"date":"2019-06-07T10:16:46","date_gmt":"2019-06-07T08:16:46","guid":{"rendered":"http:\/\/www.polyequipements.com\/produit\/gradin-mobile-122-places\/"},"modified":"2026-02-27T09:27:09","modified_gmt":"2026-02-27T08:27:09","slug":"gradin-mobile-122-places","status":"publish","type":"product","link":"https:\/\/www.sp-equipements.com\/site\/produit\/gradin-mobile-122-places\/","title":{"rendered":"Gradin Mobile 122 Places"},"content":{"rendered":"","protected":false},"excerpt":{"rendered":"<p><i>Remorque<\/i><br \/>\u2022 Longueur : 9,50 m<br \/>\u2022 Largeur : 2,50 m<br \/>\u2022 Hauteur : 3,80 m<br \/>\u2022 Poids : 3,5 T<br \/>\u2022 Signalisation : CEE<\/p>\n<p><i>Plancher<\/i><br \/>\u2022 Longueur x Largeur : 8 x 7 m<br \/>\u2022 R\u00e9sistance : 500 Kg\/m\u00b2<br \/>\u2022 Surface : 56 m\u00b2<br \/>\u2022 Type de surface : Aluminium<br \/>\u2022 Nombre de places : 122<\/p>\n<p><i>Toiture<\/i><br \/>\u2022 Long. x Larg. : 8 x 7 m<br \/>\u2022 Clearance : 4,94 m<br \/>\u2022 Type : B\u00e2che M2<\/p>\n","protected":false},"featured_media":37822,"comment_status":"open","ping_status":"closed","template":"","meta":[],"product_cat":[190,103],"product_tag":[],"yoast_head":"<!-- This site is optimized with the Yoast SEO plugin v22.2 - https:\/\/yoast.com\/wordpress\/plugins\/seo\/ -->\n<title>Gradin Mobile 122 Places - SP \u00c9quipements<\/title>\n<meta name=\"robots\" content=\"index, follow, max-snippet:-1, max-image-preview:large, max-video-preview:-1\" \/>\n<link rel=\"canonical\" href=\"https:\/\/www.sp-equipements.com\/site\/produit\/gradin-mobile-122-places\/\" \/>\n<meta property=\"og:locale\" content=\"fr_FR\" \/>\n<meta property=\"og:type\" content=\"article\" \/>\n<meta property=\"og:title\" content=\"Gradin Mobile 122 Places - SP \u00c9quipements\" \/>\n<meta property=\"og:description\" content=\"Remorque\u2022 Longueur : 9,50 m\u2022 Largeur : 2,50 m\u2022 Hauteur : 3,80 m\u2022 Poids : 3,5 T\u2022 Signalisation : CEEPlancher\u2022 Longueur x Largeur : 8 x 7 m\u2022 R\u00e9sistance : 500 Kg\/m\u00b2\u2022 Surface : 56 m\u00b2\u2022 Type de surface : Aluminium\u2022 Nombre de places : 122Toiture\u2022 Long. x Larg. : 8 x 7 m\u2022 Clearance : 4,94 m\u2022 Type : B\u00e2che M2\" \/>\n<meta property=\"og:url\" content=\"https:\/\/www.sp-equipements.com\/site\/produit\/gradin-mobile-122-places\/\" \/>\n<meta property=\"og:site_name\" content=\"SP \u00c9quipements\" \/>\n<meta property=\"article:modified_time\" content=\"2026-02-27T08:27:09+00:00\" \/>\n<meta property=\"og:image\" content=\"https:\/\/www.sp-equipements.com\/site\/wp-content\/uploads\/2019\/06\/gradin_mobil_122places-1.jpg\" \/>\n\t<meta property=\"og:image:width\" content=\"190\" \/>\n\t<meta property=\"og:image:height\" content=\"190\" \/>\n\t<meta property=\"og:image:type\" content=\"image\/jpeg\" \/>\n<meta name=\"twitter:card\" content=\"summary_large_image\" \/>\n<script type=\"application\/ld+json\" class=\"yoast-schema-graph\">{\"@context\":\"https:\/\/schema.org\",\"@graph\":[{\"@type\":\"WebPage\",\"@id\":\"https:\/\/www.sp-equipements.com\/site\/produit\/gradin-mobile-122-places\/\",\"url\":\"https:\/\/www.sp-equipements.com\/site\/produit\/gradin-mobile-122-places\/\",\"name\":\"Gradin Mobile 122 Places - SP \u00c9quipements\",\"isPartOf\":{\"@id\":\"https:\/\/www.sp-equipements.com\/site\/#website\"},\"primaryImageOfPage\":{\"@id\":\"https:\/\/www.sp-equipements.com\/site\/produit\/gradin-mobile-122-places\/#primaryimage\"},\"image\":{\"@id\":\"https:\/\/www.sp-equipements.com\/site\/produit\/gradin-mobile-122-places\/#primaryimage\"},\"thumbnailUrl\":\"https:\/\/www.sp-equipements.com\/site\/wp-content\/uploads\/2019\/06\/gradin_mobil_122places-1.jpg\",\"datePublished\":\"2019-06-07T08:16:46+00:00\",\"dateModified\":\"2026-02-27T08:27:09+00:00\",\"breadcrumb\":{\"@id\":\"https:\/\/www.sp-equipements.com\/site\/produit\/gradin-mobile-122-places\/#breadcrumb\"},\"inLanguage\":\"fr-FR\",\"potentialAction\":[{\"@type\":\"ReadAction\",\"target\":[\"https:\/\/www.sp-equipements.com\/site\/produit\/gradin-mobile-122-places\/\"]}]},{\"@type\":\"ImageObject\",\"inLanguage\":\"fr-FR\",\"@id\":\"https:\/\/www.sp-equipements.com\/site\/produit\/gradin-mobile-122-places\/#primaryimage\",\"url\":\"https:\/\/www.sp-equipements.com\/site\/wp-content\/uploads\/2019\/06\/gradin_mobil_122places-1.jpg\",\"contentUrl\":\"https:\/\/www.sp-equipements.com\/site\/wp-content\/uploads\/2019\/06\/gradin_mobil_122places-1.jpg\",\"width\":190,\"height\":190,\"caption\":\"gradin mobil 122places 1\"},{\"@type\":\"BreadcrumbList\",\"@id\":\"https:\/\/www.sp-equipements.com\/site\/produit\/gradin-mobile-122-places\/#breadcrumb\",\"itemListElement\":[{\"@type\":\"ListItem\",\"position\":1,\"name\":\"Accueil\",\"item\":\"https:\/\/www.sp-equipements.com\/site\/\"},{\"@type\":\"ListItem\",\"position\":2,\"name\":\"Catalogue\",\"item\":\"https:\/\/www.sp-equipements.com\/site\/catalogue\/\"},{\"@type\":\"ListItem\",\"position\":3,\"name\":\"Gradin Mobile 122 Places\"}]},{\"@type\":\"WebSite\",\"@id\":\"https:\/\/www.sp-equipements.com\/site\/#website\",\"url\":\"https:\/\/www.sp-equipements.com\/site\/\",\"name\":\"SP \u00c9quipements\",\"description\":\"\u00c9quipements de collectivit\u00e9s\",\"potentialAction\":[{\"@type\":\"SearchAction\",\"target\":{\"@type\":\"EntryPoint\",\"urlTemplate\":\"https:\/\/www.sp-equipements.com\/site\/?s={search_term_string}\"},\"query-input\":\"required name=search_term_string\"}],\"inLanguage\":\"fr-FR\"}]}<\/script>\n<!-- \/ Yoast SEO plugin. -->","yoast_head_json":{"title":"Gradin Mobile 122 Places - SP \u00c9quipements","robots":{"index":"index","follow":"follow","max-snippet":"max-snippet:-1","max-image-preview":"max-image-preview:large","max-video-preview":"max-video-preview:-1"},"canonical":"https:\/\/www.sp-equipements.com\/site\/produit\/gradin-mobile-122-places\/","og_locale":"fr_FR","og_type":"article","og_title":"Gradin Mobile 122 Places - SP \u00c9quipements","og_description":"Remorque\u2022 Longueur : 9,50 m\u2022 Largeur : 2,50 m\u2022 Hauteur : 3,80 m\u2022 Poids : 3,5 T\u2022 Signalisation : CEEPlancher\u2022 Longueur x Largeur : 8 x 7 m\u2022 R\u00e9sistance : 500 Kg\/m\u00b2\u2022 Surface : 56 m\u00b2\u2022 Type de surface : Aluminium\u2022 Nombre de places : 122Toiture\u2022 Long. x Larg. : 8 x 7 m\u2022 Clearance : 4,94 m\u2022 Type : B\u00e2che M2","og_url":"https:\/\/www.sp-equipements.com\/site\/produit\/gradin-mobile-122-places\/","og_site_name":"SP \u00c9quipements","article_modified_time":"2026-02-27T08:27:09+00:00","og_image":[{"width":190,"height":190,"url":"https:\/\/www.sp-equipements.com\/site\/wp-content\/uploads\/2019\/06\/gradin_mobil_122places-1.jpg","type":"image\/jpeg"}],"twitter_card":"summary_large_image","schema":{"@context":"https:\/\/schema.org","@graph":[{"@type":"WebPage","@id":"https:\/\/www.sp-equipements.com\/site\/produit\/gradin-mobile-122-places\/","url":"https:\/\/www.sp-equipements.com\/site\/produit\/gradin-mobile-122-places\/","name":"Gradin Mobile 122 Places - SP \u00c9quipements","isPartOf":{"@id":"https:\/\/www.sp-equipements.com\/site\/#website"},"primaryImageOfPage":{"@id":"https:\/\/www.sp-equipements.com\/site\/produit\/gradin-mobile-122-places\/#primaryimage"},"image":{"@id":"https:\/\/www.sp-equipements.com\/site\/produit\/gradin-mobile-122-places\/#primaryimage"},"thumbnailUrl":"https:\/\/www.sp-equipements.com\/site\/wp-content\/uploads\/2019\/06\/gradin_mobil_122places-1.jpg","datePublished":"2019-06-07T08:16:46+00:00","dateModified":"2026-02-27T08:27:09+00:00","breadcrumb":{"@id":"https:\/\/www.sp-equipements.com\/site\/produit\/gradin-mobile-122-places\/#breadcrumb"},"inLanguage":"fr-FR","potentialAction":[{"@type":"ReadAction","target":["https:\/\/www.sp-equipements.com\/site\/produit\/gradin-mobile-122-places\/"]}]},{"@type":"ImageObject","inLanguage":"fr-FR","@id":"https:\/\/www.sp-equipements.com\/site\/produit\/gradin-mobile-122-places\/#primaryimage","url":"https:\/\/www.sp-equipements.com\/site\/wp-content\/uploads\/2019\/06\/gradin_mobil_122places-1.jpg","contentUrl":"https:\/\/www.sp-equipements.com\/site\/wp-content\/uploads\/2019\/06\/gradin_mobil_122places-1.jpg","width":190,"height":190,"caption":"gradin mobil 122places 1"},{"@type":"BreadcrumbList","@id":"https:\/\/www.sp-equipements.com\/site\/produit\/gradin-mobile-122-places\/#breadcrumb","itemListElement":[{"@type":"ListItem","position":1,"name":"Accueil","item":"https:\/\/www.sp-equipements.com\/site\/"},{"@type":"ListItem","position":2,"name":"Catalogue","item":"https:\/\/www.sp-equipements.com\/site\/catalogue\/"},{"@type":"ListItem","position":3,"name":"Gradin Mobile 122 Places"}]},{"@type":"WebSite","@id":"https:\/\/www.sp-equipements.com\/site\/#website","url":"https:\/\/www.sp-equipements.com\/site\/","name":"SP \u00c9quipements","description":"\u00c9quipements de collectivit\u00e9s","potentialAction":[{"@type":"SearchAction","target":{"@type":"EntryPoint","urlTemplate":"https:\/\/www.sp-equipements.com\/site\/?s={search_term_string}"},"query-input":"required name=search_term_string"}],"inLanguage":"fr-FR"}]}},"_links":{"self":[{"href":"https:\/\/www.sp-equipements.com\/site\/wp-json\/wp\/v2\/product\/21849"}],"collection":[{"href":"https:\/\/www.sp-equipements.com\/site\/wp-json\/wp\/v2\/product"}],"about":[{"href":"https:\/\/www.sp-equipements.com\/site\/wp-json\/wp\/v2\/types\/product"}],"replies":[{"embeddable":true,"href":"https:\/\/www.sp-equipements.com\/site\/wp-json\/wp\/v2\/comments?post=21849"}],"wp:featuredmedia":[{"embeddable":true,"href":"https:\/\/www.sp-equipements.com\/site\/wp-json\/wp\/v2\/media\/37822"}],"wp:attachment":[{"href":"https:\/\/www.sp-equipements.com\/site\/wp-json\/wp\/v2\/media?parent=21849"}],"wp:term":[{"taxonomy":"product_cat","embeddable":true,"href":"https:\/\/www.sp-equipements.com\/site\/wp-json\/wp\/v2\/product_cat?post=21849"},{"taxonomy":"product_tag","embeddable":true,"href":"https:\/\/www.sp-equipements.com\/site\/wp-json\/wp\/v2\/product_tag?post=21849"}],"curies":[{"name":"wp","href":"https:\/\/api.w.org\/{rel}","templated":true}]}}