{"id":21851,"date":"2019-06-07T10:17:32","date_gmt":"2019-06-07T08:17:32","guid":{"rendered":"http:\/\/www.polyequipements.com\/produit\/praticable-2x1m-avec-pieds-telescopiques-750kg-m%c2%b2-polypodium\/"},"modified":"2021-05-06T18:52:07","modified_gmt":"2021-05-06T16:52:07","slug":"praticable-2x1m-avec-pieds-telescopiques-750kg-m%c2%b2-polypodium","status":"publish","type":"product","link":"https:\/\/www.sp-equipements.com\/site\/produit\/praticable-2x1m-avec-pieds-telescopiques-750kg-m%c2%b2-polypodium\/","title":{"rendered":"Praticable 2x1m avec Pieds T\u00e9lescopiques <i>750kg\/m\u00b2<\/i> POLYPODIUM"},"content":{"rendered":"","protected":false},"excerpt":{"rendered":"<div id=\"box-article-description\">\n<div id=\"display-article-description\">\n<p><i>Praticable \u00e0 pieds t\u00e9lescopiques POLYPODIUM<\/i><\/p>\n<p><b><u>Podium 2x1m<\/u><br \/>\n\u2022 Plate-forme \u00e0 pieds encastrables r\u00e9glables en hauteur<br \/>\n\u2022 Montage et d\u00e9montage rapides<br \/>\n\u2022 R\u00e9glage en hauteur possible (pieds t\u00e9lescopiques)<br \/>\n\u2022 Disponible en diff\u00e9rentes surfaces<br \/>\n\u2022 Sabots en caoutchouc antid\u00e9rapant de grander taille<br \/>\n\u2022 Statique certifi\u00e9e selon la norme DIN 4112<br \/>\n\u2022 Homologation pour les sc\u00e8nes et tribunes jusqu\u2019\u00e0 4 m de haut<br \/>\n\u2022 Timbre du certificat de s\u00e9curit\u00e9 et certification TUV et VERITAS.<br \/>\n\u2022 Fournie avec 2 griffes d&rsquo;accroche pour la jonction entre praticables.<\/b><\/p>\n<p><u>Description du produit<\/u><br \/>\nUne plate-forme tr\u00e8s l\u00e9g\u00e8re \u00e0 pieds encastrables et encadrement anodis\u00e9 lisse pour le domaine g\u00e9n\u00e9ral des manifestations, pr\u00e9sentations de produits et ajustages de niveau dans les processus industriels de fabrication. Les crochets d\u2019assemblage incorpor\u00e9s servent \u00e0 consolider les plates-formes entre elles. La version angulaire sp\u00e9ciale peut servir \u00e0 fixer des accessoires tels que panneaux, garde-corps, etc. Fixation des pieds sans outillage en quelques secondes. La plaque portante de 22 mm est disponible en diff\u00e9rentes surfaces. La plate-forme id\u00e9ale pour les dimensions et les formes particuli\u00e8res.<\/p>\n<p><u>Caract\u00e9ristiques techniques<\/u><br \/>\n\u2022 Dimensions 2 m x 1 m \u2022 Autres dimensions sur demande \u2022 Charge utile\u00a0<b>750 daN\/m2<\/b>\u00a0\u00e0 force de traction simultan\u00e9e de 1\/10 \u2022 Hauteur maxi sans renforcement diagonal 1,66 m, et 4,00 m avec entretoises de renforcement (selon le descriptif de construction) \u2022 Poids 32 kg \u2022 Niveau de stockage 9 cm \u2022 Plaque portante 22 mm<\/p>\n<p><u>Autres<\/u><br \/>\nMontage et d\u00e9montage rapide et ais\u00e9<br \/>\nCrochets plastiques incorpor\u00e9s ou accouplements garantissent un assemblage s\u00fbr et une manipulation facile.<br \/>\nLes pieds t\u00e9lescopiques 60\/60mm permettent de compenser les asp\u00e9rit\u00e9s du sol dans les zones ext\u00e9rieures<\/p>\n<p><b>Utilisation int\u00e9rieur :\u00a0<\/b>en plancher CP 22mm<br \/>\n<b>Utilisation ext\u00e9rieur et int\u00e9rieur :\u00a0<\/b>en plancher roligrip antid\u00e9rapant et hydrofuge.<\/p>\n<p><b>GARANTIE 10 ANS<\/b><\/p>\n<\/div>\n<\/div>\n","protected":false},"featured_media":37858,"comment_status":"open","ping_status":"closed","template":"","meta":[],"product_cat":[191,104],"product_tag":[],"yoast_head":"<!-- This site is optimized with the Yoast SEO plugin v22.2 - https:\/\/yoast.com\/wordpress\/plugins\/seo\/ -->\n<title>Praticable 2x1m avec Pieds T\u00e9lescopiques 750kg\/m\u00b2 POLYPODIUM - SP \u00c9quipements<\/title>\n<meta name=\"robots\" content=\"index, follow, max-snippet:-1, max-image-preview:large, max-video-preview:-1\" \/>\n<link rel=\"canonical\" href=\"https:\/\/www.sp-equipements.com\/site\/produit\/praticable-2x1m-avec-pieds-telescopiques-750kg-m\u00b2-polypodium\/\" \/>\n<meta property=\"og:locale\" content=\"fr_FR\" \/>\n<meta property=\"og:type\" content=\"article\" \/>\n<meta property=\"og:title\" content=\"Praticable 2x1m avec Pieds T\u00e9lescopiques 750kg\/m\u00b2 POLYPODIUM - SP \u00c9quipements\" \/>\n<meta property=\"og:description\" content=\"Praticable \u00e0 pieds t\u00e9lescopiques POLYPODIUM  Podium 2x1m \u2022 Plate-forme \u00e0 pieds encastrables r\u00e9glables en hauteur \u2022 Montage et d\u00e9montage rapides \u2022 R\u00e9glage en hauteur possible (pieds t\u00e9lescopiques) \u2022 Disponible en diff\u00e9rentes surfaces \u2022 Sabots en caoutchouc antid\u00e9rapant de grander taille \u2022 Statique certifi\u00e9e selon la norme DIN 4112 \u2022 Homologation pour les sc\u00e8nes et tribunes jusqu\u2019\u00e0 4 m de haut \u2022 Timbre du certificat de s\u00e9curit\u00e9 et certification TUV et VERITAS. \u2022 Fournie avec 2 griffes d&#039;accroche pour la jonction entre praticables.  Description du produit Une plate-forme tr\u00e8s l\u00e9g\u00e8re \u00e0 pieds encastrables et encadrement anodis\u00e9 lisse pour le domaine g\u00e9n\u00e9ral des manifestations, pr\u00e9sentations de produits et ajustages de niveau dans les processus industriels de fabrication. Les crochets d\u2019assemblage incorpor\u00e9s servent \u00e0 consolider les plates-formes entre elles. La version angulaire sp\u00e9ciale peut servir \u00e0 fixer des accessoires tels que panneaux, garde-corps, etc. Fixation des pieds sans outillage en quelques secondes. La plaque portante de 22 mm est disponible en diff\u00e9rentes surfaces. La plate-forme id\u00e9ale pour les dimensions et les formes particuli\u00e8res.  Caract\u00e9ristiques techniques \u2022 Dimensions 2 m x 1 m \u2022 Autres dimensions sur demande \u2022 Charge utile\u00a0750 daN\/m2\u00a0\u00e0 force de traction simultan\u00e9e de 1\/10 \u2022 Hauteur maxi sans renforcement diagonal 1,66 m, et 4,00 m avec entretoises de renforcement (selon le descriptif de construction) \u2022 Poids 32 kg \u2022 Niveau de stockage 9 cm \u2022 Plaque portante 22 mm  Autres Montage et d\u00e9montage rapide et ais\u00e9 Crochets plastiques incorpor\u00e9s ou accouplements garantissent un assemblage s\u00fbr et une manipulation facile. Les pieds t\u00e9lescopiques 60\/60mm permettent de compenser les asp\u00e9rit\u00e9s du sol dans les zones ext\u00e9rieures  Utilisation int\u00e9rieur :\u00a0en plancher CP 22mm Utilisation ext\u00e9rieur et int\u00e9rieur :\u00a0en plancher roligrip antid\u00e9rapant et hydrofuge.  GARANTIE 10 ANS\" \/>\n<meta property=\"og:url\" content=\"https:\/\/www.sp-equipements.com\/site\/produit\/praticable-2x1m-avec-pieds-telescopiques-750kg-m\u00b2-polypodium\/\" \/>\n<meta property=\"og:site_name\" content=\"SP \u00c9quipements\" \/>\n<meta property=\"article:modified_time\" content=\"2021-05-06T16:52:07+00:00\" \/>\n<meta property=\"og:image\" content=\"https:\/\/www.sp-equipements.com\/site\/wp-content\/uploads\/2019\/06\/praticable_2x1m_pieds_telescopiques-1.jpg\" \/>\n\t<meta property=\"og:image:width\" content=\"190\" \/>\n\t<meta property=\"og:image:height\" content=\"190\" \/>\n\t<meta property=\"og:image:type\" content=\"image\/jpeg\" \/>\n<meta name=\"twitter:card\" content=\"summary_large_image\" \/>\n<script type=\"application\/ld+json\" class=\"yoast-schema-graph\">{\"@context\":\"https:\/\/schema.org\",\"@graph\":[{\"@type\":\"WebPage\",\"@id\":\"https:\/\/www.sp-equipements.com\/site\/produit\/praticable-2x1m-avec-pieds-telescopiques-750kg-m%c2%b2-polypodium\/\",\"url\":\"https:\/\/www.sp-equipements.com\/site\/produit\/praticable-2x1m-avec-pieds-telescopiques-750kg-m%c2%b2-polypodium\/\",\"name\":\"Praticable 2x1m avec Pieds T\u00e9lescopiques 750kg\/m\u00b2 POLYPODIUM - SP \u00c9quipements\",\"isPartOf\":{\"@id\":\"https:\/\/www.sp-equipements.com\/site\/#website\"},\"primaryImageOfPage\":{\"@id\":\"https:\/\/www.sp-equipements.com\/site\/produit\/praticable-2x1m-avec-pieds-telescopiques-750kg-m%c2%b2-polypodium\/#primaryimage\"},\"image\":{\"@id\":\"https:\/\/www.sp-equipements.com\/site\/produit\/praticable-2x1m-avec-pieds-telescopiques-750kg-m%c2%b2-polypodium\/#primaryimage\"},\"thumbnailUrl\":\"https:\/\/www.sp-equipements.com\/site\/wp-content\/uploads\/2019\/06\/praticable_2x1m_pieds_telescopiques-1.jpg\",\"datePublished\":\"2019-06-07T08:17:32+00:00\",\"dateModified\":\"2021-05-06T16:52:07+00:00\",\"breadcrumb\":{\"@id\":\"https:\/\/www.sp-equipements.com\/site\/produit\/praticable-2x1m-avec-pieds-telescopiques-750kg-m%c2%b2-polypodium\/#breadcrumb\"},\"inLanguage\":\"fr-FR\",\"potentialAction\":[{\"@type\":\"ReadAction\",\"target\":[\"https:\/\/www.sp-equipements.com\/site\/produit\/praticable-2x1m-avec-pieds-telescopiques-750kg-m%c2%b2-polypodium\/\"]}]},{\"@type\":\"ImageObject\",\"inLanguage\":\"fr-FR\",\"@id\":\"https:\/\/www.sp-equipements.com\/site\/produit\/praticable-2x1m-avec-pieds-telescopiques-750kg-m%c2%b2-polypodium\/#primaryimage\",\"url\":\"https:\/\/www.sp-equipements.com\/site\/wp-content\/uploads\/2019\/06\/praticable_2x1m_pieds_telescopiques-1.jpg\",\"contentUrl\":\"https:\/\/www.sp-equipements.com\/site\/wp-content\/uploads\/2019\/06\/praticable_2x1m_pieds_telescopiques-1.jpg\",\"width\":190,\"height\":190,\"caption\":\"praticable 2x1m pieds telescopiques 1\"},{\"@type\":\"BreadcrumbList\",\"@id\":\"https:\/\/www.sp-equipements.com\/site\/produit\/praticable-2x1m-avec-pieds-telescopiques-750kg-m%c2%b2-polypodium\/#breadcrumb\",\"itemListElement\":[{\"@type\":\"ListItem\",\"position\":1,\"name\":\"Accueil\",\"item\":\"https:\/\/www.sp-equipements.com\/site\/\"},{\"@type\":\"ListItem\",\"position\":2,\"name\":\"Catalogue\",\"item\":\"https:\/\/www.sp-equipements.com\/site\/catalogue\/\"},{\"@type\":\"ListItem\",\"position\":3,\"name\":\"Praticable 2x1m avec Pieds T\u00e9lescopiques 750kg\/m\u00b2 POLYPODIUM\"}]},{\"@type\":\"WebSite\",\"@id\":\"https:\/\/www.sp-equipements.com\/site\/#website\",\"url\":\"https:\/\/www.sp-equipements.com\/site\/\",\"name\":\"SP \u00c9quipements\",\"description\":\"\u00c9quipements de collectivit\u00e9s\",\"potentialAction\":[{\"@type\":\"SearchAction\",\"target\":{\"@type\":\"EntryPoint\",\"urlTemplate\":\"https:\/\/www.sp-equipements.com\/site\/?s={search_term_string}\"},\"query-input\":\"required name=search_term_string\"}],\"inLanguage\":\"fr-FR\"}]}<\/script>\n<!-- \/ Yoast SEO plugin. -->","yoast_head_json":{"title":"Praticable 2x1m avec Pieds T\u00e9lescopiques 750kg\/m\u00b2 POLYPODIUM - SP \u00c9quipements","robots":{"index":"index","follow":"follow","max-snippet":"max-snippet:-1","max-image-preview":"max-image-preview:large","max-video-preview":"max-video-preview:-1"},"canonical":"https:\/\/www.sp-equipements.com\/site\/produit\/praticable-2x1m-avec-pieds-telescopiques-750kg-m\u00b2-polypodium\/","og_locale":"fr_FR","og_type":"article","og_title":"Praticable 2x1m avec Pieds T\u00e9lescopiques 750kg\/m\u00b2 POLYPODIUM - SP \u00c9quipements","og_description":"Praticable \u00e0 pieds t\u00e9lescopiques POLYPODIUM  Podium 2x1m \u2022 Plate-forme \u00e0 pieds encastrables r\u00e9glables en hauteur \u2022 Montage et d\u00e9montage rapides \u2022 R\u00e9glage en hauteur possible (pieds t\u00e9lescopiques) \u2022 Disponible en diff\u00e9rentes surfaces \u2022 Sabots en caoutchouc antid\u00e9rapant de grander taille \u2022 Statique certifi\u00e9e selon la norme DIN 4112 \u2022 Homologation pour les sc\u00e8nes et tribunes jusqu\u2019\u00e0 4 m de haut \u2022 Timbre du certificat de s\u00e9curit\u00e9 et certification TUV et VERITAS. \u2022 Fournie avec 2 griffes d'accroche pour la jonction entre praticables.  Description du produit Une plate-forme tr\u00e8s l\u00e9g\u00e8re \u00e0 pieds encastrables et encadrement anodis\u00e9 lisse pour le domaine g\u00e9n\u00e9ral des manifestations, pr\u00e9sentations de produits et ajustages de niveau dans les processus industriels de fabrication. Les crochets d\u2019assemblage incorpor\u00e9s servent \u00e0 consolider les plates-formes entre elles. La version angulaire sp\u00e9ciale peut servir \u00e0 fixer des accessoires tels que panneaux, garde-corps, etc. Fixation des pieds sans outillage en quelques secondes. La plaque portante de 22 mm est disponible en diff\u00e9rentes surfaces. La plate-forme id\u00e9ale pour les dimensions et les formes particuli\u00e8res.  Caract\u00e9ristiques techniques \u2022 Dimensions 2 m x 1 m \u2022 Autres dimensions sur demande \u2022 Charge utile\u00a0750 daN\/m2\u00a0\u00e0 force de traction simultan\u00e9e de 1\/10 \u2022 Hauteur maxi sans renforcement diagonal 1,66 m, et 4,00 m avec entretoises de renforcement (selon le descriptif de construction) \u2022 Poids 32 kg \u2022 Niveau de stockage 9 cm \u2022 Plaque portante 22 mm  Autres Montage et d\u00e9montage rapide et ais\u00e9 Crochets plastiques incorpor\u00e9s ou accouplements garantissent un assemblage s\u00fbr et une manipulation facile. Les pieds t\u00e9lescopiques 60\/60mm permettent de compenser les asp\u00e9rit\u00e9s du sol dans les zones ext\u00e9rieures  Utilisation int\u00e9rieur :\u00a0en plancher CP 22mm Utilisation ext\u00e9rieur et int\u00e9rieur :\u00a0en plancher roligrip antid\u00e9rapant et hydrofuge.  GARANTIE 10 ANS","og_url":"https:\/\/www.sp-equipements.com\/site\/produit\/praticable-2x1m-avec-pieds-telescopiques-750kg-m\u00b2-polypodium\/","og_site_name":"SP \u00c9quipements","article_modified_time":"2021-05-06T16:52:07+00:00","og_image":[{"width":190,"height":190,"url":"https:\/\/www.sp-equipements.com\/site\/wp-content\/uploads\/2019\/06\/praticable_2x1m_pieds_telescopiques-1.jpg","type":"image\/jpeg"}],"twitter_card":"summary_large_image","schema":{"@context":"https:\/\/schema.org","@graph":[{"@type":"WebPage","@id":"https:\/\/www.sp-equipements.com\/site\/produit\/praticable-2x1m-avec-pieds-telescopiques-750kg-m%c2%b2-polypodium\/","url":"https:\/\/www.sp-equipements.com\/site\/produit\/praticable-2x1m-avec-pieds-telescopiques-750kg-m%c2%b2-polypodium\/","name":"Praticable 2x1m avec Pieds T\u00e9lescopiques 750kg\/m\u00b2 POLYPODIUM - SP \u00c9quipements","isPartOf":{"@id":"https:\/\/www.sp-equipements.com\/site\/#website"},"primaryImageOfPage":{"@id":"https:\/\/www.sp-equipements.com\/site\/produit\/praticable-2x1m-avec-pieds-telescopiques-750kg-m%c2%b2-polypodium\/#primaryimage"},"image":{"@id":"https:\/\/www.sp-equipements.com\/site\/produit\/praticable-2x1m-avec-pieds-telescopiques-750kg-m%c2%b2-polypodium\/#primaryimage"},"thumbnailUrl":"https:\/\/www.sp-equipements.com\/site\/wp-content\/uploads\/2019\/06\/praticable_2x1m_pieds_telescopiques-1.jpg","datePublished":"2019-06-07T08:17:32+00:00","dateModified":"2021-05-06T16:52:07+00:00","breadcrumb":{"@id":"https:\/\/www.sp-equipements.com\/site\/produit\/praticable-2x1m-avec-pieds-telescopiques-750kg-m%c2%b2-polypodium\/#breadcrumb"},"inLanguage":"fr-FR","potentialAction":[{"@type":"ReadAction","target":["https:\/\/www.sp-equipements.com\/site\/produit\/praticable-2x1m-avec-pieds-telescopiques-750kg-m%c2%b2-polypodium\/"]}]},{"@type":"ImageObject","inLanguage":"fr-FR","@id":"https:\/\/www.sp-equipements.com\/site\/produit\/praticable-2x1m-avec-pieds-telescopiques-750kg-m%c2%b2-polypodium\/#primaryimage","url":"https:\/\/www.sp-equipements.com\/site\/wp-content\/uploads\/2019\/06\/praticable_2x1m_pieds_telescopiques-1.jpg","contentUrl":"https:\/\/www.sp-equipements.com\/site\/wp-content\/uploads\/2019\/06\/praticable_2x1m_pieds_telescopiques-1.jpg","width":190,"height":190,"caption":"praticable 2x1m pieds telescopiques 1"},{"@type":"BreadcrumbList","@id":"https:\/\/www.sp-equipements.com\/site\/produit\/praticable-2x1m-avec-pieds-telescopiques-750kg-m%c2%b2-polypodium\/#breadcrumb","itemListElement":[{"@type":"ListItem","position":1,"name":"Accueil","item":"https:\/\/www.sp-equipements.com\/site\/"},{"@type":"ListItem","position":2,"name":"Catalogue","item":"https:\/\/www.sp-equipements.com\/site\/catalogue\/"},{"@type":"ListItem","position":3,"name":"Praticable 2x1m avec Pieds T\u00e9lescopiques 750kg\/m\u00b2 POLYPODIUM"}]},{"@type":"WebSite","@id":"https:\/\/www.sp-equipements.com\/site\/#website","url":"https:\/\/www.sp-equipements.com\/site\/","name":"SP \u00c9quipements","description":"\u00c9quipements de collectivit\u00e9s","potentialAction":[{"@type":"SearchAction","target":{"@type":"EntryPoint","urlTemplate":"https:\/\/www.sp-equipements.com\/site\/?s={search_term_string}"},"query-input":"required name=search_term_string"}],"inLanguage":"fr-FR"}]}},"_links":{"self":[{"href":"https:\/\/www.sp-equipements.com\/site\/wp-json\/wp\/v2\/product\/21851"}],"collection":[{"href":"https:\/\/www.sp-equipements.com\/site\/wp-json\/wp\/v2\/product"}],"about":[{"href":"https:\/\/www.sp-equipements.com\/site\/wp-json\/wp\/v2\/types\/product"}],"replies":[{"embeddable":true,"href":"https:\/\/www.sp-equipements.com\/site\/wp-json\/wp\/v2\/comments?post=21851"}],"wp:featuredmedia":[{"embeddable":true,"href":"https:\/\/www.sp-equipements.com\/site\/wp-json\/wp\/v2\/media\/37858"}],"wp:attachment":[{"href":"https:\/\/www.sp-equipements.com\/site\/wp-json\/wp\/v2\/media?parent=21851"}],"wp:term":[{"taxonomy":"product_cat","embeddable":true,"href":"https:\/\/www.sp-equipements.com\/site\/wp-json\/wp\/v2\/product_cat?post=21851"},{"taxonomy":"product_tag","embeddable":true,"href":"https:\/\/www.sp-equipements.com\/site\/wp-json\/wp\/v2\/product_tag?post=21851"}],"curies":[{"name":"wp","href":"https:\/\/api.w.org\/{rel}","templated":true}]}}