{"id":21852,"date":"2019-06-07T10:17:32","date_gmt":"2019-06-07T08:17:32","guid":{"rendered":"http:\/\/www.polyequipements.com\/produit\/praticable-2x1m-avec-pieds-ciseaux-750kg-m%c2%b2-stabilo\/"},"modified":"2022-02-09T00:01:20","modified_gmt":"2022-02-08T23:01:20","slug":"praticable-2x1m-avec-pieds-ciseaux-750kg-m%c2%b2-stabilo","status":"publish","type":"product","link":"https:\/\/www.sp-equipements.com\/site\/produit\/praticable-2x1m-avec-pieds-ciseaux-750kg-m%c2%b2-stabilo\/","title":{"rendered":"Praticable 2x1m avec Pieds Ciseaux <i>750kg\/m\u00b2<\/i> STABILO"},"content":{"rendered":"","protected":false},"excerpt":{"rendered":"<div id=\"box-article-description\">\n<div id=\"display-article-description\">\n<p><i>Praticable \u00e0 hauteur de variable STABILO<\/i><\/p>\n<p><b>Construction \u00e0 pieds articul\u00e9s r\u00e9glable en hauteur<br \/>\n\u2022 Montage et d\u00e9montage rapide, position inclin\u00e9e possible<br \/>\n\u2022 Disponible en diff\u00e9rentes surfaces<br \/>\n\u2022 Sabot de r\u00e9partition des charges, stable<br \/>\n\u2022 Statique certifi\u00e9e selon les normes DIN 4112,1055, 15920<br \/>\n\u2022 Fournie avec 2 griffes d&rsquo;accroche pour la jonction entre praticables.<\/b><\/p>\n<p><u>Description du produit\u00a0<\/u><br \/>\nUne plate-forme \u00e0 cadre sup\u00e9rieur en aluminium dot\u00e9e de pieds articul\u00e9s en acier, d\u2019une construction l\u00e9g\u00e8re pour le secteur g\u00e9n\u00e9rale des manifestations et la pr\u00e9sentation de produits. S\u00e9curit\u00e9 optimale. Les sabots grand format de r\u00e9partition de la charge r\u00e9duisent la pression au sol et font du syst\u00e8me de plateforme Stabilo la r\u00e9f\u00e9rence pour les sols fragiles. Le bras sup\u00e9rieur comporte une glissi\u00e8re multifonctions pour relier entre eux les diff\u00e9rents \u00e9l\u00e9ments de la plateforme et y fixer au choix des accessoires ou des panneaux, gardecorps, descriptions de produits, bacs \u00e0 prospectus et catalogues, \u00e9tiquettes, etc. La plaque portantede 22 mm est disponible en plusieurs surfaces.<\/p>\n<p><u>Montage et d\u00e9montage<\/u><br \/>\nLa construction \u00e0 pieds articul\u00e9s se d\u00e9bloque ais\u00e9ment \u00e0 l\u2019aide du c\u00e2ble Bowden. Il est possible d\u2019ajuster rapidement la hauteur par pas de 20 cm (de 16 2\/3 cm pour les gradins de th\u00e9\u00e2tre sur demande). Le dispositif de blocage s\u2019enclenche \u00e0 vue en produisant un bruit. La plate-forme peut adopter une position inclin\u00e9e.<\/p>\n<p><u>Caract\u00e9ristiques techniques<\/u><br \/>\n\u2022 Dimensions 2 m x 1 m<br \/>\n\u2022 Charge utile\u00a0<b>750 daN\/m\u00b2<\/b><br \/>\n\u2022 Hauteur hors tout maxi 100 cm<br \/>\n\u2022 Poids 56 kg<br \/>\n\u2022 Niveau de stockage 20 cm<br \/>\n\u2022 Plaque portante 25 mm<\/p>\n<p><b>Utilisation int\u00e9rieur :\u00a0<\/b>en plancher CP 22mm<br \/>\n<b>Utilisation ext\u00e9rieur et int\u00e9rieur :\u00a0<\/b>en plancher roligrip antid\u00e9rapant et hydrofuge.<\/p>\n<\/div>\n<\/div>\n","protected":false},"featured_media":37859,"comment_status":"open","ping_status":"closed","template":"","meta":[],"product_cat":[191,104],"product_tag":[],"yoast_head":"<!-- This site is optimized with the Yoast SEO plugin v22.2 - https:\/\/yoast.com\/wordpress\/plugins\/seo\/ -->\n<title>Praticable 2x1m avec Pieds Ciseaux 750kg\/m\u00b2 STABILO - SP \u00c9quipements<\/title>\n<meta name=\"robots\" content=\"index, follow, max-snippet:-1, max-image-preview:large, max-video-preview:-1\" \/>\n<link rel=\"canonical\" href=\"https:\/\/www.sp-equipements.com\/site\/produit\/praticable-2x1m-avec-pieds-ciseaux-750kg-m\u00b2-stabilo\/\" \/>\n<meta property=\"og:locale\" content=\"fr_FR\" \/>\n<meta property=\"og:type\" content=\"article\" \/>\n<meta property=\"og:title\" content=\"Praticable 2x1m avec Pieds Ciseaux 750kg\/m\u00b2 STABILO - SP \u00c9quipements\" \/>\n<meta property=\"og:description\" content=\"Praticable \u00e0 hauteur de variable STABILO  Construction \u00e0 pieds articul\u00e9s r\u00e9glable en hauteur \u2022 Montage et d\u00e9montage rapide, position inclin\u00e9e possible \u2022 Disponible en diff\u00e9rentes surfaces \u2022 Sabot de r\u00e9partition des charges, stable \u2022 Statique certifi\u00e9e selon les normes DIN 4112,1055, 15920 \u2022 Fournie avec 2 griffes d&#039;accroche pour la jonction entre praticables.  Description du produit\u00a0 Une plate-forme \u00e0 cadre sup\u00e9rieur en aluminium dot\u00e9e de pieds articul\u00e9s en acier, d\u2019une construction l\u00e9g\u00e8re pour le secteur g\u00e9n\u00e9rale des manifestations et la pr\u00e9sentation de produits. S\u00e9curit\u00e9 optimale. Les sabots grand format de r\u00e9partition de la charge r\u00e9duisent la pression au sol et font du syst\u00e8me de plateforme Stabilo la r\u00e9f\u00e9rence pour les sols fragiles. Le bras sup\u00e9rieur comporte une glissi\u00e8re multifonctions pour relier entre eux les diff\u00e9rents \u00e9l\u00e9ments de la plateforme et y fixer au choix des accessoires ou des panneaux, gardecorps, descriptions de produits, bacs \u00e0 prospectus et catalogues, \u00e9tiquettes, etc. La plaque portantede 22 mm est disponible en plusieurs surfaces.  Montage et d\u00e9montage La construction \u00e0 pieds articul\u00e9s se d\u00e9bloque ais\u00e9ment \u00e0 l\u2019aide du c\u00e2ble Bowden. Il est possible d\u2019ajuster rapidement la hauteur par pas de 20 cm (de 16 2\/3 cm pour les gradins de th\u00e9\u00e2tre sur demande). Le dispositif de blocage s\u2019enclenche \u00e0 vue en produisant un bruit. La plate-forme peut adopter une position inclin\u00e9e.  Caract\u00e9ristiques techniques \u2022 Dimensions 2 m x 1 m \u2022 Charge utile\u00a0750 daN\/m\u00b2 \u2022 Hauteur hors tout maxi 100 cm \u2022 Poids 56 kg \u2022 Niveau de stockage 20 cm \u2022 Plaque portante 25 mm  Utilisation int\u00e9rieur :\u00a0en plancher CP 22mm Utilisation ext\u00e9rieur et int\u00e9rieur :\u00a0en plancher roligrip antid\u00e9rapant et hydrofuge.\" \/>\n<meta property=\"og:url\" content=\"https:\/\/www.sp-equipements.com\/site\/produit\/praticable-2x1m-avec-pieds-ciseaux-750kg-m\u00b2-stabilo\/\" \/>\n<meta property=\"og:site_name\" content=\"SP \u00c9quipements\" \/>\n<meta property=\"article:modified_time\" content=\"2022-02-08T23:01:20+00:00\" \/>\n<meta property=\"og:image\" content=\"https:\/\/www.sp-equipements.com\/site\/wp-content\/uploads\/2019\/06\/praticable_2x1m_pieds_ciseaux-1.jpg\" \/>\n\t<meta property=\"og:image:width\" content=\"190\" \/>\n\t<meta property=\"og:image:height\" content=\"190\" \/>\n\t<meta property=\"og:image:type\" content=\"image\/jpeg\" \/>\n<meta name=\"twitter:card\" content=\"summary_large_image\" \/>\n<script type=\"application\/ld+json\" class=\"yoast-schema-graph\">{\"@context\":\"https:\/\/schema.org\",\"@graph\":[{\"@type\":\"WebPage\",\"@id\":\"https:\/\/www.sp-equipements.com\/site\/produit\/praticable-2x1m-avec-pieds-ciseaux-750kg-m%c2%b2-stabilo\/\",\"url\":\"https:\/\/www.sp-equipements.com\/site\/produit\/praticable-2x1m-avec-pieds-ciseaux-750kg-m%c2%b2-stabilo\/\",\"name\":\"Praticable 2x1m avec Pieds Ciseaux 750kg\/m\u00b2 STABILO - SP \u00c9quipements\",\"isPartOf\":{\"@id\":\"https:\/\/www.sp-equipements.com\/site\/#website\"},\"primaryImageOfPage\":{\"@id\":\"https:\/\/www.sp-equipements.com\/site\/produit\/praticable-2x1m-avec-pieds-ciseaux-750kg-m%c2%b2-stabilo\/#primaryimage\"},\"image\":{\"@id\":\"https:\/\/www.sp-equipements.com\/site\/produit\/praticable-2x1m-avec-pieds-ciseaux-750kg-m%c2%b2-stabilo\/#primaryimage\"},\"thumbnailUrl\":\"https:\/\/www.sp-equipements.com\/site\/wp-content\/uploads\/2019\/06\/praticable_2x1m_pieds_ciseaux-1.jpg\",\"datePublished\":\"2019-06-07T08:17:32+00:00\",\"dateModified\":\"2022-02-08T23:01:20+00:00\",\"breadcrumb\":{\"@id\":\"https:\/\/www.sp-equipements.com\/site\/produit\/praticable-2x1m-avec-pieds-ciseaux-750kg-m%c2%b2-stabilo\/#breadcrumb\"},\"inLanguage\":\"fr-FR\",\"potentialAction\":[{\"@type\":\"ReadAction\",\"target\":[\"https:\/\/www.sp-equipements.com\/site\/produit\/praticable-2x1m-avec-pieds-ciseaux-750kg-m%c2%b2-stabilo\/\"]}]},{\"@type\":\"ImageObject\",\"inLanguage\":\"fr-FR\",\"@id\":\"https:\/\/www.sp-equipements.com\/site\/produit\/praticable-2x1m-avec-pieds-ciseaux-750kg-m%c2%b2-stabilo\/#primaryimage\",\"url\":\"https:\/\/www.sp-equipements.com\/site\/wp-content\/uploads\/2019\/06\/praticable_2x1m_pieds_ciseaux-1.jpg\",\"contentUrl\":\"https:\/\/www.sp-equipements.com\/site\/wp-content\/uploads\/2019\/06\/praticable_2x1m_pieds_ciseaux-1.jpg\",\"width\":190,\"height\":190,\"caption\":\"praticable 2x1m pieds ciseaux 1\"},{\"@type\":\"BreadcrumbList\",\"@id\":\"https:\/\/www.sp-equipements.com\/site\/produit\/praticable-2x1m-avec-pieds-ciseaux-750kg-m%c2%b2-stabilo\/#breadcrumb\",\"itemListElement\":[{\"@type\":\"ListItem\",\"position\":1,\"name\":\"Accueil\",\"item\":\"https:\/\/www.sp-equipements.com\/site\/\"},{\"@type\":\"ListItem\",\"position\":2,\"name\":\"Catalogue\",\"item\":\"https:\/\/www.sp-equipements.com\/site\/catalogue\/\"},{\"@type\":\"ListItem\",\"position\":3,\"name\":\"Praticable 2x1m avec Pieds Ciseaux 750kg\/m\u00b2 STABILO\"}]},{\"@type\":\"WebSite\",\"@id\":\"https:\/\/www.sp-equipements.com\/site\/#website\",\"url\":\"https:\/\/www.sp-equipements.com\/site\/\",\"name\":\"SP \u00c9quipements\",\"description\":\"\u00c9quipements de collectivit\u00e9s\",\"potentialAction\":[{\"@type\":\"SearchAction\",\"target\":{\"@type\":\"EntryPoint\",\"urlTemplate\":\"https:\/\/www.sp-equipements.com\/site\/?s={search_term_string}\"},\"query-input\":\"required name=search_term_string\"}],\"inLanguage\":\"fr-FR\"}]}<\/script>\n<!-- \/ Yoast SEO plugin. -->","yoast_head_json":{"title":"Praticable 2x1m avec Pieds Ciseaux 750kg\/m\u00b2 STABILO - SP \u00c9quipements","robots":{"index":"index","follow":"follow","max-snippet":"max-snippet:-1","max-image-preview":"max-image-preview:large","max-video-preview":"max-video-preview:-1"},"canonical":"https:\/\/www.sp-equipements.com\/site\/produit\/praticable-2x1m-avec-pieds-ciseaux-750kg-m\u00b2-stabilo\/","og_locale":"fr_FR","og_type":"article","og_title":"Praticable 2x1m avec Pieds Ciseaux 750kg\/m\u00b2 STABILO - SP \u00c9quipements","og_description":"Praticable \u00e0 hauteur de variable STABILO  Construction \u00e0 pieds articul\u00e9s r\u00e9glable en hauteur \u2022 Montage et d\u00e9montage rapide, position inclin\u00e9e possible \u2022 Disponible en diff\u00e9rentes surfaces \u2022 Sabot de r\u00e9partition des charges, stable \u2022 Statique certifi\u00e9e selon les normes DIN 4112,1055, 15920 \u2022 Fournie avec 2 griffes d'accroche pour la jonction entre praticables.  Description du produit\u00a0 Une plate-forme \u00e0 cadre sup\u00e9rieur en aluminium dot\u00e9e de pieds articul\u00e9s en acier, d\u2019une construction l\u00e9g\u00e8re pour le secteur g\u00e9n\u00e9rale des manifestations et la pr\u00e9sentation de produits. S\u00e9curit\u00e9 optimale. Les sabots grand format de r\u00e9partition de la charge r\u00e9duisent la pression au sol et font du syst\u00e8me de plateforme Stabilo la r\u00e9f\u00e9rence pour les sols fragiles. Le bras sup\u00e9rieur comporte une glissi\u00e8re multifonctions pour relier entre eux les diff\u00e9rents \u00e9l\u00e9ments de la plateforme et y fixer au choix des accessoires ou des panneaux, gardecorps, descriptions de produits, bacs \u00e0 prospectus et catalogues, \u00e9tiquettes, etc. La plaque portantede 22 mm est disponible en plusieurs surfaces.  Montage et d\u00e9montage La construction \u00e0 pieds articul\u00e9s se d\u00e9bloque ais\u00e9ment \u00e0 l\u2019aide du c\u00e2ble Bowden. Il est possible d\u2019ajuster rapidement la hauteur par pas de 20 cm (de 16 2\/3 cm pour les gradins de th\u00e9\u00e2tre sur demande). Le dispositif de blocage s\u2019enclenche \u00e0 vue en produisant un bruit. La plate-forme peut adopter une position inclin\u00e9e.  Caract\u00e9ristiques techniques \u2022 Dimensions 2 m x 1 m \u2022 Charge utile\u00a0750 daN\/m\u00b2 \u2022 Hauteur hors tout maxi 100 cm \u2022 Poids 56 kg \u2022 Niveau de stockage 20 cm \u2022 Plaque portante 25 mm  Utilisation int\u00e9rieur :\u00a0en plancher CP 22mm Utilisation ext\u00e9rieur et int\u00e9rieur :\u00a0en plancher roligrip antid\u00e9rapant et hydrofuge.","og_url":"https:\/\/www.sp-equipements.com\/site\/produit\/praticable-2x1m-avec-pieds-ciseaux-750kg-m\u00b2-stabilo\/","og_site_name":"SP \u00c9quipements","article_modified_time":"2022-02-08T23:01:20+00:00","og_image":[{"width":190,"height":190,"url":"https:\/\/www.sp-equipements.com\/site\/wp-content\/uploads\/2019\/06\/praticable_2x1m_pieds_ciseaux-1.jpg","type":"image\/jpeg"}],"twitter_card":"summary_large_image","schema":{"@context":"https:\/\/schema.org","@graph":[{"@type":"WebPage","@id":"https:\/\/www.sp-equipements.com\/site\/produit\/praticable-2x1m-avec-pieds-ciseaux-750kg-m%c2%b2-stabilo\/","url":"https:\/\/www.sp-equipements.com\/site\/produit\/praticable-2x1m-avec-pieds-ciseaux-750kg-m%c2%b2-stabilo\/","name":"Praticable 2x1m avec Pieds Ciseaux 750kg\/m\u00b2 STABILO - SP \u00c9quipements","isPartOf":{"@id":"https:\/\/www.sp-equipements.com\/site\/#website"},"primaryImageOfPage":{"@id":"https:\/\/www.sp-equipements.com\/site\/produit\/praticable-2x1m-avec-pieds-ciseaux-750kg-m%c2%b2-stabilo\/#primaryimage"},"image":{"@id":"https:\/\/www.sp-equipements.com\/site\/produit\/praticable-2x1m-avec-pieds-ciseaux-750kg-m%c2%b2-stabilo\/#primaryimage"},"thumbnailUrl":"https:\/\/www.sp-equipements.com\/site\/wp-content\/uploads\/2019\/06\/praticable_2x1m_pieds_ciseaux-1.jpg","datePublished":"2019-06-07T08:17:32+00:00","dateModified":"2022-02-08T23:01:20+00:00","breadcrumb":{"@id":"https:\/\/www.sp-equipements.com\/site\/produit\/praticable-2x1m-avec-pieds-ciseaux-750kg-m%c2%b2-stabilo\/#breadcrumb"},"inLanguage":"fr-FR","potentialAction":[{"@type":"ReadAction","target":["https:\/\/www.sp-equipements.com\/site\/produit\/praticable-2x1m-avec-pieds-ciseaux-750kg-m%c2%b2-stabilo\/"]}]},{"@type":"ImageObject","inLanguage":"fr-FR","@id":"https:\/\/www.sp-equipements.com\/site\/produit\/praticable-2x1m-avec-pieds-ciseaux-750kg-m%c2%b2-stabilo\/#primaryimage","url":"https:\/\/www.sp-equipements.com\/site\/wp-content\/uploads\/2019\/06\/praticable_2x1m_pieds_ciseaux-1.jpg","contentUrl":"https:\/\/www.sp-equipements.com\/site\/wp-content\/uploads\/2019\/06\/praticable_2x1m_pieds_ciseaux-1.jpg","width":190,"height":190,"caption":"praticable 2x1m pieds ciseaux 1"},{"@type":"BreadcrumbList","@id":"https:\/\/www.sp-equipements.com\/site\/produit\/praticable-2x1m-avec-pieds-ciseaux-750kg-m%c2%b2-stabilo\/#breadcrumb","itemListElement":[{"@type":"ListItem","position":1,"name":"Accueil","item":"https:\/\/www.sp-equipements.com\/site\/"},{"@type":"ListItem","position":2,"name":"Catalogue","item":"https:\/\/www.sp-equipements.com\/site\/catalogue\/"},{"@type":"ListItem","position":3,"name":"Praticable 2x1m avec Pieds Ciseaux 750kg\/m\u00b2 STABILO"}]},{"@type":"WebSite","@id":"https:\/\/www.sp-equipements.com\/site\/#website","url":"https:\/\/www.sp-equipements.com\/site\/","name":"SP \u00c9quipements","description":"\u00c9quipements de collectivit\u00e9s","potentialAction":[{"@type":"SearchAction","target":{"@type":"EntryPoint","urlTemplate":"https:\/\/www.sp-equipements.com\/site\/?s={search_term_string}"},"query-input":"required name=search_term_string"}],"inLanguage":"fr-FR"}]}},"_links":{"self":[{"href":"https:\/\/www.sp-equipements.com\/site\/wp-json\/wp\/v2\/product\/21852"}],"collection":[{"href":"https:\/\/www.sp-equipements.com\/site\/wp-json\/wp\/v2\/product"}],"about":[{"href":"https:\/\/www.sp-equipements.com\/site\/wp-json\/wp\/v2\/types\/product"}],"replies":[{"embeddable":true,"href":"https:\/\/www.sp-equipements.com\/site\/wp-json\/wp\/v2\/comments?post=21852"}],"wp:featuredmedia":[{"embeddable":true,"href":"https:\/\/www.sp-equipements.com\/site\/wp-json\/wp\/v2\/media\/37859"}],"wp:attachment":[{"href":"https:\/\/www.sp-equipements.com\/site\/wp-json\/wp\/v2\/media?parent=21852"}],"wp:term":[{"taxonomy":"product_cat","embeddable":true,"href":"https:\/\/www.sp-equipements.com\/site\/wp-json\/wp\/v2\/product_cat?post=21852"},{"taxonomy":"product_tag","embeddable":true,"href":"https:\/\/www.sp-equipements.com\/site\/wp-json\/wp\/v2\/product_tag?post=21852"}],"curies":[{"name":"wp","href":"https:\/\/api.w.org\/{rel}","templated":true}]}}