{"id":21854,"date":"2019-06-07T10:17:33","date_gmt":"2019-06-07T08:17:33","guid":{"rendered":"http:\/\/www.polyequipements.com\/produit\/garde-corps-de-securite-barreaude-special-public-polypodium\/"},"modified":"2020-06-03T14:17:09","modified_gmt":"2020-06-03T12:17:09","slug":"garde-corps-de-securite-barreaude-special-public-polypodium","status":"publish","type":"product","link":"https:\/\/www.sp-equipements.com\/site\/produit\/garde-corps-de-securite-barreaude-special-public-polypodium\/","title":{"rendered":"Garde Corps de Securit\u00e9 Barreaud\u00e9 <i>Sp\u00e9cial Public<\/i> POLYPODIUM"},"content":{"rendered":"","protected":false},"excerpt":{"rendered":"<div id=\"box-article-description\">\n<div id=\"display-article-description\">\n<p><i>Garde corps pour POLYPODIUM &#8211; sp\u00e9cial public et enfants !<\/i><\/p>\n<p>Aux normes DIN4112.<br \/>\nAvec 2 contrefiches de securit\u00e9 horizontales et 7 verticales tube\u00a0<b>acier<\/b>\u00a0rectangulaire de 35\/25,\u00a0<b>avec renfort<\/b>\u00a0recouvert d&rsquo;une laque noir.<br \/>\nHauteur 100cm, complet avec tous les accessoires et les \u00e9lements de jonction.<\/p>\n<p>A la pi\u00e8ce de 1m ou 2m.<br \/>\nAvec\u00a0<b>renfort<\/b>\u00a0poussant sur les pieds.<\/p>\n<\/div>\n<\/div>\n","protected":false},"featured_media":37861,"comment_status":"open","ping_status":"closed","template":"","meta":[],"product_cat":[191,104,243],"product_tag":[],"yoast_head":"<!-- This site is optimized with the Yoast SEO plugin v22.2 - https:\/\/yoast.com\/wordpress\/plugins\/seo\/ -->\n<title>Garde Corps de Securit\u00e9 Barreaud\u00e9 Sp\u00e9cial Public POLYPODIUM - SP \u00c9quipements<\/title>\n<meta name=\"robots\" content=\"index, follow, max-snippet:-1, max-image-preview:large, max-video-preview:-1\" \/>\n<link rel=\"canonical\" href=\"https:\/\/www.sp-equipements.com\/site\/produit\/garde-corps-de-securite-barreaude-special-public-polypodium\/\" \/>\n<meta property=\"og:locale\" content=\"fr_FR\" \/>\n<meta property=\"og:type\" content=\"article\" \/>\n<meta property=\"og:title\" content=\"Garde Corps de Securit\u00e9 Barreaud\u00e9 Sp\u00e9cial Public POLYPODIUM - SP \u00c9quipements\" \/>\n<meta property=\"og:description\" content=\"Garde corps pour POLYPODIUM - sp\u00e9cial public et enfants !  Aux normes DIN4112. Avec 2 contrefiches de securit\u00e9 horizontales et 7 verticales tube\u00a0acier\u00a0rectangulaire de 35\/25,\u00a0avec renfort\u00a0recouvert d&#039;une laque noir. Hauteur 100cm, complet avec tous les accessoires et les \u00e9lements de jonction.  A la pi\u00e8ce de 1m ou 2m. Avec\u00a0renfort\u00a0poussant sur les pieds.\" \/>\n<meta property=\"og:url\" content=\"https:\/\/www.sp-equipements.com\/site\/produit\/garde-corps-de-securite-barreaude-special-public-polypodium\/\" \/>\n<meta property=\"og:site_name\" content=\"SP \u00c9quipements\" \/>\n<meta property=\"article:modified_time\" content=\"2020-06-03T12:17:09+00:00\" \/>\n<meta property=\"og:image\" content=\"https:\/\/www.sp-equipements.com\/site\/wp-content\/uploads\/2019\/06\/garde_corps_special_public-1.jpg\" \/>\n\t<meta property=\"og:image:width\" content=\"190\" \/>\n\t<meta property=\"og:image:height\" content=\"190\" \/>\n\t<meta property=\"og:image:type\" content=\"image\/jpeg\" \/>\n<meta name=\"twitter:card\" content=\"summary_large_image\" \/>\n<script type=\"application\/ld+json\" class=\"yoast-schema-graph\">{\"@context\":\"https:\/\/schema.org\",\"@graph\":[{\"@type\":\"WebPage\",\"@id\":\"https:\/\/www.sp-equipements.com\/site\/produit\/garde-corps-de-securite-barreaude-special-public-polypodium\/\",\"url\":\"https:\/\/www.sp-equipements.com\/site\/produit\/garde-corps-de-securite-barreaude-special-public-polypodium\/\",\"name\":\"Garde Corps de Securit\u00e9 Barreaud\u00e9 Sp\u00e9cial Public POLYPODIUM - SP \u00c9quipements\",\"isPartOf\":{\"@id\":\"https:\/\/www.sp-equipements.com\/site\/#website\"},\"primaryImageOfPage\":{\"@id\":\"https:\/\/www.sp-equipements.com\/site\/produit\/garde-corps-de-securite-barreaude-special-public-polypodium\/#primaryimage\"},\"image\":{\"@id\":\"https:\/\/www.sp-equipements.com\/site\/produit\/garde-corps-de-securite-barreaude-special-public-polypodium\/#primaryimage\"},\"thumbnailUrl\":\"https:\/\/www.sp-equipements.com\/site\/wp-content\/uploads\/2019\/06\/garde_corps_special_public-1.jpg\",\"datePublished\":\"2019-06-07T08:17:33+00:00\",\"dateModified\":\"2020-06-03T12:17:09+00:00\",\"breadcrumb\":{\"@id\":\"https:\/\/www.sp-equipements.com\/site\/produit\/garde-corps-de-securite-barreaude-special-public-polypodium\/#breadcrumb\"},\"inLanguage\":\"fr-FR\",\"potentialAction\":[{\"@type\":\"ReadAction\",\"target\":[\"https:\/\/www.sp-equipements.com\/site\/produit\/garde-corps-de-securite-barreaude-special-public-polypodium\/\"]}]},{\"@type\":\"ImageObject\",\"inLanguage\":\"fr-FR\",\"@id\":\"https:\/\/www.sp-equipements.com\/site\/produit\/garde-corps-de-securite-barreaude-special-public-polypodium\/#primaryimage\",\"url\":\"https:\/\/www.sp-equipements.com\/site\/wp-content\/uploads\/2019\/06\/garde_corps_special_public-1.jpg\",\"contentUrl\":\"https:\/\/www.sp-equipements.com\/site\/wp-content\/uploads\/2019\/06\/garde_corps_special_public-1.jpg\",\"width\":190,\"height\":190,\"caption\":\"garde corps special public 1\"},{\"@type\":\"BreadcrumbList\",\"@id\":\"https:\/\/www.sp-equipements.com\/site\/produit\/garde-corps-de-securite-barreaude-special-public-polypodium\/#breadcrumb\",\"itemListElement\":[{\"@type\":\"ListItem\",\"position\":1,\"name\":\"Accueil\",\"item\":\"https:\/\/www.sp-equipements.com\/site\/\"},{\"@type\":\"ListItem\",\"position\":2,\"name\":\"Catalogue\",\"item\":\"https:\/\/www.sp-equipements.com\/site\/catalogue\/\"},{\"@type\":\"ListItem\",\"position\":3,\"name\":\"Garde Corps de Securit\u00e9 Barreaud\u00e9 Sp\u00e9cial Public POLYPODIUM\"}]},{\"@type\":\"WebSite\",\"@id\":\"https:\/\/www.sp-equipements.com\/site\/#website\",\"url\":\"https:\/\/www.sp-equipements.com\/site\/\",\"name\":\"SP \u00c9quipements\",\"description\":\"\u00c9quipements de collectivit\u00e9s\",\"potentialAction\":[{\"@type\":\"SearchAction\",\"target\":{\"@type\":\"EntryPoint\",\"urlTemplate\":\"https:\/\/www.sp-equipements.com\/site\/?s={search_term_string}\"},\"query-input\":\"required name=search_term_string\"}],\"inLanguage\":\"fr-FR\"}]}<\/script>\n<!-- \/ Yoast SEO plugin. -->","yoast_head_json":{"title":"Garde Corps de Securit\u00e9 Barreaud\u00e9 Sp\u00e9cial Public POLYPODIUM - SP \u00c9quipements","robots":{"index":"index","follow":"follow","max-snippet":"max-snippet:-1","max-image-preview":"max-image-preview:large","max-video-preview":"max-video-preview:-1"},"canonical":"https:\/\/www.sp-equipements.com\/site\/produit\/garde-corps-de-securite-barreaude-special-public-polypodium\/","og_locale":"fr_FR","og_type":"article","og_title":"Garde Corps de Securit\u00e9 Barreaud\u00e9 Sp\u00e9cial Public POLYPODIUM - SP \u00c9quipements","og_description":"Garde corps pour POLYPODIUM - sp\u00e9cial public et enfants !  Aux normes DIN4112. Avec 2 contrefiches de securit\u00e9 horizontales et 7 verticales tube\u00a0acier\u00a0rectangulaire de 35\/25,\u00a0avec renfort\u00a0recouvert d'une laque noir. Hauteur 100cm, complet avec tous les accessoires et les \u00e9lements de jonction.  A la pi\u00e8ce de 1m ou 2m. Avec\u00a0renfort\u00a0poussant sur les pieds.","og_url":"https:\/\/www.sp-equipements.com\/site\/produit\/garde-corps-de-securite-barreaude-special-public-polypodium\/","og_site_name":"SP \u00c9quipements","article_modified_time":"2020-06-03T12:17:09+00:00","og_image":[{"width":190,"height":190,"url":"https:\/\/www.sp-equipements.com\/site\/wp-content\/uploads\/2019\/06\/garde_corps_special_public-1.jpg","type":"image\/jpeg"}],"twitter_card":"summary_large_image","schema":{"@context":"https:\/\/schema.org","@graph":[{"@type":"WebPage","@id":"https:\/\/www.sp-equipements.com\/site\/produit\/garde-corps-de-securite-barreaude-special-public-polypodium\/","url":"https:\/\/www.sp-equipements.com\/site\/produit\/garde-corps-de-securite-barreaude-special-public-polypodium\/","name":"Garde Corps de Securit\u00e9 Barreaud\u00e9 Sp\u00e9cial Public POLYPODIUM - SP \u00c9quipements","isPartOf":{"@id":"https:\/\/www.sp-equipements.com\/site\/#website"},"primaryImageOfPage":{"@id":"https:\/\/www.sp-equipements.com\/site\/produit\/garde-corps-de-securite-barreaude-special-public-polypodium\/#primaryimage"},"image":{"@id":"https:\/\/www.sp-equipements.com\/site\/produit\/garde-corps-de-securite-barreaude-special-public-polypodium\/#primaryimage"},"thumbnailUrl":"https:\/\/www.sp-equipements.com\/site\/wp-content\/uploads\/2019\/06\/garde_corps_special_public-1.jpg","datePublished":"2019-06-07T08:17:33+00:00","dateModified":"2020-06-03T12:17:09+00:00","breadcrumb":{"@id":"https:\/\/www.sp-equipements.com\/site\/produit\/garde-corps-de-securite-barreaude-special-public-polypodium\/#breadcrumb"},"inLanguage":"fr-FR","potentialAction":[{"@type":"ReadAction","target":["https:\/\/www.sp-equipements.com\/site\/produit\/garde-corps-de-securite-barreaude-special-public-polypodium\/"]}]},{"@type":"ImageObject","inLanguage":"fr-FR","@id":"https:\/\/www.sp-equipements.com\/site\/produit\/garde-corps-de-securite-barreaude-special-public-polypodium\/#primaryimage","url":"https:\/\/www.sp-equipements.com\/site\/wp-content\/uploads\/2019\/06\/garde_corps_special_public-1.jpg","contentUrl":"https:\/\/www.sp-equipements.com\/site\/wp-content\/uploads\/2019\/06\/garde_corps_special_public-1.jpg","width":190,"height":190,"caption":"garde corps special public 1"},{"@type":"BreadcrumbList","@id":"https:\/\/www.sp-equipements.com\/site\/produit\/garde-corps-de-securite-barreaude-special-public-polypodium\/#breadcrumb","itemListElement":[{"@type":"ListItem","position":1,"name":"Accueil","item":"https:\/\/www.sp-equipements.com\/site\/"},{"@type":"ListItem","position":2,"name":"Catalogue","item":"https:\/\/www.sp-equipements.com\/site\/catalogue\/"},{"@type":"ListItem","position":3,"name":"Garde Corps de Securit\u00e9 Barreaud\u00e9 Sp\u00e9cial Public POLYPODIUM"}]},{"@type":"WebSite","@id":"https:\/\/www.sp-equipements.com\/site\/#website","url":"https:\/\/www.sp-equipements.com\/site\/","name":"SP \u00c9quipements","description":"\u00c9quipements de collectivit\u00e9s","potentialAction":[{"@type":"SearchAction","target":{"@type":"EntryPoint","urlTemplate":"https:\/\/www.sp-equipements.com\/site\/?s={search_term_string}"},"query-input":"required name=search_term_string"}],"inLanguage":"fr-FR"}]}},"_links":{"self":[{"href":"https:\/\/www.sp-equipements.com\/site\/wp-json\/wp\/v2\/product\/21854"}],"collection":[{"href":"https:\/\/www.sp-equipements.com\/site\/wp-json\/wp\/v2\/product"}],"about":[{"href":"https:\/\/www.sp-equipements.com\/site\/wp-json\/wp\/v2\/types\/product"}],"replies":[{"embeddable":true,"href":"https:\/\/www.sp-equipements.com\/site\/wp-json\/wp\/v2\/comments?post=21854"}],"wp:featuredmedia":[{"embeddable":true,"href":"https:\/\/www.sp-equipements.com\/site\/wp-json\/wp\/v2\/media\/37861"}],"wp:attachment":[{"href":"https:\/\/www.sp-equipements.com\/site\/wp-json\/wp\/v2\/media?parent=21854"}],"wp:term":[{"taxonomy":"product_cat","embeddable":true,"href":"https:\/\/www.sp-equipements.com\/site\/wp-json\/wp\/v2\/product_cat?post=21854"},{"taxonomy":"product_tag","embeddable":true,"href":"https:\/\/www.sp-equipements.com\/site\/wp-json\/wp\/v2\/product_tag?post=21854"}],"curies":[{"name":"wp","href":"https:\/\/api.w.org\/{rel}","templated":true}]}}