{"id":21856,"date":"2019-06-07T10:17:34","date_gmt":"2019-06-07T08:17:34","guid":{"rendered":"http:\/\/www.polyequipements.com\/produit\/jeu-de-roulette-pour-stockage-et-manutention-pour-polypodium\/"},"modified":"2019-06-19T15:32:40","modified_gmt":"2019-06-19T13:32:40","slug":"jeu-de-roulette-pour-stockage-et-manutention-pour-polypodium","status":"publish","type":"product","link":"https:\/\/www.sp-equipements.com\/site\/produit\/jeu-de-roulette-pour-stockage-et-manutention-pour-polypodium\/","title":{"rendered":"Jeu de Roulette pour stockage et manutention pour POLYPODIUM"},"content":{"rendered":"","protected":false},"excerpt":{"rendered":"<p>Kit de roulettes de transport pour praticable \u00e0 pieds fixes ou t\u00e9lescopiques POLYPODIUM comportant chacun deux roulettes directrices, deux roulettes fixes sans frein en plastique dur pour rev\u00eatement de sol dur (ex. b\u00e9ton).<br \/>\nArmature en \u00e9trier en option.<\/p>\n","protected":false},"featured_media":37863,"comment_status":"open","ping_status":"closed","template":"","meta":[],"product_cat":[191,104],"product_tag":[],"yoast_head":"<!-- This site is optimized with the Yoast SEO plugin v22.2 - https:\/\/yoast.com\/wordpress\/plugins\/seo\/ -->\n<title>Jeu de Roulette pour stockage et manutention pour POLYPODIUM - SP \u00c9quipements<\/title>\n<meta name=\"robots\" content=\"index, follow, max-snippet:-1, max-image-preview:large, max-video-preview:-1\" \/>\n<link rel=\"canonical\" href=\"https:\/\/www.sp-equipements.com\/site\/produit\/jeu-de-roulette-pour-stockage-et-manutention-pour-polypodium\/\" \/>\n<meta property=\"og:locale\" content=\"fr_FR\" \/>\n<meta property=\"og:type\" content=\"article\" \/>\n<meta property=\"og:title\" content=\"Jeu de Roulette pour stockage et manutention pour POLYPODIUM - SP \u00c9quipements\" \/>\n<meta property=\"og:description\" content=\"Kit de roulettes de transport pour praticable \u00e0 pieds fixes ou t\u00e9lescopiques POLYPODIUM comportant chacun deux roulettes directrices, deux roulettes fixes sans frein en plastique dur pour rev\u00eatement de sol dur (ex. b\u00e9ton). Armature en \u00e9trier en option.\" \/>\n<meta property=\"og:url\" content=\"https:\/\/www.sp-equipements.com\/site\/produit\/jeu-de-roulette-pour-stockage-et-manutention-pour-polypodium\/\" \/>\n<meta property=\"og:site_name\" content=\"SP \u00c9quipements\" \/>\n<meta property=\"article:modified_time\" content=\"2019-06-19T13:32:40+00:00\" \/>\n<meta property=\"og:image\" content=\"https:\/\/www.sp-equipements.com\/site\/wp-content\/uploads\/2019\/06\/jeu_de_roulette-1.jpg\" \/>\n\t<meta property=\"og:image:width\" content=\"190\" \/>\n\t<meta property=\"og:image:height\" content=\"190\" \/>\n\t<meta property=\"og:image:type\" content=\"image\/jpeg\" \/>\n<meta name=\"twitter:card\" content=\"summary_large_image\" \/>\n<script type=\"application\/ld+json\" class=\"yoast-schema-graph\">{\"@context\":\"https:\/\/schema.org\",\"@graph\":[{\"@type\":\"WebPage\",\"@id\":\"https:\/\/www.sp-equipements.com\/site\/produit\/jeu-de-roulette-pour-stockage-et-manutention-pour-polypodium\/\",\"url\":\"https:\/\/www.sp-equipements.com\/site\/produit\/jeu-de-roulette-pour-stockage-et-manutention-pour-polypodium\/\",\"name\":\"Jeu de Roulette pour stockage et manutention pour POLYPODIUM - SP \u00c9quipements\",\"isPartOf\":{\"@id\":\"https:\/\/www.sp-equipements.com\/site\/#website\"},\"primaryImageOfPage\":{\"@id\":\"https:\/\/www.sp-equipements.com\/site\/produit\/jeu-de-roulette-pour-stockage-et-manutention-pour-polypodium\/#primaryimage\"},\"image\":{\"@id\":\"https:\/\/www.sp-equipements.com\/site\/produit\/jeu-de-roulette-pour-stockage-et-manutention-pour-polypodium\/#primaryimage\"},\"thumbnailUrl\":\"https:\/\/www.sp-equipements.com\/site\/wp-content\/uploads\/2019\/06\/jeu_de_roulette-1.jpg\",\"datePublished\":\"2019-06-07T08:17:34+00:00\",\"dateModified\":\"2019-06-19T13:32:40+00:00\",\"breadcrumb\":{\"@id\":\"https:\/\/www.sp-equipements.com\/site\/produit\/jeu-de-roulette-pour-stockage-et-manutention-pour-polypodium\/#breadcrumb\"},\"inLanguage\":\"fr-FR\",\"potentialAction\":[{\"@type\":\"ReadAction\",\"target\":[\"https:\/\/www.sp-equipements.com\/site\/produit\/jeu-de-roulette-pour-stockage-et-manutention-pour-polypodium\/\"]}]},{\"@type\":\"ImageObject\",\"inLanguage\":\"fr-FR\",\"@id\":\"https:\/\/www.sp-equipements.com\/site\/produit\/jeu-de-roulette-pour-stockage-et-manutention-pour-polypodium\/#primaryimage\",\"url\":\"https:\/\/www.sp-equipements.com\/site\/wp-content\/uploads\/2019\/06\/jeu_de_roulette-1.jpg\",\"contentUrl\":\"https:\/\/www.sp-equipements.com\/site\/wp-content\/uploads\/2019\/06\/jeu_de_roulette-1.jpg\",\"width\":190,\"height\":190,\"caption\":\"jeu de roulette 1\"},{\"@type\":\"BreadcrumbList\",\"@id\":\"https:\/\/www.sp-equipements.com\/site\/produit\/jeu-de-roulette-pour-stockage-et-manutention-pour-polypodium\/#breadcrumb\",\"itemListElement\":[{\"@type\":\"ListItem\",\"position\":1,\"name\":\"Accueil\",\"item\":\"https:\/\/www.sp-equipements.com\/site\/\"},{\"@type\":\"ListItem\",\"position\":2,\"name\":\"Catalogue\",\"item\":\"https:\/\/www.sp-equipements.com\/site\/catalogue\/\"},{\"@type\":\"ListItem\",\"position\":3,\"name\":\"Jeu de Roulette pour stockage et manutention pour POLYPODIUM\"}]},{\"@type\":\"WebSite\",\"@id\":\"https:\/\/www.sp-equipements.com\/site\/#website\",\"url\":\"https:\/\/www.sp-equipements.com\/site\/\",\"name\":\"SP \u00c9quipements\",\"description\":\"\u00c9quipements de collectivit\u00e9s\",\"potentialAction\":[{\"@type\":\"SearchAction\",\"target\":{\"@type\":\"EntryPoint\",\"urlTemplate\":\"https:\/\/www.sp-equipements.com\/site\/?s={search_term_string}\"},\"query-input\":\"required name=search_term_string\"}],\"inLanguage\":\"fr-FR\"}]}<\/script>\n<!-- \/ Yoast SEO plugin. -->","yoast_head_json":{"title":"Jeu de Roulette pour stockage et manutention pour POLYPODIUM - SP \u00c9quipements","robots":{"index":"index","follow":"follow","max-snippet":"max-snippet:-1","max-image-preview":"max-image-preview:large","max-video-preview":"max-video-preview:-1"},"canonical":"https:\/\/www.sp-equipements.com\/site\/produit\/jeu-de-roulette-pour-stockage-et-manutention-pour-polypodium\/","og_locale":"fr_FR","og_type":"article","og_title":"Jeu de Roulette pour stockage et manutention pour POLYPODIUM - SP \u00c9quipements","og_description":"Kit de roulettes de transport pour praticable \u00e0 pieds fixes ou t\u00e9lescopiques POLYPODIUM comportant chacun deux roulettes directrices, deux roulettes fixes sans frein en plastique dur pour rev\u00eatement de sol dur (ex. b\u00e9ton). Armature en \u00e9trier en option.","og_url":"https:\/\/www.sp-equipements.com\/site\/produit\/jeu-de-roulette-pour-stockage-et-manutention-pour-polypodium\/","og_site_name":"SP \u00c9quipements","article_modified_time":"2019-06-19T13:32:40+00:00","og_image":[{"width":190,"height":190,"url":"https:\/\/www.sp-equipements.com\/site\/wp-content\/uploads\/2019\/06\/jeu_de_roulette-1.jpg","type":"image\/jpeg"}],"twitter_card":"summary_large_image","schema":{"@context":"https:\/\/schema.org","@graph":[{"@type":"WebPage","@id":"https:\/\/www.sp-equipements.com\/site\/produit\/jeu-de-roulette-pour-stockage-et-manutention-pour-polypodium\/","url":"https:\/\/www.sp-equipements.com\/site\/produit\/jeu-de-roulette-pour-stockage-et-manutention-pour-polypodium\/","name":"Jeu de Roulette pour stockage et manutention pour POLYPODIUM - SP \u00c9quipements","isPartOf":{"@id":"https:\/\/www.sp-equipements.com\/site\/#website"},"primaryImageOfPage":{"@id":"https:\/\/www.sp-equipements.com\/site\/produit\/jeu-de-roulette-pour-stockage-et-manutention-pour-polypodium\/#primaryimage"},"image":{"@id":"https:\/\/www.sp-equipements.com\/site\/produit\/jeu-de-roulette-pour-stockage-et-manutention-pour-polypodium\/#primaryimage"},"thumbnailUrl":"https:\/\/www.sp-equipements.com\/site\/wp-content\/uploads\/2019\/06\/jeu_de_roulette-1.jpg","datePublished":"2019-06-07T08:17:34+00:00","dateModified":"2019-06-19T13:32:40+00:00","breadcrumb":{"@id":"https:\/\/www.sp-equipements.com\/site\/produit\/jeu-de-roulette-pour-stockage-et-manutention-pour-polypodium\/#breadcrumb"},"inLanguage":"fr-FR","potentialAction":[{"@type":"ReadAction","target":["https:\/\/www.sp-equipements.com\/site\/produit\/jeu-de-roulette-pour-stockage-et-manutention-pour-polypodium\/"]}]},{"@type":"ImageObject","inLanguage":"fr-FR","@id":"https:\/\/www.sp-equipements.com\/site\/produit\/jeu-de-roulette-pour-stockage-et-manutention-pour-polypodium\/#primaryimage","url":"https:\/\/www.sp-equipements.com\/site\/wp-content\/uploads\/2019\/06\/jeu_de_roulette-1.jpg","contentUrl":"https:\/\/www.sp-equipements.com\/site\/wp-content\/uploads\/2019\/06\/jeu_de_roulette-1.jpg","width":190,"height":190,"caption":"jeu de roulette 1"},{"@type":"BreadcrumbList","@id":"https:\/\/www.sp-equipements.com\/site\/produit\/jeu-de-roulette-pour-stockage-et-manutention-pour-polypodium\/#breadcrumb","itemListElement":[{"@type":"ListItem","position":1,"name":"Accueil","item":"https:\/\/www.sp-equipements.com\/site\/"},{"@type":"ListItem","position":2,"name":"Catalogue","item":"https:\/\/www.sp-equipements.com\/site\/catalogue\/"},{"@type":"ListItem","position":3,"name":"Jeu de Roulette pour stockage et manutention pour POLYPODIUM"}]},{"@type":"WebSite","@id":"https:\/\/www.sp-equipements.com\/site\/#website","url":"https:\/\/www.sp-equipements.com\/site\/","name":"SP \u00c9quipements","description":"\u00c9quipements de collectivit\u00e9s","potentialAction":[{"@type":"SearchAction","target":{"@type":"EntryPoint","urlTemplate":"https:\/\/www.sp-equipements.com\/site\/?s={search_term_string}"},"query-input":"required name=search_term_string"}],"inLanguage":"fr-FR"}]}},"_links":{"self":[{"href":"https:\/\/www.sp-equipements.com\/site\/wp-json\/wp\/v2\/product\/21856"}],"collection":[{"href":"https:\/\/www.sp-equipements.com\/site\/wp-json\/wp\/v2\/product"}],"about":[{"href":"https:\/\/www.sp-equipements.com\/site\/wp-json\/wp\/v2\/types\/product"}],"replies":[{"embeddable":true,"href":"https:\/\/www.sp-equipements.com\/site\/wp-json\/wp\/v2\/comments?post=21856"}],"wp:featuredmedia":[{"embeddable":true,"href":"https:\/\/www.sp-equipements.com\/site\/wp-json\/wp\/v2\/media\/37863"}],"wp:attachment":[{"href":"https:\/\/www.sp-equipements.com\/site\/wp-json\/wp\/v2\/media?parent=21856"}],"wp:term":[{"taxonomy":"product_cat","embeddable":true,"href":"https:\/\/www.sp-equipements.com\/site\/wp-json\/wp\/v2\/product_cat?post=21856"},{"taxonomy":"product_tag","embeddable":true,"href":"https:\/\/www.sp-equipements.com\/site\/wp-json\/wp\/v2\/product_tag?post=21856"}],"curies":[{"name":"wp","href":"https:\/\/api.w.org\/{rel}","templated":true}]}}