{"id":21858,"date":"2019-06-07T10:17:35","date_gmt":"2019-06-07T08:17:35","guid":{"rendered":"http:\/\/www.polyequipements.com\/produit\/agrafes-ou-pinces-pour-assemblage\/"},"modified":"2019-06-19T15:32:41","modified_gmt":"2019-06-19T13:32:41","slug":"agrafes-ou-pinces-pour-assemblage","status":"publish","type":"product","link":"https:\/\/www.sp-equipements.com\/site\/produit\/agrafes-ou-pinces-pour-assemblage\/","title":{"rendered":"Agrafes ou Pinces pour Assemblage"},"content":{"rendered":"","protected":false},"excerpt":{"rendered":"<div id=\"box-article-description\">\n<div id=\"display-article-description\">\n<p><i>Agrafe de fixation universelle pour diff\u00e9rentes marques.<\/i><\/p>\n<p>Pour une jonction s\u00fbre de la surface de la sc\u00e8ne, particuli\u00e8rement pour les manifestations de danse et pour les charges extr\u00eames, compl\u00e8te avec vis.<br \/>\nAu choix dans les ex\u00e9cutions : en zinc coul\u00e9 sous pression ou en PVC.<\/p>\n<\/div>\n<\/div>\n","protected":false},"featured_media":37865,"comment_status":"open","ping_status":"closed","template":"","meta":[],"product_cat":[193,104],"product_tag":[],"yoast_head":"<!-- This site is optimized with the Yoast SEO plugin v22.2 - https:\/\/yoast.com\/wordpress\/plugins\/seo\/ -->\n<title>Agrafes ou Pinces pour Assemblage - SP \u00c9quipements<\/title>\n<meta name=\"robots\" content=\"index, follow, max-snippet:-1, max-image-preview:large, max-video-preview:-1\" \/>\n<link rel=\"canonical\" href=\"https:\/\/www.sp-equipements.com\/site\/produit\/agrafes-ou-pinces-pour-assemblage\/\" \/>\n<meta property=\"og:locale\" content=\"fr_FR\" \/>\n<meta property=\"og:type\" content=\"article\" \/>\n<meta property=\"og:title\" content=\"Agrafes ou Pinces pour Assemblage - SP \u00c9quipements\" \/>\n<meta property=\"og:description\" content=\"Agrafe de fixation universelle pour diff\u00e9rentes marques.  Pour une jonction s\u00fbre de la surface de la sc\u00e8ne, particuli\u00e8rement pour les manifestations de danse et pour les charges extr\u00eames, compl\u00e8te avec vis. Au choix dans les ex\u00e9cutions : en zinc coul\u00e9 sous pression ou en PVC.\" \/>\n<meta property=\"og:url\" content=\"https:\/\/www.sp-equipements.com\/site\/produit\/agrafes-ou-pinces-pour-assemblage\/\" \/>\n<meta property=\"og:site_name\" content=\"SP \u00c9quipements\" \/>\n<meta property=\"article:modified_time\" content=\"2019-06-19T13:32:41+00:00\" \/>\n<meta property=\"og:image\" content=\"https:\/\/www.sp-equipements.com\/site\/wp-content\/uploads\/2019\/06\/griffe_pratos-1.jpg\" \/>\n\t<meta property=\"og:image:width\" content=\"190\" \/>\n\t<meta property=\"og:image:height\" content=\"190\" \/>\n\t<meta property=\"og:image:type\" content=\"image\/jpeg\" \/>\n<meta name=\"twitter:card\" content=\"summary_large_image\" \/>\n<script type=\"application\/ld+json\" class=\"yoast-schema-graph\">{\"@context\":\"https:\/\/schema.org\",\"@graph\":[{\"@type\":\"WebPage\",\"@id\":\"https:\/\/www.sp-equipements.com\/site\/produit\/agrafes-ou-pinces-pour-assemblage\/\",\"url\":\"https:\/\/www.sp-equipements.com\/site\/produit\/agrafes-ou-pinces-pour-assemblage\/\",\"name\":\"Agrafes ou Pinces pour Assemblage - SP \u00c9quipements\",\"isPartOf\":{\"@id\":\"https:\/\/www.sp-equipements.com\/site\/#website\"},\"primaryImageOfPage\":{\"@id\":\"https:\/\/www.sp-equipements.com\/site\/produit\/agrafes-ou-pinces-pour-assemblage\/#primaryimage\"},\"image\":{\"@id\":\"https:\/\/www.sp-equipements.com\/site\/produit\/agrafes-ou-pinces-pour-assemblage\/#primaryimage\"},\"thumbnailUrl\":\"https:\/\/www.sp-equipements.com\/site\/wp-content\/uploads\/2019\/06\/griffe_pratos-1.jpg\",\"datePublished\":\"2019-06-07T08:17:35+00:00\",\"dateModified\":\"2019-06-19T13:32:41+00:00\",\"breadcrumb\":{\"@id\":\"https:\/\/www.sp-equipements.com\/site\/produit\/agrafes-ou-pinces-pour-assemblage\/#breadcrumb\"},\"inLanguage\":\"fr-FR\",\"potentialAction\":[{\"@type\":\"ReadAction\",\"target\":[\"https:\/\/www.sp-equipements.com\/site\/produit\/agrafes-ou-pinces-pour-assemblage\/\"]}]},{\"@type\":\"ImageObject\",\"inLanguage\":\"fr-FR\",\"@id\":\"https:\/\/www.sp-equipements.com\/site\/produit\/agrafes-ou-pinces-pour-assemblage\/#primaryimage\",\"url\":\"https:\/\/www.sp-equipements.com\/site\/wp-content\/uploads\/2019\/06\/griffe_pratos-1.jpg\",\"contentUrl\":\"https:\/\/www.sp-equipements.com\/site\/wp-content\/uploads\/2019\/06\/griffe_pratos-1.jpg\",\"width\":190,\"height\":190,\"caption\":\"griffe pratos 1\"},{\"@type\":\"BreadcrumbList\",\"@id\":\"https:\/\/www.sp-equipements.com\/site\/produit\/agrafes-ou-pinces-pour-assemblage\/#breadcrumb\",\"itemListElement\":[{\"@type\":\"ListItem\",\"position\":1,\"name\":\"Accueil\",\"item\":\"https:\/\/www.sp-equipements.com\/site\/\"},{\"@type\":\"ListItem\",\"position\":2,\"name\":\"Catalogue\",\"item\":\"https:\/\/www.sp-equipements.com\/site\/catalogue\/\"},{\"@type\":\"ListItem\",\"position\":3,\"name\":\"Agrafes ou Pinces pour Assemblage\"}]},{\"@type\":\"WebSite\",\"@id\":\"https:\/\/www.sp-equipements.com\/site\/#website\",\"url\":\"https:\/\/www.sp-equipements.com\/site\/\",\"name\":\"SP \u00c9quipements\",\"description\":\"\u00c9quipements de collectivit\u00e9s\",\"potentialAction\":[{\"@type\":\"SearchAction\",\"target\":{\"@type\":\"EntryPoint\",\"urlTemplate\":\"https:\/\/www.sp-equipements.com\/site\/?s={search_term_string}\"},\"query-input\":\"required name=search_term_string\"}],\"inLanguage\":\"fr-FR\"}]}<\/script>\n<!-- \/ Yoast SEO plugin. -->","yoast_head_json":{"title":"Agrafes ou Pinces pour Assemblage - SP \u00c9quipements","robots":{"index":"index","follow":"follow","max-snippet":"max-snippet:-1","max-image-preview":"max-image-preview:large","max-video-preview":"max-video-preview:-1"},"canonical":"https:\/\/www.sp-equipements.com\/site\/produit\/agrafes-ou-pinces-pour-assemblage\/","og_locale":"fr_FR","og_type":"article","og_title":"Agrafes ou Pinces pour Assemblage - SP \u00c9quipements","og_description":"Agrafe de fixation universelle pour diff\u00e9rentes marques.  Pour une jonction s\u00fbre de la surface de la sc\u00e8ne, particuli\u00e8rement pour les manifestations de danse et pour les charges extr\u00eames, compl\u00e8te avec vis. Au choix dans les ex\u00e9cutions : en zinc coul\u00e9 sous pression ou en PVC.","og_url":"https:\/\/www.sp-equipements.com\/site\/produit\/agrafes-ou-pinces-pour-assemblage\/","og_site_name":"SP \u00c9quipements","article_modified_time":"2019-06-19T13:32:41+00:00","og_image":[{"width":190,"height":190,"url":"https:\/\/www.sp-equipements.com\/site\/wp-content\/uploads\/2019\/06\/griffe_pratos-1.jpg","type":"image\/jpeg"}],"twitter_card":"summary_large_image","schema":{"@context":"https:\/\/schema.org","@graph":[{"@type":"WebPage","@id":"https:\/\/www.sp-equipements.com\/site\/produit\/agrafes-ou-pinces-pour-assemblage\/","url":"https:\/\/www.sp-equipements.com\/site\/produit\/agrafes-ou-pinces-pour-assemblage\/","name":"Agrafes ou Pinces pour Assemblage - SP \u00c9quipements","isPartOf":{"@id":"https:\/\/www.sp-equipements.com\/site\/#website"},"primaryImageOfPage":{"@id":"https:\/\/www.sp-equipements.com\/site\/produit\/agrafes-ou-pinces-pour-assemblage\/#primaryimage"},"image":{"@id":"https:\/\/www.sp-equipements.com\/site\/produit\/agrafes-ou-pinces-pour-assemblage\/#primaryimage"},"thumbnailUrl":"https:\/\/www.sp-equipements.com\/site\/wp-content\/uploads\/2019\/06\/griffe_pratos-1.jpg","datePublished":"2019-06-07T08:17:35+00:00","dateModified":"2019-06-19T13:32:41+00:00","breadcrumb":{"@id":"https:\/\/www.sp-equipements.com\/site\/produit\/agrafes-ou-pinces-pour-assemblage\/#breadcrumb"},"inLanguage":"fr-FR","potentialAction":[{"@type":"ReadAction","target":["https:\/\/www.sp-equipements.com\/site\/produit\/agrafes-ou-pinces-pour-assemblage\/"]}]},{"@type":"ImageObject","inLanguage":"fr-FR","@id":"https:\/\/www.sp-equipements.com\/site\/produit\/agrafes-ou-pinces-pour-assemblage\/#primaryimage","url":"https:\/\/www.sp-equipements.com\/site\/wp-content\/uploads\/2019\/06\/griffe_pratos-1.jpg","contentUrl":"https:\/\/www.sp-equipements.com\/site\/wp-content\/uploads\/2019\/06\/griffe_pratos-1.jpg","width":190,"height":190,"caption":"griffe pratos 1"},{"@type":"BreadcrumbList","@id":"https:\/\/www.sp-equipements.com\/site\/produit\/agrafes-ou-pinces-pour-assemblage\/#breadcrumb","itemListElement":[{"@type":"ListItem","position":1,"name":"Accueil","item":"https:\/\/www.sp-equipements.com\/site\/"},{"@type":"ListItem","position":2,"name":"Catalogue","item":"https:\/\/www.sp-equipements.com\/site\/catalogue\/"},{"@type":"ListItem","position":3,"name":"Agrafes ou Pinces pour Assemblage"}]},{"@type":"WebSite","@id":"https:\/\/www.sp-equipements.com\/site\/#website","url":"https:\/\/www.sp-equipements.com\/site\/","name":"SP \u00c9quipements","description":"\u00c9quipements de collectivit\u00e9s","potentialAction":[{"@type":"SearchAction","target":{"@type":"EntryPoint","urlTemplate":"https:\/\/www.sp-equipements.com\/site\/?s={search_term_string}"},"query-input":"required name=search_term_string"}],"inLanguage":"fr-FR"}]}},"_links":{"self":[{"href":"https:\/\/www.sp-equipements.com\/site\/wp-json\/wp\/v2\/product\/21858"}],"collection":[{"href":"https:\/\/www.sp-equipements.com\/site\/wp-json\/wp\/v2\/product"}],"about":[{"href":"https:\/\/www.sp-equipements.com\/site\/wp-json\/wp\/v2\/types\/product"}],"replies":[{"embeddable":true,"href":"https:\/\/www.sp-equipements.com\/site\/wp-json\/wp\/v2\/comments?post=21858"}],"wp:featuredmedia":[{"embeddable":true,"href":"https:\/\/www.sp-equipements.com\/site\/wp-json\/wp\/v2\/media\/37865"}],"wp:attachment":[{"href":"https:\/\/www.sp-equipements.com\/site\/wp-json\/wp\/v2\/media?parent=21858"}],"wp:term":[{"taxonomy":"product_cat","embeddable":true,"href":"https:\/\/www.sp-equipements.com\/site\/wp-json\/wp\/v2\/product_cat?post=21858"},{"taxonomy":"product_tag","embeddable":true,"href":"https:\/\/www.sp-equipements.com\/site\/wp-json\/wp\/v2\/product_tag?post=21858"}],"curies":[{"name":"wp","href":"https:\/\/api.w.org\/{rel}","templated":true}]}}