{"id":21859,"date":"2019-06-07T10:17:36","date_gmt":"2019-06-07T08:17:36","guid":{"rendered":"http:\/\/www.polyequipements.com\/produit\/promotion-podium-complet-24m%c2%b2-36m%c2%b2-48m%c2%b2-ou-100m%c2%b2\/"},"modified":"2020-06-03T14:16:46","modified_gmt":"2020-06-03T12:16:46","slug":"promotion-podium-complet-24m%c2%b2-36m%c2%b2-48m%c2%b2-ou-100m%c2%b2","status":"publish","type":"product","link":"https:\/\/www.sp-equipements.com\/site\/produit\/promotion-podium-complet-24m%c2%b2-36m%c2%b2-48m%c2%b2-ou-100m%c2%b2\/","title":{"rendered":"PROMOTION Podium Complet 24m\u00b2, 36m\u00b2, 48m\u00b2 ou 100m\u00b2"},"content":{"rendered":"","protected":false},"excerpt":{"rendered":"<div id=\"box-article-description\">\n<div id=\"display-article-description\">\n<p><b>Praticables 2x1m<\/b><br \/>\nPlancher antid\u00e9rapant &#8211; Multipli hydrofuge<br \/>\nCharge admissible :\u00a0<b>750kg\/m\u00b2<\/b><br \/>\nUtilisation ext\u00e9rieur &amp; int\u00e9rieur<br \/>\nMarque d\u2019origine allemande homologu\u00e9e<br \/>\n2 griffes d&rsquo;accroches comprises par praticable.<br \/>\n<b>Garantie 10 ans<\/b><\/p>\n<p><b>Pieds t\u00e9lescopiques 0.60m \u00e0 1m<\/b><br \/>\nEn 60&#215;60 avec patin anti-rayure pour sol de qualit\u00e9.<\/p>\n<p><b>Garde corps de s\u00e9curit\u00e9 3 c\u00f4t\u00e9s barreaud\u00e9s<\/b>\u00a0pour publique, enfant et sc\u00e9nique.<\/p>\n<p><b>1 \u00e0 3 escalier(s) d\u2019acc\u00e8s<\/b>\u00a05 marches avec deux mains courantes.<\/p>\n<p><b>1 \u00e0 4 jeu(x) de 4 roulettes\u00a0<\/b>pour stockage et manutention dont 2 avec freins.<\/p>\n<p><b>Jupe de sc\u00e8ne sur 3 c\u00f4t\u00e9s<\/b><br \/>\nVelcro m\u00e2le\/femelle<br \/>\nBas lest\u00e9 plomb\u00e9<br \/>\nClass\u00e9 non feu M1<\/p>\n<p><b>Possibilit\u00e9 de transformer votre podium en gradin avec notre kit incluant pieds, jonctions et garde corps suppl\u00e9mentaires.<\/b><\/p>\n<p><b>Franco de port<\/b>\u00a0en France m\u00e9tropolitaine Hors Corse et DOM-TOM<\/p>\n<\/div>\n<\/div>\n","protected":false},"featured_media":37866,"comment_status":"open","ping_status":"closed","template":"","meta":[],"product_cat":[191,104,243],"product_tag":[],"yoast_head":"<!-- This site is optimized with the Yoast SEO plugin v22.2 - https:\/\/yoast.com\/wordpress\/plugins\/seo\/ -->\n<title>PROMOTION Podium Complet 24m\u00b2, 36m\u00b2, 48m\u00b2 ou 100m\u00b2 - SP \u00c9quipements<\/title>\n<meta name=\"robots\" content=\"index, follow, max-snippet:-1, max-image-preview:large, max-video-preview:-1\" \/>\n<link rel=\"canonical\" href=\"https:\/\/www.sp-equipements.com\/site\/produit\/promotion-podium-complet-24m\u00b2-36m\u00b2-48m\u00b2-ou-100m\u00b2\/\" \/>\n<meta property=\"og:locale\" content=\"fr_FR\" \/>\n<meta property=\"og:type\" content=\"article\" \/>\n<meta property=\"og:title\" content=\"PROMOTION Podium Complet 24m\u00b2, 36m\u00b2, 48m\u00b2 ou 100m\u00b2 - SP \u00c9quipements\" \/>\n<meta property=\"og:description\" content=\"Praticables 2x1m Plancher antid\u00e9rapant - Multipli hydrofuge Charge admissible :\u00a0750kg\/m\u00b2 Utilisation ext\u00e9rieur &amp; int\u00e9rieur Marque d\u2019origine allemande homologu\u00e9e 2 griffes d&#039;accroches comprises par praticable. Garantie 10 ans  Pieds t\u00e9lescopiques 0.60m \u00e0 1m En 60x60 avec patin anti-rayure pour sol de qualit\u00e9.  Garde corps de s\u00e9curit\u00e9 3 c\u00f4t\u00e9s barreaud\u00e9s\u00a0pour publique, enfant et sc\u00e9nique.  1 \u00e0 3 escalier(s) d\u2019acc\u00e8s\u00a05 marches avec deux mains courantes.  1 \u00e0 4 jeu(x) de 4 roulettes\u00a0pour stockage et manutention dont 2 avec freins.  Jupe de sc\u00e8ne sur 3 c\u00f4t\u00e9s Velcro m\u00e2le\/femelle Bas lest\u00e9 plomb\u00e9 Class\u00e9 non feu M1  Possibilit\u00e9 de transformer votre podium en gradin avec notre kit incluant pieds, jonctions et garde corps suppl\u00e9mentaires.  Franco de port\u00a0en France m\u00e9tropolitaine Hors Corse et DOM-TOM\" \/>\n<meta property=\"og:url\" content=\"https:\/\/www.sp-equipements.com\/site\/produit\/promotion-podium-complet-24m\u00b2-36m\u00b2-48m\u00b2-ou-100m\u00b2\/\" \/>\n<meta property=\"og:site_name\" content=\"SP \u00c9quipements\" \/>\n<meta property=\"article:modified_time\" content=\"2020-06-03T12:16:46+00:00\" \/>\n<meta property=\"og:image\" content=\"https:\/\/www.sp-equipements.com\/site\/wp-content\/uploads\/2019\/06\/promotion_podium_complet_nivoflex-1.jpg\" \/>\n\t<meta property=\"og:image:width\" content=\"190\" \/>\n\t<meta property=\"og:image:height\" content=\"190\" \/>\n\t<meta property=\"og:image:type\" content=\"image\/jpeg\" \/>\n<meta name=\"twitter:card\" content=\"summary_large_image\" \/>\n<script type=\"application\/ld+json\" class=\"yoast-schema-graph\">{\"@context\":\"https:\/\/schema.org\",\"@graph\":[{\"@type\":\"WebPage\",\"@id\":\"https:\/\/www.sp-equipements.com\/site\/produit\/promotion-podium-complet-24m%c2%b2-36m%c2%b2-48m%c2%b2-ou-100m%c2%b2\/\",\"url\":\"https:\/\/www.sp-equipements.com\/site\/produit\/promotion-podium-complet-24m%c2%b2-36m%c2%b2-48m%c2%b2-ou-100m%c2%b2\/\",\"name\":\"PROMOTION Podium Complet 24m\u00b2, 36m\u00b2, 48m\u00b2 ou 100m\u00b2 - SP \u00c9quipements\",\"isPartOf\":{\"@id\":\"https:\/\/www.sp-equipements.com\/site\/#website\"},\"primaryImageOfPage\":{\"@id\":\"https:\/\/www.sp-equipements.com\/site\/produit\/promotion-podium-complet-24m%c2%b2-36m%c2%b2-48m%c2%b2-ou-100m%c2%b2\/#primaryimage\"},\"image\":{\"@id\":\"https:\/\/www.sp-equipements.com\/site\/produit\/promotion-podium-complet-24m%c2%b2-36m%c2%b2-48m%c2%b2-ou-100m%c2%b2\/#primaryimage\"},\"thumbnailUrl\":\"https:\/\/www.sp-equipements.com\/site\/wp-content\/uploads\/2019\/06\/promotion_podium_complet_nivoflex-1.jpg\",\"datePublished\":\"2019-06-07T08:17:36+00:00\",\"dateModified\":\"2020-06-03T12:16:46+00:00\",\"breadcrumb\":{\"@id\":\"https:\/\/www.sp-equipements.com\/site\/produit\/promotion-podium-complet-24m%c2%b2-36m%c2%b2-48m%c2%b2-ou-100m%c2%b2\/#breadcrumb\"},\"inLanguage\":\"fr-FR\",\"potentialAction\":[{\"@type\":\"ReadAction\",\"target\":[\"https:\/\/www.sp-equipements.com\/site\/produit\/promotion-podium-complet-24m%c2%b2-36m%c2%b2-48m%c2%b2-ou-100m%c2%b2\/\"]}]},{\"@type\":\"ImageObject\",\"inLanguage\":\"fr-FR\",\"@id\":\"https:\/\/www.sp-equipements.com\/site\/produit\/promotion-podium-complet-24m%c2%b2-36m%c2%b2-48m%c2%b2-ou-100m%c2%b2\/#primaryimage\",\"url\":\"https:\/\/www.sp-equipements.com\/site\/wp-content\/uploads\/2019\/06\/promotion_podium_complet_nivoflex-1.jpg\",\"contentUrl\":\"https:\/\/www.sp-equipements.com\/site\/wp-content\/uploads\/2019\/06\/promotion_podium_complet_nivoflex-1.jpg\",\"width\":190,\"height\":190,\"caption\":\"promotion podium complet nivoflex 1\"},{\"@type\":\"BreadcrumbList\",\"@id\":\"https:\/\/www.sp-equipements.com\/site\/produit\/promotion-podium-complet-24m%c2%b2-36m%c2%b2-48m%c2%b2-ou-100m%c2%b2\/#breadcrumb\",\"itemListElement\":[{\"@type\":\"ListItem\",\"position\":1,\"name\":\"Accueil\",\"item\":\"https:\/\/www.sp-equipements.com\/site\/\"},{\"@type\":\"ListItem\",\"position\":2,\"name\":\"Catalogue\",\"item\":\"https:\/\/www.sp-equipements.com\/site\/catalogue\/\"},{\"@type\":\"ListItem\",\"position\":3,\"name\":\"PROMOTION Podium Complet 24m\u00b2, 36m\u00b2, 48m\u00b2 ou 100m\u00b2\"}]},{\"@type\":\"WebSite\",\"@id\":\"https:\/\/www.sp-equipements.com\/site\/#website\",\"url\":\"https:\/\/www.sp-equipements.com\/site\/\",\"name\":\"SP \u00c9quipements\",\"description\":\"\u00c9quipements de collectivit\u00e9s\",\"potentialAction\":[{\"@type\":\"SearchAction\",\"target\":{\"@type\":\"EntryPoint\",\"urlTemplate\":\"https:\/\/www.sp-equipements.com\/site\/?s={search_term_string}\"},\"query-input\":\"required name=search_term_string\"}],\"inLanguage\":\"fr-FR\"}]}<\/script>\n<!-- \/ Yoast SEO plugin. -->","yoast_head_json":{"title":"PROMOTION Podium Complet 24m\u00b2, 36m\u00b2, 48m\u00b2 ou 100m\u00b2 - SP \u00c9quipements","robots":{"index":"index","follow":"follow","max-snippet":"max-snippet:-1","max-image-preview":"max-image-preview:large","max-video-preview":"max-video-preview:-1"},"canonical":"https:\/\/www.sp-equipements.com\/site\/produit\/promotion-podium-complet-24m\u00b2-36m\u00b2-48m\u00b2-ou-100m\u00b2\/","og_locale":"fr_FR","og_type":"article","og_title":"PROMOTION Podium Complet 24m\u00b2, 36m\u00b2, 48m\u00b2 ou 100m\u00b2 - SP \u00c9quipements","og_description":"Praticables 2x1m Plancher antid\u00e9rapant - Multipli hydrofuge Charge admissible :\u00a0750kg\/m\u00b2 Utilisation ext\u00e9rieur &amp; int\u00e9rieur Marque d\u2019origine allemande homologu\u00e9e 2 griffes d'accroches comprises par praticable. Garantie 10 ans  Pieds t\u00e9lescopiques 0.60m \u00e0 1m En 60x60 avec patin anti-rayure pour sol de qualit\u00e9.  Garde corps de s\u00e9curit\u00e9 3 c\u00f4t\u00e9s barreaud\u00e9s\u00a0pour publique, enfant et sc\u00e9nique.  1 \u00e0 3 escalier(s) d\u2019acc\u00e8s\u00a05 marches avec deux mains courantes.  1 \u00e0 4 jeu(x) de 4 roulettes\u00a0pour stockage et manutention dont 2 avec freins.  Jupe de sc\u00e8ne sur 3 c\u00f4t\u00e9s Velcro m\u00e2le\/femelle Bas lest\u00e9 plomb\u00e9 Class\u00e9 non feu M1  Possibilit\u00e9 de transformer votre podium en gradin avec notre kit incluant pieds, jonctions et garde corps suppl\u00e9mentaires.  Franco de port\u00a0en France m\u00e9tropolitaine Hors Corse et DOM-TOM","og_url":"https:\/\/www.sp-equipements.com\/site\/produit\/promotion-podium-complet-24m\u00b2-36m\u00b2-48m\u00b2-ou-100m\u00b2\/","og_site_name":"SP \u00c9quipements","article_modified_time":"2020-06-03T12:16:46+00:00","og_image":[{"width":190,"height":190,"url":"https:\/\/www.sp-equipements.com\/site\/wp-content\/uploads\/2019\/06\/promotion_podium_complet_nivoflex-1.jpg","type":"image\/jpeg"}],"twitter_card":"summary_large_image","schema":{"@context":"https:\/\/schema.org","@graph":[{"@type":"WebPage","@id":"https:\/\/www.sp-equipements.com\/site\/produit\/promotion-podium-complet-24m%c2%b2-36m%c2%b2-48m%c2%b2-ou-100m%c2%b2\/","url":"https:\/\/www.sp-equipements.com\/site\/produit\/promotion-podium-complet-24m%c2%b2-36m%c2%b2-48m%c2%b2-ou-100m%c2%b2\/","name":"PROMOTION Podium Complet 24m\u00b2, 36m\u00b2, 48m\u00b2 ou 100m\u00b2 - SP \u00c9quipements","isPartOf":{"@id":"https:\/\/www.sp-equipements.com\/site\/#website"},"primaryImageOfPage":{"@id":"https:\/\/www.sp-equipements.com\/site\/produit\/promotion-podium-complet-24m%c2%b2-36m%c2%b2-48m%c2%b2-ou-100m%c2%b2\/#primaryimage"},"image":{"@id":"https:\/\/www.sp-equipements.com\/site\/produit\/promotion-podium-complet-24m%c2%b2-36m%c2%b2-48m%c2%b2-ou-100m%c2%b2\/#primaryimage"},"thumbnailUrl":"https:\/\/www.sp-equipements.com\/site\/wp-content\/uploads\/2019\/06\/promotion_podium_complet_nivoflex-1.jpg","datePublished":"2019-06-07T08:17:36+00:00","dateModified":"2020-06-03T12:16:46+00:00","breadcrumb":{"@id":"https:\/\/www.sp-equipements.com\/site\/produit\/promotion-podium-complet-24m%c2%b2-36m%c2%b2-48m%c2%b2-ou-100m%c2%b2\/#breadcrumb"},"inLanguage":"fr-FR","potentialAction":[{"@type":"ReadAction","target":["https:\/\/www.sp-equipements.com\/site\/produit\/promotion-podium-complet-24m%c2%b2-36m%c2%b2-48m%c2%b2-ou-100m%c2%b2\/"]}]},{"@type":"ImageObject","inLanguage":"fr-FR","@id":"https:\/\/www.sp-equipements.com\/site\/produit\/promotion-podium-complet-24m%c2%b2-36m%c2%b2-48m%c2%b2-ou-100m%c2%b2\/#primaryimage","url":"https:\/\/www.sp-equipements.com\/site\/wp-content\/uploads\/2019\/06\/promotion_podium_complet_nivoflex-1.jpg","contentUrl":"https:\/\/www.sp-equipements.com\/site\/wp-content\/uploads\/2019\/06\/promotion_podium_complet_nivoflex-1.jpg","width":190,"height":190,"caption":"promotion podium complet nivoflex 1"},{"@type":"BreadcrumbList","@id":"https:\/\/www.sp-equipements.com\/site\/produit\/promotion-podium-complet-24m%c2%b2-36m%c2%b2-48m%c2%b2-ou-100m%c2%b2\/#breadcrumb","itemListElement":[{"@type":"ListItem","position":1,"name":"Accueil","item":"https:\/\/www.sp-equipements.com\/site\/"},{"@type":"ListItem","position":2,"name":"Catalogue","item":"https:\/\/www.sp-equipements.com\/site\/catalogue\/"},{"@type":"ListItem","position":3,"name":"PROMOTION Podium Complet 24m\u00b2, 36m\u00b2, 48m\u00b2 ou 100m\u00b2"}]},{"@type":"WebSite","@id":"https:\/\/www.sp-equipements.com\/site\/#website","url":"https:\/\/www.sp-equipements.com\/site\/","name":"SP \u00c9quipements","description":"\u00c9quipements de collectivit\u00e9s","potentialAction":[{"@type":"SearchAction","target":{"@type":"EntryPoint","urlTemplate":"https:\/\/www.sp-equipements.com\/site\/?s={search_term_string}"},"query-input":"required name=search_term_string"}],"inLanguage":"fr-FR"}]}},"_links":{"self":[{"href":"https:\/\/www.sp-equipements.com\/site\/wp-json\/wp\/v2\/product\/21859"}],"collection":[{"href":"https:\/\/www.sp-equipements.com\/site\/wp-json\/wp\/v2\/product"}],"about":[{"href":"https:\/\/www.sp-equipements.com\/site\/wp-json\/wp\/v2\/types\/product"}],"replies":[{"embeddable":true,"href":"https:\/\/www.sp-equipements.com\/site\/wp-json\/wp\/v2\/comments?post=21859"}],"wp:featuredmedia":[{"embeddable":true,"href":"https:\/\/www.sp-equipements.com\/site\/wp-json\/wp\/v2\/media\/37866"}],"wp:attachment":[{"href":"https:\/\/www.sp-equipements.com\/site\/wp-json\/wp\/v2\/media?parent=21859"}],"wp:term":[{"taxonomy":"product_cat","embeddable":true,"href":"https:\/\/www.sp-equipements.com\/site\/wp-json\/wp\/v2\/product_cat?post=21859"},{"taxonomy":"product_tag","embeddable":true,"href":"https:\/\/www.sp-equipements.com\/site\/wp-json\/wp\/v2\/product_tag?post=21859"}],"curies":[{"name":"wp","href":"https:\/\/api.w.org\/{rel}","templated":true}]}}