{"id":21861,"date":"2019-06-07T10:17:37","date_gmt":"2019-06-07T08:17:37","guid":{"rendered":"http:\/\/www.polyequipements.com\/produit\/escalier-de-1-a-6-marches-pour-stabilo-et-polypodium\/"},"modified":"2019-06-19T15:32:42","modified_gmt":"2019-06-19T13:32:42","slug":"escalier-de-1-a-6-marches-pour-stabilo-et-polypodium","status":"publish","type":"product","link":"https:\/\/www.sp-equipements.com\/site\/produit\/escalier-de-1-a-6-marches-pour-stabilo-et-polypodium\/","title":{"rendered":"Escalier de 1 \u00e0 6 Marches pour STABILO et POLYPODIUM"},"content":{"rendered":"","protected":false},"excerpt":{"rendered":"<div id=\"box-article-description\">\n<div id=\"display-article-description\">\n<p><i>Escalier \u00e0 marches POLYPODIUM et STABILO largeur 1m<\/i><\/p>\n<p>Marche en acier utilisable pour les hauteurs de podium indiqu\u00e9es dans les options. Marche de 100cm de large, 30cm de profondeur. Mont\u00e9e des marches de 20cm en 20cm.<\/p>\n<p>Plateau de recouvrement en panneau latt\u00e9 h\u00eatre.<\/p>\n<\/div>\n<\/div>\n","protected":false},"featured_media":37868,"comment_status":"open","ping_status":"closed","template":"","meta":[],"product_cat":[191,104],"product_tag":[],"yoast_head":"<!-- This site is optimized with the Yoast SEO plugin v22.2 - https:\/\/yoast.com\/wordpress\/plugins\/seo\/ -->\n<title>Escalier de 1 \u00e0 6 Marches pour STABILO et POLYPODIUM - SP \u00c9quipements<\/title>\n<meta name=\"robots\" content=\"index, follow, max-snippet:-1, max-image-preview:large, max-video-preview:-1\" \/>\n<link rel=\"canonical\" href=\"https:\/\/www.sp-equipements.com\/site\/produit\/escalier-de-1-a-6-marches-pour-stabilo-et-polypodium\/\" \/>\n<meta property=\"og:locale\" content=\"fr_FR\" \/>\n<meta property=\"og:type\" content=\"article\" \/>\n<meta property=\"og:title\" content=\"Escalier de 1 \u00e0 6 Marches pour STABILO et POLYPODIUM - SP \u00c9quipements\" \/>\n<meta property=\"og:description\" content=\"Escalier \u00e0 marches POLYPODIUM et STABILO largeur 1m  Marche en acier utilisable pour les hauteurs de podium indiqu\u00e9es dans les options. Marche de 100cm de large, 30cm de profondeur. Mont\u00e9e des marches de 20cm en 20cm.  Plateau de recouvrement en panneau latt\u00e9 h\u00eatre.\" \/>\n<meta property=\"og:url\" content=\"https:\/\/www.sp-equipements.com\/site\/produit\/escalier-de-1-a-6-marches-pour-stabilo-et-polypodium\/\" \/>\n<meta property=\"og:site_name\" content=\"SP \u00c9quipements\" \/>\n<meta property=\"article:modified_time\" content=\"2019-06-19T13:32:42+00:00\" \/>\n<meta property=\"og:image\" content=\"https:\/\/www.sp-equipements.com\/site\/wp-content\/uploads\/2019\/06\/escalier_event-1.jpg\" \/>\n\t<meta property=\"og:image:width\" content=\"190\" \/>\n\t<meta property=\"og:image:height\" content=\"190\" \/>\n\t<meta property=\"og:image:type\" content=\"image\/jpeg\" \/>\n<meta name=\"twitter:card\" content=\"summary_large_image\" \/>\n<script type=\"application\/ld+json\" class=\"yoast-schema-graph\">{\"@context\":\"https:\/\/schema.org\",\"@graph\":[{\"@type\":\"WebPage\",\"@id\":\"https:\/\/www.sp-equipements.com\/site\/produit\/escalier-de-1-a-6-marches-pour-stabilo-et-polypodium\/\",\"url\":\"https:\/\/www.sp-equipements.com\/site\/produit\/escalier-de-1-a-6-marches-pour-stabilo-et-polypodium\/\",\"name\":\"Escalier de 1 \u00e0 6 Marches pour STABILO et POLYPODIUM - SP \u00c9quipements\",\"isPartOf\":{\"@id\":\"https:\/\/www.sp-equipements.com\/site\/#website\"},\"primaryImageOfPage\":{\"@id\":\"https:\/\/www.sp-equipements.com\/site\/produit\/escalier-de-1-a-6-marches-pour-stabilo-et-polypodium\/#primaryimage\"},\"image\":{\"@id\":\"https:\/\/www.sp-equipements.com\/site\/produit\/escalier-de-1-a-6-marches-pour-stabilo-et-polypodium\/#primaryimage\"},\"thumbnailUrl\":\"https:\/\/www.sp-equipements.com\/site\/wp-content\/uploads\/2019\/06\/escalier_event-1.jpg\",\"datePublished\":\"2019-06-07T08:17:37+00:00\",\"dateModified\":\"2019-06-19T13:32:42+00:00\",\"breadcrumb\":{\"@id\":\"https:\/\/www.sp-equipements.com\/site\/produit\/escalier-de-1-a-6-marches-pour-stabilo-et-polypodium\/#breadcrumb\"},\"inLanguage\":\"fr-FR\",\"potentialAction\":[{\"@type\":\"ReadAction\",\"target\":[\"https:\/\/www.sp-equipements.com\/site\/produit\/escalier-de-1-a-6-marches-pour-stabilo-et-polypodium\/\"]}]},{\"@type\":\"ImageObject\",\"inLanguage\":\"fr-FR\",\"@id\":\"https:\/\/www.sp-equipements.com\/site\/produit\/escalier-de-1-a-6-marches-pour-stabilo-et-polypodium\/#primaryimage\",\"url\":\"https:\/\/www.sp-equipements.com\/site\/wp-content\/uploads\/2019\/06\/escalier_event-1.jpg\",\"contentUrl\":\"https:\/\/www.sp-equipements.com\/site\/wp-content\/uploads\/2019\/06\/escalier_event-1.jpg\",\"width\":190,\"height\":190,\"caption\":\"escalier event 1\"},{\"@type\":\"BreadcrumbList\",\"@id\":\"https:\/\/www.sp-equipements.com\/site\/produit\/escalier-de-1-a-6-marches-pour-stabilo-et-polypodium\/#breadcrumb\",\"itemListElement\":[{\"@type\":\"ListItem\",\"position\":1,\"name\":\"Accueil\",\"item\":\"https:\/\/www.sp-equipements.com\/site\/\"},{\"@type\":\"ListItem\",\"position\":2,\"name\":\"Catalogue\",\"item\":\"https:\/\/www.sp-equipements.com\/site\/catalogue\/\"},{\"@type\":\"ListItem\",\"position\":3,\"name\":\"Escalier de 1 \u00e0 6 Marches pour STABILO et POLYPODIUM\"}]},{\"@type\":\"WebSite\",\"@id\":\"https:\/\/www.sp-equipements.com\/site\/#website\",\"url\":\"https:\/\/www.sp-equipements.com\/site\/\",\"name\":\"SP \u00c9quipements\",\"description\":\"\u00c9quipements de collectivit\u00e9s\",\"potentialAction\":[{\"@type\":\"SearchAction\",\"target\":{\"@type\":\"EntryPoint\",\"urlTemplate\":\"https:\/\/www.sp-equipements.com\/site\/?s={search_term_string}\"},\"query-input\":\"required name=search_term_string\"}],\"inLanguage\":\"fr-FR\"}]}<\/script>\n<!-- \/ Yoast SEO plugin. -->","yoast_head_json":{"title":"Escalier de 1 \u00e0 6 Marches pour STABILO et POLYPODIUM - SP \u00c9quipements","robots":{"index":"index","follow":"follow","max-snippet":"max-snippet:-1","max-image-preview":"max-image-preview:large","max-video-preview":"max-video-preview:-1"},"canonical":"https:\/\/www.sp-equipements.com\/site\/produit\/escalier-de-1-a-6-marches-pour-stabilo-et-polypodium\/","og_locale":"fr_FR","og_type":"article","og_title":"Escalier de 1 \u00e0 6 Marches pour STABILO et POLYPODIUM - SP \u00c9quipements","og_description":"Escalier \u00e0 marches POLYPODIUM et STABILO largeur 1m  Marche en acier utilisable pour les hauteurs de podium indiqu\u00e9es dans les options. Marche de 100cm de large, 30cm de profondeur. Mont\u00e9e des marches de 20cm en 20cm.  Plateau de recouvrement en panneau latt\u00e9 h\u00eatre.","og_url":"https:\/\/www.sp-equipements.com\/site\/produit\/escalier-de-1-a-6-marches-pour-stabilo-et-polypodium\/","og_site_name":"SP \u00c9quipements","article_modified_time":"2019-06-19T13:32:42+00:00","og_image":[{"width":190,"height":190,"url":"https:\/\/www.sp-equipements.com\/site\/wp-content\/uploads\/2019\/06\/escalier_event-1.jpg","type":"image\/jpeg"}],"twitter_card":"summary_large_image","schema":{"@context":"https:\/\/schema.org","@graph":[{"@type":"WebPage","@id":"https:\/\/www.sp-equipements.com\/site\/produit\/escalier-de-1-a-6-marches-pour-stabilo-et-polypodium\/","url":"https:\/\/www.sp-equipements.com\/site\/produit\/escalier-de-1-a-6-marches-pour-stabilo-et-polypodium\/","name":"Escalier de 1 \u00e0 6 Marches pour STABILO et POLYPODIUM - SP \u00c9quipements","isPartOf":{"@id":"https:\/\/www.sp-equipements.com\/site\/#website"},"primaryImageOfPage":{"@id":"https:\/\/www.sp-equipements.com\/site\/produit\/escalier-de-1-a-6-marches-pour-stabilo-et-polypodium\/#primaryimage"},"image":{"@id":"https:\/\/www.sp-equipements.com\/site\/produit\/escalier-de-1-a-6-marches-pour-stabilo-et-polypodium\/#primaryimage"},"thumbnailUrl":"https:\/\/www.sp-equipements.com\/site\/wp-content\/uploads\/2019\/06\/escalier_event-1.jpg","datePublished":"2019-06-07T08:17:37+00:00","dateModified":"2019-06-19T13:32:42+00:00","breadcrumb":{"@id":"https:\/\/www.sp-equipements.com\/site\/produit\/escalier-de-1-a-6-marches-pour-stabilo-et-polypodium\/#breadcrumb"},"inLanguage":"fr-FR","potentialAction":[{"@type":"ReadAction","target":["https:\/\/www.sp-equipements.com\/site\/produit\/escalier-de-1-a-6-marches-pour-stabilo-et-polypodium\/"]}]},{"@type":"ImageObject","inLanguage":"fr-FR","@id":"https:\/\/www.sp-equipements.com\/site\/produit\/escalier-de-1-a-6-marches-pour-stabilo-et-polypodium\/#primaryimage","url":"https:\/\/www.sp-equipements.com\/site\/wp-content\/uploads\/2019\/06\/escalier_event-1.jpg","contentUrl":"https:\/\/www.sp-equipements.com\/site\/wp-content\/uploads\/2019\/06\/escalier_event-1.jpg","width":190,"height":190,"caption":"escalier event 1"},{"@type":"BreadcrumbList","@id":"https:\/\/www.sp-equipements.com\/site\/produit\/escalier-de-1-a-6-marches-pour-stabilo-et-polypodium\/#breadcrumb","itemListElement":[{"@type":"ListItem","position":1,"name":"Accueil","item":"https:\/\/www.sp-equipements.com\/site\/"},{"@type":"ListItem","position":2,"name":"Catalogue","item":"https:\/\/www.sp-equipements.com\/site\/catalogue\/"},{"@type":"ListItem","position":3,"name":"Escalier de 1 \u00e0 6 Marches pour STABILO et POLYPODIUM"}]},{"@type":"WebSite","@id":"https:\/\/www.sp-equipements.com\/site\/#website","url":"https:\/\/www.sp-equipements.com\/site\/","name":"SP \u00c9quipements","description":"\u00c9quipements de collectivit\u00e9s","potentialAction":[{"@type":"SearchAction","target":{"@type":"EntryPoint","urlTemplate":"https:\/\/www.sp-equipements.com\/site\/?s={search_term_string}"},"query-input":"required name=search_term_string"}],"inLanguage":"fr-FR"}]}},"_links":{"self":[{"href":"https:\/\/www.sp-equipements.com\/site\/wp-json\/wp\/v2\/product\/21861"}],"collection":[{"href":"https:\/\/www.sp-equipements.com\/site\/wp-json\/wp\/v2\/product"}],"about":[{"href":"https:\/\/www.sp-equipements.com\/site\/wp-json\/wp\/v2\/types\/product"}],"replies":[{"embeddable":true,"href":"https:\/\/www.sp-equipements.com\/site\/wp-json\/wp\/v2\/comments?post=21861"}],"wp:featuredmedia":[{"embeddable":true,"href":"https:\/\/www.sp-equipements.com\/site\/wp-json\/wp\/v2\/media\/37868"}],"wp:attachment":[{"href":"https:\/\/www.sp-equipements.com\/site\/wp-json\/wp\/v2\/media?parent=21861"}],"wp:term":[{"taxonomy":"product_cat","embeddable":true,"href":"https:\/\/www.sp-equipements.com\/site\/wp-json\/wp\/v2\/product_cat?post=21861"},{"taxonomy":"product_tag","embeddable":true,"href":"https:\/\/www.sp-equipements.com\/site\/wp-json\/wp\/v2\/product_tag?post=21861"}],"curies":[{"name":"wp","href":"https:\/\/api.w.org\/{rel}","templated":true}]}}